 {"id":9193,"date":"2020-09-14T11:03:08","date_gmt":"2020-09-14T09:03:08","guid":{"rendered":"http:\/\/store.agririva.it\/prodotto\/opera-olei\/"},"modified":"2026-04-26T11:28:58","modified_gmt":"2026-04-26T09:28:58","slug":"opera-olei","status":"publish","type":"product","link":"https:\/\/store.agririva.it\/de\/produkte\/opera-olei\/","title":{"rendered":"Opera Olei"},"content":{"rendered":"<div><\/div>\n<p>ne&#8220;&gt;<\/p>\n<div><\/div>\n<div><\/div>\n<div><\/div>\n<div><\/div>\n<div><\/div>\n<div><\/div>\n<div><\/div>\n<div><\/div>\n<div><\/div>\n<div><\/div>\n<div style=\"display: none;\"><\/div>\n<div style=\"display: none;\"><\/div>\n<div style=\"display: none;\"><\/div>\n<div style=\"display: none;\"><\/div>\n<div style=\"display: none;\"><\/div>\n<div style=\"display: none;\"><\/div>\n<div style=\"display:none\"><\/div>\n","protected":false},"excerpt":{"rendered":"<p>Eine Auswahl von <strong>sechs exzellenten Monokultur-\u00d6len<\/strong> in einer wertvollen Box. Eine M\u00f6glichkeit das perfekte \u00d6l auszuw\u00e4hlen und zu verkosten. Das \u00d6l, das jedes Gericht einzigartig und besonders macht. Auf dem Tisch oder in der K\u00fcche sechs Flaschen von 100 ml nach Intensit\u00e4t geordnet.<\/p>\n<p><a href=\"https:\/\/www.operaolei.it\/\">Erfahren Sie mehr<\/a> \u00fcber Opera Olei. (Seite nur auf italienische verf\u00fcgbar.)<\/p>\n","protected":false},"featured_media":29011,"comment_status":"open","ping_status":"closed","template":"","meta":{"_acf_changed":false,"_price":"49.9","_stock":"29","_tribe_ticket_header":"","_tribe_default_ticket_provider":"","_tribe_ticket_capacity":"-168","_ticket_start_date":"","_ticket_end_date":"","_tribe_ticket_show_description":"","_tribe_ticket_show_not_going":false,"_tribe_ticket_use_global_stock":"","_tribe_ticket_global_stock_level":"","_global_stock_mode":"","_global_stock_cap":"","_tribe_rsvp_for_event":"","_tribe_ticket_going_count":"","_tribe_ticket_not_going_count":"","_tribe_tickets_list":"[]","_tribe_ticket_has_attendee_info_fields":false,"_tec_slr_enabled":"","_tec_slr_layout":""},"product_brand":[],"product_cat":[189,199],"product_tag":[373],"class_list":{"0":"post-9193","1":"product","2":"type-product","3":"status-publish","4":"has-post-thumbnail","6":"product_cat-oil-de","7":"product_cat-opera-olei-de","8":"product_tag-blend-de","9":"pa_blend-blend-de","10":"pa_formato-6x010-l-de","11":"pa_package-flasche","13":"first","14":"instock","15":"taxable","16":"shipping-taxable","17":"purchasable","18":"product-type-simple"},"acf":[],"yoast_head":"<!-- This site is optimized with the Yoast SEO plugin v27.0 - https:\/\/yoast.com\/product\/yoast-seo-wordpress\/ -->\n<title>Auswahl nativer Oliven\u00f6le extra - Opera Olei| Agraria Riva del Garda - Trentino - Online Shop<\/title>\n<meta name=\"description\" content=\"6 Flaschen Oliven\u00f6l zu je 100 ml in einer Design-Art-Box. Aus der besten Auswahl von sechs italienischen \u00d6lproduzenten. Kaufe jetzt online!\" \/>\n<meta name=\"robots\" content=\"index, follow, max-snippet:-1, max-image-preview:large, max-video-preview:-1\" \/>\n<link rel=\"canonical\" href=\"https:\/\/store.agririva.it\/de\/produkte\/opera-olei\/\" \/>\n<meta property=\"og:locale\" content=\"de_DE\" \/>\n<meta property=\"og:type\" content=\"article\" \/>\n<meta property=\"og:title\" content=\"Auswahl nativer Oliven\u00f6le extra - Opera Olei| Agraria Riva del Garda - Trentino - Online Shop\" \/>\n<meta property=\"og:description\" content=\"6 Flaschen Oliven\u00f6l zu je 100 ml in einer Design-Art-Box. Aus der besten Auswahl von sechs italienischen \u00d6lproduzenten. Kaufe jetzt online!\" \/>\n<meta property=\"og:url\" content=\"https:\/\/store.agririva.it\/de\/produkte\/opera-olei\/\" \/>\n<meta property=\"og:site_name\" content=\"Store Rurale - Agraria Riva del Garda\" \/>\n<meta property=\"article:modified_time\" content=\"2026-04-26T09:28:58+00:00\" \/>\n<meta property=\"og:image\" content=\"https:\/\/store.agririva.it\/wp-content\/uploads\/2020\/09\/6-1.jpg\" \/>\n\t<meta property=\"og:image:width\" content=\"1920\" \/>\n\t<meta property=\"og:image:height\" content=\"1920\" \/>\n\t<meta property=\"og:image:type\" content=\"image\/jpeg\" \/>\n<meta name=\"twitter:card\" content=\"summary_large_image\" \/>\n<meta name=\"twitter:label1\" content=\"Gesch\u00e4tzte Lesezeit\" \/>\n\t<meta name=\"twitter:data1\" content=\"1\u00a0Minute\" \/>\n<script type=\"application\/ld+json\" class=\"yoast-schema-graph\">{\"@context\":\"https:\/\/schema.org\",\"@graph\":[{\"@type\":\"WebPage\",\"@id\":\"https:\/\/store.agririva.it\/de\/produkte\/opera-olei\/\",\"url\":\"https:\/\/store.agririva.it\/de\/produkte\/opera-olei\/\",\"name\":\"Auswahl nativer Oliven\u00f6le extra - Opera Olei| Agraria Riva del Garda - Trentino - Online Shop\",\"isPartOf\":{\"@id\":\"https:\/\/store.agririva.it\/de\/#website\"},\"primaryImageOfPage\":{\"@id\":\"https:\/\/store.agririva.it\/de\/produkte\/opera-olei\/#primaryimage\"},\"image\":{\"@id\":\"https:\/\/store.agririva.it\/de\/produkte\/opera-olei\/#primaryimage\"},\"thumbnailUrl\":\"https:\/\/store.agririva.it\/wp-content\/uploads\/2020\/09\/6-1.jpg\",\"datePublished\":\"2020-09-14T09:03:08+00:00\",\"dateModified\":\"2026-04-26T09:28:58+00:00\",\"description\":\"6 Flaschen Oliven\u00f6l zu je 100 ml in einer Design-Art-Box. Aus der besten Auswahl von sechs italienischen \u00d6lproduzenten. Kaufe jetzt online!\",\"breadcrumb\":{\"@id\":\"https:\/\/store.agririva.it\/de\/produkte\/opera-olei\/#breadcrumb\"},\"inLanguage\":\"de\",\"potentialAction\":[{\"@type\":\"ReadAction\",\"target\":[\"https:\/\/store.agririva.it\/de\/produkte\/opera-olei\/\"]}]},{\"@type\":\"ImageObject\",\"inLanguage\":\"de\",\"@id\":\"https:\/\/store.agririva.it\/de\/produkte\/opera-olei\/#primaryimage\",\"url\":\"https:\/\/store.agririva.it\/wp-content\/uploads\/2020\/09\/6-1.jpg\",\"contentUrl\":\"https:\/\/store.agririva.it\/wp-content\/uploads\/2020\/09\/6-1.jpg\",\"width\":1920,\"height\":1920},{\"@type\":\"BreadcrumbList\",\"@id\":\"https:\/\/store.agririva.it\/de\/produkte\/opera-olei\/#breadcrumb\",\"itemListElement\":[{\"@type\":\"ListItem\",\"position\":1,\"name\":\"Home\",\"item\":\"https:\/\/store.agririva.it\/de\/\"},{\"@type\":\"ListItem\",\"position\":2,\"name\":\"Gesch\u00e4ft\",\"item\":\"https:\/\/store.agririva.it\/de\/geschaeft\/\"},{\"@type\":\"ListItem\",\"position\":3,\"name\":\"Opera Olei\"}]},{\"@type\":\"WebSite\",\"@id\":\"https:\/\/store.agririva.it\/de\/#website\",\"url\":\"https:\/\/store.agririva.it\/de\/\",\"name\":\"Store Rurale - Agraria Riva del Garda\",\"description\":\"\",\"potentialAction\":[{\"@type\":\"SearchAction\",\"target\":{\"@type\":\"EntryPoint\",\"urlTemplate\":\"https:\/\/store.agririva.it\/de\/?s={search_term_string}\"},\"query-input\":{\"@type\":\"PropertyValueSpecification\",\"valueRequired\":true,\"valueName\":\"search_term_string\"}}],\"inLanguage\":\"de\"}]}<\/script>\n<!-- \/ Yoast SEO plugin. -->","yoast_head_json":{"title":"Auswahl nativer Oliven\u00f6le extra - Opera Olei| Agraria Riva del Garda - Trentino - Online Shop","description":"6 Flaschen Oliven\u00f6l zu je 100 ml in einer Design-Art-Box. Aus der besten Auswahl von sechs italienischen \u00d6lproduzenten. Kaufe jetzt online!","robots":{"index":"index","follow":"follow","max-snippet":"max-snippet:-1","max-image-preview":"max-image-preview:large","max-video-preview":"max-video-preview:-1"},"canonical":"https:\/\/store.agririva.it\/de\/produkte\/opera-olei\/","og_locale":"de_DE","og_type":"article","og_title":"Auswahl nativer Oliven\u00f6le extra - Opera Olei| Agraria Riva del Garda - Trentino - Online Shop","og_description":"6 Flaschen Oliven\u00f6l zu je 100 ml in einer Design-Art-Box. Aus der besten Auswahl von sechs italienischen \u00d6lproduzenten. Kaufe jetzt online!","og_url":"https:\/\/store.agririva.it\/de\/produkte\/opera-olei\/","og_site_name":"Store Rurale - Agraria Riva del Garda","article_modified_time":"2026-04-26T09:28:58+00:00","og_image":[{"width":1920,"height":1920,"url":"https:\/\/store.agririva.it\/wp-content\/uploads\/2020\/09\/6-1.jpg","type":"image\/jpeg"}],"twitter_card":"summary_large_image","twitter_misc":{"Gesch\u00e4tzte Lesezeit":"1\u00a0Minute"},"schema":{"@context":"https:\/\/schema.org","@graph":[{"@type":"WebPage","@id":"https:\/\/store.agririva.it\/de\/produkte\/opera-olei\/","url":"https:\/\/store.agririva.it\/de\/produkte\/opera-olei\/","name":"Auswahl nativer Oliven\u00f6le extra - Opera Olei| Agraria Riva del Garda - Trentino - Online Shop","isPartOf":{"@id":"https:\/\/store.agririva.it\/de\/#website"},"primaryImageOfPage":{"@id":"https:\/\/store.agririva.it\/de\/produkte\/opera-olei\/#primaryimage"},"image":{"@id":"https:\/\/store.agririva.it\/de\/produkte\/opera-olei\/#primaryimage"},"thumbnailUrl":"https:\/\/store.agririva.it\/wp-content\/uploads\/2020\/09\/6-1.jpg","datePublished":"2020-09-14T09:03:08+00:00","dateModified":"2026-04-26T09:28:58+00:00","description":"6 Flaschen Oliven\u00f6l zu je 100 ml in einer Design-Art-Box. Aus der besten Auswahl von sechs italienischen \u00d6lproduzenten. Kaufe jetzt online!","breadcrumb":{"@id":"https:\/\/store.agririva.it\/de\/produkte\/opera-olei\/#breadcrumb"},"inLanguage":"de","potentialAction":[{"@type":"ReadAction","target":["https:\/\/store.agririva.it\/de\/produkte\/opera-olei\/"]}]},{"@type":"ImageObject","inLanguage":"de","@id":"https:\/\/store.agririva.it\/de\/produkte\/opera-olei\/#primaryimage","url":"https:\/\/store.agririva.it\/wp-content\/uploads\/2020\/09\/6-1.jpg","contentUrl":"https:\/\/store.agririva.it\/wp-content\/uploads\/2020\/09\/6-1.jpg","width":1920,"height":1920},{"@type":"BreadcrumbList","@id":"https:\/\/store.agririva.it\/de\/produkte\/opera-olei\/#breadcrumb","itemListElement":[{"@type":"ListItem","position":1,"name":"Home","item":"https:\/\/store.agririva.it\/de\/"},{"@type":"ListItem","position":2,"name":"Gesch\u00e4ft","item":"https:\/\/store.agririva.it\/de\/geschaeft\/"},{"@type":"ListItem","position":3,"name":"Opera Olei"}]},{"@type":"WebSite","@id":"https:\/\/store.agririva.it\/de\/#website","url":"https:\/\/store.agririva.it\/de\/","name":"Store Rurale - Agraria Riva del Garda","description":"","potentialAction":[{"@type":"SearchAction","target":{"@type":"EntryPoint","urlTemplate":"https:\/\/store.agririva.it\/de\/?s={search_term_string}"},"query-input":{"@type":"PropertyValueSpecification","valueRequired":true,"valueName":"search_term_string"}}],"inLanguage":"de"}]}},"_links":{"self":[{"href":"https:\/\/store.agririva.it\/de\/wp-json\/wp\/v2\/product\/9193","targetHints":{"allow":["GET"]}}],"collection":[{"href":"https:\/\/store.agririva.it\/de\/wp-json\/wp\/v2\/product"}],"about":[{"href":"https:\/\/store.agririva.it\/de\/wp-json\/wp\/v2\/types\/product"}],"replies":[{"embeddable":true,"href":"https:\/\/store.agririva.it\/de\/wp-json\/wp\/v2\/comments?post=9193"}],"wp:featuredmedia":[{"embeddable":true,"href":"https:\/\/store.agririva.it\/de\/wp-json\/wp\/v2\/media\/29011"}],"wp:attachment":[{"href":"https:\/\/store.agririva.it\/de\/wp-json\/wp\/v2\/media?parent=9193"}],"wp:term":[{"taxonomy":"product_brand","embeddable":true,"href":"https:\/\/store.agririva.it\/de\/wp-json\/wp\/v2\/product_brand?post=9193"},{"taxonomy":"product_cat","embeddable":true,"href":"https:\/\/store.agririva.it\/de\/wp-json\/wp\/v2\/product_cat?post=9193"},{"taxonomy":"product_tag","embeddable":true,"href":"https:\/\/store.agririva.it\/de\/wp-json\/wp\/v2\/product_tag?post=9193"}],"curies":[{"name":"wp","href":"https:\/\/api.w.org\/{rel}","templated":true}]}}