 {"id":8900,"date":"2020-09-14T11:03:38","date_gmt":"2020-09-14T09:03:38","guid":{"rendered":"http:\/\/store.agririva.it\/prodotto\/grappa-classica\/"},"modified":"2026-04-04T01:02:04","modified_gmt":"2026-04-03T23:02:04","slug":"grappa-classica","status":"publish","type":"product","link":"https:\/\/store.agririva.it\/de\/produkte\/grappa-classica\/","title":{"rendered":"Grappa classica"},"content":{"rendered":"<div><\/div>\n<div><\/div>\n<div><\/div>\n<div><\/div>\n<div><\/div>\n<div><\/div>\n<div><\/div>\n<div><\/div>\n<div style=\"display: none;\"><\/div>\n<div style=\"display: none;\"><\/div>\n<div style=\"display:none\"><\/div>\n","protected":false},"excerpt":{"rendered":"<p>Grappa, der ausschlie\u00dflich aus der Destillation von Trestern aus dem Trentino in traditionellen Kupferdestillieranlagen gewonnen wird.<\/p>\n","protected":false},"featured_media":39253,"comment_status":"open","ping_status":"closed","template":"","meta":{"_acf_changed":false,"_price":"21.5","_stock":"23","_tribe_ticket_header":"","_tribe_default_ticket_provider":"","_tribe_ticket_capacity":"92","_ticket_start_date":"","_ticket_end_date":"","_tribe_ticket_show_description":"","_tribe_ticket_show_not_going":false,"_tribe_ticket_use_global_stock":"","_tribe_ticket_global_stock_level":"","_global_stock_mode":"","_global_stock_cap":"","_tribe_rsvp_for_event":"","_tribe_ticket_going_count":"","_tribe_ticket_not_going_count":"","_tribe_tickets_list":"[]","_tribe_ticket_has_attendee_info_fields":false,"_tec_slr_enabled":"","_tec_slr_layout":""},"product_brand":[],"product_cat":[191,268],"product_tag":[370],"class_list":{"0":"post-8900","1":"product","2":"type-product","3":"status-publish","4":"has-post-thumbnail","6":"product_cat-typische-produkte","7":"product_cat-grappa-und-likore","8":"product_tag-grappa-und-likore","9":"pa_distillato-grappa-und-likoere","10":"pa_formato-07-l-de","12":"first","13":"instock","14":"taxable","15":"shipping-taxable","16":"product-type-simple"},"acf":[],"yoast_head":"<!-- This site is optimized with the Yoast SEO plugin v27.0 - https:\/\/yoast.com\/product\/yoast-seo-wordpress\/ -->\n<title>Grappa Trentina | Agraria Riva del Garda - Trentino - Online Shop<\/title>\n<meta name=\"description\" content=\"W\u00e4hrend der Ernte w\u00e4hlen wir sorgf\u00e4ltig den Trester aus, aus dem wir den Classica Grappa Trentina destillieren. Ein duftender und weicher Grappa. Kaufe jetzt online!\" \/>\n<meta name=\"robots\" content=\"index, follow, max-snippet:-1, max-image-preview:large, max-video-preview:-1\" \/>\n<link rel=\"canonical\" href=\"https:\/\/store.agririva.it\/de\/produkte\/grappa-classica\/\" \/>\n<meta property=\"og:locale\" content=\"de_DE\" \/>\n<meta property=\"og:type\" content=\"article\" \/>\n<meta property=\"og:title\" content=\"Grappa Trentina | Agraria Riva del Garda - Trentino - Online Shop\" \/>\n<meta property=\"og:description\" content=\"W\u00e4hrend der Ernte w\u00e4hlen wir sorgf\u00e4ltig den Trester aus, aus dem wir den Classica Grappa Trentina destillieren. Ein duftender und weicher Grappa. Kaufe jetzt online!\" \/>\n<meta property=\"og:url\" content=\"https:\/\/store.agririva.it\/de\/produkte\/grappa-classica\/\" \/>\n<meta property=\"og:site_name\" content=\"Store Rurale - Agraria Riva del Garda\" \/>\n<meta property=\"article:modified_time\" content=\"2026-04-03T23:02:04+00:00\" \/>\n<meta property=\"og:image\" content=\"https:\/\/store.agririva.it\/wp-content\/uploads\/2020\/09\/Grappa-classica_NEW.jpg\" \/>\n\t<meta property=\"og:image:width\" content=\"1920\" \/>\n\t<meta property=\"og:image:height\" content=\"1920\" \/>\n\t<meta property=\"og:image:type\" content=\"image\/jpeg\" \/>\n<meta name=\"twitter:card\" content=\"summary_large_image\" \/>\n<meta name=\"twitter:label1\" content=\"Gesch\u00e4tzte Lesezeit\" \/>\n\t<meta name=\"twitter:data1\" content=\"1\u00a0Minute\" \/>\n<script type=\"application\/ld+json\" class=\"yoast-schema-graph\">{\"@context\":\"https:\/\/schema.org\",\"@graph\":[{\"@type\":\"WebPage\",\"@id\":\"https:\/\/store.agririva.it\/de\/produkte\/grappa-classica\/\",\"url\":\"https:\/\/store.agririva.it\/de\/produkte\/grappa-classica\/\",\"name\":\"Grappa Trentina | Agraria Riva del Garda - Trentino - Online Shop\",\"isPartOf\":{\"@id\":\"https:\/\/store.agririva.it\/de\/#website\"},\"primaryImageOfPage\":{\"@id\":\"https:\/\/store.agririva.it\/de\/produkte\/grappa-classica\/#primaryimage\"},\"image\":{\"@id\":\"https:\/\/store.agririva.it\/de\/produkte\/grappa-classica\/#primaryimage\"},\"thumbnailUrl\":\"https:\/\/store.agririva.it\/wp-content\/uploads\/2020\/09\/Grappa-classica_NEW.jpg\",\"datePublished\":\"2020-09-14T09:03:38+00:00\",\"dateModified\":\"2026-04-03T23:02:04+00:00\",\"description\":\"W\u00e4hrend der Ernte w\u00e4hlen wir sorgf\u00e4ltig den Trester aus, aus dem wir den Classica Grappa Trentina destillieren. Ein duftender und weicher Grappa. Kaufe jetzt online!\",\"breadcrumb\":{\"@id\":\"https:\/\/store.agririva.it\/de\/produkte\/grappa-classica\/#breadcrumb\"},\"inLanguage\":\"de\",\"potentialAction\":[{\"@type\":\"ReadAction\",\"target\":[\"https:\/\/store.agririva.it\/de\/produkte\/grappa-classica\/\"]}]},{\"@type\":\"ImageObject\",\"inLanguage\":\"de\",\"@id\":\"https:\/\/store.agririva.it\/de\/produkte\/grappa-classica\/#primaryimage\",\"url\":\"https:\/\/store.agririva.it\/wp-content\/uploads\/2020\/09\/Grappa-classica_NEW.jpg\",\"contentUrl\":\"https:\/\/store.agririva.it\/wp-content\/uploads\/2020\/09\/Grappa-classica_NEW.jpg\",\"width\":1920,\"height\":1920},{\"@type\":\"BreadcrumbList\",\"@id\":\"https:\/\/store.agririva.it\/de\/produkte\/grappa-classica\/#breadcrumb\",\"itemListElement\":[{\"@type\":\"ListItem\",\"position\":1,\"name\":\"Home\",\"item\":\"https:\/\/store.agririva.it\/de\/\"},{\"@type\":\"ListItem\",\"position\":2,\"name\":\"Gesch\u00e4ft\",\"item\":\"https:\/\/store.agririva.it\/de\/geschaeft\/\"},{\"@type\":\"ListItem\",\"position\":3,\"name\":\"Grappa classica\"}]},{\"@type\":\"WebSite\",\"@id\":\"https:\/\/store.agririva.it\/de\/#website\",\"url\":\"https:\/\/store.agririva.it\/de\/\",\"name\":\"Store Rurale - Agraria Riva del Garda\",\"description\":\"\",\"potentialAction\":[{\"@type\":\"SearchAction\",\"target\":{\"@type\":\"EntryPoint\",\"urlTemplate\":\"https:\/\/store.agririva.it\/de\/?s={search_term_string}\"},\"query-input\":{\"@type\":\"PropertyValueSpecification\",\"valueRequired\":true,\"valueName\":\"search_term_string\"}}],\"inLanguage\":\"de\"}]}<\/script>\n<!-- \/ Yoast SEO plugin. -->","yoast_head_json":{"title":"Grappa Trentina | Agraria Riva del Garda - Trentino - Online Shop","description":"W\u00e4hrend der Ernte w\u00e4hlen wir sorgf\u00e4ltig den Trester aus, aus dem wir den Classica Grappa Trentina destillieren. Ein duftender und weicher Grappa. Kaufe jetzt online!","robots":{"index":"index","follow":"follow","max-snippet":"max-snippet:-1","max-image-preview":"max-image-preview:large","max-video-preview":"max-video-preview:-1"},"canonical":"https:\/\/store.agririva.it\/de\/produkte\/grappa-classica\/","og_locale":"de_DE","og_type":"article","og_title":"Grappa Trentina | Agraria Riva del Garda - Trentino - Online Shop","og_description":"W\u00e4hrend der Ernte w\u00e4hlen wir sorgf\u00e4ltig den Trester aus, aus dem wir den Classica Grappa Trentina destillieren. Ein duftender und weicher Grappa. Kaufe jetzt online!","og_url":"https:\/\/store.agririva.it\/de\/produkte\/grappa-classica\/","og_site_name":"Store Rurale - Agraria Riva del Garda","article_modified_time":"2026-04-03T23:02:04+00:00","og_image":[{"width":1920,"height":1920,"url":"https:\/\/store.agririva.it\/wp-content\/uploads\/2020\/09\/Grappa-classica_NEW.jpg","type":"image\/jpeg"}],"twitter_card":"summary_large_image","twitter_misc":{"Gesch\u00e4tzte Lesezeit":"1\u00a0Minute"},"schema":{"@context":"https:\/\/schema.org","@graph":[{"@type":"WebPage","@id":"https:\/\/store.agririva.it\/de\/produkte\/grappa-classica\/","url":"https:\/\/store.agririva.it\/de\/produkte\/grappa-classica\/","name":"Grappa Trentina | Agraria Riva del Garda - Trentino - Online Shop","isPartOf":{"@id":"https:\/\/store.agririva.it\/de\/#website"},"primaryImageOfPage":{"@id":"https:\/\/store.agririva.it\/de\/produkte\/grappa-classica\/#primaryimage"},"image":{"@id":"https:\/\/store.agririva.it\/de\/produkte\/grappa-classica\/#primaryimage"},"thumbnailUrl":"https:\/\/store.agririva.it\/wp-content\/uploads\/2020\/09\/Grappa-classica_NEW.jpg","datePublished":"2020-09-14T09:03:38+00:00","dateModified":"2026-04-03T23:02:04+00:00","description":"W\u00e4hrend der Ernte w\u00e4hlen wir sorgf\u00e4ltig den Trester aus, aus dem wir den Classica Grappa Trentina destillieren. Ein duftender und weicher Grappa. Kaufe jetzt online!","breadcrumb":{"@id":"https:\/\/store.agririva.it\/de\/produkte\/grappa-classica\/#breadcrumb"},"inLanguage":"de","potentialAction":[{"@type":"ReadAction","target":["https:\/\/store.agririva.it\/de\/produkte\/grappa-classica\/"]}]},{"@type":"ImageObject","inLanguage":"de","@id":"https:\/\/store.agririva.it\/de\/produkte\/grappa-classica\/#primaryimage","url":"https:\/\/store.agririva.it\/wp-content\/uploads\/2020\/09\/Grappa-classica_NEW.jpg","contentUrl":"https:\/\/store.agririva.it\/wp-content\/uploads\/2020\/09\/Grappa-classica_NEW.jpg","width":1920,"height":1920},{"@type":"BreadcrumbList","@id":"https:\/\/store.agririva.it\/de\/produkte\/grappa-classica\/#breadcrumb","itemListElement":[{"@type":"ListItem","position":1,"name":"Home","item":"https:\/\/store.agririva.it\/de\/"},{"@type":"ListItem","position":2,"name":"Gesch\u00e4ft","item":"https:\/\/store.agririva.it\/de\/geschaeft\/"},{"@type":"ListItem","position":3,"name":"Grappa classica"}]},{"@type":"WebSite","@id":"https:\/\/store.agririva.it\/de\/#website","url":"https:\/\/store.agririva.it\/de\/","name":"Store Rurale - Agraria Riva del Garda","description":"","potentialAction":[{"@type":"SearchAction","target":{"@type":"EntryPoint","urlTemplate":"https:\/\/store.agririva.it\/de\/?s={search_term_string}"},"query-input":{"@type":"PropertyValueSpecification","valueRequired":true,"valueName":"search_term_string"}}],"inLanguage":"de"}]}},"_links":{"self":[{"href":"https:\/\/store.agririva.it\/de\/wp-json\/wp\/v2\/product\/8900","targetHints":{"allow":["GET"]}}],"collection":[{"href":"https:\/\/store.agririva.it\/de\/wp-json\/wp\/v2\/product"}],"about":[{"href":"https:\/\/store.agririva.it\/de\/wp-json\/wp\/v2\/types\/product"}],"replies":[{"embeddable":true,"href":"https:\/\/store.agririva.it\/de\/wp-json\/wp\/v2\/comments?post=8900"}],"wp:featuredmedia":[{"embeddable":true,"href":"https:\/\/store.agririva.it\/de\/wp-json\/wp\/v2\/media\/39253"}],"wp:attachment":[{"href":"https:\/\/store.agririva.it\/de\/wp-json\/wp\/v2\/media?parent=8900"}],"wp:term":[{"taxonomy":"product_brand","embeddable":true,"href":"https:\/\/store.agririva.it\/de\/wp-json\/wp\/v2\/product_brand?post=8900"},{"taxonomy":"product_cat","embeddable":true,"href":"https:\/\/store.agririva.it\/de\/wp-json\/wp\/v2\/product_cat?post=8900"},{"taxonomy":"product_tag","embeddable":true,"href":"https:\/\/store.agririva.it\/de\/wp-json\/wp\/v2\/product_tag?post=8900"}],"curies":[{"name":"wp","href":"https:\/\/api.w.org\/{rel}","templated":true}]}}