 {"id":8115,"date":"2020-10-15T20:59:53","date_gmt":"2020-10-15T18:59:53","guid":{"rendered":"http:\/\/store.agririva.it\/prodotto\/imperiale-garda-trentino\/"},"modified":"2026-05-02T10:02:43","modified_gmt":"2026-05-02T08:02:43","slug":"imperiale-garda-trentino","status":"publish","type":"product","link":"https:\/\/store.agririva.it\/de\/produkte\/imperiale-garda-trentino\/","title":{"rendered":"Imperiale \u2013 Garda Trentino"},"content":{"rendered":"<p>&lt;div style=&#8220;display:<\/p>\n<div><\/div>\n<p>ne&#8220;&gt;<\/p>\n<div><\/div>\n<div><\/div>\n<div><\/div>\n<div><\/div>\n<div><\/div>\n<div><\/div>\n<div><\/div>\n<div><\/div>\n<div><\/div>\n<div style=\"display: none;\"><\/div>\n<div style=\"display: none;\"><\/div>\n<div style=\"display: none;\"><\/div>\n<div style=\"display: none;\"><\/div>\n<div style=\"display: none;\"><\/div>\n<div style=\"display: none;\"><\/div>\n<div style=\"display: none;\"><\/div>\n<div style=\"display: none;\"><\/div>\n<div style=\"display:none\"><\/div>\n","protected":false},"excerpt":{"rendered":"<p>Natives Oliven\u00f6l extra Garda Trentino.<\/p>\n<div class=\"dueterzi\">\n<p>Imperiale ist das \u00d6l, das die Typizit\u00e4t unseres Territoriums bewahrt bzw. jenes mit der weltweit n\u00f6rdlichsten Tradition im Anbau von Oliven. Dort wird die Kultivierung von \u00d6lb\u00e4umen seit mehr als 2.000 Jahren von Generation zu Generation \u00fcberliefert.<\/p>\n<\/div>\n","protected":false},"featured_media":28975,"comment_status":"open","ping_status":"closed","template":"","meta":{"_acf_changed":false,"_price":"13","_stock":"","_tribe_ticket_header":"","_tribe_default_ticket_provider":"","_tribe_ticket_capacity":"232","_ticket_start_date":"","_ticket_end_date":"","_tribe_ticket_show_description":"","_tribe_ticket_show_not_going":false,"_tribe_ticket_use_global_stock":"","_tribe_ticket_global_stock_level":"","_global_stock_mode":"","_global_stock_cap":"","_tribe_rsvp_for_event":"","_tribe_ticket_going_count":"","_tribe_ticket_not_going_count":"","_tribe_tickets_list":"[]","_tribe_ticket_has_attendee_info_fields":false,"_tec_slr_enabled":"","_tec_slr_layout":""},"product_brand":[],"product_cat":[189,195],"product_tag":[],"class_list":{"0":"post-8115","1":"product","2":"type-product","3":"status-publish","4":"has-post-thumbnail","6":"product_cat-oil-de","7":"product_cat-imperiale-de","8":"pa_formato-025-l-de","9":"pa_formato-05-l-de","10":"pa_formato-075-l-de","12":"first","13":"instock","14":"taxable","15":"shipping-taxable","16":"purchasable","17":"product-type-variable"},"acf":[],"yoast_head":"<!-- This site is optimized with the Yoast SEO plugin v27.0 - https:\/\/yoast.com\/product\/yoast-seo-wordpress\/ -->\n<title>Imperiale natives Oliven\u00f6l extra DOP Garda Trentino| Agraria Riva del Garda - Trentino - Online Shop<\/title>\n<meta name=\"description\" content=\"Imperiale ist ein natives Oliven\u00f6l extra DOP Garda Trentino , das mit der Tradition verbunden ist. Hervorragend zu jedem Gericht. Kaufe jetzt online!\" \/>\n<meta name=\"robots\" content=\"index, follow, max-snippet:-1, max-image-preview:large, max-video-preview:-1\" \/>\n<link rel=\"canonical\" href=\"https:\/\/store.agririva.it\/de\/produkte\/imperiale-garda-trentino\/\" \/>\n<meta property=\"og:locale\" content=\"de_DE\" \/>\n<meta property=\"og:type\" content=\"article\" \/>\n<meta property=\"og:title\" content=\"Imperiale natives Oliven\u00f6l extra DOP Garda Trentino| Agraria Riva del Garda - Trentino - Online Shop\" \/>\n<meta property=\"og:description\" content=\"Imperiale ist ein natives Oliven\u00f6l extra DOP Garda Trentino , das mit der Tradition verbunden ist. Hervorragend zu jedem Gericht. Kaufe jetzt online!\" \/>\n<meta property=\"og:url\" content=\"https:\/\/store.agririva.it\/de\/produkte\/imperiale-garda-trentino\/\" \/>\n<meta property=\"og:site_name\" content=\"Store Rurale - Agraria Riva del Garda\" \/>\n<meta property=\"article:modified_time\" content=\"2026-05-02T08:02:43+00:00\" \/>\n<meta property=\"og:image\" content=\"https:\/\/store.agririva.it\/wp-content\/uploads\/2020\/10\/Imperiale-500-ml-nuovo.jpg\" \/>\n\t<meta property=\"og:image:width\" content=\"1920\" \/>\n\t<meta property=\"og:image:height\" content=\"1920\" \/>\n\t<meta property=\"og:image:type\" content=\"image\/jpeg\" \/>\n<meta name=\"twitter:card\" content=\"summary_large_image\" \/>\n<meta name=\"twitter:label1\" content=\"Gesch\u00e4tzte Lesezeit\" \/>\n\t<meta name=\"twitter:data1\" content=\"1\u00a0Minute\" \/>\n<script type=\"application\/ld+json\" class=\"yoast-schema-graph\">{\"@context\":\"https:\/\/schema.org\",\"@graph\":[{\"@type\":\"WebPage\",\"@id\":\"https:\/\/store.agririva.it\/de\/produkte\/imperiale-garda-trentino\/\",\"url\":\"https:\/\/store.agririva.it\/de\/produkte\/imperiale-garda-trentino\/\",\"name\":\"Imperiale natives Oliven\u00f6l extra DOP Garda Trentino| Agraria Riva del Garda - Trentino - Online Shop\",\"isPartOf\":{\"@id\":\"https:\/\/store.agririva.it\/de\/#website\"},\"primaryImageOfPage\":{\"@id\":\"https:\/\/store.agririva.it\/de\/produkte\/imperiale-garda-trentino\/#primaryimage\"},\"image\":{\"@id\":\"https:\/\/store.agririva.it\/de\/produkte\/imperiale-garda-trentino\/#primaryimage\"},\"thumbnailUrl\":\"https:\/\/store.agririva.it\/wp-content\/uploads\/2020\/10\/Imperiale-500-ml-nuovo.jpg\",\"datePublished\":\"2020-10-15T18:59:53+00:00\",\"dateModified\":\"2026-05-02T08:02:43+00:00\",\"description\":\"Imperiale ist ein natives Oliven\u00f6l extra DOP Garda Trentino , das mit der Tradition verbunden ist. Hervorragend zu jedem Gericht. Kaufe jetzt online!\",\"breadcrumb\":{\"@id\":\"https:\/\/store.agririva.it\/de\/produkte\/imperiale-garda-trentino\/#breadcrumb\"},\"inLanguage\":\"de\",\"potentialAction\":[{\"@type\":\"ReadAction\",\"target\":[\"https:\/\/store.agririva.it\/de\/produkte\/imperiale-garda-trentino\/\"]}]},{\"@type\":\"ImageObject\",\"inLanguage\":\"de\",\"@id\":\"https:\/\/store.agririva.it\/de\/produkte\/imperiale-garda-trentino\/#primaryimage\",\"url\":\"https:\/\/store.agririva.it\/wp-content\/uploads\/2020\/10\/Imperiale-500-ml-nuovo.jpg\",\"contentUrl\":\"https:\/\/store.agririva.it\/wp-content\/uploads\/2020\/10\/Imperiale-500-ml-nuovo.jpg\",\"width\":1920,\"height\":1920},{\"@type\":\"BreadcrumbList\",\"@id\":\"https:\/\/store.agririva.it\/de\/produkte\/imperiale-garda-trentino\/#breadcrumb\",\"itemListElement\":[{\"@type\":\"ListItem\",\"position\":1,\"name\":\"Home\",\"item\":\"https:\/\/store.agririva.it\/de\/\"},{\"@type\":\"ListItem\",\"position\":2,\"name\":\"Gesch\u00e4ft\",\"item\":\"https:\/\/store.agririva.it\/de\/geschaeft\/\"},{\"@type\":\"ListItem\",\"position\":3,\"name\":\"Imperiale \u2013 Garda Trentino\"}]},{\"@type\":\"WebSite\",\"@id\":\"https:\/\/store.agririva.it\/de\/#website\",\"url\":\"https:\/\/store.agririva.it\/de\/\",\"name\":\"Store Rurale - Agraria Riva del Garda\",\"description\":\"\",\"potentialAction\":[{\"@type\":\"SearchAction\",\"target\":{\"@type\":\"EntryPoint\",\"urlTemplate\":\"https:\/\/store.agririva.it\/de\/?s={search_term_string}\"},\"query-input\":{\"@type\":\"PropertyValueSpecification\",\"valueRequired\":true,\"valueName\":\"search_term_string\"}}],\"inLanguage\":\"de\"}]}<\/script>\n<!-- \/ Yoast SEO plugin. -->","yoast_head_json":{"title":"Imperiale natives Oliven\u00f6l extra DOP Garda Trentino| Agraria Riva del Garda - Trentino - Online Shop","description":"Imperiale ist ein natives Oliven\u00f6l extra DOP Garda Trentino , das mit der Tradition verbunden ist. Hervorragend zu jedem Gericht. Kaufe jetzt online!","robots":{"index":"index","follow":"follow","max-snippet":"max-snippet:-1","max-image-preview":"max-image-preview:large","max-video-preview":"max-video-preview:-1"},"canonical":"https:\/\/store.agririva.it\/de\/produkte\/imperiale-garda-trentino\/","og_locale":"de_DE","og_type":"article","og_title":"Imperiale natives Oliven\u00f6l extra DOP Garda Trentino| Agraria Riva del Garda - Trentino - Online Shop","og_description":"Imperiale ist ein natives Oliven\u00f6l extra DOP Garda Trentino , das mit der Tradition verbunden ist. Hervorragend zu jedem Gericht. Kaufe jetzt online!","og_url":"https:\/\/store.agririva.it\/de\/produkte\/imperiale-garda-trentino\/","og_site_name":"Store Rurale - Agraria Riva del Garda","article_modified_time":"2026-05-02T08:02:43+00:00","og_image":[{"width":1920,"height":1920,"url":"https:\/\/store.agririva.it\/wp-content\/uploads\/2020\/10\/Imperiale-500-ml-nuovo.jpg","type":"image\/jpeg"}],"twitter_card":"summary_large_image","twitter_misc":{"Gesch\u00e4tzte Lesezeit":"1\u00a0Minute"},"schema":{"@context":"https:\/\/schema.org","@graph":[{"@type":"WebPage","@id":"https:\/\/store.agririva.it\/de\/produkte\/imperiale-garda-trentino\/","url":"https:\/\/store.agririva.it\/de\/produkte\/imperiale-garda-trentino\/","name":"Imperiale natives Oliven\u00f6l extra DOP Garda Trentino| Agraria Riva del Garda - Trentino - Online Shop","isPartOf":{"@id":"https:\/\/store.agririva.it\/de\/#website"},"primaryImageOfPage":{"@id":"https:\/\/store.agririva.it\/de\/produkte\/imperiale-garda-trentino\/#primaryimage"},"image":{"@id":"https:\/\/store.agririva.it\/de\/produkte\/imperiale-garda-trentino\/#primaryimage"},"thumbnailUrl":"https:\/\/store.agririva.it\/wp-content\/uploads\/2020\/10\/Imperiale-500-ml-nuovo.jpg","datePublished":"2020-10-15T18:59:53+00:00","dateModified":"2026-05-02T08:02:43+00:00","description":"Imperiale ist ein natives Oliven\u00f6l extra DOP Garda Trentino , das mit der Tradition verbunden ist. Hervorragend zu jedem Gericht. Kaufe jetzt online!","breadcrumb":{"@id":"https:\/\/store.agririva.it\/de\/produkte\/imperiale-garda-trentino\/#breadcrumb"},"inLanguage":"de","potentialAction":[{"@type":"ReadAction","target":["https:\/\/store.agririva.it\/de\/produkte\/imperiale-garda-trentino\/"]}]},{"@type":"ImageObject","inLanguage":"de","@id":"https:\/\/store.agririva.it\/de\/produkte\/imperiale-garda-trentino\/#primaryimage","url":"https:\/\/store.agririva.it\/wp-content\/uploads\/2020\/10\/Imperiale-500-ml-nuovo.jpg","contentUrl":"https:\/\/store.agririva.it\/wp-content\/uploads\/2020\/10\/Imperiale-500-ml-nuovo.jpg","width":1920,"height":1920},{"@type":"BreadcrumbList","@id":"https:\/\/store.agririva.it\/de\/produkte\/imperiale-garda-trentino\/#breadcrumb","itemListElement":[{"@type":"ListItem","position":1,"name":"Home","item":"https:\/\/store.agririva.it\/de\/"},{"@type":"ListItem","position":2,"name":"Gesch\u00e4ft","item":"https:\/\/store.agririva.it\/de\/geschaeft\/"},{"@type":"ListItem","position":3,"name":"Imperiale \u2013 Garda Trentino"}]},{"@type":"WebSite","@id":"https:\/\/store.agririva.it\/de\/#website","url":"https:\/\/store.agririva.it\/de\/","name":"Store Rurale - Agraria Riva del Garda","description":"","potentialAction":[{"@type":"SearchAction","target":{"@type":"EntryPoint","urlTemplate":"https:\/\/store.agririva.it\/de\/?s={search_term_string}"},"query-input":{"@type":"PropertyValueSpecification","valueRequired":true,"valueName":"search_term_string"}}],"inLanguage":"de"}]}},"_links":{"self":[{"href":"https:\/\/store.agririva.it\/de\/wp-json\/wp\/v2\/product\/8115","targetHints":{"allow":["GET"]}}],"collection":[{"href":"https:\/\/store.agririva.it\/de\/wp-json\/wp\/v2\/product"}],"about":[{"href":"https:\/\/store.agririva.it\/de\/wp-json\/wp\/v2\/types\/product"}],"replies":[{"embeddable":true,"href":"https:\/\/store.agririva.it\/de\/wp-json\/wp\/v2\/comments?post=8115"}],"wp:featuredmedia":[{"embeddable":true,"href":"https:\/\/store.agririva.it\/de\/wp-json\/wp\/v2\/media\/28975"}],"wp:attachment":[{"href":"https:\/\/store.agririva.it\/de\/wp-json\/wp\/v2\/media?parent=8115"}],"wp:term":[{"taxonomy":"product_brand","embeddable":true,"href":"https:\/\/store.agririva.it\/de\/wp-json\/wp\/v2\/product_brand?post=8115"},{"taxonomy":"product_cat","embeddable":true,"href":"https:\/\/store.agririva.it\/de\/wp-json\/wp\/v2\/product_cat?post=8115"},{"taxonomy":"product_tag","embeddable":true,"href":"https:\/\/store.agririva.it\/de\/wp-json\/wp\/v2\/product_tag?post=8115"}],"curies":[{"name":"wp","href":"https:\/\/api.w.org\/{rel}","templated":true}]}}