 {"id":8060,"date":"2020-09-14T11:02:48","date_gmt":"2020-09-14T09:02:48","guid":{"rendered":"http:\/\/store.agririva.it\/prodotto\/uliva-garda-trentino-dop\/"},"modified":"2026-04-21T18:02:56","modified_gmt":"2026-04-21T16:02:56","slug":"uliva-garda-trentino-dop","status":"publish","type":"product","link":"https:\/\/store.agririva.it\/de\/produkte\/uliva-garda-trentino-dop\/","title":{"rendered":"Uliva \u2013 DOP Garda Trentino"},"content":{"rendered":"<p>&lt;div style=&#8220;display:<\/p>\n<div><\/div>\n<p>ne&#8220;&gt;<\/p>\n<div><\/div>\n<div><\/div>\n<div><\/div>\n<div><\/div>\n<div><\/div>\n<div><\/div>\n<div><\/div>\n<div><\/div>\n<div><\/div>\n<div><\/div>\n<div><\/div>\n<div><\/div>\n<div><\/div>\n<div><\/div>\n<div><\/div>\n<div><\/div>\n<div><\/div>\n<div><\/div>\n<div><\/div>\n<div><\/div>\n<div><\/div>\n<div><\/div>\n<div><\/div>\n<div><\/div>\n<div><\/div>\n<div><\/div>\n<div style=\"display: none;\"><\/div>\n<div style=\"display: none;\"><\/div>\n<div style=\"display: none;\"><\/div>\n<div style=\"display: none;\"><\/div>\n<div style=\"display: none;\"><\/div>\n<div style=\"display: none;\"><\/div>\n<div style=\"display: none;\"><\/div>\n<div style=\"display: none;\"><\/div>\n<div style=\"display: none;\"><\/div>\n<div style=\"display:none\"><\/div>\n","protected":false},"excerpt":{"rendered":"<p>Natives Oliven\u00f6l extra Garda Trentino.<\/p>\n<p>Eine einzige Olivensorte, <strong>Casaliva<\/strong>, die von Hand etwas vor der Reifung geerntet und unverz\u00fcglich gepresst wird sowie eine strenge Selektion in der \u00d6lm\u00fchle, um die besten Produkte unserer Partner zu bestimmen, sind die Voraussetzungen, um das gesamte Potential unseres Gebietes in dieses \u00d6l einflie\u00dfen zu lassen.<\/p>\n<blockquote><p><strong>Sol d&#8217;oro 2024<\/strong> \u2013 <em>Kategorie PDO-PGI<\/em><\/p>\n<p><strong>5 Gocce<\/strong> \u2013 <em>Bibenda 2024 und 2025<\/em><\/p>\n<p><strong>3 Foglie<\/strong> \u2013 <em>Gambero Rosso 2024 und 2025<\/em><\/p>\n<p><strong>Gold Award Winner 2024<\/strong> &#8211;<em> New York International Olive Oil Competition<\/em><\/p>\n<p><strong>Gold Medal 2024\u00a0<\/strong>&#8211; <em>Japan Olive Oil Competion<\/em><\/p><\/blockquote>\n","protected":false},"featured_media":47614,"comment_status":"open","ping_status":"closed","template":"","meta":{"_acf_changed":false,"_price":"15.9","_stock":"","_tribe_ticket_header":"","_tribe_default_ticket_provider":"","_tribe_ticket_capacity":"285","_ticket_start_date":"","_ticket_end_date":"","_tribe_ticket_show_description":"","_tribe_ticket_show_not_going":false,"_tribe_ticket_use_global_stock":"","_tribe_ticket_global_stock_level":"","_global_stock_mode":"","_global_stock_cap":"","_tribe_rsvp_for_event":"","_tribe_ticket_going_count":"","_tribe_ticket_not_going_count":"","_tribe_tickets_list":"[]","_tribe_ticket_has_attendee_info_fields":false,"_tec_slr_enabled":"","_tec_slr_layout":""},"product_brand":[],"product_cat":[189,193],"product_tag":[],"class_list":{"0":"post-8060","1":"product","2":"type-product","3":"status-publish","4":"has-post-thumbnail","6":"product_cat-oil-de","7":"product_cat-uliva-de","8":"pa_dop-garda-trentrino-garda-trentino-g-u","9":"pa_formato-025-l-de","10":"pa_formato-05-l-de","11":"pa_monovarietale-sortenrein","12":"pa_package-flasche","14":"first","15":"instock","16":"featured","17":"taxable","18":"shipping-taxable","19":"purchasable","20":"product-type-variable","21":"has-default-attributes"},"acf":[],"yoast_head":"<!-- This site is optimized with the Yoast SEO plugin v27.0 - https:\/\/yoast.com\/product\/yoast-seo-wordpress\/ -->\n<title>Uliva - natives Oliven\u00f6l extra DOP Garda Trentino| Agraria Riva del Garda - Trentino - Online Shop<\/title>\n<meta name=\"description\" content=\"Natives Oliven\u00f6l extra DOP Garda Trentino, das Ergebnis einer fr\u00fchreifen manuellen Ernte und einer strengen Auswahl in der \u00d6lm\u00fchle. Kaufe jetzt online!\" \/>\n<meta name=\"robots\" content=\"index, follow, max-snippet:-1, max-image-preview:large, max-video-preview:-1\" \/>\n<link rel=\"canonical\" href=\"https:\/\/store.agririva.it\/de\/produkte\/uliva-garda-trentino-dop\/\" \/>\n<meta property=\"og:locale\" content=\"de_DE\" \/>\n<meta property=\"og:type\" content=\"article\" \/>\n<meta property=\"og:title\" content=\"Uliva - natives Oliven\u00f6l extra DOP Garda Trentino| Agraria Riva del Garda - Trentino - Online Shop\" \/>\n<meta property=\"og:description\" content=\"Natives Oliven\u00f6l extra DOP Garda Trentino, das Ergebnis einer fr\u00fchreifen manuellen Ernte und einer strengen Auswahl in der \u00d6lm\u00fchle. Kaufe jetzt online!\" \/>\n<meta property=\"og:url\" content=\"https:\/\/store.agririva.it\/de\/produkte\/uliva-garda-trentino-dop\/\" \/>\n<meta property=\"og:site_name\" content=\"Store Rurale - Agraria Riva del Garda\" \/>\n<meta property=\"article:modified_time\" content=\"2026-04-21T16:02:56+00:00\" \/>\n<meta property=\"og:image\" content=\"https:\/\/store.agririva.it\/wp-content\/uploads\/2020\/09\/Uliva-500-1.jpg\" \/>\n\t<meta property=\"og:image:width\" content=\"1920\" \/>\n\t<meta property=\"og:image:height\" content=\"1920\" \/>\n\t<meta property=\"og:image:type\" content=\"image\/jpeg\" \/>\n<meta name=\"twitter:card\" content=\"summary_large_image\" \/>\n<meta name=\"twitter:label1\" content=\"Gesch\u00e4tzte Lesezeit\" \/>\n\t<meta name=\"twitter:data1\" content=\"1\u00a0Minute\" \/>\n<script type=\"application\/ld+json\" class=\"yoast-schema-graph\">{\"@context\":\"https:\/\/schema.org\",\"@graph\":[{\"@type\":\"WebPage\",\"@id\":\"https:\/\/store.agririva.it\/de\/produkte\/uliva-garda-trentino-dop\/\",\"url\":\"https:\/\/store.agririva.it\/de\/produkte\/uliva-garda-trentino-dop\/\",\"name\":\"Uliva - natives Oliven\u00f6l extra DOP Garda Trentino| Agraria Riva del Garda - Trentino - Online Shop\",\"isPartOf\":{\"@id\":\"https:\/\/store.agririva.it\/de\/#website\"},\"primaryImageOfPage\":{\"@id\":\"https:\/\/store.agririva.it\/de\/produkte\/uliva-garda-trentino-dop\/#primaryimage\"},\"image\":{\"@id\":\"https:\/\/store.agririva.it\/de\/produkte\/uliva-garda-trentino-dop\/#primaryimage\"},\"thumbnailUrl\":\"https:\/\/store.agririva.it\/wp-content\/uploads\/2020\/09\/Uliva-500-1.jpg\",\"datePublished\":\"2020-09-14T09:02:48+00:00\",\"dateModified\":\"2026-04-21T16:02:56+00:00\",\"description\":\"Natives Oliven\u00f6l extra DOP Garda Trentino, das Ergebnis einer fr\u00fchreifen manuellen Ernte und einer strengen Auswahl in der \u00d6lm\u00fchle. Kaufe jetzt online!\",\"breadcrumb\":{\"@id\":\"https:\/\/store.agririva.it\/de\/produkte\/uliva-garda-trentino-dop\/#breadcrumb\"},\"inLanguage\":\"de\",\"potentialAction\":[{\"@type\":\"ReadAction\",\"target\":[\"https:\/\/store.agririva.it\/de\/produkte\/uliva-garda-trentino-dop\/\"]}]},{\"@type\":\"ImageObject\",\"inLanguage\":\"de\",\"@id\":\"https:\/\/store.agririva.it\/de\/produkte\/uliva-garda-trentino-dop\/#primaryimage\",\"url\":\"https:\/\/store.agririva.it\/wp-content\/uploads\/2020\/09\/Uliva-500-1.jpg\",\"contentUrl\":\"https:\/\/store.agririva.it\/wp-content\/uploads\/2020\/09\/Uliva-500-1.jpg\",\"width\":1920,\"height\":1920},{\"@type\":\"BreadcrumbList\",\"@id\":\"https:\/\/store.agririva.it\/de\/produkte\/uliva-garda-trentino-dop\/#breadcrumb\",\"itemListElement\":[{\"@type\":\"ListItem\",\"position\":1,\"name\":\"Home\",\"item\":\"https:\/\/store.agririva.it\/de\/\"},{\"@type\":\"ListItem\",\"position\":2,\"name\":\"Gesch\u00e4ft\",\"item\":\"https:\/\/store.agririva.it\/de\/geschaeft\/\"},{\"@type\":\"ListItem\",\"position\":3,\"name\":\"Uliva \u2013 DOP Garda Trentino\"}]},{\"@type\":\"WebSite\",\"@id\":\"https:\/\/store.agririva.it\/de\/#website\",\"url\":\"https:\/\/store.agririva.it\/de\/\",\"name\":\"Store Rurale - Agraria Riva del Garda\",\"description\":\"\",\"potentialAction\":[{\"@type\":\"SearchAction\",\"target\":{\"@type\":\"EntryPoint\",\"urlTemplate\":\"https:\/\/store.agririva.it\/de\/?s={search_term_string}\"},\"query-input\":{\"@type\":\"PropertyValueSpecification\",\"valueRequired\":true,\"valueName\":\"search_term_string\"}}],\"inLanguage\":\"de\"}]}<\/script>\n<!-- \/ Yoast SEO plugin. -->","yoast_head_json":{"title":"Uliva - natives Oliven\u00f6l extra DOP Garda Trentino| Agraria Riva del Garda - Trentino - Online Shop","description":"Natives Oliven\u00f6l extra DOP Garda Trentino, das Ergebnis einer fr\u00fchreifen manuellen Ernte und einer strengen Auswahl in der \u00d6lm\u00fchle. Kaufe jetzt online!","robots":{"index":"index","follow":"follow","max-snippet":"max-snippet:-1","max-image-preview":"max-image-preview:large","max-video-preview":"max-video-preview:-1"},"canonical":"https:\/\/store.agririva.it\/de\/produkte\/uliva-garda-trentino-dop\/","og_locale":"de_DE","og_type":"article","og_title":"Uliva - natives Oliven\u00f6l extra DOP Garda Trentino| Agraria Riva del Garda - Trentino - Online Shop","og_description":"Natives Oliven\u00f6l extra DOP Garda Trentino, das Ergebnis einer fr\u00fchreifen manuellen Ernte und einer strengen Auswahl in der \u00d6lm\u00fchle. Kaufe jetzt online!","og_url":"https:\/\/store.agririva.it\/de\/produkte\/uliva-garda-trentino-dop\/","og_site_name":"Store Rurale - Agraria Riva del Garda","article_modified_time":"2026-04-21T16:02:56+00:00","og_image":[{"width":1920,"height":1920,"url":"https:\/\/store.agririva.it\/wp-content\/uploads\/2020\/09\/Uliva-500-1.jpg","type":"image\/jpeg"}],"twitter_card":"summary_large_image","twitter_misc":{"Gesch\u00e4tzte Lesezeit":"1\u00a0Minute"},"schema":{"@context":"https:\/\/schema.org","@graph":[{"@type":"WebPage","@id":"https:\/\/store.agririva.it\/de\/produkte\/uliva-garda-trentino-dop\/","url":"https:\/\/store.agririva.it\/de\/produkte\/uliva-garda-trentino-dop\/","name":"Uliva - natives Oliven\u00f6l extra DOP Garda Trentino| Agraria Riva del Garda - Trentino - Online Shop","isPartOf":{"@id":"https:\/\/store.agririva.it\/de\/#website"},"primaryImageOfPage":{"@id":"https:\/\/store.agririva.it\/de\/produkte\/uliva-garda-trentino-dop\/#primaryimage"},"image":{"@id":"https:\/\/store.agririva.it\/de\/produkte\/uliva-garda-trentino-dop\/#primaryimage"},"thumbnailUrl":"https:\/\/store.agririva.it\/wp-content\/uploads\/2020\/09\/Uliva-500-1.jpg","datePublished":"2020-09-14T09:02:48+00:00","dateModified":"2026-04-21T16:02:56+00:00","description":"Natives Oliven\u00f6l extra DOP Garda Trentino, das Ergebnis einer fr\u00fchreifen manuellen Ernte und einer strengen Auswahl in der \u00d6lm\u00fchle. Kaufe jetzt online!","breadcrumb":{"@id":"https:\/\/store.agririva.it\/de\/produkte\/uliva-garda-trentino-dop\/#breadcrumb"},"inLanguage":"de","potentialAction":[{"@type":"ReadAction","target":["https:\/\/store.agririva.it\/de\/produkte\/uliva-garda-trentino-dop\/"]}]},{"@type":"ImageObject","inLanguage":"de","@id":"https:\/\/store.agririva.it\/de\/produkte\/uliva-garda-trentino-dop\/#primaryimage","url":"https:\/\/store.agririva.it\/wp-content\/uploads\/2020\/09\/Uliva-500-1.jpg","contentUrl":"https:\/\/store.agririva.it\/wp-content\/uploads\/2020\/09\/Uliva-500-1.jpg","width":1920,"height":1920},{"@type":"BreadcrumbList","@id":"https:\/\/store.agririva.it\/de\/produkte\/uliva-garda-trentino-dop\/#breadcrumb","itemListElement":[{"@type":"ListItem","position":1,"name":"Home","item":"https:\/\/store.agririva.it\/de\/"},{"@type":"ListItem","position":2,"name":"Gesch\u00e4ft","item":"https:\/\/store.agririva.it\/de\/geschaeft\/"},{"@type":"ListItem","position":3,"name":"Uliva \u2013 DOP Garda Trentino"}]},{"@type":"WebSite","@id":"https:\/\/store.agririva.it\/de\/#website","url":"https:\/\/store.agririva.it\/de\/","name":"Store Rurale - Agraria Riva del Garda","description":"","potentialAction":[{"@type":"SearchAction","target":{"@type":"EntryPoint","urlTemplate":"https:\/\/store.agririva.it\/de\/?s={search_term_string}"},"query-input":{"@type":"PropertyValueSpecification","valueRequired":true,"valueName":"search_term_string"}}],"inLanguage":"de"}]}},"_links":{"self":[{"href":"https:\/\/store.agririva.it\/de\/wp-json\/wp\/v2\/product\/8060","targetHints":{"allow":["GET"]}}],"collection":[{"href":"https:\/\/store.agririva.it\/de\/wp-json\/wp\/v2\/product"}],"about":[{"href":"https:\/\/store.agririva.it\/de\/wp-json\/wp\/v2\/types\/product"}],"replies":[{"embeddable":true,"href":"https:\/\/store.agririva.it\/de\/wp-json\/wp\/v2\/comments?post=8060"}],"wp:featuredmedia":[{"embeddable":true,"href":"https:\/\/store.agririva.it\/de\/wp-json\/wp\/v2\/media\/47614"}],"wp:attachment":[{"href":"https:\/\/store.agririva.it\/de\/wp-json\/wp\/v2\/media?parent=8060"}],"wp:term":[{"taxonomy":"product_brand","embeddable":true,"href":"https:\/\/store.agririva.it\/de\/wp-json\/wp\/v2\/product_brand?post=8060"},{"taxonomy":"product_cat","embeddable":true,"href":"https:\/\/store.agririva.it\/de\/wp-json\/wp\/v2\/product_cat?post=8060"},{"taxonomy":"product_tag","embeddable":true,"href":"https:\/\/store.agririva.it\/de\/wp-json\/wp\/v2\/product_tag?post=8060"}],"curies":[{"name":"wp","href":"https:\/\/api.w.org\/{rel}","templated":true}]}}