 {"id":8049,"date":"2020-09-14T11:02:48","date_gmt":"2020-09-14T09:02:48","guid":{"rendered":"http:\/\/store.agririva.it\/prodotto\/uliva-1111-dop-garda-trentino\/"},"modified":"2026-05-01T18:02:57","modified_gmt":"2026-05-01T16:02:57","slug":"uliva-1111-dop-garda-trentino","status":"publish","type":"product","link":"https:\/\/store.agririva.it\/de\/produkte\/uliva-1111-dop-garda-trentino\/","title":{"rendered":"Uliva 1111 \u2013 DOP Garda Trentino"},"content":{"rendered":"<div><\/div>\n<p>&lt;div style=&#8220;display:<\/p>\n<div><\/div>\n<p>ne&#8220;&gt;<\/p>\n<div><\/div>\n<div><\/div>\n<div><\/div>\n<div><\/div>\n<div><\/div>\n<div><\/div>\n<div><\/div>\n<div><\/div>\n<div><\/div>\n<div><\/div>\n<div><\/div>\n<div><\/div>\n<div><\/div>\n<div><\/div>\n<div><\/div>\n<div><\/div>\n<div><\/div>\n<div><\/div>\n<div style=\"display: none;\"><\/div>\n<div style=\"display:none\"><\/div>\n","protected":false},"excerpt":{"rendered":"<p>Uliva 1111 ist eine limitierte Produktion von <strong>nativem Oliven\u00f6l extra DOP Garda Trentino<\/strong>, das dank eines speziellen internen Verarbeitungsprotokolls &#8211; vom Olivenhain bis zur Flasche &#8211; das Ziel hat h\u00f6chste Standards zu erreichen.<\/p>\n<p>Von der Pflege der Pflanze \u00fcber die Ernte der Fr\u00fcchte bis hin zur Extraktion und Konservierung des \u00d6ls: Alles tr\u00e4gt zur Herstellung eines nativen \u00d6ls extra bei, das das Potenzial von Casaliva in seiner reinsten Form zur Geltung bringen soll und seine fruchtigen D\u00fcfte und Aromen, die es charakterisieren, hervorhebt.<\/p>\n","protected":false},"featured_media":28945,"comment_status":"open","ping_status":"closed","template":"","meta":{"_acf_changed":false,"_price":"62","_stock":"","_tribe_ticket_header":"","_tribe_default_ticket_provider":"","_tribe_ticket_capacity":"20","_ticket_start_date":"","_ticket_end_date":"","_tribe_ticket_show_description":"","_tribe_ticket_show_not_going":false,"_tribe_ticket_use_global_stock":"","_tribe_ticket_global_stock_level":"","_global_stock_mode":"","_global_stock_cap":"","_tribe_rsvp_for_event":"","_tribe_ticket_going_count":"","_tribe_ticket_not_going_count":"","_tribe_tickets_list":"[]","_tribe_ticket_has_attendee_info_fields":false,"_tec_slr_enabled":"","_tec_slr_layout":""},"product_brand":[],"product_cat":[189,193],"product_tag":[],"class_list":{"0":"post-8049","1":"product","2":"type-product","3":"status-publish","4":"has-post-thumbnail","6":"product_cat-oil-de","7":"product_cat-uliva-de","8":"pa_dop-garda-trentrino-garda-trentino-g-u","9":"pa_formato-025-l-de","10":"pa_formato-05-l-de","11":"pa_monovarietale-sortenrein","12":"pa_package-flasche","14":"first","15":"instock","16":"taxable","17":"shipping-taxable","18":"purchasable","19":"product-type-variable","20":"has-default-attributes"},"acf":[],"yoast_head":"<!-- This site is optimized with the Yoast SEO plugin v27.0 - https:\/\/yoast.com\/product\/yoast-seo-wordpress\/ -->\n<title>Uliva 1111 - natives Oliven\u00f6l extra DOP Garda Trentino| Agraria Riva del Garda - Trentino - Online Shop<\/title>\n<meta name=\"description\" content=\"Uliva 1111 ist eine limitierte Produktion von nativem Oliven\u00f6l extra DOP Garda Trentino, mit h\u00f6chsten Qualit\u00e4tsstandards. Kaufe jetzt online!\" \/>\n<meta name=\"robots\" content=\"index, follow, max-snippet:-1, max-image-preview:large, max-video-preview:-1\" \/>\n<link rel=\"canonical\" href=\"https:\/\/store.agririva.it\/de\/produkte\/uliva-1111-dop-garda-trentino\/\" \/>\n<meta property=\"og:locale\" content=\"de_DE\" \/>\n<meta property=\"og:type\" content=\"article\" \/>\n<meta property=\"og:title\" content=\"Uliva 1111 - natives Oliven\u00f6l extra DOP Garda Trentino| Agraria Riva del Garda - Trentino - Online Shop\" \/>\n<meta property=\"og:description\" content=\"Uliva 1111 ist eine limitierte Produktion von nativem Oliven\u00f6l extra DOP Garda Trentino, mit h\u00f6chsten Qualit\u00e4tsstandards. Kaufe jetzt online!\" \/>\n<meta property=\"og:url\" content=\"https:\/\/store.agririva.it\/de\/produkte\/uliva-1111-dop-garda-trentino\/\" \/>\n<meta property=\"og:site_name\" content=\"Store Rurale - Agraria Riva del Garda\" \/>\n<meta property=\"article:modified_time\" content=\"2026-05-01T16:02:57+00:00\" \/>\n<meta property=\"og:image\" content=\"https:\/\/store.agririva.it\/wp-content\/uploads\/2020\/09\/uliva-1111-500-ml-1.jpg\" \/>\n\t<meta property=\"og:image:width\" content=\"1920\" \/>\n\t<meta property=\"og:image:height\" content=\"1920\" \/>\n\t<meta property=\"og:image:type\" content=\"image\/jpeg\" \/>\n<meta name=\"twitter:card\" content=\"summary_large_image\" \/>\n<meta name=\"twitter:label1\" content=\"Gesch\u00e4tzte Lesezeit\" \/>\n\t<meta name=\"twitter:data1\" content=\"1\u00a0Minute\" \/>\n<script type=\"application\/ld+json\" class=\"yoast-schema-graph\">{\"@context\":\"https:\/\/schema.org\",\"@graph\":[{\"@type\":\"WebPage\",\"@id\":\"https:\/\/store.agririva.it\/de\/produkte\/uliva-1111-dop-garda-trentino\/\",\"url\":\"https:\/\/store.agririva.it\/de\/produkte\/uliva-1111-dop-garda-trentino\/\",\"name\":\"Uliva 1111 - natives Oliven\u00f6l extra DOP Garda Trentino| Agraria Riva del Garda - Trentino - Online Shop\",\"isPartOf\":{\"@id\":\"https:\/\/store.agririva.it\/de\/#website\"},\"primaryImageOfPage\":{\"@id\":\"https:\/\/store.agririva.it\/de\/produkte\/uliva-1111-dop-garda-trentino\/#primaryimage\"},\"image\":{\"@id\":\"https:\/\/store.agririva.it\/de\/produkte\/uliva-1111-dop-garda-trentino\/#primaryimage\"},\"thumbnailUrl\":\"https:\/\/store.agririva.it\/wp-content\/uploads\/2020\/09\/uliva-1111-500-ml-1.jpg\",\"datePublished\":\"2020-09-14T09:02:48+00:00\",\"dateModified\":\"2026-05-01T16:02:57+00:00\",\"description\":\"Uliva 1111 ist eine limitierte Produktion von nativem Oliven\u00f6l extra DOP Garda Trentino, mit h\u00f6chsten Qualit\u00e4tsstandards. Kaufe jetzt online!\",\"breadcrumb\":{\"@id\":\"https:\/\/store.agririva.it\/de\/produkte\/uliva-1111-dop-garda-trentino\/#breadcrumb\"},\"inLanguage\":\"de\",\"potentialAction\":[{\"@type\":\"ReadAction\",\"target\":[\"https:\/\/store.agririva.it\/de\/produkte\/uliva-1111-dop-garda-trentino\/\"]}]},{\"@type\":\"ImageObject\",\"inLanguage\":\"de\",\"@id\":\"https:\/\/store.agririva.it\/de\/produkte\/uliva-1111-dop-garda-trentino\/#primaryimage\",\"url\":\"https:\/\/store.agririva.it\/wp-content\/uploads\/2020\/09\/uliva-1111-500-ml-1.jpg\",\"contentUrl\":\"https:\/\/store.agririva.it\/wp-content\/uploads\/2020\/09\/uliva-1111-500-ml-1.jpg\",\"width\":1920,\"height\":1920},{\"@type\":\"BreadcrumbList\",\"@id\":\"https:\/\/store.agririva.it\/de\/produkte\/uliva-1111-dop-garda-trentino\/#breadcrumb\",\"itemListElement\":[{\"@type\":\"ListItem\",\"position\":1,\"name\":\"Home\",\"item\":\"https:\/\/store.agririva.it\/de\/\"},{\"@type\":\"ListItem\",\"position\":2,\"name\":\"Gesch\u00e4ft\",\"item\":\"https:\/\/store.agririva.it\/de\/geschaeft\/\"},{\"@type\":\"ListItem\",\"position\":3,\"name\":\"Uliva 1111 \u2013 DOP Garda Trentino\"}]},{\"@type\":\"WebSite\",\"@id\":\"https:\/\/store.agririva.it\/de\/#website\",\"url\":\"https:\/\/store.agririva.it\/de\/\",\"name\":\"Store Rurale - Agraria Riva del Garda\",\"description\":\"\",\"potentialAction\":[{\"@type\":\"SearchAction\",\"target\":{\"@type\":\"EntryPoint\",\"urlTemplate\":\"https:\/\/store.agririva.it\/de\/?s={search_term_string}\"},\"query-input\":{\"@type\":\"PropertyValueSpecification\",\"valueRequired\":true,\"valueName\":\"search_term_string\"}}],\"inLanguage\":\"de\"}]}<\/script>\n<!-- \/ Yoast SEO plugin. -->","yoast_head_json":{"title":"Uliva 1111 - natives Oliven\u00f6l extra DOP Garda Trentino| Agraria Riva del Garda - Trentino - Online Shop","description":"Uliva 1111 ist eine limitierte Produktion von nativem Oliven\u00f6l extra DOP Garda Trentino, mit h\u00f6chsten Qualit\u00e4tsstandards. Kaufe jetzt online!","robots":{"index":"index","follow":"follow","max-snippet":"max-snippet:-1","max-image-preview":"max-image-preview:large","max-video-preview":"max-video-preview:-1"},"canonical":"https:\/\/store.agririva.it\/de\/produkte\/uliva-1111-dop-garda-trentino\/","og_locale":"de_DE","og_type":"article","og_title":"Uliva 1111 - natives Oliven\u00f6l extra DOP Garda Trentino| Agraria Riva del Garda - Trentino - Online Shop","og_description":"Uliva 1111 ist eine limitierte Produktion von nativem Oliven\u00f6l extra DOP Garda Trentino, mit h\u00f6chsten Qualit\u00e4tsstandards. Kaufe jetzt online!","og_url":"https:\/\/store.agririva.it\/de\/produkte\/uliva-1111-dop-garda-trentino\/","og_site_name":"Store Rurale - Agraria Riva del Garda","article_modified_time":"2026-05-01T16:02:57+00:00","og_image":[{"width":1920,"height":1920,"url":"https:\/\/store.agririva.it\/wp-content\/uploads\/2020\/09\/uliva-1111-500-ml-1.jpg","type":"image\/jpeg"}],"twitter_card":"summary_large_image","twitter_misc":{"Gesch\u00e4tzte Lesezeit":"1\u00a0Minute"},"schema":{"@context":"https:\/\/schema.org","@graph":[{"@type":"WebPage","@id":"https:\/\/store.agririva.it\/de\/produkte\/uliva-1111-dop-garda-trentino\/","url":"https:\/\/store.agririva.it\/de\/produkte\/uliva-1111-dop-garda-trentino\/","name":"Uliva 1111 - natives Oliven\u00f6l extra DOP Garda Trentino| Agraria Riva del Garda - Trentino - Online Shop","isPartOf":{"@id":"https:\/\/store.agririva.it\/de\/#website"},"primaryImageOfPage":{"@id":"https:\/\/store.agririva.it\/de\/produkte\/uliva-1111-dop-garda-trentino\/#primaryimage"},"image":{"@id":"https:\/\/store.agririva.it\/de\/produkte\/uliva-1111-dop-garda-trentino\/#primaryimage"},"thumbnailUrl":"https:\/\/store.agririva.it\/wp-content\/uploads\/2020\/09\/uliva-1111-500-ml-1.jpg","datePublished":"2020-09-14T09:02:48+00:00","dateModified":"2026-05-01T16:02:57+00:00","description":"Uliva 1111 ist eine limitierte Produktion von nativem Oliven\u00f6l extra DOP Garda Trentino, mit h\u00f6chsten Qualit\u00e4tsstandards. Kaufe jetzt online!","breadcrumb":{"@id":"https:\/\/store.agririva.it\/de\/produkte\/uliva-1111-dop-garda-trentino\/#breadcrumb"},"inLanguage":"de","potentialAction":[{"@type":"ReadAction","target":["https:\/\/store.agririva.it\/de\/produkte\/uliva-1111-dop-garda-trentino\/"]}]},{"@type":"ImageObject","inLanguage":"de","@id":"https:\/\/store.agririva.it\/de\/produkte\/uliva-1111-dop-garda-trentino\/#primaryimage","url":"https:\/\/store.agririva.it\/wp-content\/uploads\/2020\/09\/uliva-1111-500-ml-1.jpg","contentUrl":"https:\/\/store.agririva.it\/wp-content\/uploads\/2020\/09\/uliva-1111-500-ml-1.jpg","width":1920,"height":1920},{"@type":"BreadcrumbList","@id":"https:\/\/store.agririva.it\/de\/produkte\/uliva-1111-dop-garda-trentino\/#breadcrumb","itemListElement":[{"@type":"ListItem","position":1,"name":"Home","item":"https:\/\/store.agririva.it\/de\/"},{"@type":"ListItem","position":2,"name":"Gesch\u00e4ft","item":"https:\/\/store.agririva.it\/de\/geschaeft\/"},{"@type":"ListItem","position":3,"name":"Uliva 1111 \u2013 DOP Garda Trentino"}]},{"@type":"WebSite","@id":"https:\/\/store.agririva.it\/de\/#website","url":"https:\/\/store.agririva.it\/de\/","name":"Store Rurale - Agraria Riva del Garda","description":"","potentialAction":[{"@type":"SearchAction","target":{"@type":"EntryPoint","urlTemplate":"https:\/\/store.agririva.it\/de\/?s={search_term_string}"},"query-input":{"@type":"PropertyValueSpecification","valueRequired":true,"valueName":"search_term_string"}}],"inLanguage":"de"}]}},"_links":{"self":[{"href":"https:\/\/store.agririva.it\/de\/wp-json\/wp\/v2\/product\/8049","targetHints":{"allow":["GET"]}}],"collection":[{"href":"https:\/\/store.agririva.it\/de\/wp-json\/wp\/v2\/product"}],"about":[{"href":"https:\/\/store.agririva.it\/de\/wp-json\/wp\/v2\/types\/product"}],"replies":[{"embeddable":true,"href":"https:\/\/store.agririva.it\/de\/wp-json\/wp\/v2\/comments?post=8049"}],"wp:featuredmedia":[{"embeddable":true,"href":"https:\/\/store.agririva.it\/de\/wp-json\/wp\/v2\/media\/28945"}],"wp:attachment":[{"href":"https:\/\/store.agririva.it\/de\/wp-json\/wp\/v2\/media?parent=8049"}],"wp:term":[{"taxonomy":"product_brand","embeddable":true,"href":"https:\/\/store.agririva.it\/de\/wp-json\/wp\/v2\/product_brand?post=8049"},{"taxonomy":"product_cat","embeddable":true,"href":"https:\/\/store.agririva.it\/de\/wp-json\/wp\/v2\/product_cat?post=8049"},{"taxonomy":"product_tag","embeddable":true,"href":"https:\/\/store.agririva.it\/de\/wp-json\/wp\/v2\/product_tag?post=8049"}],"curies":[{"name":"wp","href":"https:\/\/api.w.org\/{rel}","templated":true}]}}