 {"id":8005,"date":"2020-09-14T11:02:48","date_gmt":"2020-09-14T09:02:48","guid":{"rendered":"http:\/\/store.agririva.it\/prodotto\/pinot-grigio-vigneti-delle-dolomiti-igt-2019\/"},"modified":"2026-04-16T15:03:09","modified_gmt":"2026-04-16T13:03:09","slug":"pinot-grigio-vigneti-delle-dolomiti-igt","status":"publish","type":"product","link":"https:\/\/store.agririva.it\/de\/produkte\/pinot-grigio-vigneti-delle-dolomiti-igt\/","title":{"rendered":"Pinot Grigio \u2013 Vigneti delle Dolomiti IGT"},"content":{"rendered":"<div><\/div>\n<div><\/div>\n<div><\/div>\n<div><\/div>\n<div><\/div>\n<div><\/div>\n<div><\/div>\n<div><\/div>\n<div><\/div>\n<div><\/div>\n<div><\/div>\n<div><\/div>\n<div><\/div>\n<div><\/div>\n<div><\/div>\n<div><\/div>\n<div><\/div>\n<div><\/div>\n<div><\/div>\n<div><\/div>\n<div style=\"display:none\"><\/div>\n","protected":false},"excerpt":{"rendered":"<p>Der praktische Bag in Box aus recycelbaren Materialien erm\u00f6glicht es Ihnen, den Inhalt auch im K\u00fchlschrank vor Luft und Licht zu sch\u00fctzen. Der Genuss von t\u00e4glichem Wein zu einem niedrigen Preis und umweltfreundlich.<\/p>\n","protected":false},"featured_media":29248,"comment_status":"open","ping_status":"closed","template":"","meta":{"_acf_changed":false,"_price":"23","_stock":"22","_tribe_ticket_header":"","_tribe_default_ticket_provider":"","_tribe_ticket_capacity":"378","_ticket_start_date":"","_ticket_end_date":"","_tribe_ticket_show_description":"","_tribe_ticket_show_not_going":false,"_tribe_ticket_use_global_stock":"","_tribe_ticket_global_stock_level":"","_global_stock_mode":"","_global_stock_cap":"","_tribe_rsvp_for_event":"","_tribe_ticket_going_count":"","_tribe_ticket_not_going_count":"","_tribe_tickets_list":"[]","_tribe_ticket_has_attendee_info_fields":false,"_tec_slr_enabled":"","_tec_slr_layout":""},"product_brand":[],"product_cat":[190,211],"product_tag":[],"class_list":{"0":"post-8005","1":"product","2":"type-product","3":"status-publish","4":"has-post-thumbnail","6":"product_cat-wein","7":"product_cat-bag-in-box-de","8":"pa_colore-weiss","9":"pa_formato-5-l-de","10":"pa_package-bag-in-box-de","12":"first","13":"instock","14":"taxable","15":"shipping-taxable","16":"purchasable","17":"product-type-simple"},"acf":[],"yoast_head":"<!-- This site is optimized with the Yoast SEO plugin v27.0 - https:\/\/yoast.com\/product\/yoast-seo-wordpress\/ -->\n<title>Wei\u00dfer Tafelwein Pinot Grigio IGT| Agraria Riva del Garda - Trentino - Online Shop<\/title>\n<meta name=\"description\" content=\"Kaufe jetzt online Tafelwein Pinot Grigio delle Dolomiti IGT in praktischen, sicheren und umweltfreundlichen 5-Liter-Boxen!\" \/>\n<meta name=\"robots\" content=\"index, follow, max-snippet:-1, max-image-preview:large, max-video-preview:-1\" \/>\n<link rel=\"canonical\" href=\"https:\/\/store.agririva.it\/de\/produkte\/pinot-grigio-vigneti-delle-dolomiti-igt\/\" \/>\n<meta property=\"og:locale\" content=\"de_DE\" \/>\n<meta property=\"og:type\" content=\"article\" \/>\n<meta property=\"og:title\" content=\"Wei\u00dfer Tafelwein Pinot Grigio IGT| Agraria Riva del Garda - Trentino - Online Shop\" \/>\n<meta property=\"og:description\" content=\"Kaufe jetzt online Tafelwein Pinot Grigio delle Dolomiti IGT in praktischen, sicheren und umweltfreundlichen 5-Liter-Boxen!\" \/>\n<meta property=\"og:url\" content=\"https:\/\/store.agririva.it\/de\/produkte\/pinot-grigio-vigneti-delle-dolomiti-igt\/\" \/>\n<meta property=\"og:site_name\" content=\"Store Rurale - Agraria Riva del Garda\" \/>\n<meta property=\"article:modified_time\" content=\"2026-04-16T13:03:09+00:00\" \/>\n<meta property=\"og:image\" content=\"https:\/\/store.agririva.it\/wp-content\/uploads\/2020\/09\/Pinot-grigio-5-l-2.jpg\" \/>\n\t<meta property=\"og:image:width\" content=\"1920\" \/>\n\t<meta property=\"og:image:height\" content=\"1920\" \/>\n\t<meta property=\"og:image:type\" content=\"image\/jpeg\" \/>\n<meta name=\"twitter:card\" content=\"summary_large_image\" \/>\n<meta name=\"twitter:label1\" content=\"Gesch\u00e4tzte Lesezeit\" \/>\n\t<meta name=\"twitter:data1\" content=\"1\u00a0Minute\" \/>\n<script type=\"application\/ld+json\" class=\"yoast-schema-graph\">{\"@context\":\"https:\/\/schema.org\",\"@graph\":[{\"@type\":\"WebPage\",\"@id\":\"https:\/\/store.agririva.it\/de\/produkte\/pinot-grigio-vigneti-delle-dolomiti-igt\/\",\"url\":\"https:\/\/store.agririva.it\/de\/produkte\/pinot-grigio-vigneti-delle-dolomiti-igt\/\",\"name\":\"Wei\u00dfer Tafelwein Pinot Grigio IGT| Agraria Riva del Garda - Trentino - Online Shop\",\"isPartOf\":{\"@id\":\"https:\/\/store.agririva.it\/de\/#website\"},\"primaryImageOfPage\":{\"@id\":\"https:\/\/store.agririva.it\/de\/produkte\/pinot-grigio-vigneti-delle-dolomiti-igt\/#primaryimage\"},\"image\":{\"@id\":\"https:\/\/store.agririva.it\/de\/produkte\/pinot-grigio-vigneti-delle-dolomiti-igt\/#primaryimage\"},\"thumbnailUrl\":\"https:\/\/store.agririva.it\/wp-content\/uploads\/2020\/09\/Pinot-grigio-5-l-2.jpg\",\"datePublished\":\"2020-09-14T09:02:48+00:00\",\"dateModified\":\"2026-04-16T13:03:09+00:00\",\"description\":\"Kaufe jetzt online Tafelwein Pinot Grigio delle Dolomiti IGT in praktischen, sicheren und umweltfreundlichen 5-Liter-Boxen!\",\"breadcrumb\":{\"@id\":\"https:\/\/store.agririva.it\/de\/produkte\/pinot-grigio-vigneti-delle-dolomiti-igt\/#breadcrumb\"},\"inLanguage\":\"de\",\"potentialAction\":[{\"@type\":\"ReadAction\",\"target\":[\"https:\/\/store.agririva.it\/de\/produkte\/pinot-grigio-vigneti-delle-dolomiti-igt\/\"]}]},{\"@type\":\"ImageObject\",\"inLanguage\":\"de\",\"@id\":\"https:\/\/store.agririva.it\/de\/produkte\/pinot-grigio-vigneti-delle-dolomiti-igt\/#primaryimage\",\"url\":\"https:\/\/store.agririva.it\/wp-content\/uploads\/2020\/09\/Pinot-grigio-5-l-2.jpg\",\"contentUrl\":\"https:\/\/store.agririva.it\/wp-content\/uploads\/2020\/09\/Pinot-grigio-5-l-2.jpg\",\"width\":1920,\"height\":1920},{\"@type\":\"BreadcrumbList\",\"@id\":\"https:\/\/store.agririva.it\/de\/produkte\/pinot-grigio-vigneti-delle-dolomiti-igt\/#breadcrumb\",\"itemListElement\":[{\"@type\":\"ListItem\",\"position\":1,\"name\":\"Home\",\"item\":\"https:\/\/store.agririva.it\/de\/\"},{\"@type\":\"ListItem\",\"position\":2,\"name\":\"Gesch\u00e4ft\",\"item\":\"https:\/\/store.agririva.it\/de\/geschaeft\/\"},{\"@type\":\"ListItem\",\"position\":3,\"name\":\"Pinot Grigio \u2013 Vigneti delle Dolomiti IGT\"}]},{\"@type\":\"WebSite\",\"@id\":\"https:\/\/store.agririva.it\/de\/#website\",\"url\":\"https:\/\/store.agririva.it\/de\/\",\"name\":\"Store Rurale - Agraria Riva del Garda\",\"description\":\"\",\"potentialAction\":[{\"@type\":\"SearchAction\",\"target\":{\"@type\":\"EntryPoint\",\"urlTemplate\":\"https:\/\/store.agririva.it\/de\/?s={search_term_string}\"},\"query-input\":{\"@type\":\"PropertyValueSpecification\",\"valueRequired\":true,\"valueName\":\"search_term_string\"}}],\"inLanguage\":\"de\"}]}<\/script>\n<!-- \/ Yoast SEO plugin. -->","yoast_head_json":{"title":"Wei\u00dfer Tafelwein Pinot Grigio IGT| Agraria Riva del Garda - Trentino - Online Shop","description":"Kaufe jetzt online Tafelwein Pinot Grigio delle Dolomiti IGT in praktischen, sicheren und umweltfreundlichen 5-Liter-Boxen!","robots":{"index":"index","follow":"follow","max-snippet":"max-snippet:-1","max-image-preview":"max-image-preview:large","max-video-preview":"max-video-preview:-1"},"canonical":"https:\/\/store.agririva.it\/de\/produkte\/pinot-grigio-vigneti-delle-dolomiti-igt\/","og_locale":"de_DE","og_type":"article","og_title":"Wei\u00dfer Tafelwein Pinot Grigio IGT| Agraria Riva del Garda - Trentino - Online Shop","og_description":"Kaufe jetzt online Tafelwein Pinot Grigio delle Dolomiti IGT in praktischen, sicheren und umweltfreundlichen 5-Liter-Boxen!","og_url":"https:\/\/store.agririva.it\/de\/produkte\/pinot-grigio-vigneti-delle-dolomiti-igt\/","og_site_name":"Store Rurale - Agraria Riva del Garda","article_modified_time":"2026-04-16T13:03:09+00:00","og_image":[{"width":1920,"height":1920,"url":"https:\/\/store.agririva.it\/wp-content\/uploads\/2020\/09\/Pinot-grigio-5-l-2.jpg","type":"image\/jpeg"}],"twitter_card":"summary_large_image","twitter_misc":{"Gesch\u00e4tzte Lesezeit":"1\u00a0Minute"},"schema":{"@context":"https:\/\/schema.org","@graph":[{"@type":"WebPage","@id":"https:\/\/store.agririva.it\/de\/produkte\/pinot-grigio-vigneti-delle-dolomiti-igt\/","url":"https:\/\/store.agririva.it\/de\/produkte\/pinot-grigio-vigneti-delle-dolomiti-igt\/","name":"Wei\u00dfer Tafelwein Pinot Grigio IGT| Agraria Riva del Garda - Trentino - Online Shop","isPartOf":{"@id":"https:\/\/store.agririva.it\/de\/#website"},"primaryImageOfPage":{"@id":"https:\/\/store.agririva.it\/de\/produkte\/pinot-grigio-vigneti-delle-dolomiti-igt\/#primaryimage"},"image":{"@id":"https:\/\/store.agririva.it\/de\/produkte\/pinot-grigio-vigneti-delle-dolomiti-igt\/#primaryimage"},"thumbnailUrl":"https:\/\/store.agririva.it\/wp-content\/uploads\/2020\/09\/Pinot-grigio-5-l-2.jpg","datePublished":"2020-09-14T09:02:48+00:00","dateModified":"2026-04-16T13:03:09+00:00","description":"Kaufe jetzt online Tafelwein Pinot Grigio delle Dolomiti IGT in praktischen, sicheren und umweltfreundlichen 5-Liter-Boxen!","breadcrumb":{"@id":"https:\/\/store.agririva.it\/de\/produkte\/pinot-grigio-vigneti-delle-dolomiti-igt\/#breadcrumb"},"inLanguage":"de","potentialAction":[{"@type":"ReadAction","target":["https:\/\/store.agririva.it\/de\/produkte\/pinot-grigio-vigneti-delle-dolomiti-igt\/"]}]},{"@type":"ImageObject","inLanguage":"de","@id":"https:\/\/store.agririva.it\/de\/produkte\/pinot-grigio-vigneti-delle-dolomiti-igt\/#primaryimage","url":"https:\/\/store.agririva.it\/wp-content\/uploads\/2020\/09\/Pinot-grigio-5-l-2.jpg","contentUrl":"https:\/\/store.agririva.it\/wp-content\/uploads\/2020\/09\/Pinot-grigio-5-l-2.jpg","width":1920,"height":1920},{"@type":"BreadcrumbList","@id":"https:\/\/store.agririva.it\/de\/produkte\/pinot-grigio-vigneti-delle-dolomiti-igt\/#breadcrumb","itemListElement":[{"@type":"ListItem","position":1,"name":"Home","item":"https:\/\/store.agririva.it\/de\/"},{"@type":"ListItem","position":2,"name":"Gesch\u00e4ft","item":"https:\/\/store.agririva.it\/de\/geschaeft\/"},{"@type":"ListItem","position":3,"name":"Pinot Grigio \u2013 Vigneti delle Dolomiti IGT"}]},{"@type":"WebSite","@id":"https:\/\/store.agririva.it\/de\/#website","url":"https:\/\/store.agririva.it\/de\/","name":"Store Rurale - Agraria Riva del Garda","description":"","potentialAction":[{"@type":"SearchAction","target":{"@type":"EntryPoint","urlTemplate":"https:\/\/store.agririva.it\/de\/?s={search_term_string}"},"query-input":{"@type":"PropertyValueSpecification","valueRequired":true,"valueName":"search_term_string"}}],"inLanguage":"de"}]}},"_links":{"self":[{"href":"https:\/\/store.agririva.it\/de\/wp-json\/wp\/v2\/product\/8005","targetHints":{"allow":["GET"]}}],"collection":[{"href":"https:\/\/store.agririva.it\/de\/wp-json\/wp\/v2\/product"}],"about":[{"href":"https:\/\/store.agririva.it\/de\/wp-json\/wp\/v2\/types\/product"}],"replies":[{"embeddable":true,"href":"https:\/\/store.agririva.it\/de\/wp-json\/wp\/v2\/comments?post=8005"}],"wp:featuredmedia":[{"embeddable":true,"href":"https:\/\/store.agririva.it\/de\/wp-json\/wp\/v2\/media\/29248"}],"wp:attachment":[{"href":"https:\/\/store.agririva.it\/de\/wp-json\/wp\/v2\/media?parent=8005"}],"wp:term":[{"taxonomy":"product_brand","embeddable":true,"href":"https:\/\/store.agririva.it\/de\/wp-json\/wp\/v2\/product_brand?post=8005"},{"taxonomy":"product_cat","embeddable":true,"href":"https:\/\/store.agririva.it\/de\/wp-json\/wp\/v2\/product_cat?post=8005"},{"taxonomy":"product_tag","embeddable":true,"href":"https:\/\/store.agririva.it\/de\/wp-json\/wp\/v2\/product_tag?post=8005"}],"curies":[{"name":"wp","href":"https:\/\/api.w.org\/{rel}","templated":true}]}}