 {"id":7823,"date":"2020-09-14T11:02:37","date_gmt":"2020-09-14T09:02:37","guid":{"rendered":"http:\/\/store.agririva.it\/prodotto\/pinot-grigio-trentino-doc-2019\/"},"modified":"2026-04-03T23:02:14","modified_gmt":"2026-04-03T21:02:14","slug":"pinot-grigio-trentino-doc-2024","status":"publish","type":"product","link":"https:\/\/store.agririva.it\/de\/produkte\/pinot-grigio-trentino-doc-2024\/","title":{"rendered":"Pinot grigio \u2013 Trentino DOC 2024"},"content":{"rendered":"<div><\/div>\n<div><\/div>\n<div><\/div>\n<div><\/div>\n<div><\/div>\n<div><\/div>\n<div><\/div>\n<div><\/div>\n<div><\/div>\n<div><\/div>\n<div><\/div>\n<div><\/div>\n<div><\/div>\n<div><\/div>\n<div style=\"display: none;\"><\/div>\n<div style=\"display: none;\"><\/div>\n<div style=\"display: none;\"><\/div>\n<div style=\"display: none;\"><\/div>\n<div style=\"display: none;\"><\/div>\n<div style=\"display:none\"><\/div>\n","protected":false},"excerpt":{"rendered":"<p>Die Weinberge von\u00a0<strong>Pinot Grigio<\/strong>\u00a0befinden im Tal oder in den H\u00fcgeln in gut bel\u00fcfteten Lagen, deren B\u00f6den eine gute Komponente aus Kalkstein haben und so Frische und Eleganz dem Wein verleihen.<\/p>\n","protected":false},"featured_media":29158,"comment_status":"open","ping_status":"closed","template":"","meta":{"_acf_changed":false,"_price":"9.4","_stock":"64","_tribe_ticket_header":"","_tribe_default_ticket_provider":"","_tribe_ticket_capacity":"93","_ticket_start_date":"","_ticket_end_date":"","_tribe_ticket_show_description":"","_tribe_ticket_show_not_going":false,"_tribe_ticket_use_global_stock":"","_tribe_ticket_global_stock_level":"","_global_stock_mode":"","_global_stock_cap":"","_tribe_rsvp_for_event":"","_tribe_ticket_going_count":"","_tribe_ticket_not_going_count":"","_tribe_tickets_list":"[]","_tribe_ticket_has_attendee_info_fields":false,"_tec_slr_enabled":"","_tec_slr_layout":""},"product_brand":[],"product_cat":[190,209],"product_tag":[],"class_list":{"0":"post-7823","1":"product","2":"type-product","3":"status-publish","4":"has-post-thumbnail","6":"product_cat-wein","7":"product_cat-collezione-apponale-de","8":"pa_colore-weiss","9":"pa_effervescenza-stillwein","10":"pa_formato-075-l-de","11":"pa_package-flasche","13":"first","14":"instock","15":"taxable","16":"shipping-taxable","17":"purchasable","18":"product-type-simple"},"acf":[],"yoast_head":"<!-- This site is optimized with the Yoast SEO plugin v27.0 - https:\/\/yoast.com\/product\/yoast-seo-wordpress\/ -->\n<title>Pinot Grigio Trentino DOC | Agraria Riva del Garda - Trentino - Online Shop<\/title>\n<meta name=\"description\" content=\"Pinot Grigio Trentino DOC Trentino ist ein weicher und angenehmer strohgelber Wein mit fruchtigen Aromen. Kaufe jetzt online!\" \/>\n<meta name=\"robots\" content=\"index, follow, max-snippet:-1, max-image-preview:large, max-video-preview:-1\" \/>\n<link rel=\"canonical\" href=\"https:\/\/store.agririva.it\/de\/produkte\/pinot-grigio-trentino-doc-2024\/\" \/>\n<meta property=\"og:locale\" content=\"de_DE\" \/>\n<meta property=\"og:type\" content=\"article\" \/>\n<meta property=\"og:title\" content=\"Pinot Grigio Trentino DOC | Agraria Riva del Garda - Trentino - Online Shop\" \/>\n<meta property=\"og:description\" content=\"Pinot Grigio Trentino DOC Trentino ist ein weicher und angenehmer strohgelber Wein mit fruchtigen Aromen. Kaufe jetzt online!\" \/>\n<meta property=\"og:url\" content=\"https:\/\/store.agririva.it\/de\/produkte\/pinot-grigio-trentino-doc-2024\/\" \/>\n<meta property=\"og:site_name\" content=\"Store Rurale - Agraria Riva del Garda\" \/>\n<meta property=\"article:modified_time\" content=\"2026-04-03T21:02:14+00:00\" \/>\n<meta property=\"og:image\" content=\"https:\/\/store.agririva.it\/wp-content\/uploads\/2020\/09\/Pinot-Grigio-Apponale-\u00a9-2019-Fabio-Staropoli-fotofiore.com_-1.jpg\" \/>\n\t<meta property=\"og:image:width\" content=\"1920\" \/>\n\t<meta property=\"og:image:height\" content=\"1920\" \/>\n\t<meta property=\"og:image:type\" content=\"image\/jpeg\" \/>\n<meta name=\"twitter:card\" content=\"summary_large_image\" \/>\n<meta name=\"twitter:label1\" content=\"Gesch\u00e4tzte Lesezeit\" \/>\n\t<meta name=\"twitter:data1\" content=\"1\u00a0Minute\" \/>\n<script type=\"application\/ld+json\" class=\"yoast-schema-graph\">{\"@context\":\"https:\/\/schema.org\",\"@graph\":[{\"@type\":\"WebPage\",\"@id\":\"https:\/\/store.agririva.it\/de\/produkte\/pinot-grigio-trentino-doc-2024\/\",\"url\":\"https:\/\/store.agririva.it\/de\/produkte\/pinot-grigio-trentino-doc-2024\/\",\"name\":\"Pinot Grigio Trentino DOC | Agraria Riva del Garda - Trentino - Online Shop\",\"isPartOf\":{\"@id\":\"https:\/\/store.agririva.it\/de\/#website\"},\"primaryImageOfPage\":{\"@id\":\"https:\/\/store.agririva.it\/de\/produkte\/pinot-grigio-trentino-doc-2024\/#primaryimage\"},\"image\":{\"@id\":\"https:\/\/store.agririva.it\/de\/produkte\/pinot-grigio-trentino-doc-2024\/#primaryimage\"},\"thumbnailUrl\":\"https:\/\/store.agririva.it\/wp-content\/uploads\/2020\/09\/Pinot-Grigio-Apponale-\u00a9-2019-Fabio-Staropoli-fotofiore.com_-1.jpg\",\"datePublished\":\"2020-09-14T09:02:37+00:00\",\"dateModified\":\"2026-04-03T21:02:14+00:00\",\"description\":\"Pinot Grigio Trentino DOC Trentino ist ein weicher und angenehmer strohgelber Wein mit fruchtigen Aromen. Kaufe jetzt online!\",\"breadcrumb\":{\"@id\":\"https:\/\/store.agririva.it\/de\/produkte\/pinot-grigio-trentino-doc-2024\/#breadcrumb\"},\"inLanguage\":\"de\",\"potentialAction\":[{\"@type\":\"ReadAction\",\"target\":[\"https:\/\/store.agririva.it\/de\/produkte\/pinot-grigio-trentino-doc-2024\/\"]}]},{\"@type\":\"ImageObject\",\"inLanguage\":\"de\",\"@id\":\"https:\/\/store.agririva.it\/de\/produkte\/pinot-grigio-trentino-doc-2024\/#primaryimage\",\"url\":\"https:\/\/store.agririva.it\/wp-content\/uploads\/2020\/09\/Pinot-Grigio-Apponale-\u00a9-2019-Fabio-Staropoli-fotofiore.com_-1.jpg\",\"contentUrl\":\"https:\/\/store.agririva.it\/wp-content\/uploads\/2020\/09\/Pinot-Grigio-Apponale-\u00a9-2019-Fabio-Staropoli-fotofiore.com_-1.jpg\",\"width\":1920,\"height\":1920},{\"@type\":\"BreadcrumbList\",\"@id\":\"https:\/\/store.agririva.it\/de\/produkte\/pinot-grigio-trentino-doc-2024\/#breadcrumb\",\"itemListElement\":[{\"@type\":\"ListItem\",\"position\":1,\"name\":\"Home\",\"item\":\"https:\/\/store.agririva.it\/de\/\"},{\"@type\":\"ListItem\",\"position\":2,\"name\":\"Gesch\u00e4ft\",\"item\":\"https:\/\/store.agririva.it\/de\/geschaeft\/\"},{\"@type\":\"ListItem\",\"position\":3,\"name\":\"Pinot grigio \u2013 Trentino DOC 2024\"}]},{\"@type\":\"WebSite\",\"@id\":\"https:\/\/store.agririva.it\/de\/#website\",\"url\":\"https:\/\/store.agririva.it\/de\/\",\"name\":\"Store Rurale - Agraria Riva del Garda\",\"description\":\"\",\"potentialAction\":[{\"@type\":\"SearchAction\",\"target\":{\"@type\":\"EntryPoint\",\"urlTemplate\":\"https:\/\/store.agririva.it\/de\/?s={search_term_string}\"},\"query-input\":{\"@type\":\"PropertyValueSpecification\",\"valueRequired\":true,\"valueName\":\"search_term_string\"}}],\"inLanguage\":\"de\"}]}<\/script>\n<!-- \/ Yoast SEO plugin. -->","yoast_head_json":{"title":"Pinot Grigio Trentino DOC | Agraria Riva del Garda - Trentino - Online Shop","description":"Pinot Grigio Trentino DOC Trentino ist ein weicher und angenehmer strohgelber Wein mit fruchtigen Aromen. Kaufe jetzt online!","robots":{"index":"index","follow":"follow","max-snippet":"max-snippet:-1","max-image-preview":"max-image-preview:large","max-video-preview":"max-video-preview:-1"},"canonical":"https:\/\/store.agririva.it\/de\/produkte\/pinot-grigio-trentino-doc-2024\/","og_locale":"de_DE","og_type":"article","og_title":"Pinot Grigio Trentino DOC | Agraria Riva del Garda - Trentino - Online Shop","og_description":"Pinot Grigio Trentino DOC Trentino ist ein weicher und angenehmer strohgelber Wein mit fruchtigen Aromen. Kaufe jetzt online!","og_url":"https:\/\/store.agririva.it\/de\/produkte\/pinot-grigio-trentino-doc-2024\/","og_site_name":"Store Rurale - Agraria Riva del Garda","article_modified_time":"2026-04-03T21:02:14+00:00","og_image":[{"width":1920,"height":1920,"url":"https:\/\/store.agririva.it\/wp-content\/uploads\/2020\/09\/Pinot-Grigio-Apponale-\u00a9-2019-Fabio-Staropoli-fotofiore.com_-1.jpg","type":"image\/jpeg"}],"twitter_card":"summary_large_image","twitter_misc":{"Gesch\u00e4tzte Lesezeit":"1\u00a0Minute"},"schema":{"@context":"https:\/\/schema.org","@graph":[{"@type":"WebPage","@id":"https:\/\/store.agririva.it\/de\/produkte\/pinot-grigio-trentino-doc-2024\/","url":"https:\/\/store.agririva.it\/de\/produkte\/pinot-grigio-trentino-doc-2024\/","name":"Pinot Grigio Trentino DOC | Agraria Riva del Garda - Trentino - Online Shop","isPartOf":{"@id":"https:\/\/store.agririva.it\/de\/#website"},"primaryImageOfPage":{"@id":"https:\/\/store.agririva.it\/de\/produkte\/pinot-grigio-trentino-doc-2024\/#primaryimage"},"image":{"@id":"https:\/\/store.agririva.it\/de\/produkte\/pinot-grigio-trentino-doc-2024\/#primaryimage"},"thumbnailUrl":"https:\/\/store.agririva.it\/wp-content\/uploads\/2020\/09\/Pinot-Grigio-Apponale-\u00a9-2019-Fabio-Staropoli-fotofiore.com_-1.jpg","datePublished":"2020-09-14T09:02:37+00:00","dateModified":"2026-04-03T21:02:14+00:00","description":"Pinot Grigio Trentino DOC Trentino ist ein weicher und angenehmer strohgelber Wein mit fruchtigen Aromen. Kaufe jetzt online!","breadcrumb":{"@id":"https:\/\/store.agririva.it\/de\/produkte\/pinot-grigio-trentino-doc-2024\/#breadcrumb"},"inLanguage":"de","potentialAction":[{"@type":"ReadAction","target":["https:\/\/store.agririva.it\/de\/produkte\/pinot-grigio-trentino-doc-2024\/"]}]},{"@type":"ImageObject","inLanguage":"de","@id":"https:\/\/store.agririva.it\/de\/produkte\/pinot-grigio-trentino-doc-2024\/#primaryimage","url":"https:\/\/store.agririva.it\/wp-content\/uploads\/2020\/09\/Pinot-Grigio-Apponale-\u00a9-2019-Fabio-Staropoli-fotofiore.com_-1.jpg","contentUrl":"https:\/\/store.agririva.it\/wp-content\/uploads\/2020\/09\/Pinot-Grigio-Apponale-\u00a9-2019-Fabio-Staropoli-fotofiore.com_-1.jpg","width":1920,"height":1920},{"@type":"BreadcrumbList","@id":"https:\/\/store.agririva.it\/de\/produkte\/pinot-grigio-trentino-doc-2024\/#breadcrumb","itemListElement":[{"@type":"ListItem","position":1,"name":"Home","item":"https:\/\/store.agririva.it\/de\/"},{"@type":"ListItem","position":2,"name":"Gesch\u00e4ft","item":"https:\/\/store.agririva.it\/de\/geschaeft\/"},{"@type":"ListItem","position":3,"name":"Pinot grigio \u2013 Trentino DOC 2024"}]},{"@type":"WebSite","@id":"https:\/\/store.agririva.it\/de\/#website","url":"https:\/\/store.agririva.it\/de\/","name":"Store Rurale - Agraria Riva del Garda","description":"","potentialAction":[{"@type":"SearchAction","target":{"@type":"EntryPoint","urlTemplate":"https:\/\/store.agririva.it\/de\/?s={search_term_string}"},"query-input":{"@type":"PropertyValueSpecification","valueRequired":true,"valueName":"search_term_string"}}],"inLanguage":"de"}]}},"_links":{"self":[{"href":"https:\/\/store.agririva.it\/de\/wp-json\/wp\/v2\/product\/7823","targetHints":{"allow":["GET"]}}],"collection":[{"href":"https:\/\/store.agririva.it\/de\/wp-json\/wp\/v2\/product"}],"about":[{"href":"https:\/\/store.agririva.it\/de\/wp-json\/wp\/v2\/types\/product"}],"replies":[{"embeddable":true,"href":"https:\/\/store.agririva.it\/de\/wp-json\/wp\/v2\/comments?post=7823"}],"wp:featuredmedia":[{"embeddable":true,"href":"https:\/\/store.agririva.it\/de\/wp-json\/wp\/v2\/media\/29158"}],"wp:attachment":[{"href":"https:\/\/store.agririva.it\/de\/wp-json\/wp\/v2\/media?parent=7823"}],"wp:term":[{"taxonomy":"product_brand","embeddable":true,"href":"https:\/\/store.agririva.it\/de\/wp-json\/wp\/v2\/product_brand?post=7823"},{"taxonomy":"product_cat","embeddable":true,"href":"https:\/\/store.agririva.it\/de\/wp-json\/wp\/v2\/product_cat?post=7823"},{"taxonomy":"product_tag","embeddable":true,"href":"https:\/\/store.agririva.it\/de\/wp-json\/wp\/v2\/product_tag?post=7823"}],"curies":[{"name":"wp","href":"https:\/\/api.w.org\/{rel}","templated":true}]}}