 {"id":46574,"date":"2025-05-19T10:36:05","date_gmt":"2025-05-19T08:36:05","guid":{"rendered":"https:\/\/store.agririva.it\/?post_type=product&#038;p=46574"},"modified":"2025-05-19T12:25:59","modified_gmt":"2025-05-19T10:25:59","slug":"kuelschale-brezza-riva-trentodoc","status":"publish","type":"product","link":"https:\/\/store.agririva.it\/de\/produkte\/kuelschale-brezza-riva-trentodoc\/","title":{"rendered":"K\u00fclschale Magnolia Bowl &#8222;Brezza Riva Trentodoc&#8220; Italesse"},"content":{"rendered":"<div><\/div>\n<div><\/div>\n<div><\/div>\n<div><\/div>\n<div><\/div>\n<div><\/div>\n<div><\/div>\n<div><\/div>\n<div><\/div>\n<div><\/div>\n<div style=\"display: none;\"><\/div>\n<div style=\"display: none;\"><\/div>\n<div style=\"display: none;\"><\/div>\n<div style=\"display: none;\"><\/div>\n<div style=\"display: none;\"><\/div>\n<div style=\"display: none;\"><\/div>\n<div style=\"display: none;\"><\/div>\n<div style=\"display: none;\"><\/div>\n<div style=\"display: none;\"><\/div>\n<div style=\"display: none;\"><\/div>\n<div style=\"display: none;\"><\/div>\n<div style=\"display: none;\"><\/div>\n<div style=\"display: none;\"><\/div>\n<div style=\"display: none;\"><\/div>\n<div style=\"display: none;\"><\/div>\n<div style=\"display: none;\"><\/div>\n<div style=\"display: none;\"><\/div>\n<div style=\"display: none;\"><\/div>\n<div style=\"display: none;\"><\/div>\n<div style=\"display: none;\"><\/div>\n<div style=\"display: none;\"><\/div>\n<div style=\"display: none;\"><\/div>\n<div style=\"display: none;\"><\/div>\n<div style=\"display: none;\"><\/div>\n<div style=\"display: none;\"><\/div>\n<div style=\"display: none;\"><\/div>\n<div style=\"display: none;\"><\/div>\n<div style=\"display: none;\"><\/div>\n<div style=\"display: none;\"><\/div>\n<div style=\"display: none;\"><\/div>\n<div style=\"display: none;\"><\/div>\n<div style=\"display: none;\"><\/div>\n<div style=\"display: none;\"><\/div>\n<div style=\"display:none\"><\/div>\n","protected":false},"excerpt":{"rendered":"<p>K\u00fchlschale mit Logo\u00a0\u201eBrezza\u00a0Riva Trentodoc&#8220;<\/p>\n","protected":false},"featured_media":46582,"comment_status":"open","ping_status":"closed","template":"","meta":{"_acf_changed":false,"_price":"35.00","_stock":"59.000000","_tribe_ticket_header":"","_tribe_default_ticket_provider":"","_tribe_ticket_capacity":"25","_ticket_start_date":"","_ticket_end_date":"","_tribe_ticket_show_description":"","_tribe_ticket_show_not_going":false,"_tribe_ticket_use_global_stock":"","_tribe_ticket_global_stock_level":"","_global_stock_mode":"","_global_stock_cap":"","_tribe_rsvp_for_event":"","_tribe_ticket_going_count":"","_tribe_ticket_not_going_count":"","_tribe_tickets_list":"[]","_tribe_ticket_has_attendee_info_fields":false,"_tec_slr_enabled":"","_tec_slr_layout":""},"product_brand":[],"product_cat":[432,427,191,429],"product_tag":[],"class_list":{"0":"post-46574","1":"product","2":"type-product","3":"status-publish","4":"has-post-thumbnail","6":"product_cat-zubehoer-und-geschenkideen-de-2","7":"product_cat-zubehoer-und-geschenkideen","8":"product_cat-typische-produkte","9":"product_cat-zubehoer-und-geschenkideen-de","11":"first","12":"instock","13":"taxable","14":"shipping-taxable","15":"purchasable","16":"product-type-simple"},"acf":[],"yoast_head":"<!-- This site is optimized with the Yoast SEO plugin v27.0 - https:\/\/yoast.com\/product\/yoast-seo-wordpress\/ -->\n<title>K\u00fchlschale Magnolia Bowl \u201eBrezza Riva\u201c | Agraria Riva del Garda<\/title>\n<meta name=\"description\" content=\"Die Magnolia Bowl ist ein Weink\u00fchler mit starker Ausdruckskraft \u2013 ideal, um Flaschen von Wein, Sekt oder Wasser bei Abendessen und Veranstaltungen stilvoll zu k\u00fchlen und aufzuwerten. Neben ihrer Funktionalit\u00e4t bereichert sie jede Tafel mit moderner Eleganz und einem zeitgem\u00e4\u00dfen Design.\" \/>\n<meta name=\"robots\" content=\"index, follow, max-snippet:-1, max-image-preview:large, max-video-preview:-1\" \/>\n<link rel=\"canonical\" href=\"https:\/\/store.agririva.it\/de\/produkte\/kuelschale-brezza-riva-trentodoc\/\" \/>\n<meta property=\"og:locale\" content=\"de_DE\" \/>\n<meta property=\"og:type\" content=\"article\" \/>\n<meta property=\"og:title\" content=\"K\u00fchlschale Magnolia Bowl \u201eBrezza Riva\u201c | Agraria Riva del Garda\" \/>\n<meta property=\"og:description\" content=\"Die Magnolia Bowl ist ein Weink\u00fchler mit starker Ausdruckskraft \u2013 ideal, um Flaschen von Wein, Sekt oder Wasser bei Abendessen und Veranstaltungen stilvoll zu k\u00fchlen und aufzuwerten. Neben ihrer Funktionalit\u00e4t bereichert sie jede Tafel mit moderner Eleganz und einem zeitgem\u00e4\u00dfen Design.\" \/>\n<meta property=\"og:url\" content=\"https:\/\/store.agririva.it\/de\/produkte\/kuelschale-brezza-riva-trentodoc\/\" \/>\n<meta property=\"og:site_name\" content=\"Store Rurale - Agraria Riva del Garda\" \/>\n<meta property=\"article:modified_time\" content=\"2025-05-19T10:25:59+00:00\" \/>\n<meta property=\"og:image\" content=\"https:\/\/store.agririva.it\/wp-content\/uploads\/2025\/05\/spumantiera-1.png\" \/>\n\t<meta property=\"og:image:width\" content=\"1920\" \/>\n\t<meta property=\"og:image:height\" content=\"1920\" \/>\n\t<meta property=\"og:image:type\" content=\"image\/png\" \/>\n<meta name=\"twitter:card\" content=\"summary_large_image\" \/>\n<meta name=\"twitter:label1\" content=\"Gesch\u00e4tzte Lesezeit\" \/>\n\t<meta name=\"twitter:data1\" content=\"1\u00a0Minute\" \/>\n<script type=\"application\/ld+json\" class=\"yoast-schema-graph\">{\"@context\":\"https:\/\/schema.org\",\"@graph\":[{\"@type\":\"WebPage\",\"@id\":\"https:\/\/store.agririva.it\/de\/produkte\/kuelschale-brezza-riva-trentodoc\/\",\"url\":\"https:\/\/store.agririva.it\/de\/produkte\/kuelschale-brezza-riva-trentodoc\/\",\"name\":\"K\u00fchlschale Magnolia Bowl \u201eBrezza Riva\u201c | Agraria Riva del Garda\",\"isPartOf\":{\"@id\":\"https:\/\/store.agririva.it\/de\/#website\"},\"primaryImageOfPage\":{\"@id\":\"https:\/\/store.agririva.it\/de\/produkte\/kuelschale-brezza-riva-trentodoc\/#primaryimage\"},\"image\":{\"@id\":\"https:\/\/store.agririva.it\/de\/produkte\/kuelschale-brezza-riva-trentodoc\/#primaryimage\"},\"thumbnailUrl\":\"https:\/\/store.agririva.it\/wp-content\/uploads\/2025\/05\/spumantiera-1.png\",\"datePublished\":\"2025-05-19T08:36:05+00:00\",\"dateModified\":\"2025-05-19T10:25:59+00:00\",\"description\":\"Die Magnolia Bowl ist ein Weink\u00fchler mit starker Ausdruckskraft \u2013 ideal, um Flaschen von Wein, Sekt oder Wasser bei Abendessen und Veranstaltungen stilvoll zu k\u00fchlen und aufzuwerten. Neben ihrer Funktionalit\u00e4t bereichert sie jede Tafel mit moderner Eleganz und einem zeitgem\u00e4\u00dfen Design.\",\"breadcrumb\":{\"@id\":\"https:\/\/store.agririva.it\/de\/produkte\/kuelschale-brezza-riva-trentodoc\/#breadcrumb\"},\"inLanguage\":\"de\",\"potentialAction\":[{\"@type\":\"ReadAction\",\"target\":[\"https:\/\/store.agririva.it\/de\/produkte\/kuelschale-brezza-riva-trentodoc\/\"]}]},{\"@type\":\"ImageObject\",\"inLanguage\":\"de\",\"@id\":\"https:\/\/store.agririva.it\/de\/produkte\/kuelschale-brezza-riva-trentodoc\/#primaryimage\",\"url\":\"https:\/\/store.agririva.it\/wp-content\/uploads\/2025\/05\/spumantiera-1.png\",\"contentUrl\":\"https:\/\/store.agririva.it\/wp-content\/uploads\/2025\/05\/spumantiera-1.png\",\"width\":1920,\"height\":1920},{\"@type\":\"BreadcrumbList\",\"@id\":\"https:\/\/store.agririva.it\/de\/produkte\/kuelschale-brezza-riva-trentodoc\/#breadcrumb\",\"itemListElement\":[{\"@type\":\"ListItem\",\"position\":1,\"name\":\"Home\",\"item\":\"https:\/\/store.agririva.it\/de\/\"},{\"@type\":\"ListItem\",\"position\":2,\"name\":\"Gesch\u00e4ft\",\"item\":\"https:\/\/store.agririva.it\/de\/geschaeft\/\"},{\"@type\":\"ListItem\",\"position\":3,\"name\":\"K\u00fclschale Magnolia Bowl &#8220;Brezza Riva Trentodoc&#8221; Italesse\"}]},{\"@type\":\"WebSite\",\"@id\":\"https:\/\/store.agririva.it\/de\/#website\",\"url\":\"https:\/\/store.agririva.it\/de\/\",\"name\":\"Store Rurale - Agraria Riva del Garda\",\"description\":\"\",\"potentialAction\":[{\"@type\":\"SearchAction\",\"target\":{\"@type\":\"EntryPoint\",\"urlTemplate\":\"https:\/\/store.agririva.it\/de\/?s={search_term_string}\"},\"query-input\":{\"@type\":\"PropertyValueSpecification\",\"valueRequired\":true,\"valueName\":\"search_term_string\"}}],\"inLanguage\":\"de\"}]}<\/script>\n<!-- \/ Yoast SEO plugin. -->","yoast_head_json":{"title":"K\u00fchlschale Magnolia Bowl \u201eBrezza Riva\u201c | Agraria Riva del Garda","description":"Die Magnolia Bowl ist ein Weink\u00fchler mit starker Ausdruckskraft \u2013 ideal, um Flaschen von Wein, Sekt oder Wasser bei Abendessen und Veranstaltungen stilvoll zu k\u00fchlen und aufzuwerten. Neben ihrer Funktionalit\u00e4t bereichert sie jede Tafel mit moderner Eleganz und einem zeitgem\u00e4\u00dfen Design.","robots":{"index":"index","follow":"follow","max-snippet":"max-snippet:-1","max-image-preview":"max-image-preview:large","max-video-preview":"max-video-preview:-1"},"canonical":"https:\/\/store.agririva.it\/de\/produkte\/kuelschale-brezza-riva-trentodoc\/","og_locale":"de_DE","og_type":"article","og_title":"K\u00fchlschale Magnolia Bowl \u201eBrezza Riva\u201c | Agraria Riva del Garda","og_description":"Die Magnolia Bowl ist ein Weink\u00fchler mit starker Ausdruckskraft \u2013 ideal, um Flaschen von Wein, Sekt oder Wasser bei Abendessen und Veranstaltungen stilvoll zu k\u00fchlen und aufzuwerten. Neben ihrer Funktionalit\u00e4t bereichert sie jede Tafel mit moderner Eleganz und einem zeitgem\u00e4\u00dfen Design.","og_url":"https:\/\/store.agririva.it\/de\/produkte\/kuelschale-brezza-riva-trentodoc\/","og_site_name":"Store Rurale - Agraria Riva del Garda","article_modified_time":"2025-05-19T10:25:59+00:00","og_image":[{"width":1920,"height":1920,"url":"https:\/\/store.agririva.it\/wp-content\/uploads\/2025\/05\/spumantiera-1.png","type":"image\/png"}],"twitter_card":"summary_large_image","twitter_misc":{"Gesch\u00e4tzte Lesezeit":"1\u00a0Minute"},"schema":{"@context":"https:\/\/schema.org","@graph":[{"@type":"WebPage","@id":"https:\/\/store.agririva.it\/de\/produkte\/kuelschale-brezza-riva-trentodoc\/","url":"https:\/\/store.agririva.it\/de\/produkte\/kuelschale-brezza-riva-trentodoc\/","name":"K\u00fchlschale Magnolia Bowl \u201eBrezza Riva\u201c | Agraria Riva del Garda","isPartOf":{"@id":"https:\/\/store.agririva.it\/de\/#website"},"primaryImageOfPage":{"@id":"https:\/\/store.agririva.it\/de\/produkte\/kuelschale-brezza-riva-trentodoc\/#primaryimage"},"image":{"@id":"https:\/\/store.agririva.it\/de\/produkte\/kuelschale-brezza-riva-trentodoc\/#primaryimage"},"thumbnailUrl":"https:\/\/store.agririva.it\/wp-content\/uploads\/2025\/05\/spumantiera-1.png","datePublished":"2025-05-19T08:36:05+00:00","dateModified":"2025-05-19T10:25:59+00:00","description":"Die Magnolia Bowl ist ein Weink\u00fchler mit starker Ausdruckskraft \u2013 ideal, um Flaschen von Wein, Sekt oder Wasser bei Abendessen und Veranstaltungen stilvoll zu k\u00fchlen und aufzuwerten. Neben ihrer Funktionalit\u00e4t bereichert sie jede Tafel mit moderner Eleganz und einem zeitgem\u00e4\u00dfen Design.","breadcrumb":{"@id":"https:\/\/store.agririva.it\/de\/produkte\/kuelschale-brezza-riva-trentodoc\/#breadcrumb"},"inLanguage":"de","potentialAction":[{"@type":"ReadAction","target":["https:\/\/store.agririva.it\/de\/produkte\/kuelschale-brezza-riva-trentodoc\/"]}]},{"@type":"ImageObject","inLanguage":"de","@id":"https:\/\/store.agririva.it\/de\/produkte\/kuelschale-brezza-riva-trentodoc\/#primaryimage","url":"https:\/\/store.agririva.it\/wp-content\/uploads\/2025\/05\/spumantiera-1.png","contentUrl":"https:\/\/store.agririva.it\/wp-content\/uploads\/2025\/05\/spumantiera-1.png","width":1920,"height":1920},{"@type":"BreadcrumbList","@id":"https:\/\/store.agririva.it\/de\/produkte\/kuelschale-brezza-riva-trentodoc\/#breadcrumb","itemListElement":[{"@type":"ListItem","position":1,"name":"Home","item":"https:\/\/store.agririva.it\/de\/"},{"@type":"ListItem","position":2,"name":"Gesch\u00e4ft","item":"https:\/\/store.agririva.it\/de\/geschaeft\/"},{"@type":"ListItem","position":3,"name":"K\u00fclschale Magnolia Bowl &#8220;Brezza Riva Trentodoc&#8221; Italesse"}]},{"@type":"WebSite","@id":"https:\/\/store.agririva.it\/de\/#website","url":"https:\/\/store.agririva.it\/de\/","name":"Store Rurale - Agraria Riva del Garda","description":"","potentialAction":[{"@type":"SearchAction","target":{"@type":"EntryPoint","urlTemplate":"https:\/\/store.agririva.it\/de\/?s={search_term_string}"},"query-input":{"@type":"PropertyValueSpecification","valueRequired":true,"valueName":"search_term_string"}}],"inLanguage":"de"}]}},"_links":{"self":[{"href":"https:\/\/store.agririva.it\/de\/wp-json\/wp\/v2\/product\/46574","targetHints":{"allow":["GET"]}}],"collection":[{"href":"https:\/\/store.agririva.it\/de\/wp-json\/wp\/v2\/product"}],"about":[{"href":"https:\/\/store.agririva.it\/de\/wp-json\/wp\/v2\/types\/product"}],"replies":[{"embeddable":true,"href":"https:\/\/store.agririva.it\/de\/wp-json\/wp\/v2\/comments?post=46574"}],"wp:featuredmedia":[{"embeddable":true,"href":"https:\/\/store.agririva.it\/de\/wp-json\/wp\/v2\/media\/46582"}],"wp:attachment":[{"href":"https:\/\/store.agririva.it\/de\/wp-json\/wp\/v2\/media?parent=46574"}],"wp:term":[{"taxonomy":"product_brand","embeddable":true,"href":"https:\/\/store.agririva.it\/de\/wp-json\/wp\/v2\/product_brand?post=46574"},{"taxonomy":"product_cat","embeddable":true,"href":"https:\/\/store.agririva.it\/de\/wp-json\/wp\/v2\/product_cat?post=46574"},{"taxonomy":"product_tag","embeddable":true,"href":"https:\/\/store.agririva.it\/de\/wp-json\/wp\/v2\/product_tag?post=46574"}],"curies":[{"name":"wp","href":"https:\/\/api.w.org\/{rel}","templated":true}]}}