 {"id":32603,"date":"2023-11-07T14:42:22","date_gmt":"2023-10-16T12:37:07","guid":{"rendered":"https:\/\/store.agririva.it\/?post_type=product&#038;p=32603"},"modified":"2026-04-16T05:02:52","modified_gmt":"2026-04-16T03:02:52","slug":"see-ragout-troticoltura-armanini","status":"publish","type":"product","link":"https:\/\/store.agririva.it\/de\/produkte\/see-ragout-troticoltura-armanini\/","title":{"rendered":"See-Ragout &#8211; Troticoltura Armanini"},"content":{"rendered":"<div><\/div>\n<div><\/div>\n<div><\/div>\n<div><\/div>\n<div><\/div>\n<div><\/div>\n<div><\/div>\n<div><\/div>\n<div><\/div>\n<div><\/div>\n<div style=\"display: none;\"><\/div>\n<div style=\"display: none;\"><\/div>\n<div style=\"display: none;\"><\/div>\n<div style=\"display: none;\"><\/div>\n<div style=\"display: none;\"><\/div>\n<div style=\"display: none;\"><\/div>\n<div style=\"display: none;\"><\/div>\n<div style=\"display: none;\"><\/div>\n<div style=\"display: none;\"><\/div>\n<div style=\"display: none;\"><\/div>\n<div style=\"display: none;\"><\/div>\n<div style=\"display: none;\"><\/div>\n<div style=\"display: none;\"><\/div>\n<div style=\"display: none;\"><\/div>\n<div style=\"display: none;\"><\/div>\n<div style=\"display: none;\"><\/div>\n<div style=\"display: none;\"><\/div>\n<div style=\"display: none;\"><\/div>\n<div style=\"display: none;\"><\/div>\n<div style=\"display: none;\"><\/div>\n<div style=\"display: none;\"><\/div>\n<div style=\"display: none;\"><\/div>\n<div style=\"display: none;\"><\/div>\n<div style=\"display: none;\"><\/div>\n<div style=\"display: none;\"><\/div>\n<div style=\"display: none;\"><\/div>\n<div style=\"display: none;\"><\/div>\n<div style=\"display: none;\"><\/div>\n<div style=\"display: none;\"><\/div>\n<div style=\"display: none;\"><\/div>\n<div style=\"display: none;\"><\/div>\n<div style=\"display: none;\"><\/div>\n<div style=\"display: none;\"><\/div>\n<div style=\"display: none;\"><\/div>\n<div style=\"display: none;\"><\/div>\n<div style=\"display: none;\"><\/div>\n<div style=\"display: none;\"><\/div>\n<div style=\"display: none;\"><\/div>\n<div style=\"display: none;\"><\/div>\n<div style=\"display: none;\"><\/div>\n<div style=\"display: none;\"><\/div>\n<div style=\"display: none;\"><\/div>\n<div style=\"display: none;\"><\/div>\n<div style=\"display: none;\"><\/div>\n<div style=\"display: none;\"><\/div>\n<div style=\"display: none;\"><\/div>\n<div style=\"display: none;\"><\/div>\n<div style=\"display: none;\"><\/div>\n<div style=\"display: none;\"><\/div>\n<div style=\"display: none;\"><\/div>\n<div style=\"display: none;\"><\/div>\n<div style=\"display: none;\"><\/div>\n<div style=\"display: none;\"><\/div>\n<div style=\"display: none;\"><\/div>\n<div style=\"display: none;\"><\/div>\n<div style=\"display: none;\"><\/div>\n<div style=\"display: none;\"><\/div>\n<div style=\"display: none;\"><\/div>\n<div style=\"display: none;\"><\/div>\n<div style=\"display: none;\"><\/div>\n<div style=\"display: none;\"><\/div>\n<div style=\"display: none;\"><\/div>\n<div style=\"display: none;\"><\/div>\n<div style=\"display: none;\"><\/div>\n<div style=\"display: none;\"><\/div>\n<div style=\"display:none\"><\/div>\n","protected":false},"excerpt":{"rendered":"<p>See- und S\u00fc\u00dfwasserfische der besten Arten, Gem\u00fcse und aromatische Kr\u00e4uter verleihen diesem See-Ragout eine Geschmacksexplosion: eine ausgezeichnete Alternative zu Fleischragout.<\/p>\n<p>&nbsp;<\/p>\n<p>Agraria Riva del Garda hat sich f\u00fcr die Forellenzucht von <strong>Armanini<\/strong> entschieden, die seit den 1960er Jahren Forellen und Saiblinge in reinen Berggew\u00e4ssern z\u00fcchtet und dabei die beste verf\u00fcgbare Technologie einsetzt.<\/p>\n","protected":false},"featured_media":32580,"comment_status":"open","ping_status":"closed","template":"","meta":{"_acf_changed":false,"_price":"9.4","_stock":"54","_tribe_ticket_header":"","_tribe_default_ticket_provider":"","_tribe_ticket_capacity":"25","_ticket_start_date":"","_ticket_end_date":"","_tribe_ticket_show_description":"","_tribe_ticket_show_not_going":false,"_tribe_ticket_use_global_stock":"","_tribe_ticket_global_stock_level":"","_global_stock_mode":"","_global_stock_cap":"","_tribe_rsvp_for_event":"","_tribe_ticket_going_count":"","_tribe_ticket_not_going_count":"","_tribe_tickets_list":"[]","_tribe_ticket_has_attendee_info_fields":false,"_tec_slr_enabled":"","_tec_slr_layout":""},"product_brand":[],"product_cat":[191,403],"product_tag":[],"class_list":{"0":"post-32603","1":"product","2":"type-product","3":"status-publish","4":"has-post-thumbnail","6":"product_cat-typische-produkte","7":"product_cat-gewuerze-und-sossen","8":"pa_formato-180-g-de","10":"first","11":"instock","12":"taxable","13":"shipping-taxable","14":"purchasable","15":"product-type-simple"},"acf":[],"yoast_head":"<!-- This site is optimized with the Yoast SEO plugin v27.0 - https:\/\/yoast.com\/product\/yoast-seo-wordpress\/ -->\n<title>See-Ragout - Troticoltura Armanini | Agraria Riva del Garda<\/title>\n<meta name=\"description\" content=\"Das Unternehmen Armanini z\u00fcchtet Forellen und Saiblinge in reinen Berggew\u00e4ssern. Mit feinem Seefisch, Gem\u00fcse und Kr\u00e4utern zubereitet, bietet dieses See-Ragout eine Geschmacksexplosion und ist eine hervorragende Alternative zu Fleischragout.\" \/>\n<meta name=\"robots\" content=\"index, follow, max-snippet:-1, max-image-preview:large, max-video-preview:-1\" \/>\n<link rel=\"canonical\" href=\"https:\/\/store.agririva.it\/de\/produkte\/see-ragout-troticoltura-armanini\/\" \/>\n<meta property=\"og:locale\" content=\"de_DE\" \/>\n<meta property=\"og:type\" content=\"article\" \/>\n<meta property=\"og:title\" content=\"See-Ragout - Troticoltura Armanini | Agraria Riva del Garda\" \/>\n<meta property=\"og:description\" content=\"Das Unternehmen Armanini z\u00fcchtet Forellen und Saiblinge in reinen Berggew\u00e4ssern. Mit feinem Seefisch, Gem\u00fcse und Kr\u00e4utern zubereitet, bietet dieses See-Ragout eine Geschmacksexplosion und ist eine hervorragende Alternative zu Fleischragout.\" \/>\n<meta property=\"og:url\" content=\"https:\/\/store.agririva.it\/de\/produkte\/see-ragout-troticoltura-armanini\/\" \/>\n<meta property=\"og:site_name\" content=\"Store Rurale - Agraria Riva del Garda\" \/>\n<meta property=\"article:modified_time\" content=\"2026-04-16T03:02:52+00:00\" \/>\n<meta property=\"og:image\" content=\"https:\/\/store.agririva.it\/wp-content\/uploads\/2023\/10\/ARMANINI_RAGu-DI-LAGO.jpg\" \/>\n\t<meta property=\"og:image:width\" content=\"1920\" \/>\n\t<meta property=\"og:image:height\" content=\"1920\" \/>\n\t<meta property=\"og:image:type\" content=\"image\/jpeg\" \/>\n<meta name=\"twitter:card\" content=\"summary_large_image\" \/>\n<meta name=\"twitter:label1\" content=\"Gesch\u00e4tzte Lesezeit\" \/>\n\t<meta name=\"twitter:data1\" content=\"1\u00a0Minute\" \/>\n<script type=\"application\/ld+json\" class=\"yoast-schema-graph\">{\"@context\":\"https:\/\/schema.org\",\"@graph\":[{\"@type\":\"WebPage\",\"@id\":\"https:\/\/store.agririva.it\/de\/produkte\/see-ragout-troticoltura-armanini\/\",\"url\":\"https:\/\/store.agririva.it\/de\/produkte\/see-ragout-troticoltura-armanini\/\",\"name\":\"See-Ragout - Troticoltura Armanini | Agraria Riva del Garda\",\"isPartOf\":{\"@id\":\"https:\/\/store.agririva.it\/de\/#website\"},\"primaryImageOfPage\":{\"@id\":\"https:\/\/store.agririva.it\/de\/produkte\/see-ragout-troticoltura-armanini\/#primaryimage\"},\"image\":{\"@id\":\"https:\/\/store.agririva.it\/de\/produkte\/see-ragout-troticoltura-armanini\/#primaryimage\"},\"thumbnailUrl\":\"https:\/\/store.agririva.it\/wp-content\/uploads\/2023\/10\/ARMANINI_RAGu-DI-LAGO.jpg\",\"datePublished\":\"2023-10-16T12:37:07+00:00\",\"dateModified\":\"2026-04-16T03:02:52+00:00\",\"description\":\"Das Unternehmen Armanini z\u00fcchtet Forellen und Saiblinge in reinen Berggew\u00e4ssern. Mit feinem Seefisch, Gem\u00fcse und Kr\u00e4utern zubereitet, bietet dieses See-Ragout eine Geschmacksexplosion und ist eine hervorragende Alternative zu Fleischragout.\",\"breadcrumb\":{\"@id\":\"https:\/\/store.agririva.it\/de\/produkte\/see-ragout-troticoltura-armanini\/#breadcrumb\"},\"inLanguage\":\"de\",\"potentialAction\":[{\"@type\":\"ReadAction\",\"target\":[\"https:\/\/store.agririva.it\/de\/produkte\/see-ragout-troticoltura-armanini\/\"]}]},{\"@type\":\"ImageObject\",\"inLanguage\":\"de\",\"@id\":\"https:\/\/store.agririva.it\/de\/produkte\/see-ragout-troticoltura-armanini\/#primaryimage\",\"url\":\"https:\/\/store.agririva.it\/wp-content\/uploads\/2023\/10\/ARMANINI_RAGu-DI-LAGO.jpg\",\"contentUrl\":\"https:\/\/store.agririva.it\/wp-content\/uploads\/2023\/10\/ARMANINI_RAGu-DI-LAGO.jpg\",\"width\":1920,\"height\":1920},{\"@type\":\"BreadcrumbList\",\"@id\":\"https:\/\/store.agririva.it\/de\/produkte\/see-ragout-troticoltura-armanini\/#breadcrumb\",\"itemListElement\":[{\"@type\":\"ListItem\",\"position\":1,\"name\":\"Home\",\"item\":\"https:\/\/store.agririva.it\/de\/\"},{\"@type\":\"ListItem\",\"position\":2,\"name\":\"Gesch\u00e4ft\",\"item\":\"https:\/\/store.agririva.it\/de\/geschaeft\/\"},{\"@type\":\"ListItem\",\"position\":3,\"name\":\"See-Ragout &#8211; Troticoltura Armanini\"}]},{\"@type\":\"WebSite\",\"@id\":\"https:\/\/store.agririva.it\/de\/#website\",\"url\":\"https:\/\/store.agririva.it\/de\/\",\"name\":\"Store Rurale - Agraria Riva del Garda\",\"description\":\"\",\"potentialAction\":[{\"@type\":\"SearchAction\",\"target\":{\"@type\":\"EntryPoint\",\"urlTemplate\":\"https:\/\/store.agririva.it\/de\/?s={search_term_string}\"},\"query-input\":{\"@type\":\"PropertyValueSpecification\",\"valueRequired\":true,\"valueName\":\"search_term_string\"}}],\"inLanguage\":\"de\"}]}<\/script>\n<!-- \/ Yoast SEO plugin. -->","yoast_head_json":{"title":"See-Ragout - Troticoltura Armanini | Agraria Riva del Garda","description":"Das Unternehmen Armanini z\u00fcchtet Forellen und Saiblinge in reinen Berggew\u00e4ssern. Mit feinem Seefisch, Gem\u00fcse und Kr\u00e4utern zubereitet, bietet dieses See-Ragout eine Geschmacksexplosion und ist eine hervorragende Alternative zu Fleischragout.","robots":{"index":"index","follow":"follow","max-snippet":"max-snippet:-1","max-image-preview":"max-image-preview:large","max-video-preview":"max-video-preview:-1"},"canonical":"https:\/\/store.agririva.it\/de\/produkte\/see-ragout-troticoltura-armanini\/","og_locale":"de_DE","og_type":"article","og_title":"See-Ragout - Troticoltura Armanini | Agraria Riva del Garda","og_description":"Das Unternehmen Armanini z\u00fcchtet Forellen und Saiblinge in reinen Berggew\u00e4ssern. Mit feinem Seefisch, Gem\u00fcse und Kr\u00e4utern zubereitet, bietet dieses See-Ragout eine Geschmacksexplosion und ist eine hervorragende Alternative zu Fleischragout.","og_url":"https:\/\/store.agririva.it\/de\/produkte\/see-ragout-troticoltura-armanini\/","og_site_name":"Store Rurale - Agraria Riva del Garda","article_modified_time":"2026-04-16T03:02:52+00:00","og_image":[{"width":1920,"height":1920,"url":"https:\/\/store.agririva.it\/wp-content\/uploads\/2023\/10\/ARMANINI_RAGu-DI-LAGO.jpg","type":"image\/jpeg"}],"twitter_card":"summary_large_image","twitter_misc":{"Gesch\u00e4tzte Lesezeit":"1\u00a0Minute"},"schema":{"@context":"https:\/\/schema.org","@graph":[{"@type":"WebPage","@id":"https:\/\/store.agririva.it\/de\/produkte\/see-ragout-troticoltura-armanini\/","url":"https:\/\/store.agririva.it\/de\/produkte\/see-ragout-troticoltura-armanini\/","name":"See-Ragout - Troticoltura Armanini | Agraria Riva del Garda","isPartOf":{"@id":"https:\/\/store.agririva.it\/de\/#website"},"primaryImageOfPage":{"@id":"https:\/\/store.agririva.it\/de\/produkte\/see-ragout-troticoltura-armanini\/#primaryimage"},"image":{"@id":"https:\/\/store.agririva.it\/de\/produkte\/see-ragout-troticoltura-armanini\/#primaryimage"},"thumbnailUrl":"https:\/\/store.agririva.it\/wp-content\/uploads\/2023\/10\/ARMANINI_RAGu-DI-LAGO.jpg","datePublished":"2023-10-16T12:37:07+00:00","dateModified":"2026-04-16T03:02:52+00:00","description":"Das Unternehmen Armanini z\u00fcchtet Forellen und Saiblinge in reinen Berggew\u00e4ssern. Mit feinem Seefisch, Gem\u00fcse und Kr\u00e4utern zubereitet, bietet dieses See-Ragout eine Geschmacksexplosion und ist eine hervorragende Alternative zu Fleischragout.","breadcrumb":{"@id":"https:\/\/store.agririva.it\/de\/produkte\/see-ragout-troticoltura-armanini\/#breadcrumb"},"inLanguage":"de","potentialAction":[{"@type":"ReadAction","target":["https:\/\/store.agririva.it\/de\/produkte\/see-ragout-troticoltura-armanini\/"]}]},{"@type":"ImageObject","inLanguage":"de","@id":"https:\/\/store.agririva.it\/de\/produkte\/see-ragout-troticoltura-armanini\/#primaryimage","url":"https:\/\/store.agririva.it\/wp-content\/uploads\/2023\/10\/ARMANINI_RAGu-DI-LAGO.jpg","contentUrl":"https:\/\/store.agririva.it\/wp-content\/uploads\/2023\/10\/ARMANINI_RAGu-DI-LAGO.jpg","width":1920,"height":1920},{"@type":"BreadcrumbList","@id":"https:\/\/store.agririva.it\/de\/produkte\/see-ragout-troticoltura-armanini\/#breadcrumb","itemListElement":[{"@type":"ListItem","position":1,"name":"Home","item":"https:\/\/store.agririva.it\/de\/"},{"@type":"ListItem","position":2,"name":"Gesch\u00e4ft","item":"https:\/\/store.agririva.it\/de\/geschaeft\/"},{"@type":"ListItem","position":3,"name":"See-Ragout &#8211; Troticoltura Armanini"}]},{"@type":"WebSite","@id":"https:\/\/store.agririva.it\/de\/#website","url":"https:\/\/store.agririva.it\/de\/","name":"Store Rurale - Agraria Riva del Garda","description":"","potentialAction":[{"@type":"SearchAction","target":{"@type":"EntryPoint","urlTemplate":"https:\/\/store.agririva.it\/de\/?s={search_term_string}"},"query-input":{"@type":"PropertyValueSpecification","valueRequired":true,"valueName":"search_term_string"}}],"inLanguage":"de"}]}},"_links":{"self":[{"href":"https:\/\/store.agririva.it\/de\/wp-json\/wp\/v2\/product\/32603","targetHints":{"allow":["GET"]}}],"collection":[{"href":"https:\/\/store.agririva.it\/de\/wp-json\/wp\/v2\/product"}],"about":[{"href":"https:\/\/store.agririva.it\/de\/wp-json\/wp\/v2\/types\/product"}],"replies":[{"embeddable":true,"href":"https:\/\/store.agririva.it\/de\/wp-json\/wp\/v2\/comments?post=32603"}],"wp:featuredmedia":[{"embeddable":true,"href":"https:\/\/store.agririva.it\/de\/wp-json\/wp\/v2\/media\/32580"}],"wp:attachment":[{"href":"https:\/\/store.agririva.it\/de\/wp-json\/wp\/v2\/media?parent=32603"}],"wp:term":[{"taxonomy":"product_brand","embeddable":true,"href":"https:\/\/store.agririva.it\/de\/wp-json\/wp\/v2\/product_brand?post=32603"},{"taxonomy":"product_cat","embeddable":true,"href":"https:\/\/store.agririva.it\/de\/wp-json\/wp\/v2\/product_cat?post=32603"},{"taxonomy":"product_tag","embeddable":true,"href":"https:\/\/store.agririva.it\/de\/wp-json\/wp\/v2\/product_tag?post=32603"}],"curies":[{"name":"wp","href":"https:\/\/api.w.org\/{rel}","templated":true}]}}