 {"id":32588,"date":"2023-11-07T14:42:06","date_gmt":"2023-10-16T11:52:59","guid":{"rendered":"https:\/\/store.agririva.it\/?post_type=product&#038;p=32588"},"modified":"2026-05-03T12:02:54","modified_gmt":"2026-05-03T10:02:54","slug":"entensose-alpe-magna","status":"publish","type":"product","link":"https:\/\/store.agririva.it\/de\/produkte\/entensose-alpe-magna\/","title":{"rendered":"Entenso\u00dfe \u2013 Alpe Magna"},"content":{"rendered":"<div><\/div>\n<div><\/div>\n<div><\/div>\n<div><\/div>\n<div><\/div>\n<div><\/div>\n<div><\/div>\n<div><\/div>\n<div><\/div>\n<div><\/div>\n<div style=\"display: none;\"><\/div>\n<div style=\"display: none;\"><\/div>\n<div style=\"display: none;\"><\/div>\n<div style=\"display: none;\"><\/div>\n<div style=\"display: none;\"><\/div>\n<div style=\"display: none;\"><\/div>\n<div style=\"display: none;\"><\/div>\n<div style=\"display: none;\"><\/div>\n<div style=\"display: none;\"><\/div>\n<div style=\"display: none;\"><\/div>\n<div style=\"display: none;\"><\/div>\n<div style=\"display: none;\"><\/div>\n<div style=\"display: none;\"><\/div>\n<div style=\"display: none;\"><\/div>\n<div style=\"display: none;\"><\/div>\n<div style=\"display: none;\"><\/div>\n<div style=\"display: none;\"><\/div>\n<div style=\"display: none;\"><\/div>\n<div style=\"display: none;\"><\/div>\n<div style=\"display: none;\"><\/div>\n<div style=\"display: none;\"><\/div>\n<div style=\"display: none;\"><\/div>\n<div style=\"display: none;\"><\/div>\n<div style=\"display: none;\"><\/div>\n<div style=\"display: none;\"><\/div>\n<div style=\"display: none;\"><\/div>\n<div style=\"display: none;\"><\/div>\n<div style=\"display: none;\"><\/div>\n<div style=\"display: none;\"><\/div>\n<div style=\"display: none;\"><\/div>\n<div style=\"display: none;\"><\/div>\n<div style=\"display: none;\"><\/div>\n<div style=\"display: none;\"><\/div>\n<div style=\"display: none;\"><\/div>\n<div style=\"display: none;\"><\/div>\n<div style=\"display: none;\"><\/div>\n<div style=\"display: none;\"><\/div>\n<div style=\"display: none;\"><\/div>\n<div style=\"display: none;\"><\/div>\n<div style=\"display: none;\"><\/div>\n<div style=\"display: none;\"><\/div>\n<div style=\"display: none;\"><\/div>\n<div style=\"display: none;\"><\/div>\n<div style=\"display: none;\"><\/div>\n<div style=\"display: none;\"><\/div>\n<div style=\"display: none;\"><\/div>\n<div style=\"display: none;\"><\/div>\n<div style=\"display: none;\"><\/div>\n<div style=\"display: none;\"><\/div>\n<div style=\"display: none;\"><\/div>\n<div style=\"display: none;\"><\/div>\n<div style=\"display: none;\"><\/div>\n<div style=\"display: none;\"><\/div>\n<div style=\"display: none;\"><\/div>\n<div style=\"display: none;\"><\/div>\n<div style=\"display: none;\"><\/div>\n<div style=\"display: none;\"><\/div>\n<div style=\"display: none;\"><\/div>\n<div style=\"display:none\"><\/div>\n","protected":false},"excerpt":{"rendered":"<p>Ein typisches Rezept der venezianischen K\u00fcche, sortenreines Fleisch und ohne Tomate, zubereitet aus den besten Entenst\u00fccken, von Hand verarbeitet und langsam gegart. Das Ergebnis wird durch einen leichten Hauch von Senf und Lorbeerbl\u00e4ttern verfeinert.<\/p>\n<p>&nbsp;<\/p>\n<p>Agraria Riva del Garda w\u00e4hlt f\u00fcr dich <strong>Alpe Magna<\/strong> aus, ein Familienunternehmen, das Trentiner und italienische Spitzengastronomie auf den Tisch bringt. Der ganze Geschmack der guten Dinge, handgemacht wie in der Vergangenheit mit Hilfe der modernsten Verarbeitungstechniken.<\/p>\n","protected":false},"featured_media":32559,"comment_status":"open","ping_status":"closed","template":"","meta":{"_acf_changed":false,"_price":"8.6","_stock":"15","_tribe_ticket_header":"","_tribe_default_ticket_provider":"","_tribe_ticket_capacity":"25","_ticket_start_date":"","_ticket_end_date":"","_tribe_ticket_show_description":"","_tribe_ticket_show_not_going":false,"_tribe_ticket_use_global_stock":"","_tribe_ticket_global_stock_level":"","_global_stock_mode":"","_global_stock_cap":"","_tribe_rsvp_for_event":"","_tribe_ticket_going_count":"","_tribe_ticket_not_going_count":"","_tribe_tickets_list":"[]","_tribe_ticket_has_attendee_info_fields":false,"_tec_slr_enabled":"","_tec_slr_layout":""},"product_brand":[],"product_cat":[191,403],"product_tag":[],"class_list":{"0":"post-32588","1":"product","2":"type-product","3":"status-publish","4":"has-post-thumbnail","6":"product_cat-typische-produkte","7":"product_cat-gewuerze-und-sossen","8":"pa_formato-190-g-de","10":"first","11":"instock","12":"taxable","13":"shipping-taxable","14":"purchasable","15":"product-type-simple"},"acf":[],"yoast_head":"<!-- This site is optimized with the Yoast SEO plugin v27.0 - https:\/\/yoast.com\/product\/yoast-seo-wordpress\/ -->\n<title>Entenso\u00dfe - Alpe Magna | Agraria Riva del Garda<\/title>\n<meta name=\"description\" content=\"Alpe Magna bringt Trentiner und italienische Spitzengastronomie auf den Tisch, handgemacht wie in alten Zeiten. Ein typisches Rezept aus dem Veneto, aus einer Fleischsorte ohne Tomaten, zubereitet aus den besten Entenst\u00fccken, angereichert mit Senf und Lorbeerbl\u00e4ttern.\" \/>\n<meta name=\"robots\" content=\"index, follow, max-snippet:-1, max-image-preview:large, max-video-preview:-1\" \/>\n<link rel=\"canonical\" href=\"https:\/\/store.agririva.it\/de\/produkte\/entensose-alpe-magna\/\" \/>\n<meta property=\"og:locale\" content=\"de_DE\" \/>\n<meta property=\"og:type\" content=\"article\" \/>\n<meta property=\"og:title\" content=\"Entenso\u00dfe - Alpe Magna | Agraria Riva del Garda\" \/>\n<meta property=\"og:description\" content=\"Alpe Magna bringt Trentiner und italienische Spitzengastronomie auf den Tisch, handgemacht wie in alten Zeiten. Ein typisches Rezept aus dem Veneto, aus einer Fleischsorte ohne Tomaten, zubereitet aus den besten Entenst\u00fccken, angereichert mit Senf und Lorbeerbl\u00e4ttern.\" \/>\n<meta property=\"og:url\" content=\"https:\/\/store.agririva.it\/de\/produkte\/entensose-alpe-magna\/\" \/>\n<meta property=\"og:site_name\" content=\"Store Rurale - Agraria Riva del Garda\" \/>\n<meta property=\"article:modified_time\" content=\"2026-05-03T10:02:54+00:00\" \/>\n<meta property=\"og:image\" content=\"https:\/\/store.agririva.it\/wp-content\/uploads\/2023\/10\/ALPE-MAGNA_purezze_ragu_anatra.jpg\" \/>\n\t<meta property=\"og:image:width\" content=\"1920\" \/>\n\t<meta property=\"og:image:height\" content=\"1920\" \/>\n\t<meta property=\"og:image:type\" content=\"image\/jpeg\" \/>\n<meta name=\"twitter:card\" content=\"summary_large_image\" \/>\n<script type=\"application\/ld+json\" class=\"yoast-schema-graph\">{\"@context\":\"https:\/\/schema.org\",\"@graph\":[{\"@type\":\"WebPage\",\"@id\":\"https:\/\/store.agririva.it\/de\/produkte\/entensose-alpe-magna\/\",\"url\":\"https:\/\/store.agririva.it\/de\/produkte\/entensose-alpe-magna\/\",\"name\":\"Entenso\u00dfe - Alpe Magna | Agraria Riva del Garda\",\"isPartOf\":{\"@id\":\"https:\/\/store.agririva.it\/de\/#website\"},\"primaryImageOfPage\":{\"@id\":\"https:\/\/store.agririva.it\/de\/produkte\/entensose-alpe-magna\/#primaryimage\"},\"image\":{\"@id\":\"https:\/\/store.agririva.it\/de\/produkte\/entensose-alpe-magna\/#primaryimage\"},\"thumbnailUrl\":\"https:\/\/store.agririva.it\/wp-content\/uploads\/2023\/10\/ALPE-MAGNA_purezze_ragu_anatra.jpg\",\"datePublished\":\"2023-10-16T11:52:59+00:00\",\"dateModified\":\"2026-05-03T10:02:54+00:00\",\"description\":\"Alpe Magna bringt Trentiner und italienische Spitzengastronomie auf den Tisch, handgemacht wie in alten Zeiten. Ein typisches Rezept aus dem Veneto, aus einer Fleischsorte ohne Tomaten, zubereitet aus den besten Entenst\u00fccken, angereichert mit Senf und Lorbeerbl\u00e4ttern.\",\"breadcrumb\":{\"@id\":\"https:\/\/store.agririva.it\/de\/produkte\/entensose-alpe-magna\/#breadcrumb\"},\"inLanguage\":\"de\",\"potentialAction\":[{\"@type\":\"ReadAction\",\"target\":[\"https:\/\/store.agririva.it\/de\/produkte\/entensose-alpe-magna\/\"]}]},{\"@type\":\"ImageObject\",\"inLanguage\":\"de\",\"@id\":\"https:\/\/store.agririva.it\/de\/produkte\/entensose-alpe-magna\/#primaryimage\",\"url\":\"https:\/\/store.agririva.it\/wp-content\/uploads\/2023\/10\/ALPE-MAGNA_purezze_ragu_anatra.jpg\",\"contentUrl\":\"https:\/\/store.agririva.it\/wp-content\/uploads\/2023\/10\/ALPE-MAGNA_purezze_ragu_anatra.jpg\",\"width\":1920,\"height\":1920},{\"@type\":\"BreadcrumbList\",\"@id\":\"https:\/\/store.agririva.it\/de\/produkte\/entensose-alpe-magna\/#breadcrumb\",\"itemListElement\":[{\"@type\":\"ListItem\",\"position\":1,\"name\":\"Home\",\"item\":\"https:\/\/store.agririva.it\/de\/\"},{\"@type\":\"ListItem\",\"position\":2,\"name\":\"Gesch\u00e4ft\",\"item\":\"https:\/\/store.agririva.it\/de\/geschaeft\/\"},{\"@type\":\"ListItem\",\"position\":3,\"name\":\"Entenso\u00dfe \u2013 Alpe Magna\"}]},{\"@type\":\"WebSite\",\"@id\":\"https:\/\/store.agririva.it\/de\/#website\",\"url\":\"https:\/\/store.agririva.it\/de\/\",\"name\":\"Store Rurale - Agraria Riva del Garda\",\"description\":\"\",\"potentialAction\":[{\"@type\":\"SearchAction\",\"target\":{\"@type\":\"EntryPoint\",\"urlTemplate\":\"https:\/\/store.agririva.it\/de\/?s={search_term_string}\"},\"query-input\":{\"@type\":\"PropertyValueSpecification\",\"valueRequired\":true,\"valueName\":\"search_term_string\"}}],\"inLanguage\":\"de\"}]}<\/script>\n<!-- \/ Yoast SEO plugin. -->","yoast_head_json":{"title":"Entenso\u00dfe - Alpe Magna | Agraria Riva del Garda","description":"Alpe Magna bringt Trentiner und italienische Spitzengastronomie auf den Tisch, handgemacht wie in alten Zeiten. Ein typisches Rezept aus dem Veneto, aus einer Fleischsorte ohne Tomaten, zubereitet aus den besten Entenst\u00fccken, angereichert mit Senf und Lorbeerbl\u00e4ttern.","robots":{"index":"index","follow":"follow","max-snippet":"max-snippet:-1","max-image-preview":"max-image-preview:large","max-video-preview":"max-video-preview:-1"},"canonical":"https:\/\/store.agririva.it\/de\/produkte\/entensose-alpe-magna\/","og_locale":"de_DE","og_type":"article","og_title":"Entenso\u00dfe - Alpe Magna | Agraria Riva del Garda","og_description":"Alpe Magna bringt Trentiner und italienische Spitzengastronomie auf den Tisch, handgemacht wie in alten Zeiten. Ein typisches Rezept aus dem Veneto, aus einer Fleischsorte ohne Tomaten, zubereitet aus den besten Entenst\u00fccken, angereichert mit Senf und Lorbeerbl\u00e4ttern.","og_url":"https:\/\/store.agririva.it\/de\/produkte\/entensose-alpe-magna\/","og_site_name":"Store Rurale - Agraria Riva del Garda","article_modified_time":"2026-05-03T10:02:54+00:00","og_image":[{"width":1920,"height":1920,"url":"https:\/\/store.agririva.it\/wp-content\/uploads\/2023\/10\/ALPE-MAGNA_purezze_ragu_anatra.jpg","type":"image\/jpeg"}],"twitter_card":"summary_large_image","schema":{"@context":"https:\/\/schema.org","@graph":[{"@type":"WebPage","@id":"https:\/\/store.agririva.it\/de\/produkte\/entensose-alpe-magna\/","url":"https:\/\/store.agririva.it\/de\/produkte\/entensose-alpe-magna\/","name":"Entenso\u00dfe - Alpe Magna | Agraria Riva del Garda","isPartOf":{"@id":"https:\/\/store.agririva.it\/de\/#website"},"primaryImageOfPage":{"@id":"https:\/\/store.agririva.it\/de\/produkte\/entensose-alpe-magna\/#primaryimage"},"image":{"@id":"https:\/\/store.agririva.it\/de\/produkte\/entensose-alpe-magna\/#primaryimage"},"thumbnailUrl":"https:\/\/store.agririva.it\/wp-content\/uploads\/2023\/10\/ALPE-MAGNA_purezze_ragu_anatra.jpg","datePublished":"2023-10-16T11:52:59+00:00","dateModified":"2026-05-03T10:02:54+00:00","description":"Alpe Magna bringt Trentiner und italienische Spitzengastronomie auf den Tisch, handgemacht wie in alten Zeiten. Ein typisches Rezept aus dem Veneto, aus einer Fleischsorte ohne Tomaten, zubereitet aus den besten Entenst\u00fccken, angereichert mit Senf und Lorbeerbl\u00e4ttern.","breadcrumb":{"@id":"https:\/\/store.agririva.it\/de\/produkte\/entensose-alpe-magna\/#breadcrumb"},"inLanguage":"de","potentialAction":[{"@type":"ReadAction","target":["https:\/\/store.agririva.it\/de\/produkte\/entensose-alpe-magna\/"]}]},{"@type":"ImageObject","inLanguage":"de","@id":"https:\/\/store.agririva.it\/de\/produkte\/entensose-alpe-magna\/#primaryimage","url":"https:\/\/store.agririva.it\/wp-content\/uploads\/2023\/10\/ALPE-MAGNA_purezze_ragu_anatra.jpg","contentUrl":"https:\/\/store.agririva.it\/wp-content\/uploads\/2023\/10\/ALPE-MAGNA_purezze_ragu_anatra.jpg","width":1920,"height":1920},{"@type":"BreadcrumbList","@id":"https:\/\/store.agririva.it\/de\/produkte\/entensose-alpe-magna\/#breadcrumb","itemListElement":[{"@type":"ListItem","position":1,"name":"Home","item":"https:\/\/store.agririva.it\/de\/"},{"@type":"ListItem","position":2,"name":"Gesch\u00e4ft","item":"https:\/\/store.agririva.it\/de\/geschaeft\/"},{"@type":"ListItem","position":3,"name":"Entenso\u00dfe \u2013 Alpe Magna"}]},{"@type":"WebSite","@id":"https:\/\/store.agririva.it\/de\/#website","url":"https:\/\/store.agririva.it\/de\/","name":"Store Rurale - Agraria Riva del Garda","description":"","potentialAction":[{"@type":"SearchAction","target":{"@type":"EntryPoint","urlTemplate":"https:\/\/store.agririva.it\/de\/?s={search_term_string}"},"query-input":{"@type":"PropertyValueSpecification","valueRequired":true,"valueName":"search_term_string"}}],"inLanguage":"de"}]}},"_links":{"self":[{"href":"https:\/\/store.agririva.it\/de\/wp-json\/wp\/v2\/product\/32588","targetHints":{"allow":["GET"]}}],"collection":[{"href":"https:\/\/store.agririva.it\/de\/wp-json\/wp\/v2\/product"}],"about":[{"href":"https:\/\/store.agririva.it\/de\/wp-json\/wp\/v2\/types\/product"}],"replies":[{"embeddable":true,"href":"https:\/\/store.agririva.it\/de\/wp-json\/wp\/v2\/comments?post=32588"}],"wp:featuredmedia":[{"embeddable":true,"href":"https:\/\/store.agririva.it\/de\/wp-json\/wp\/v2\/media\/32559"}],"wp:attachment":[{"href":"https:\/\/store.agririva.it\/de\/wp-json\/wp\/v2\/media?parent=32588"}],"wp:term":[{"taxonomy":"product_brand","embeddable":true,"href":"https:\/\/store.agririva.it\/de\/wp-json\/wp\/v2\/product_brand?post=32588"},{"taxonomy":"product_cat","embeddable":true,"href":"https:\/\/store.agririva.it\/de\/wp-json\/wp\/v2\/product_cat?post=32588"},{"taxonomy":"product_tag","embeddable":true,"href":"https:\/\/store.agririva.it\/de\/wp-json\/wp\/v2\/product_tag?post=32588"}],"curies":[{"name":"wp","href":"https:\/\/api.w.org\/{rel}","templated":true}]}}