 {"id":32549,"date":"2023-11-07T14:41:54","date_gmt":"2023-10-16T11:25:41","guid":{"rendered":"https:\/\/store.agririva.it\/?post_type=product&#038;p=32549"},"modified":"2026-04-08T14:02:24","modified_gmt":"2026-04-08T12:02:24","slug":"garten-der-dolomiten-sose-alpe-magna","status":"publish","type":"product","link":"https:\/\/store.agririva.it\/de\/produkte\/garten-der-dolomiten-sose-alpe-magna\/","title":{"rendered":"&#8222;Garten der Dolomiten\u201c So\u00dfe   \u2013 Alpe Magna"},"content":{"rendered":"<div><\/div>\n<div><\/div>\n<div><\/div>\n<div><\/div>\n<div><\/div>\n<div><\/div>\n<div><\/div>\n<div><\/div>\n<div><\/div>\n<div><\/div>\n<div style=\"display: none;\"><\/div>\n<div style=\"display: none;\"><\/div>\n<div style=\"display: none;\"><\/div>\n<div style=\"display: none;\"><\/div>\n<div style=\"display: none;\"><\/div>\n<div style=\"display: none;\"><\/div>\n<div style=\"display: none;\"><\/div>\n<div style=\"display: none;\"><\/div>\n<div style=\"display: none;\"><\/div>\n<div style=\"display: none;\"><\/div>\n<div style=\"display: none;\"><\/div>\n<div style=\"display: none;\"><\/div>\n<div style=\"display: none;\"><\/div>\n<div style=\"display: none;\"><\/div>\n<div style=\"display: none;\"><\/div>\n<div style=\"display: none;\"><\/div>\n<div style=\"display: none;\"><\/div>\n<div style=\"display: none;\"><\/div>\n<div style=\"display: none;\"><\/div>\n<div style=\"display: none;\"><\/div>\n<div style=\"display: none;\"><\/div>\n<div style=\"display: none;\"><\/div>\n<div style=\"display: none;\"><\/div>\n<div style=\"display: none;\"><\/div>\n<div style=\"display: none;\"><\/div>\n<div style=\"display: none;\"><\/div>\n<div style=\"display: none;\"><\/div>\n<div style=\"display: none;\"><\/div>\n<div style=\"display: none;\"><\/div>\n<div style=\"display: none;\"><\/div>\n<div style=\"display: none;\"><\/div>\n<div style=\"display: none;\"><\/div>\n<div style=\"display: none;\"><\/div>\n<div style=\"display: none;\"><\/div>\n<div style=\"display: none;\"><\/div>\n<div style=\"display: none;\"><\/div>\n<div style=\"display: none;\"><\/div>\n<div style=\"display: none;\"><\/div>\n<div style=\"display: none;\"><\/div>\n<div style=\"display: none;\"><\/div>\n<div style=\"display: none;\"><\/div>\n<div style=\"display: none;\"><\/div>\n<div style=\"display: none;\"><\/div>\n<div style=\"display: none;\"><\/div>\n<div style=\"display: none;\"><\/div>\n<div style=\"display: none;\"><\/div>\n<div style=\"display: none;\"><\/div>\n<div style=\"display: none;\"><\/div>\n<div style=\"display: none;\"><\/div>\n<div style=\"display: none;\"><\/div>\n<div style=\"display: none;\"><\/div>\n<div style=\"display: none;\"><\/div>\n<div style=\"display: none;\"><\/div>\n<div style=\"display: none;\"><\/div>\n<div style=\"display: none;\"><\/div>\n<div style=\"display:none\"><\/div>\n","protected":false},"excerpt":{"rendered":"<p>Eine langsam gekochte Bauernsauce, die aus frischem, handverarbeitetem Gem\u00fcse in Kombination mit den f\u00fcr die Dolomiten typischen Kr\u00e4utern hergestellt wird. Das Ergebnis ist eine s\u00fc\u00dfe, delikate und angenehme Sauce mit frischen, blumigen Noten, die sie sehr vielseitig einsetzbar macht.<\/p>\n<p>&nbsp;<\/p>\n<p>Agraria Riva del Garda w\u00e4hlt f\u00fcr dich <strong>Alpe Magna<\/strong> aus, ein Familienunternehmen, das Trentiner und italienische Spitzengastronomie auf den Tisch bringt. Der ganze Geschmack der guten Dinge, handgemacht wie in der Vergangenheit mit Hilfe der modernsten Verarbeitungstechniken.<\/p>\n","protected":false},"featured_media":32556,"comment_status":"open","ping_status":"closed","template":"","meta":{"_acf_changed":false,"_price":"6.9","_stock":"97","_tribe_ticket_header":"","_tribe_default_ticket_provider":"","_tribe_ticket_capacity":"25","_ticket_start_date":"","_ticket_end_date":"","_tribe_ticket_show_description":"","_tribe_ticket_show_not_going":false,"_tribe_ticket_use_global_stock":"","_tribe_ticket_global_stock_level":"","_global_stock_mode":"","_global_stock_cap":"","_tribe_rsvp_for_event":"","_tribe_ticket_going_count":"","_tribe_ticket_not_going_count":"","_tribe_tickets_list":"[]","_tribe_ticket_has_attendee_info_fields":false,"_tec_slr_enabled":"","_tec_slr_layout":""},"product_brand":[],"product_cat":[191,403],"product_tag":[],"class_list":{"0":"post-32549","1":"product","2":"type-product","3":"status-publish","4":"has-post-thumbnail","6":"product_cat-typische-produkte","7":"product_cat-gewuerze-und-sossen","8":"pa_formato-190-g-de","10":"first","11":"instock","12":"taxable","13":"shipping-taxable","14":"purchasable","15":"product-type-simple"},"acf":[],"yoast_head":"<!-- This site is optimized with the Yoast SEO plugin v27.0 - https:\/\/yoast.com\/product\/yoast-seo-wordpress\/ -->\n<title>&quot;Orto Delle Dolomiti&quot; So\u00dfe - Alpe Magna | Agraria Riva del Garda<\/title>\n<meta name=\"description\" content=\"Alpe Magna bringt Trentiner und italienische Spitzengastronomie auf den Tisch, handgemacht wie in alten Zeiten. Langsam gekochte Bauernsauce aus frischem Gem\u00fcse. S\u00fc\u00df, delikat und sehr vielseitig.\" \/>\n<meta name=\"robots\" content=\"index, follow, max-snippet:-1, max-image-preview:large, max-video-preview:-1\" \/>\n<link rel=\"canonical\" href=\"https:\/\/store.agririva.it\/de\/produkte\/garten-der-dolomiten-sose-alpe-magna\/\" \/>\n<meta property=\"og:locale\" content=\"de_DE\" \/>\n<meta property=\"og:type\" content=\"article\" \/>\n<meta property=\"og:title\" content=\"&quot;Orto Delle Dolomiti&quot; So\u00dfe - Alpe Magna | Agraria Riva del Garda\" \/>\n<meta property=\"og:description\" content=\"Alpe Magna bringt Trentiner und italienische Spitzengastronomie auf den Tisch, handgemacht wie in alten Zeiten. Langsam gekochte Bauernsauce aus frischem Gem\u00fcse. S\u00fc\u00df, delikat und sehr vielseitig.\" \/>\n<meta property=\"og:url\" content=\"https:\/\/store.agririva.it\/de\/produkte\/garten-der-dolomiten-sose-alpe-magna\/\" \/>\n<meta property=\"og:site_name\" content=\"Store Rurale - Agraria Riva del Garda\" \/>\n<meta property=\"article:modified_time\" content=\"2026-04-08T12:02:24+00:00\" \/>\n<meta property=\"og:image\" content=\"https:\/\/store.agririva.it\/wp-content\/uploads\/2023\/10\/ALPE-MAGNA_memorie_alpine_orto_delle_dolomiti.jpg\" \/>\n\t<meta property=\"og:image:width\" content=\"1920\" \/>\n\t<meta property=\"og:image:height\" content=\"1920\" \/>\n\t<meta property=\"og:image:type\" content=\"image\/jpeg\" \/>\n<meta name=\"twitter:card\" content=\"summary_large_image\" \/>\n<script type=\"application\/ld+json\" class=\"yoast-schema-graph\">{\"@context\":\"https:\/\/schema.org\",\"@graph\":[{\"@type\":\"WebPage\",\"@id\":\"https:\/\/store.agririva.it\/de\/produkte\/garten-der-dolomiten-sose-alpe-magna\/\",\"url\":\"https:\/\/store.agririva.it\/de\/produkte\/garten-der-dolomiten-sose-alpe-magna\/\",\"name\":\"\\\"Orto Delle Dolomiti\\\" So\u00dfe - Alpe Magna | Agraria Riva del Garda\",\"isPartOf\":{\"@id\":\"https:\/\/store.agririva.it\/de\/#website\"},\"primaryImageOfPage\":{\"@id\":\"https:\/\/store.agririva.it\/de\/produkte\/garten-der-dolomiten-sose-alpe-magna\/#primaryimage\"},\"image\":{\"@id\":\"https:\/\/store.agririva.it\/de\/produkte\/garten-der-dolomiten-sose-alpe-magna\/#primaryimage\"},\"thumbnailUrl\":\"https:\/\/store.agririva.it\/wp-content\/uploads\/2023\/10\/ALPE-MAGNA_memorie_alpine_orto_delle_dolomiti.jpg\",\"datePublished\":\"2023-10-16T11:25:41+00:00\",\"dateModified\":\"2026-04-08T12:02:24+00:00\",\"description\":\"Alpe Magna bringt Trentiner und italienische Spitzengastronomie auf den Tisch, handgemacht wie in alten Zeiten. Langsam gekochte Bauernsauce aus frischem Gem\u00fcse. S\u00fc\u00df, delikat und sehr vielseitig.\",\"breadcrumb\":{\"@id\":\"https:\/\/store.agririva.it\/de\/produkte\/garten-der-dolomiten-sose-alpe-magna\/#breadcrumb\"},\"inLanguage\":\"de\",\"potentialAction\":[{\"@type\":\"ReadAction\",\"target\":[\"https:\/\/store.agririva.it\/de\/produkte\/garten-der-dolomiten-sose-alpe-magna\/\"]}]},{\"@type\":\"ImageObject\",\"inLanguage\":\"de\",\"@id\":\"https:\/\/store.agririva.it\/de\/produkte\/garten-der-dolomiten-sose-alpe-magna\/#primaryimage\",\"url\":\"https:\/\/store.agririva.it\/wp-content\/uploads\/2023\/10\/ALPE-MAGNA_memorie_alpine_orto_delle_dolomiti.jpg\",\"contentUrl\":\"https:\/\/store.agririva.it\/wp-content\/uploads\/2023\/10\/ALPE-MAGNA_memorie_alpine_orto_delle_dolomiti.jpg\",\"width\":1920,\"height\":1920},{\"@type\":\"BreadcrumbList\",\"@id\":\"https:\/\/store.agririva.it\/de\/produkte\/garten-der-dolomiten-sose-alpe-magna\/#breadcrumb\",\"itemListElement\":[{\"@type\":\"ListItem\",\"position\":1,\"name\":\"Home\",\"item\":\"https:\/\/store.agririva.it\/de\/\"},{\"@type\":\"ListItem\",\"position\":2,\"name\":\"Gesch\u00e4ft\",\"item\":\"https:\/\/store.agririva.it\/de\/geschaeft\/\"},{\"@type\":\"ListItem\",\"position\":3,\"name\":\"&#8222;Garten der Dolomiten\u201c So\u00dfe \u2013 Alpe Magna\"}]},{\"@type\":\"WebSite\",\"@id\":\"https:\/\/store.agririva.it\/de\/#website\",\"url\":\"https:\/\/store.agririva.it\/de\/\",\"name\":\"Store Rurale - Agraria Riva del Garda\",\"description\":\"\",\"potentialAction\":[{\"@type\":\"SearchAction\",\"target\":{\"@type\":\"EntryPoint\",\"urlTemplate\":\"https:\/\/store.agririva.it\/de\/?s={search_term_string}\"},\"query-input\":{\"@type\":\"PropertyValueSpecification\",\"valueRequired\":true,\"valueName\":\"search_term_string\"}}],\"inLanguage\":\"de\"}]}<\/script>\n<!-- \/ Yoast SEO plugin. -->","yoast_head_json":{"title":"\"Orto Delle Dolomiti\" So\u00dfe - Alpe Magna | Agraria Riva del Garda","description":"Alpe Magna bringt Trentiner und italienische Spitzengastronomie auf den Tisch, handgemacht wie in alten Zeiten. Langsam gekochte Bauernsauce aus frischem Gem\u00fcse. S\u00fc\u00df, delikat und sehr vielseitig.","robots":{"index":"index","follow":"follow","max-snippet":"max-snippet:-1","max-image-preview":"max-image-preview:large","max-video-preview":"max-video-preview:-1"},"canonical":"https:\/\/store.agririva.it\/de\/produkte\/garten-der-dolomiten-sose-alpe-magna\/","og_locale":"de_DE","og_type":"article","og_title":"\"Orto Delle Dolomiti\" So\u00dfe - Alpe Magna | Agraria Riva del Garda","og_description":"Alpe Magna bringt Trentiner und italienische Spitzengastronomie auf den Tisch, handgemacht wie in alten Zeiten. Langsam gekochte Bauernsauce aus frischem Gem\u00fcse. S\u00fc\u00df, delikat und sehr vielseitig.","og_url":"https:\/\/store.agririva.it\/de\/produkte\/garten-der-dolomiten-sose-alpe-magna\/","og_site_name":"Store Rurale - Agraria Riva del Garda","article_modified_time":"2026-04-08T12:02:24+00:00","og_image":[{"width":1920,"height":1920,"url":"https:\/\/store.agririva.it\/wp-content\/uploads\/2023\/10\/ALPE-MAGNA_memorie_alpine_orto_delle_dolomiti.jpg","type":"image\/jpeg"}],"twitter_card":"summary_large_image","schema":{"@context":"https:\/\/schema.org","@graph":[{"@type":"WebPage","@id":"https:\/\/store.agririva.it\/de\/produkte\/garten-der-dolomiten-sose-alpe-magna\/","url":"https:\/\/store.agririva.it\/de\/produkte\/garten-der-dolomiten-sose-alpe-magna\/","name":"\"Orto Delle Dolomiti\" So\u00dfe - Alpe Magna | Agraria Riva del Garda","isPartOf":{"@id":"https:\/\/store.agririva.it\/de\/#website"},"primaryImageOfPage":{"@id":"https:\/\/store.agririva.it\/de\/produkte\/garten-der-dolomiten-sose-alpe-magna\/#primaryimage"},"image":{"@id":"https:\/\/store.agririva.it\/de\/produkte\/garten-der-dolomiten-sose-alpe-magna\/#primaryimage"},"thumbnailUrl":"https:\/\/store.agririva.it\/wp-content\/uploads\/2023\/10\/ALPE-MAGNA_memorie_alpine_orto_delle_dolomiti.jpg","datePublished":"2023-10-16T11:25:41+00:00","dateModified":"2026-04-08T12:02:24+00:00","description":"Alpe Magna bringt Trentiner und italienische Spitzengastronomie auf den Tisch, handgemacht wie in alten Zeiten. Langsam gekochte Bauernsauce aus frischem Gem\u00fcse. S\u00fc\u00df, delikat und sehr vielseitig.","breadcrumb":{"@id":"https:\/\/store.agririva.it\/de\/produkte\/garten-der-dolomiten-sose-alpe-magna\/#breadcrumb"},"inLanguage":"de","potentialAction":[{"@type":"ReadAction","target":["https:\/\/store.agririva.it\/de\/produkte\/garten-der-dolomiten-sose-alpe-magna\/"]}]},{"@type":"ImageObject","inLanguage":"de","@id":"https:\/\/store.agririva.it\/de\/produkte\/garten-der-dolomiten-sose-alpe-magna\/#primaryimage","url":"https:\/\/store.agririva.it\/wp-content\/uploads\/2023\/10\/ALPE-MAGNA_memorie_alpine_orto_delle_dolomiti.jpg","contentUrl":"https:\/\/store.agririva.it\/wp-content\/uploads\/2023\/10\/ALPE-MAGNA_memorie_alpine_orto_delle_dolomiti.jpg","width":1920,"height":1920},{"@type":"BreadcrumbList","@id":"https:\/\/store.agririva.it\/de\/produkte\/garten-der-dolomiten-sose-alpe-magna\/#breadcrumb","itemListElement":[{"@type":"ListItem","position":1,"name":"Home","item":"https:\/\/store.agririva.it\/de\/"},{"@type":"ListItem","position":2,"name":"Gesch\u00e4ft","item":"https:\/\/store.agririva.it\/de\/geschaeft\/"},{"@type":"ListItem","position":3,"name":"&#8222;Garten der Dolomiten\u201c So\u00dfe \u2013 Alpe Magna"}]},{"@type":"WebSite","@id":"https:\/\/store.agririva.it\/de\/#website","url":"https:\/\/store.agririva.it\/de\/","name":"Store Rurale - Agraria Riva del Garda","description":"","potentialAction":[{"@type":"SearchAction","target":{"@type":"EntryPoint","urlTemplate":"https:\/\/store.agririva.it\/de\/?s={search_term_string}"},"query-input":{"@type":"PropertyValueSpecification","valueRequired":true,"valueName":"search_term_string"}}],"inLanguage":"de"}]}},"_links":{"self":[{"href":"https:\/\/store.agririva.it\/de\/wp-json\/wp\/v2\/product\/32549","targetHints":{"allow":["GET"]}}],"collection":[{"href":"https:\/\/store.agririva.it\/de\/wp-json\/wp\/v2\/product"}],"about":[{"href":"https:\/\/store.agririva.it\/de\/wp-json\/wp\/v2\/types\/product"}],"replies":[{"embeddable":true,"href":"https:\/\/store.agririva.it\/de\/wp-json\/wp\/v2\/comments?post=32549"}],"wp:featuredmedia":[{"embeddable":true,"href":"https:\/\/store.agririva.it\/de\/wp-json\/wp\/v2\/media\/32556"}],"wp:attachment":[{"href":"https:\/\/store.agririva.it\/de\/wp-json\/wp\/v2\/media?parent=32549"}],"wp:term":[{"taxonomy":"product_brand","embeddable":true,"href":"https:\/\/store.agririva.it\/de\/wp-json\/wp\/v2\/product_brand?post=32549"},{"taxonomy":"product_cat","embeddable":true,"href":"https:\/\/store.agririva.it\/de\/wp-json\/wp\/v2\/product_cat?post=32549"},{"taxonomy":"product_tag","embeddable":true,"href":"https:\/\/store.agririva.it\/de\/wp-json\/wp\/v2\/product_tag?post=32549"}],"curies":[{"name":"wp","href":"https:\/\/api.w.org\/{rel}","templated":true}]}}