 {"id":32413,"date":"2023-11-07T14:46:30","date_gmt":"2023-10-13T16:05:14","guid":{"rendered":"https:\/\/store.agririva.it\/?post_type=product&#038;p=32413"},"modified":"2026-04-05T01:01:57","modified_gmt":"2026-04-04T23:01:57","slug":"herz-kekse-prada","status":"publish","type":"product","link":"https:\/\/store.agririva.it\/de\/produkte\/herz-kekse-prada\/","title":{"rendered":"Herz &#8211; Kekse \u2013 Prada"},"content":{"rendered":"<div><\/div>\n<div><\/div>\n<div><\/div>\n<div><\/div>\n<div><\/div>\n<div><\/div>\n<div><\/div>\n<div><\/div>\n<div><\/div>\n<div><\/div>\n<div style=\"display: none;\"><\/div>\n<div style=\"display: none;\"><\/div>\n<div style=\"display: none;\"><\/div>\n<div style=\"display: none;\"><\/div>\n<div style=\"display: none;\"><\/div>\n<div style=\"display: none;\"><\/div>\n<div style=\"display: none;\"><\/div>\n<div style=\"display: none;\"><\/div>\n<div style=\"display: none;\"><\/div>\n<div style=\"display: none;\"><\/div>\n<div style=\"display: none;\"><\/div>\n<div style=\"display: none;\"><\/div>\n<div style=\"display: none;\"><\/div>\n<div style=\"display: none;\"><\/div>\n<div style=\"display: none;\"><\/div>\n<div style=\"display: none;\"><\/div>\n<div style=\"display: none;\"><\/div>\n<div style=\"display: none;\"><\/div>\n<div style=\"display: none;\"><\/div>\n<div style=\"display: none;\"><\/div>\n<div style=\"display: none;\"><\/div>\n<div style=\"display: none;\"><\/div>\n<div style=\"display: none;\"><\/div>\n<div style=\"display: none;\"><\/div>\n<div style=\"display: none;\"><\/div>\n<div style=\"display: none;\"><\/div>\n<div style=\"display: none;\"><\/div>\n<div style=\"display: none;\"><\/div>\n<div style=\"display: none;\"><\/div>\n<div style=\"display: none;\"><\/div>\n<div style=\"display: none;\"><\/div>\n<div style=\"display: none;\"><\/div>\n<div style=\"display: none;\"><\/div>\n<div style=\"display: none;\"><\/div>\n<div style=\"display: none;\"><\/div>\n<div style=\"display: none;\"><\/div>\n<div style=\"display: none;\"><\/div>\n<div style=\"display: none;\"><\/div>\n<div style=\"display: none;\"><\/div>\n<div style=\"display: none;\"><\/div>\n<div style=\"display:none\"><\/div>\n","protected":false},"excerpt":{"rendered":"<p>\u201eHerz-Kekse\u201c sind einzigartige M\u00fcrbeteigkekse mit dem typischen hausgemachten Geschmack. Sie werden nach traditionellen Methoden hergestellt, wobei der M\u00fcrbeteig mit Bronzezylindern geformt und langsam gebacken wird.<\/p>\n<p>&nbsp;<\/p>\n<p><strong>Prada Biscotti<\/strong> ist die \u00e4lteste Keksfabrik des Trentino und wurde 1920 von Alice und Cesare Prada gegr\u00fcndet. Ihre ikonischen &#8222;Herzen&#8220; haben sich im Laufe der Zeit einen Namen gemacht und sind zu &#8222;den Keksen des Trentino&#8220; geworden, weshalb Agraria Riva del Garda sie f\u00fcr dich ausgew\u00e4hlt hat. Eine authentische Delikatesse, die f\u00fcr die Tradition und die handwerkliche Qualit\u00e4t des Trentino steht.<\/p>\n","protected":false},"featured_media":32444,"comment_status":"open","ping_status":"closed","template":"","meta":{"_acf_changed":false,"_price":"4.95","_stock":"2","_tribe_ticket_header":"","_tribe_default_ticket_provider":"","_tribe_ticket_capacity":"25","_ticket_start_date":"","_ticket_end_date":"","_tribe_ticket_show_description":"","_tribe_ticket_show_not_going":false,"_tribe_ticket_use_global_stock":"","_tribe_ticket_global_stock_level":"","_global_stock_mode":"","_global_stock_cap":"","_tribe_rsvp_for_event":"","_tribe_ticket_going_count":"","_tribe_ticket_not_going_count":"","_tribe_tickets_list":"[]","_tribe_ticket_has_attendee_info_fields":false,"_tec_slr_enabled":"","_tec_slr_layout":""},"product_brand":[],"product_cat":[191,207],"product_tag":[],"class_list":{"0":"post-32413","1":"product","2":"type-product","3":"status-publish","4":"has-post-thumbnail","6":"product_cat-typische-produkte","7":"product_cat-suesses-und-backwaren","8":"pa_formato-300-g-de","10":"first","11":"instock","12":"taxable","13":"shipping-taxable","14":"purchasable","15":"product-type-simple"},"acf":[],"yoast_head":"<!-- This site is optimized with the Yoast SEO plugin v27.0 - https:\/\/yoast.com\/product\/yoast-seo-wordpress\/ -->\n<title>Herz \u2013 Kekse Prada | Agraria Riva del Garda<\/title>\n<meta name=\"description\" content=\"Prada Biscotti ist die \u00e4lteste Keksfabrik im Trentino, die 1920 gegr\u00fcndet wurde. Die &quot;Herzen&quot; sind einzigartige M\u00fcrbeteigekse, die durch Bronzezylinder und langsames Backen hergestellt werden.\" \/>\n<meta name=\"robots\" content=\"index, follow, max-snippet:-1, max-image-preview:large, max-video-preview:-1\" \/>\n<link rel=\"canonical\" href=\"https:\/\/store.agririva.it\/de\/produkte\/herz-kekse-prada\/\" \/>\n<meta property=\"og:locale\" content=\"de_DE\" \/>\n<meta property=\"og:type\" content=\"article\" \/>\n<meta property=\"og:title\" content=\"Herz \u2013 Kekse Prada | Agraria Riva del Garda\" \/>\n<meta property=\"og:description\" content=\"Prada Biscotti ist die \u00e4lteste Keksfabrik im Trentino, die 1920 gegr\u00fcndet wurde. Die &quot;Herzen&quot; sind einzigartige M\u00fcrbeteigekse, die durch Bronzezylinder und langsames Backen hergestellt werden.\" \/>\n<meta property=\"og:url\" content=\"https:\/\/store.agririva.it\/de\/produkte\/herz-kekse-prada\/\" \/>\n<meta property=\"og:site_name\" content=\"Store Rurale - Agraria Riva del Garda\" \/>\n<meta property=\"article:modified_time\" content=\"2026-04-04T23:01:57+00:00\" \/>\n<meta property=\"og:image\" content=\"https:\/\/store.agririva.it\/wp-content\/uploads\/2023\/10\/PRADA_special-cuori-classici-300.jpg\" \/>\n\t<meta property=\"og:image:width\" content=\"1920\" \/>\n\t<meta property=\"og:image:height\" content=\"1920\" \/>\n\t<meta property=\"og:image:type\" content=\"image\/jpeg\" \/>\n<meta name=\"twitter:card\" content=\"summary_large_image\" \/>\n<script type=\"application\/ld+json\" class=\"yoast-schema-graph\">{\"@context\":\"https:\/\/schema.org\",\"@graph\":[{\"@type\":\"WebPage\",\"@id\":\"https:\/\/store.agririva.it\/de\/produkte\/herz-kekse-prada\/\",\"url\":\"https:\/\/store.agririva.it\/de\/produkte\/herz-kekse-prada\/\",\"name\":\"Herz \u2013 Kekse Prada | Agraria Riva del Garda\",\"isPartOf\":{\"@id\":\"https:\/\/store.agririva.it\/de\/#website\"},\"primaryImageOfPage\":{\"@id\":\"https:\/\/store.agririva.it\/de\/produkte\/herz-kekse-prada\/#primaryimage\"},\"image\":{\"@id\":\"https:\/\/store.agririva.it\/de\/produkte\/herz-kekse-prada\/#primaryimage\"},\"thumbnailUrl\":\"https:\/\/store.agririva.it\/wp-content\/uploads\/2023\/10\/PRADA_special-cuori-classici-300.jpg\",\"datePublished\":\"2023-10-13T16:05:14+00:00\",\"dateModified\":\"2026-04-04T23:01:57+00:00\",\"description\":\"Prada Biscotti ist die \u00e4lteste Keksfabrik im Trentino, die 1920 gegr\u00fcndet wurde. Die \\\"Herzen\\\" sind einzigartige M\u00fcrbeteigekse, die durch Bronzezylinder und langsames Backen hergestellt werden.\",\"breadcrumb\":{\"@id\":\"https:\/\/store.agririva.it\/de\/produkte\/herz-kekse-prada\/#breadcrumb\"},\"inLanguage\":\"de\",\"potentialAction\":[{\"@type\":\"ReadAction\",\"target\":[\"https:\/\/store.agririva.it\/de\/produkte\/herz-kekse-prada\/\"]}]},{\"@type\":\"ImageObject\",\"inLanguage\":\"de\",\"@id\":\"https:\/\/store.agririva.it\/de\/produkte\/herz-kekse-prada\/#primaryimage\",\"url\":\"https:\/\/store.agririva.it\/wp-content\/uploads\/2023\/10\/PRADA_special-cuori-classici-300.jpg\",\"contentUrl\":\"https:\/\/store.agririva.it\/wp-content\/uploads\/2023\/10\/PRADA_special-cuori-classici-300.jpg\",\"width\":1920,\"height\":1920},{\"@type\":\"BreadcrumbList\",\"@id\":\"https:\/\/store.agririva.it\/de\/produkte\/herz-kekse-prada\/#breadcrumb\",\"itemListElement\":[{\"@type\":\"ListItem\",\"position\":1,\"name\":\"Home\",\"item\":\"https:\/\/store.agririva.it\/de\/\"},{\"@type\":\"ListItem\",\"position\":2,\"name\":\"Gesch\u00e4ft\",\"item\":\"https:\/\/store.agririva.it\/de\/geschaeft\/\"},{\"@type\":\"ListItem\",\"position\":3,\"name\":\"Herz &#8211; Kekse \u2013 Prada\"}]},{\"@type\":\"WebSite\",\"@id\":\"https:\/\/store.agririva.it\/de\/#website\",\"url\":\"https:\/\/store.agririva.it\/de\/\",\"name\":\"Store Rurale - Agraria Riva del Garda\",\"description\":\"\",\"potentialAction\":[{\"@type\":\"SearchAction\",\"target\":{\"@type\":\"EntryPoint\",\"urlTemplate\":\"https:\/\/store.agririva.it\/de\/?s={search_term_string}\"},\"query-input\":{\"@type\":\"PropertyValueSpecification\",\"valueRequired\":true,\"valueName\":\"search_term_string\"}}],\"inLanguage\":\"de\"}]}<\/script>\n<!-- \/ Yoast SEO plugin. -->","yoast_head_json":{"title":"Herz \u2013 Kekse Prada | Agraria Riva del Garda","description":"Prada Biscotti ist die \u00e4lteste Keksfabrik im Trentino, die 1920 gegr\u00fcndet wurde. Die \"Herzen\" sind einzigartige M\u00fcrbeteigekse, die durch Bronzezylinder und langsames Backen hergestellt werden.","robots":{"index":"index","follow":"follow","max-snippet":"max-snippet:-1","max-image-preview":"max-image-preview:large","max-video-preview":"max-video-preview:-1"},"canonical":"https:\/\/store.agririva.it\/de\/produkte\/herz-kekse-prada\/","og_locale":"de_DE","og_type":"article","og_title":"Herz \u2013 Kekse Prada | Agraria Riva del Garda","og_description":"Prada Biscotti ist die \u00e4lteste Keksfabrik im Trentino, die 1920 gegr\u00fcndet wurde. Die \"Herzen\" sind einzigartige M\u00fcrbeteigekse, die durch Bronzezylinder und langsames Backen hergestellt werden.","og_url":"https:\/\/store.agririva.it\/de\/produkte\/herz-kekse-prada\/","og_site_name":"Store Rurale - Agraria Riva del Garda","article_modified_time":"2026-04-04T23:01:57+00:00","og_image":[{"width":1920,"height":1920,"url":"https:\/\/store.agririva.it\/wp-content\/uploads\/2023\/10\/PRADA_special-cuori-classici-300.jpg","type":"image\/jpeg"}],"twitter_card":"summary_large_image","schema":{"@context":"https:\/\/schema.org","@graph":[{"@type":"WebPage","@id":"https:\/\/store.agririva.it\/de\/produkte\/herz-kekse-prada\/","url":"https:\/\/store.agririva.it\/de\/produkte\/herz-kekse-prada\/","name":"Herz \u2013 Kekse Prada | Agraria Riva del Garda","isPartOf":{"@id":"https:\/\/store.agririva.it\/de\/#website"},"primaryImageOfPage":{"@id":"https:\/\/store.agririva.it\/de\/produkte\/herz-kekse-prada\/#primaryimage"},"image":{"@id":"https:\/\/store.agririva.it\/de\/produkte\/herz-kekse-prada\/#primaryimage"},"thumbnailUrl":"https:\/\/store.agririva.it\/wp-content\/uploads\/2023\/10\/PRADA_special-cuori-classici-300.jpg","datePublished":"2023-10-13T16:05:14+00:00","dateModified":"2026-04-04T23:01:57+00:00","description":"Prada Biscotti ist die \u00e4lteste Keksfabrik im Trentino, die 1920 gegr\u00fcndet wurde. Die \"Herzen\" sind einzigartige M\u00fcrbeteigekse, die durch Bronzezylinder und langsames Backen hergestellt werden.","breadcrumb":{"@id":"https:\/\/store.agririva.it\/de\/produkte\/herz-kekse-prada\/#breadcrumb"},"inLanguage":"de","potentialAction":[{"@type":"ReadAction","target":["https:\/\/store.agririva.it\/de\/produkte\/herz-kekse-prada\/"]}]},{"@type":"ImageObject","inLanguage":"de","@id":"https:\/\/store.agririva.it\/de\/produkte\/herz-kekse-prada\/#primaryimage","url":"https:\/\/store.agririva.it\/wp-content\/uploads\/2023\/10\/PRADA_special-cuori-classici-300.jpg","contentUrl":"https:\/\/store.agririva.it\/wp-content\/uploads\/2023\/10\/PRADA_special-cuori-classici-300.jpg","width":1920,"height":1920},{"@type":"BreadcrumbList","@id":"https:\/\/store.agririva.it\/de\/produkte\/herz-kekse-prada\/#breadcrumb","itemListElement":[{"@type":"ListItem","position":1,"name":"Home","item":"https:\/\/store.agririva.it\/de\/"},{"@type":"ListItem","position":2,"name":"Gesch\u00e4ft","item":"https:\/\/store.agririva.it\/de\/geschaeft\/"},{"@type":"ListItem","position":3,"name":"Herz &#8211; Kekse \u2013 Prada"}]},{"@type":"WebSite","@id":"https:\/\/store.agririva.it\/de\/#website","url":"https:\/\/store.agririva.it\/de\/","name":"Store Rurale - Agraria Riva del Garda","description":"","potentialAction":[{"@type":"SearchAction","target":{"@type":"EntryPoint","urlTemplate":"https:\/\/store.agririva.it\/de\/?s={search_term_string}"},"query-input":{"@type":"PropertyValueSpecification","valueRequired":true,"valueName":"search_term_string"}}],"inLanguage":"de"}]}},"_links":{"self":[{"href":"https:\/\/store.agririva.it\/de\/wp-json\/wp\/v2\/product\/32413","targetHints":{"allow":["GET"]}}],"collection":[{"href":"https:\/\/store.agririva.it\/de\/wp-json\/wp\/v2\/product"}],"about":[{"href":"https:\/\/store.agririva.it\/de\/wp-json\/wp\/v2\/types\/product"}],"replies":[{"embeddable":true,"href":"https:\/\/store.agririva.it\/de\/wp-json\/wp\/v2\/comments?post=32413"}],"wp:featuredmedia":[{"embeddable":true,"href":"https:\/\/store.agririva.it\/de\/wp-json\/wp\/v2\/media\/32444"}],"wp:attachment":[{"href":"https:\/\/store.agririva.it\/de\/wp-json\/wp\/v2\/media?parent=32413"}],"wp:term":[{"taxonomy":"product_brand","embeddable":true,"href":"https:\/\/store.agririva.it\/de\/wp-json\/wp\/v2\/product_brand?post=32413"},{"taxonomy":"product_cat","embeddable":true,"href":"https:\/\/store.agririva.it\/de\/wp-json\/wp\/v2\/product_cat?post=32413"},{"taxonomy":"product_tag","embeddable":true,"href":"https:\/\/store.agririva.it\/de\/wp-json\/wp\/v2\/product_tag?post=32413"}],"curies":[{"name":"wp","href":"https:\/\/api.w.org\/{rel}","templated":true}]}}