 {"id":32403,"date":"2023-11-07T14:36:06","date_gmt":"2023-10-13T15:58:42","guid":{"rendered":"https:\/\/store.agririva.it\/?post_type=product&#038;p=32403"},"modified":"2026-04-26T14:02:43","modified_gmt":"2026-04-26T12:02:43","slug":"klassischer-vialone-nano-reis-la-pila","status":"publish","type":"product","link":"https:\/\/store.agririva.it\/de\/produkte\/klassischer-vialone-nano-reis-la-pila\/","title":{"rendered":"Klassischer Vialone Nano-Reis &#8211; La Pila"},"content":{"rendered":"<div><\/div>\n<div><\/div>\n<div><\/div>\n<div><\/div>\n<div><\/div>\n<div><\/div>\n<div><\/div>\n<div><\/div>\n<div><\/div>\n<div><\/div>\n<div style=\"display: none;\"><\/div>\n<div style=\"display: none;\"><\/div>\n<div style=\"display: none;\"><\/div>\n<div style=\"display: none;\"><\/div>\n<div style=\"display: none;\"><\/div>\n<div style=\"display: none;\"><\/div>\n<div style=\"display: none;\"><\/div>\n<div style=\"display: none;\"><\/div>\n<div style=\"display: none;\"><\/div>\n<div style=\"display: none;\"><\/div>\n<div style=\"display: none;\"><\/div>\n<div style=\"display: none;\"><\/div>\n<div style=\"display: none;\"><\/div>\n<div style=\"display: none;\"><\/div>\n<div style=\"display: none;\"><\/div>\n<div style=\"display: none;\"><\/div>\n<div style=\"display: none;\"><\/div>\n<div style=\"display: none;\"><\/div>\n<div style=\"display: none;\"><\/div>\n<div style=\"display: none;\"><\/div>\n<div style=\"display: none;\"><\/div>\n<div style=\"display: none;\"><\/div>\n<div style=\"display: none;\"><\/div>\n<div style=\"display: none;\"><\/div>\n<div style=\"display: none;\"><\/div>\n<div style=\"display: none;\"><\/div>\n<div style=\"display: none;\"><\/div>\n<div style=\"display: none;\"><\/div>\n<div style=\"display: none;\"><\/div>\n<div style=\"display: none;\"><\/div>\n<div style=\"display: none;\"><\/div>\n<div style=\"display: none;\"><\/div>\n<div style=\"display: none;\"><\/div>\n<div style=\"display: none;\"><\/div>\n<div style=\"display: none;\"><\/div>\n<div style=\"display: none;\"><\/div>\n<div style=\"display: none;\"><\/div>\n<div style=\"display: none;\"><\/div>\n<div style=\"display:none\"><\/div>\n","protected":false},"excerpt":{"rendered":"<p>Die Reissorte Vialone Nano hat im Vergleich zu anderen Reissorten eine einzigartige Eigenschaft: Sie h\u00e4lt sich nicht nur gut w\u00e4hrend des Kochens, sondern hat auch ein por\u00f6ses Korn, das es erm\u00f6glicht, die Aromen der Gew\u00fcrze, mit denen sie zubereitet wird, aufzunehmen. Ideal \u00a0f\u00fcr alle Risottos, insbesondere f\u00fcr Zubereitungen mit schmackhaften Gew\u00fcrzen.<\/p>\n<p>&nbsp;<\/p>\n<p>Agraria Riva del Garda w\u00e4hlt f\u00fcr dich die <strong>Riseria La Pila<\/strong> aus, ein Unternehmen, das in einem f\u00fcr den Anbau von Vialone Nano-Reis besonders geeigneten Gebiet ans\u00e4ssig ist: Isola della Scala, in der N\u00e4he von Verona. Riseria la Pila verpflichtet sich, die R\u00fcckverfolgbarkeit des Reises von der Aussaat bis zum Verzehr zu gew\u00e4hrleisten und das Produkt in einer sch\u00fctzenden Atmosph\u00e4re zu verpacken, um seine Qualit\u00e4t und seinen N\u00e4hrwert zu erhalten.<\/p>\n","protected":false},"featured_media":32398,"comment_status":"open","ping_status":"closed","template":"","meta":{"_acf_changed":false,"_price":"5.2","_stock":"38","_tribe_ticket_header":"","_tribe_default_ticket_provider":"","_tribe_ticket_capacity":"25","_ticket_start_date":"","_ticket_end_date":"","_tribe_ticket_show_description":"","_tribe_ticket_show_not_going":false,"_tribe_ticket_use_global_stock":"","_tribe_ticket_global_stock_level":"","_global_stock_mode":"","_global_stock_cap":"","_tribe_rsvp_for_event":"","_tribe_ticket_going_count":"","_tribe_ticket_not_going_count":"","_tribe_tickets_list":"[]","_tribe_ticket_has_attendee_info_fields":false,"_tec_slr_enabled":"","_tec_slr_layout":""},"product_brand":[],"product_cat":[191,400],"product_tag":[],"class_list":{"0":"post-32403","1":"product","2":"type-product","3":"status-publish","4":"has-post-thumbnail","6":"product_cat-typische-produkte","7":"product_cat-nudel-und-reis","8":"pa_formato-1-kg-de","10":"first","11":"instock","12":"taxable","13":"shipping-taxable","14":"purchasable","15":"product-type-simple"},"acf":[],"yoast_head":"<!-- This site is optimized with the Yoast SEO plugin v27.0 - https:\/\/yoast.com\/product\/yoast-seo-wordpress\/ -->\n<title>Vialone Nano-Reis - La Pila | Agraria Riva del Garda<\/title>\n<meta name=\"description\" content=\"Riseria la Pila befindet sich in Isola della Scala (Verona), in einem Gebiet, das sich hervorragend f\u00fcr den Anbau von diesem Reis eignet. Vialone Nano zeichnet sich durch eine hohe Festigkeit beim Kochen und ein por\u00f6ses Korn aus, das es erm\u00f6glicht die Aromen der Gew\u00fcrze bestens aufzunehmen.\" \/>\n<meta name=\"robots\" content=\"index, follow, max-snippet:-1, max-image-preview:large, max-video-preview:-1\" \/>\n<link rel=\"canonical\" href=\"https:\/\/store.agririva.it\/de\/produkte\/klassischer-vialone-nano-reis-la-pila\/\" \/>\n<meta property=\"og:locale\" content=\"de_DE\" \/>\n<meta property=\"og:type\" content=\"article\" \/>\n<meta property=\"og:title\" content=\"Vialone Nano-Reis - La Pila | Agraria Riva del Garda\" \/>\n<meta property=\"og:description\" content=\"Riseria la Pila befindet sich in Isola della Scala (Verona), in einem Gebiet, das sich hervorragend f\u00fcr den Anbau von diesem Reis eignet. Vialone Nano zeichnet sich durch eine hohe Festigkeit beim Kochen und ein por\u00f6ses Korn aus, das es erm\u00f6glicht die Aromen der Gew\u00fcrze bestens aufzunehmen.\" \/>\n<meta property=\"og:url\" content=\"https:\/\/store.agririva.it\/de\/produkte\/klassischer-vialone-nano-reis-la-pila\/\" \/>\n<meta property=\"og:site_name\" content=\"Store Rurale - Agraria Riva del Garda\" \/>\n<meta property=\"article:modified_time\" content=\"2026-04-26T12:02:43+00:00\" \/>\n<meta property=\"og:image\" content=\"https:\/\/store.agririva.it\/wp-content\/uploads\/2023\/10\/LA-PILA_vo-vialone-1000.jpg\" \/>\n\t<meta property=\"og:image:width\" content=\"1920\" \/>\n\t<meta property=\"og:image:height\" content=\"1920\" \/>\n\t<meta property=\"og:image:type\" content=\"image\/jpeg\" \/>\n<meta name=\"twitter:card\" content=\"summary_large_image\" \/>\n<script type=\"application\/ld+json\" class=\"yoast-schema-graph\">{\"@context\":\"https:\/\/schema.org\",\"@graph\":[{\"@type\":\"WebPage\",\"@id\":\"https:\/\/store.agririva.it\/de\/produkte\/klassischer-vialone-nano-reis-la-pila\/\",\"url\":\"https:\/\/store.agririva.it\/de\/produkte\/klassischer-vialone-nano-reis-la-pila\/\",\"name\":\"Vialone Nano-Reis - La Pila | Agraria Riva del Garda\",\"isPartOf\":{\"@id\":\"https:\/\/store.agririva.it\/de\/#website\"},\"primaryImageOfPage\":{\"@id\":\"https:\/\/store.agririva.it\/de\/produkte\/klassischer-vialone-nano-reis-la-pila\/#primaryimage\"},\"image\":{\"@id\":\"https:\/\/store.agririva.it\/de\/produkte\/klassischer-vialone-nano-reis-la-pila\/#primaryimage\"},\"thumbnailUrl\":\"https:\/\/store.agririva.it\/wp-content\/uploads\/2023\/10\/LA-PILA_vo-vialone-1000.jpg\",\"datePublished\":\"2023-10-13T15:58:42+00:00\",\"dateModified\":\"2026-04-26T12:02:43+00:00\",\"description\":\"Riseria la Pila befindet sich in Isola della Scala (Verona), in einem Gebiet, das sich hervorragend f\u00fcr den Anbau von diesem Reis eignet. Vialone Nano zeichnet sich durch eine hohe Festigkeit beim Kochen und ein por\u00f6ses Korn aus, das es erm\u00f6glicht die Aromen der Gew\u00fcrze bestens aufzunehmen.\",\"breadcrumb\":{\"@id\":\"https:\/\/store.agririva.it\/de\/produkte\/klassischer-vialone-nano-reis-la-pila\/#breadcrumb\"},\"inLanguage\":\"de\",\"potentialAction\":[{\"@type\":\"ReadAction\",\"target\":[\"https:\/\/store.agririva.it\/de\/produkte\/klassischer-vialone-nano-reis-la-pila\/\"]}]},{\"@type\":\"ImageObject\",\"inLanguage\":\"de\",\"@id\":\"https:\/\/store.agririva.it\/de\/produkte\/klassischer-vialone-nano-reis-la-pila\/#primaryimage\",\"url\":\"https:\/\/store.agririva.it\/wp-content\/uploads\/2023\/10\/LA-PILA_vo-vialone-1000.jpg\",\"contentUrl\":\"https:\/\/store.agririva.it\/wp-content\/uploads\/2023\/10\/LA-PILA_vo-vialone-1000.jpg\",\"width\":1920,\"height\":1920},{\"@type\":\"BreadcrumbList\",\"@id\":\"https:\/\/store.agririva.it\/de\/produkte\/klassischer-vialone-nano-reis-la-pila\/#breadcrumb\",\"itemListElement\":[{\"@type\":\"ListItem\",\"position\":1,\"name\":\"Home\",\"item\":\"https:\/\/store.agririva.it\/de\/\"},{\"@type\":\"ListItem\",\"position\":2,\"name\":\"Gesch\u00e4ft\",\"item\":\"https:\/\/store.agririva.it\/de\/geschaeft\/\"},{\"@type\":\"ListItem\",\"position\":3,\"name\":\"Klassischer Vialone Nano-Reis &#8211; La Pila\"}]},{\"@type\":\"WebSite\",\"@id\":\"https:\/\/store.agririva.it\/de\/#website\",\"url\":\"https:\/\/store.agririva.it\/de\/\",\"name\":\"Store Rurale - Agraria Riva del Garda\",\"description\":\"\",\"potentialAction\":[{\"@type\":\"SearchAction\",\"target\":{\"@type\":\"EntryPoint\",\"urlTemplate\":\"https:\/\/store.agririva.it\/de\/?s={search_term_string}\"},\"query-input\":{\"@type\":\"PropertyValueSpecification\",\"valueRequired\":true,\"valueName\":\"search_term_string\"}}],\"inLanguage\":\"de\"}]}<\/script>\n<!-- \/ Yoast SEO plugin. -->","yoast_head_json":{"title":"Vialone Nano-Reis - La Pila | Agraria Riva del Garda","description":"Riseria la Pila befindet sich in Isola della Scala (Verona), in einem Gebiet, das sich hervorragend f\u00fcr den Anbau von diesem Reis eignet. Vialone Nano zeichnet sich durch eine hohe Festigkeit beim Kochen und ein por\u00f6ses Korn aus, das es erm\u00f6glicht die Aromen der Gew\u00fcrze bestens aufzunehmen.","robots":{"index":"index","follow":"follow","max-snippet":"max-snippet:-1","max-image-preview":"max-image-preview:large","max-video-preview":"max-video-preview:-1"},"canonical":"https:\/\/store.agririva.it\/de\/produkte\/klassischer-vialone-nano-reis-la-pila\/","og_locale":"de_DE","og_type":"article","og_title":"Vialone Nano-Reis - La Pila | Agraria Riva del Garda","og_description":"Riseria la Pila befindet sich in Isola della Scala (Verona), in einem Gebiet, das sich hervorragend f\u00fcr den Anbau von diesem Reis eignet. Vialone Nano zeichnet sich durch eine hohe Festigkeit beim Kochen und ein por\u00f6ses Korn aus, das es erm\u00f6glicht die Aromen der Gew\u00fcrze bestens aufzunehmen.","og_url":"https:\/\/store.agririva.it\/de\/produkte\/klassischer-vialone-nano-reis-la-pila\/","og_site_name":"Store Rurale - Agraria Riva del Garda","article_modified_time":"2026-04-26T12:02:43+00:00","og_image":[{"width":1920,"height":1920,"url":"https:\/\/store.agririva.it\/wp-content\/uploads\/2023\/10\/LA-PILA_vo-vialone-1000.jpg","type":"image\/jpeg"}],"twitter_card":"summary_large_image","schema":{"@context":"https:\/\/schema.org","@graph":[{"@type":"WebPage","@id":"https:\/\/store.agririva.it\/de\/produkte\/klassischer-vialone-nano-reis-la-pila\/","url":"https:\/\/store.agririva.it\/de\/produkte\/klassischer-vialone-nano-reis-la-pila\/","name":"Vialone Nano-Reis - La Pila | Agraria Riva del Garda","isPartOf":{"@id":"https:\/\/store.agririva.it\/de\/#website"},"primaryImageOfPage":{"@id":"https:\/\/store.agririva.it\/de\/produkte\/klassischer-vialone-nano-reis-la-pila\/#primaryimage"},"image":{"@id":"https:\/\/store.agririva.it\/de\/produkte\/klassischer-vialone-nano-reis-la-pila\/#primaryimage"},"thumbnailUrl":"https:\/\/store.agririva.it\/wp-content\/uploads\/2023\/10\/LA-PILA_vo-vialone-1000.jpg","datePublished":"2023-10-13T15:58:42+00:00","dateModified":"2026-04-26T12:02:43+00:00","description":"Riseria la Pila befindet sich in Isola della Scala (Verona), in einem Gebiet, das sich hervorragend f\u00fcr den Anbau von diesem Reis eignet. Vialone Nano zeichnet sich durch eine hohe Festigkeit beim Kochen und ein por\u00f6ses Korn aus, das es erm\u00f6glicht die Aromen der Gew\u00fcrze bestens aufzunehmen.","breadcrumb":{"@id":"https:\/\/store.agririva.it\/de\/produkte\/klassischer-vialone-nano-reis-la-pila\/#breadcrumb"},"inLanguage":"de","potentialAction":[{"@type":"ReadAction","target":["https:\/\/store.agririva.it\/de\/produkte\/klassischer-vialone-nano-reis-la-pila\/"]}]},{"@type":"ImageObject","inLanguage":"de","@id":"https:\/\/store.agririva.it\/de\/produkte\/klassischer-vialone-nano-reis-la-pila\/#primaryimage","url":"https:\/\/store.agririva.it\/wp-content\/uploads\/2023\/10\/LA-PILA_vo-vialone-1000.jpg","contentUrl":"https:\/\/store.agririva.it\/wp-content\/uploads\/2023\/10\/LA-PILA_vo-vialone-1000.jpg","width":1920,"height":1920},{"@type":"BreadcrumbList","@id":"https:\/\/store.agririva.it\/de\/produkte\/klassischer-vialone-nano-reis-la-pila\/#breadcrumb","itemListElement":[{"@type":"ListItem","position":1,"name":"Home","item":"https:\/\/store.agririva.it\/de\/"},{"@type":"ListItem","position":2,"name":"Gesch\u00e4ft","item":"https:\/\/store.agririva.it\/de\/geschaeft\/"},{"@type":"ListItem","position":3,"name":"Klassischer Vialone Nano-Reis &#8211; La Pila"}]},{"@type":"WebSite","@id":"https:\/\/store.agririva.it\/de\/#website","url":"https:\/\/store.agririva.it\/de\/","name":"Store Rurale - Agraria Riva del Garda","description":"","potentialAction":[{"@type":"SearchAction","target":{"@type":"EntryPoint","urlTemplate":"https:\/\/store.agririva.it\/de\/?s={search_term_string}"},"query-input":{"@type":"PropertyValueSpecification","valueRequired":true,"valueName":"search_term_string"}}],"inLanguage":"de"}]}},"_links":{"self":[{"href":"https:\/\/store.agririva.it\/de\/wp-json\/wp\/v2\/product\/32403","targetHints":{"allow":["GET"]}}],"collection":[{"href":"https:\/\/store.agririva.it\/de\/wp-json\/wp\/v2\/product"}],"about":[{"href":"https:\/\/store.agririva.it\/de\/wp-json\/wp\/v2\/types\/product"}],"replies":[{"embeddable":true,"href":"https:\/\/store.agririva.it\/de\/wp-json\/wp\/v2\/comments?post=32403"}],"wp:featuredmedia":[{"embeddable":true,"href":"https:\/\/store.agririva.it\/de\/wp-json\/wp\/v2\/media\/32398"}],"wp:attachment":[{"href":"https:\/\/store.agririva.it\/de\/wp-json\/wp\/v2\/media?parent=32403"}],"wp:term":[{"taxonomy":"product_brand","embeddable":true,"href":"https:\/\/store.agririva.it\/de\/wp-json\/wp\/v2\/product_brand?post=32403"},{"taxonomy":"product_cat","embeddable":true,"href":"https:\/\/store.agririva.it\/de\/wp-json\/wp\/v2\/product_cat?post=32403"},{"taxonomy":"product_tag","embeddable":true,"href":"https:\/\/store.agririva.it\/de\/wp-json\/wp\/v2\/product_tag?post=32403"}],"curies":[{"name":"wp","href":"https:\/\/api.w.org\/{rel}","templated":true}]}}