 {"id":32394,"date":"2023-11-07T14:36:02","date_gmt":"2023-10-13T15:50:04","guid":{"rendered":"https:\/\/store.agririva.it\/?post_type=product&#038;p=32394"},"modified":"2026-04-22T13:02:13","modified_gmt":"2026-04-22T11:02:13","slug":"arborio-reis-principato-di-lucedio","status":"publish","type":"product","link":"https:\/\/store.agririva.it\/de\/produkte\/arborio-reis-principato-di-lucedio\/","title":{"rendered":"Arborio-Reis \u2013 Principato di Lucedio"},"content":{"rendered":"<div><\/div>\n<div><\/div>\n<div><\/div>\n<div><\/div>\n<div><\/div>\n<div><\/div>\n<div><\/div>\n<div><\/div>\n<div><\/div>\n<div><\/div>\n<div style=\"display: none;\"><\/div>\n<div style=\"display: none;\"><\/div>\n<div style=\"display: none;\"><\/div>\n<div style=\"display: none;\"><\/div>\n<div style=\"display: none;\"><\/div>\n<div style=\"display: none;\"><\/div>\n<div style=\"display: none;\"><\/div>\n<div style=\"display: none;\"><\/div>\n<div style=\"display: none;\"><\/div>\n<div style=\"display: none;\"><\/div>\n<div style=\"display: none;\"><\/div>\n<div style=\"display: none;\"><\/div>\n<div style=\"display: none;\"><\/div>\n<div style=\"display: none;\"><\/div>\n<div style=\"display: none;\"><\/div>\n<div style=\"display: none;\"><\/div>\n<div style=\"display: none;\"><\/div>\n<div style=\"display: none;\"><\/div>\n<div style=\"display: none;\"><\/div>\n<div style=\"display: none;\"><\/div>\n<div style=\"display: none;\"><\/div>\n<div style=\"display: none;\"><\/div>\n<div style=\"display: none;\"><\/div>\n<div style=\"display: none;\"><\/div>\n<div style=\"display: none;\"><\/div>\n<div style=\"display: none;\"><\/div>\n<div style=\"display: none;\"><\/div>\n<div style=\"display: none;\"><\/div>\n<div style=\"display: none;\"><\/div>\n<div style=\"display: none;\"><\/div>\n<div style=\"display: none;\"><\/div>\n<div style=\"display: none;\"><\/div>\n<div style=\"display: none;\"><\/div>\n<div style=\"display: none;\"><\/div>\n<div style=\"display: none;\"><\/div>\n<div style=\"display: none;\"><\/div>\n<div style=\"display: none;\"><\/div>\n<div style=\"display: none;\"><\/div>\n<div style=\"display:none\"><\/div>\n","protected":false},"excerpt":{"rendered":"<p>Arborio-Reis ist eine Reissorte, die dem Carnaroli den Rang abl\u00e4uft. Er hat ein gro\u00dfes Korn und eine gute Kochfestigkeit, weshalb er sich sehr gut f\u00fcr die Zubereitung von Risottos, Suppen, Salaten und Timbales eignet.<\/p>\n<p>&nbsp;<\/p>\n<p>Der landwirtschaftliche Betrieb <strong>Principato di Lucedio<\/strong> blickt auf eine jahrhundertealte Geschichte in einer der bekanntesten Reisanbauregionen Italiens, dem Piemont, zur\u00fcck. Agraria Riva del Garda hat ihn f\u00fcr dich ausgew\u00e4hlt, weil die klimatischen Bedingungen und die n\u00e4hrstoffreichen B\u00f6den der Region zu einem idealen Umfeld f\u00fcr den Reisanbau beitragen.<\/p>\n","protected":false},"featured_media":32401,"comment_status":"open","ping_status":"closed","template":"","meta":{"_acf_changed":false,"_price":"6","_stock":"28","_tribe_ticket_header":"","_tribe_default_ticket_provider":"","_tribe_ticket_capacity":"25","_ticket_start_date":"","_ticket_end_date":"","_tribe_ticket_show_description":"","_tribe_ticket_show_not_going":false,"_tribe_ticket_use_global_stock":"","_tribe_ticket_global_stock_level":"","_global_stock_mode":"","_global_stock_cap":"","_tribe_rsvp_for_event":"","_tribe_ticket_going_count":"","_tribe_ticket_not_going_count":"","_tribe_tickets_list":"[]","_tribe_ticket_has_attendee_info_fields":false,"_tec_slr_enabled":"","_tec_slr_layout":""},"product_brand":[],"product_cat":[191,400],"product_tag":[],"class_list":{"0":"post-32394","1":"product","2":"type-product","3":"status-publish","4":"has-post-thumbnail","6":"product_cat-typische-produkte","7":"product_cat-nudel-und-reis","8":"pa_formato-1-kg-de","10":"first","11":"instock","12":"taxable","13":"shipping-taxable","14":"purchasable","15":"product-type-simple"},"acf":[],"yoast_head":"<!-- This site is optimized with the Yoast SEO plugin v27.0 - https:\/\/yoast.com\/product\/yoast-seo-wordpress\/ -->\n<title>Arborio-Reis - Principato di Lucedio | Agraria Riva del Garda<\/title>\n<meta name=\"description\" content=\"Der Betrieb Principato in Lucedio (Vercelli) blickt auf eine Geschichte von neun Jahrhunderten zur\u00fcck. Arborio-Reis hat ein gro\u00dfes Korn und eine gute Kochfestigkeit, weshalb er sich sehr gut f\u00fcr die Zubereitung von Risottos, Suppen, Salaten und Timbales eignet.\" \/>\n<meta name=\"robots\" content=\"index, follow, max-snippet:-1, max-image-preview:large, max-video-preview:-1\" \/>\n<link rel=\"canonical\" href=\"https:\/\/store.agririva.it\/de\/produkte\/arborio-reis-principato-di-lucedio\/\" \/>\n<meta property=\"og:locale\" content=\"de_DE\" \/>\n<meta property=\"og:type\" content=\"article\" \/>\n<meta property=\"og:title\" content=\"Arborio-Reis - Principato di Lucedio | Agraria Riva del Garda\" \/>\n<meta property=\"og:description\" content=\"Der Betrieb Principato in Lucedio (Vercelli) blickt auf eine Geschichte von neun Jahrhunderten zur\u00fcck. Arborio-Reis hat ein gro\u00dfes Korn und eine gute Kochfestigkeit, weshalb er sich sehr gut f\u00fcr die Zubereitung von Risottos, Suppen, Salaten und Timbales eignet.\" \/>\n<meta property=\"og:url\" content=\"https:\/\/store.agririva.it\/de\/produkte\/arborio-reis-principato-di-lucedio\/\" \/>\n<meta property=\"og:site_name\" content=\"Store Rurale - Agraria Riva del Garda\" \/>\n<meta property=\"article:modified_time\" content=\"2026-04-22T11:02:13+00:00\" \/>\n<meta property=\"og:image\" content=\"https:\/\/store.agririva.it\/wp-content\/uploads\/2023\/10\/LUCEDIO_Riso-Arborio-500-g-1-kg-5-kg.jpg\" \/>\n\t<meta property=\"og:image:width\" content=\"1920\" \/>\n\t<meta property=\"og:image:height\" content=\"1920\" \/>\n\t<meta property=\"og:image:type\" content=\"image\/jpeg\" \/>\n<meta name=\"twitter:card\" content=\"summary_large_image\" \/>\n<script type=\"application\/ld+json\" class=\"yoast-schema-graph\">{\"@context\":\"https:\/\/schema.org\",\"@graph\":[{\"@type\":\"WebPage\",\"@id\":\"https:\/\/store.agririva.it\/de\/produkte\/arborio-reis-principato-di-lucedio\/\",\"url\":\"https:\/\/store.agririva.it\/de\/produkte\/arborio-reis-principato-di-lucedio\/\",\"name\":\"Arborio-Reis - Principato di Lucedio | Agraria Riva del Garda\",\"isPartOf\":{\"@id\":\"https:\/\/store.agririva.it\/de\/#website\"},\"primaryImageOfPage\":{\"@id\":\"https:\/\/store.agririva.it\/de\/produkte\/arborio-reis-principato-di-lucedio\/#primaryimage\"},\"image\":{\"@id\":\"https:\/\/store.agririva.it\/de\/produkte\/arborio-reis-principato-di-lucedio\/#primaryimage\"},\"thumbnailUrl\":\"https:\/\/store.agririva.it\/wp-content\/uploads\/2023\/10\/LUCEDIO_Riso-Arborio-500-g-1-kg-5-kg.jpg\",\"datePublished\":\"2023-10-13T15:50:04+00:00\",\"dateModified\":\"2026-04-22T11:02:13+00:00\",\"description\":\"Der Betrieb Principato in Lucedio (Vercelli) blickt auf eine Geschichte von neun Jahrhunderten zur\u00fcck. Arborio-Reis hat ein gro\u00dfes Korn und eine gute Kochfestigkeit, weshalb er sich sehr gut f\u00fcr die Zubereitung von Risottos, Suppen, Salaten und Timbales eignet.\",\"breadcrumb\":{\"@id\":\"https:\/\/store.agririva.it\/de\/produkte\/arborio-reis-principato-di-lucedio\/#breadcrumb\"},\"inLanguage\":\"de\",\"potentialAction\":[{\"@type\":\"ReadAction\",\"target\":[\"https:\/\/store.agririva.it\/de\/produkte\/arborio-reis-principato-di-lucedio\/\"]}]},{\"@type\":\"ImageObject\",\"inLanguage\":\"de\",\"@id\":\"https:\/\/store.agririva.it\/de\/produkte\/arborio-reis-principato-di-lucedio\/#primaryimage\",\"url\":\"https:\/\/store.agririva.it\/wp-content\/uploads\/2023\/10\/LUCEDIO_Riso-Arborio-500-g-1-kg-5-kg.jpg\",\"contentUrl\":\"https:\/\/store.agririva.it\/wp-content\/uploads\/2023\/10\/LUCEDIO_Riso-Arborio-500-g-1-kg-5-kg.jpg\",\"width\":1920,\"height\":1920},{\"@type\":\"BreadcrumbList\",\"@id\":\"https:\/\/store.agririva.it\/de\/produkte\/arborio-reis-principato-di-lucedio\/#breadcrumb\",\"itemListElement\":[{\"@type\":\"ListItem\",\"position\":1,\"name\":\"Home\",\"item\":\"https:\/\/store.agririva.it\/de\/\"},{\"@type\":\"ListItem\",\"position\":2,\"name\":\"Gesch\u00e4ft\",\"item\":\"https:\/\/store.agririva.it\/de\/geschaeft\/\"},{\"@type\":\"ListItem\",\"position\":3,\"name\":\"Arborio-Reis \u2013 Principato di Lucedio\"}]},{\"@type\":\"WebSite\",\"@id\":\"https:\/\/store.agririva.it\/de\/#website\",\"url\":\"https:\/\/store.agririva.it\/de\/\",\"name\":\"Store Rurale - Agraria Riva del Garda\",\"description\":\"\",\"potentialAction\":[{\"@type\":\"SearchAction\",\"target\":{\"@type\":\"EntryPoint\",\"urlTemplate\":\"https:\/\/store.agririva.it\/de\/?s={search_term_string}\"},\"query-input\":{\"@type\":\"PropertyValueSpecification\",\"valueRequired\":true,\"valueName\":\"search_term_string\"}}],\"inLanguage\":\"de\"}]}<\/script>\n<!-- \/ Yoast SEO plugin. -->","yoast_head_json":{"title":"Arborio-Reis - Principato di Lucedio | Agraria Riva del Garda","description":"Der Betrieb Principato in Lucedio (Vercelli) blickt auf eine Geschichte von neun Jahrhunderten zur\u00fcck. Arborio-Reis hat ein gro\u00dfes Korn und eine gute Kochfestigkeit, weshalb er sich sehr gut f\u00fcr die Zubereitung von Risottos, Suppen, Salaten und Timbales eignet.","robots":{"index":"index","follow":"follow","max-snippet":"max-snippet:-1","max-image-preview":"max-image-preview:large","max-video-preview":"max-video-preview:-1"},"canonical":"https:\/\/store.agririva.it\/de\/produkte\/arborio-reis-principato-di-lucedio\/","og_locale":"de_DE","og_type":"article","og_title":"Arborio-Reis - Principato di Lucedio | Agraria Riva del Garda","og_description":"Der Betrieb Principato in Lucedio (Vercelli) blickt auf eine Geschichte von neun Jahrhunderten zur\u00fcck. Arborio-Reis hat ein gro\u00dfes Korn und eine gute Kochfestigkeit, weshalb er sich sehr gut f\u00fcr die Zubereitung von Risottos, Suppen, Salaten und Timbales eignet.","og_url":"https:\/\/store.agririva.it\/de\/produkte\/arborio-reis-principato-di-lucedio\/","og_site_name":"Store Rurale - Agraria Riva del Garda","article_modified_time":"2026-04-22T11:02:13+00:00","og_image":[{"width":1920,"height":1920,"url":"https:\/\/store.agririva.it\/wp-content\/uploads\/2023\/10\/LUCEDIO_Riso-Arborio-500-g-1-kg-5-kg.jpg","type":"image\/jpeg"}],"twitter_card":"summary_large_image","schema":{"@context":"https:\/\/schema.org","@graph":[{"@type":"WebPage","@id":"https:\/\/store.agririva.it\/de\/produkte\/arborio-reis-principato-di-lucedio\/","url":"https:\/\/store.agririva.it\/de\/produkte\/arborio-reis-principato-di-lucedio\/","name":"Arborio-Reis - Principato di Lucedio | Agraria Riva del Garda","isPartOf":{"@id":"https:\/\/store.agririva.it\/de\/#website"},"primaryImageOfPage":{"@id":"https:\/\/store.agririva.it\/de\/produkte\/arborio-reis-principato-di-lucedio\/#primaryimage"},"image":{"@id":"https:\/\/store.agririva.it\/de\/produkte\/arborio-reis-principato-di-lucedio\/#primaryimage"},"thumbnailUrl":"https:\/\/store.agririva.it\/wp-content\/uploads\/2023\/10\/LUCEDIO_Riso-Arborio-500-g-1-kg-5-kg.jpg","datePublished":"2023-10-13T15:50:04+00:00","dateModified":"2026-04-22T11:02:13+00:00","description":"Der Betrieb Principato in Lucedio (Vercelli) blickt auf eine Geschichte von neun Jahrhunderten zur\u00fcck. Arborio-Reis hat ein gro\u00dfes Korn und eine gute Kochfestigkeit, weshalb er sich sehr gut f\u00fcr die Zubereitung von Risottos, Suppen, Salaten und Timbales eignet.","breadcrumb":{"@id":"https:\/\/store.agririva.it\/de\/produkte\/arborio-reis-principato-di-lucedio\/#breadcrumb"},"inLanguage":"de","potentialAction":[{"@type":"ReadAction","target":["https:\/\/store.agririva.it\/de\/produkte\/arborio-reis-principato-di-lucedio\/"]}]},{"@type":"ImageObject","inLanguage":"de","@id":"https:\/\/store.agririva.it\/de\/produkte\/arborio-reis-principato-di-lucedio\/#primaryimage","url":"https:\/\/store.agririva.it\/wp-content\/uploads\/2023\/10\/LUCEDIO_Riso-Arborio-500-g-1-kg-5-kg.jpg","contentUrl":"https:\/\/store.agririva.it\/wp-content\/uploads\/2023\/10\/LUCEDIO_Riso-Arborio-500-g-1-kg-5-kg.jpg","width":1920,"height":1920},{"@type":"BreadcrumbList","@id":"https:\/\/store.agririva.it\/de\/produkte\/arborio-reis-principato-di-lucedio\/#breadcrumb","itemListElement":[{"@type":"ListItem","position":1,"name":"Home","item":"https:\/\/store.agririva.it\/de\/"},{"@type":"ListItem","position":2,"name":"Gesch\u00e4ft","item":"https:\/\/store.agririva.it\/de\/geschaeft\/"},{"@type":"ListItem","position":3,"name":"Arborio-Reis \u2013 Principato di Lucedio"}]},{"@type":"WebSite","@id":"https:\/\/store.agririva.it\/de\/#website","url":"https:\/\/store.agririva.it\/de\/","name":"Store Rurale - Agraria Riva del Garda","description":"","potentialAction":[{"@type":"SearchAction","target":{"@type":"EntryPoint","urlTemplate":"https:\/\/store.agririva.it\/de\/?s={search_term_string}"},"query-input":{"@type":"PropertyValueSpecification","valueRequired":true,"valueName":"search_term_string"}}],"inLanguage":"de"}]}},"_links":{"self":[{"href":"https:\/\/store.agririva.it\/de\/wp-json\/wp\/v2\/product\/32394","targetHints":{"allow":["GET"]}}],"collection":[{"href":"https:\/\/store.agririva.it\/de\/wp-json\/wp\/v2\/product"}],"about":[{"href":"https:\/\/store.agririva.it\/de\/wp-json\/wp\/v2\/types\/product"}],"replies":[{"embeddable":true,"href":"https:\/\/store.agririva.it\/de\/wp-json\/wp\/v2\/comments?post=32394"}],"wp:featuredmedia":[{"embeddable":true,"href":"https:\/\/store.agririva.it\/de\/wp-json\/wp\/v2\/media\/32401"}],"wp:attachment":[{"href":"https:\/\/store.agririva.it\/de\/wp-json\/wp\/v2\/media?parent=32394"}],"wp:term":[{"taxonomy":"product_brand","embeddable":true,"href":"https:\/\/store.agririva.it\/de\/wp-json\/wp\/v2\/product_brand?post=32394"},{"taxonomy":"product_cat","embeddable":true,"href":"https:\/\/store.agririva.it\/de\/wp-json\/wp\/v2\/product_cat?post=32394"},{"taxonomy":"product_tag","embeddable":true,"href":"https:\/\/store.agririva.it\/de\/wp-json\/wp\/v2\/product_tag?post=32394"}],"curies":[{"name":"wp","href":"https:\/\/api.w.org\/{rel}","templated":true}]}}