 {"id":32382,"date":"2023-11-07T14:35:55","date_gmt":"2023-10-13T15:35:12","guid":{"rendered":"https:\/\/store.agririva.it\/?post_type=product&#038;p=32382"},"modified":"2026-04-05T11:02:18","modified_gmt":"2026-04-05T09:02:18","slug":"carnaroli-reis-acquerello","status":"publish","type":"product","link":"https:\/\/store.agririva.it\/de\/produkte\/carnaroli-reis-acquerello\/","title":{"rendered":"Carnaroli-Reis &#8211; Acquerello"},"content":{"rendered":"<div><\/div>\n<div><\/div>\n<div><\/div>\n<div><\/div>\n<div><\/div>\n<div><\/div>\n<div><\/div>\n<div><\/div>\n<div><\/div>\n<div><\/div>\n<div style=\"display: none;\"><\/div>\n<div style=\"display: none;\"><\/div>\n<div style=\"display: none;\"><\/div>\n<div style=\"display: none;\"><\/div>\n<div style=\"display: none;\"><\/div>\n<div style=\"display: none;\"><\/div>\n<div style=\"display: none;\"><\/div>\n<div style=\"display: none;\"><\/div>\n<div style=\"display: none;\"><\/div>\n<div style=\"display: none;\"><\/div>\n<div style=\"display: none;\"><\/div>\n<div style=\"display: none;\"><\/div>\n<div style=\"display: none;\"><\/div>\n<div style=\"display: none;\"><\/div>\n<div style=\"display: none;\"><\/div>\n<div style=\"display: none;\"><\/div>\n<div style=\"display: none;\"><\/div>\n<div style=\"display: none;\"><\/div>\n<div style=\"display: none;\"><\/div>\n<div style=\"display: none;\"><\/div>\n<div style=\"display: none;\"><\/div>\n<div style=\"display: none;\"><\/div>\n<div style=\"display: none;\"><\/div>\n<div style=\"display: none;\"><\/div>\n<div style=\"display: none;\"><\/div>\n<div style=\"display: none;\"><\/div>\n<div style=\"display: none;\"><\/div>\n<div style=\"display: none;\"><\/div>\n<div style=\"display: none;\"><\/div>\n<div style=\"display: none;\"><\/div>\n<div style=\"display: none;\"><\/div>\n<div style=\"display: none;\"><\/div>\n<div style=\"display: none;\"><\/div>\n<div style=\"display: none;\"><\/div>\n<div style=\"display: none;\"><\/div>\n<div style=\"display:none\"><\/div>\n","protected":false},"excerpt":{"rendered":"<p><strong>Acquerello<\/strong> ist ein superfeiner Carnaroli-Reis mit einzigartigen Eigenschaften, der als eine der besten italienischen Reissorten gilt. Er wird in einem sehr schonenden Verfahren geschliffen, damit alle K\u00f6rner intakt bleiben. Die St\u00e4rke wird durch eine Reifezeit von mindestens einem Jahr stabil gehalten. Au\u00dferdem wird durch ein patentiertes Verfahren die Knospe wieder in das Korn aufgenommen, wobei die wertvollen N\u00e4hrwerte von braunem Reis erhalten bleiben.<\/p>\n","protected":false},"featured_media":32386,"comment_status":"open","ping_status":"closed","template":"","meta":{"_acf_changed":false,"_price":"13","_stock":"61","_tribe_ticket_header":"","_tribe_default_ticket_provider":"","_tribe_ticket_capacity":"25","_ticket_start_date":"","_ticket_end_date":"","_tribe_ticket_show_description":"","_tribe_ticket_show_not_going":false,"_tribe_ticket_use_global_stock":"","_tribe_ticket_global_stock_level":"","_global_stock_mode":"","_global_stock_cap":"","_tribe_rsvp_for_event":"","_tribe_ticket_going_count":"","_tribe_ticket_not_going_count":"","_tribe_tickets_list":"[]","_tribe_ticket_has_attendee_info_fields":false,"_tec_slr_enabled":"","_tec_slr_layout":""},"product_brand":[],"product_cat":[191,400],"product_tag":[],"class_list":{"0":"post-32382","1":"product","2":"type-product","3":"status-publish","4":"has-post-thumbnail","6":"product_cat-typische-produkte","7":"product_cat-nudel-und-reis","8":"pa_formato-1-kg-de","10":"first","11":"instock","12":"taxable","13":"shipping-taxable","14":"purchasable","15":"product-type-simple"},"acf":[],"yoast_head":"<!-- This site is optimized with the Yoast SEO plugin v27.0 - https:\/\/yoast.com\/product\/yoast-seo-wordpress\/ -->\n<title>Carnaroli-Reis 1 kg - Acquerello | Agraria Riva del Garda<\/title>\n<meta name=\"description\" content=\"Acquerello wird im Herzen der Provinz Vercelli auf einem Landgut mit \u00fcber 500-j\u00e4hriger Geschichte angebaut und ist ein mindestens ein Jahr gereifter Carnaroli Superfino-Reis mit stabilem St\u00e4rkegehalt und den N\u00e4hrwerten von Vollkornreis.\" \/>\n<meta name=\"robots\" content=\"index, follow, max-snippet:-1, max-image-preview:large, max-video-preview:-1\" \/>\n<link rel=\"canonical\" href=\"https:\/\/store.agririva.it\/de\/produkte\/carnaroli-reis-acquerello\/\" \/>\n<meta property=\"og:locale\" content=\"de_DE\" \/>\n<meta property=\"og:type\" content=\"article\" \/>\n<meta property=\"og:title\" content=\"Carnaroli-Reis 1 kg - Acquerello | Agraria Riva del Garda\" \/>\n<meta property=\"og:description\" content=\"Acquerello wird im Herzen der Provinz Vercelli auf einem Landgut mit \u00fcber 500-j\u00e4hriger Geschichte angebaut und ist ein mindestens ein Jahr gereifter Carnaroli Superfino-Reis mit stabilem St\u00e4rkegehalt und den N\u00e4hrwerten von Vollkornreis.\" \/>\n<meta property=\"og:url\" content=\"https:\/\/store.agririva.it\/de\/produkte\/carnaroli-reis-acquerello\/\" \/>\n<meta property=\"og:site_name\" content=\"Store Rurale - Agraria Riva del Garda\" \/>\n<meta property=\"article:modified_time\" content=\"2026-04-05T09:02:18+00:00\" \/>\n<meta property=\"og:image\" content=\"https:\/\/store.agririva.it\/wp-content\/uploads\/2023\/10\/Acquerello-1KG.jpg\" \/>\n\t<meta property=\"og:image:width\" content=\"1920\" \/>\n\t<meta property=\"og:image:height\" content=\"1920\" \/>\n\t<meta property=\"og:image:type\" content=\"image\/jpeg\" \/>\n<meta name=\"twitter:card\" content=\"summary_large_image\" \/>\n<script type=\"application\/ld+json\" class=\"yoast-schema-graph\">{\"@context\":\"https:\/\/schema.org\",\"@graph\":[{\"@type\":\"WebPage\",\"@id\":\"https:\/\/store.agririva.it\/de\/produkte\/carnaroli-reis-acquerello\/\",\"url\":\"https:\/\/store.agririva.it\/de\/produkte\/carnaroli-reis-acquerello\/\",\"name\":\"Carnaroli-Reis 1 kg - Acquerello | Agraria Riva del Garda\",\"isPartOf\":{\"@id\":\"https:\/\/store.agririva.it\/de\/#website\"},\"primaryImageOfPage\":{\"@id\":\"https:\/\/store.agririva.it\/de\/produkte\/carnaroli-reis-acquerello\/#primaryimage\"},\"image\":{\"@id\":\"https:\/\/store.agririva.it\/de\/produkte\/carnaroli-reis-acquerello\/#primaryimage\"},\"thumbnailUrl\":\"https:\/\/store.agririva.it\/wp-content\/uploads\/2023\/10\/Acquerello-1KG.jpg\",\"datePublished\":\"2023-10-13T15:35:12+00:00\",\"dateModified\":\"2026-04-05T09:02:18+00:00\",\"description\":\"Acquerello wird im Herzen der Provinz Vercelli auf einem Landgut mit \u00fcber 500-j\u00e4hriger Geschichte angebaut und ist ein mindestens ein Jahr gereifter Carnaroli Superfino-Reis mit stabilem St\u00e4rkegehalt und den N\u00e4hrwerten von Vollkornreis.\",\"breadcrumb\":{\"@id\":\"https:\/\/store.agririva.it\/de\/produkte\/carnaroli-reis-acquerello\/#breadcrumb\"},\"inLanguage\":\"de\",\"potentialAction\":[{\"@type\":\"ReadAction\",\"target\":[\"https:\/\/store.agririva.it\/de\/produkte\/carnaroli-reis-acquerello\/\"]}]},{\"@type\":\"ImageObject\",\"inLanguage\":\"de\",\"@id\":\"https:\/\/store.agririva.it\/de\/produkte\/carnaroli-reis-acquerello\/#primaryimage\",\"url\":\"https:\/\/store.agririva.it\/wp-content\/uploads\/2023\/10\/Acquerello-1KG.jpg\",\"contentUrl\":\"https:\/\/store.agririva.it\/wp-content\/uploads\/2023\/10\/Acquerello-1KG.jpg\",\"width\":1920,\"height\":1920},{\"@type\":\"BreadcrumbList\",\"@id\":\"https:\/\/store.agririva.it\/de\/produkte\/carnaroli-reis-acquerello\/#breadcrumb\",\"itemListElement\":[{\"@type\":\"ListItem\",\"position\":1,\"name\":\"Home\",\"item\":\"https:\/\/store.agririva.it\/de\/\"},{\"@type\":\"ListItem\",\"position\":2,\"name\":\"Gesch\u00e4ft\",\"item\":\"https:\/\/store.agririva.it\/de\/geschaeft\/\"},{\"@type\":\"ListItem\",\"position\":3,\"name\":\"Carnaroli-Reis &#8211; Acquerello\"}]},{\"@type\":\"WebSite\",\"@id\":\"https:\/\/store.agririva.it\/de\/#website\",\"url\":\"https:\/\/store.agririva.it\/de\/\",\"name\":\"Store Rurale - Agraria Riva del Garda\",\"description\":\"\",\"potentialAction\":[{\"@type\":\"SearchAction\",\"target\":{\"@type\":\"EntryPoint\",\"urlTemplate\":\"https:\/\/store.agririva.it\/de\/?s={search_term_string}\"},\"query-input\":{\"@type\":\"PropertyValueSpecification\",\"valueRequired\":true,\"valueName\":\"search_term_string\"}}],\"inLanguage\":\"de\"}]}<\/script>\n<!-- \/ Yoast SEO plugin. -->","yoast_head_json":{"title":"Carnaroli-Reis 1 kg - Acquerello | Agraria Riva del Garda","description":"Acquerello wird im Herzen der Provinz Vercelli auf einem Landgut mit \u00fcber 500-j\u00e4hriger Geschichte angebaut und ist ein mindestens ein Jahr gereifter Carnaroli Superfino-Reis mit stabilem St\u00e4rkegehalt und den N\u00e4hrwerten von Vollkornreis.","robots":{"index":"index","follow":"follow","max-snippet":"max-snippet:-1","max-image-preview":"max-image-preview:large","max-video-preview":"max-video-preview:-1"},"canonical":"https:\/\/store.agririva.it\/de\/produkte\/carnaroli-reis-acquerello\/","og_locale":"de_DE","og_type":"article","og_title":"Carnaroli-Reis 1 kg - Acquerello | Agraria Riva del Garda","og_description":"Acquerello wird im Herzen der Provinz Vercelli auf einem Landgut mit \u00fcber 500-j\u00e4hriger Geschichte angebaut und ist ein mindestens ein Jahr gereifter Carnaroli Superfino-Reis mit stabilem St\u00e4rkegehalt und den N\u00e4hrwerten von Vollkornreis.","og_url":"https:\/\/store.agririva.it\/de\/produkte\/carnaroli-reis-acquerello\/","og_site_name":"Store Rurale - Agraria Riva del Garda","article_modified_time":"2026-04-05T09:02:18+00:00","og_image":[{"width":1920,"height":1920,"url":"https:\/\/store.agririva.it\/wp-content\/uploads\/2023\/10\/Acquerello-1KG.jpg","type":"image\/jpeg"}],"twitter_card":"summary_large_image","schema":{"@context":"https:\/\/schema.org","@graph":[{"@type":"WebPage","@id":"https:\/\/store.agririva.it\/de\/produkte\/carnaroli-reis-acquerello\/","url":"https:\/\/store.agririva.it\/de\/produkte\/carnaroli-reis-acquerello\/","name":"Carnaroli-Reis 1 kg - Acquerello | Agraria Riva del Garda","isPartOf":{"@id":"https:\/\/store.agririva.it\/de\/#website"},"primaryImageOfPage":{"@id":"https:\/\/store.agririva.it\/de\/produkte\/carnaroli-reis-acquerello\/#primaryimage"},"image":{"@id":"https:\/\/store.agririva.it\/de\/produkte\/carnaroli-reis-acquerello\/#primaryimage"},"thumbnailUrl":"https:\/\/store.agririva.it\/wp-content\/uploads\/2023\/10\/Acquerello-1KG.jpg","datePublished":"2023-10-13T15:35:12+00:00","dateModified":"2026-04-05T09:02:18+00:00","description":"Acquerello wird im Herzen der Provinz Vercelli auf einem Landgut mit \u00fcber 500-j\u00e4hriger Geschichte angebaut und ist ein mindestens ein Jahr gereifter Carnaroli Superfino-Reis mit stabilem St\u00e4rkegehalt und den N\u00e4hrwerten von Vollkornreis.","breadcrumb":{"@id":"https:\/\/store.agririva.it\/de\/produkte\/carnaroli-reis-acquerello\/#breadcrumb"},"inLanguage":"de","potentialAction":[{"@type":"ReadAction","target":["https:\/\/store.agririva.it\/de\/produkte\/carnaroli-reis-acquerello\/"]}]},{"@type":"ImageObject","inLanguage":"de","@id":"https:\/\/store.agririva.it\/de\/produkte\/carnaroli-reis-acquerello\/#primaryimage","url":"https:\/\/store.agririva.it\/wp-content\/uploads\/2023\/10\/Acquerello-1KG.jpg","contentUrl":"https:\/\/store.agririva.it\/wp-content\/uploads\/2023\/10\/Acquerello-1KG.jpg","width":1920,"height":1920},{"@type":"BreadcrumbList","@id":"https:\/\/store.agririva.it\/de\/produkte\/carnaroli-reis-acquerello\/#breadcrumb","itemListElement":[{"@type":"ListItem","position":1,"name":"Home","item":"https:\/\/store.agririva.it\/de\/"},{"@type":"ListItem","position":2,"name":"Gesch\u00e4ft","item":"https:\/\/store.agririva.it\/de\/geschaeft\/"},{"@type":"ListItem","position":3,"name":"Carnaroli-Reis &#8211; Acquerello"}]},{"@type":"WebSite","@id":"https:\/\/store.agririva.it\/de\/#website","url":"https:\/\/store.agririva.it\/de\/","name":"Store Rurale - Agraria Riva del Garda","description":"","potentialAction":[{"@type":"SearchAction","target":{"@type":"EntryPoint","urlTemplate":"https:\/\/store.agririva.it\/de\/?s={search_term_string}"},"query-input":{"@type":"PropertyValueSpecification","valueRequired":true,"valueName":"search_term_string"}}],"inLanguage":"de"}]}},"_links":{"self":[{"href":"https:\/\/store.agririva.it\/de\/wp-json\/wp\/v2\/product\/32382","targetHints":{"allow":["GET"]}}],"collection":[{"href":"https:\/\/store.agririva.it\/de\/wp-json\/wp\/v2\/product"}],"about":[{"href":"https:\/\/store.agririva.it\/de\/wp-json\/wp\/v2\/types\/product"}],"replies":[{"embeddable":true,"href":"https:\/\/store.agririva.it\/de\/wp-json\/wp\/v2\/comments?post=32382"}],"wp:featuredmedia":[{"embeddable":true,"href":"https:\/\/store.agririva.it\/de\/wp-json\/wp\/v2\/media\/32386"}],"wp:attachment":[{"href":"https:\/\/store.agririva.it\/de\/wp-json\/wp\/v2\/media?parent=32382"}],"wp:term":[{"taxonomy":"product_brand","embeddable":true,"href":"https:\/\/store.agririva.it\/de\/wp-json\/wp\/v2\/product_brand?post=32382"},{"taxonomy":"product_cat","embeddable":true,"href":"https:\/\/store.agririva.it\/de\/wp-json\/wp\/v2\/product_cat?post=32382"},{"taxonomy":"product_tag","embeddable":true,"href":"https:\/\/store.agririva.it\/de\/wp-json\/wp\/v2\/product_tag?post=32382"}],"curies":[{"name":"wp","href":"https:\/\/api.w.org\/{rel}","templated":true}]}}