 {"id":32379,"date":"2023-11-07T14:35:52","date_gmt":"2023-10-13T15:12:54","guid":{"rendered":"https:\/\/store.agririva.it\/?post_type=product&#038;p=32379"},"modified":"2026-04-04T16:02:17","modified_gmt":"2026-04-04T14:02:17","slug":"spaghetti-mit-tintenfischtinte-dalla-costa","status":"publish","type":"product","link":"https:\/\/store.agririva.it\/de\/produkte\/spaghetti-mit-tintenfischtinte-dalla-costa\/","title":{"rendered":"Spaghetti mit Tintenfischtinte &#8211; Dalla Costa"},"content":{"rendered":"<div><\/div>\n<div><\/div>\n<div><\/div>\n<div><\/div>\n<div><\/div>\n<div><\/div>\n<div><\/div>\n<div><\/div>\n<div><\/div>\n<div><\/div>\n<div style=\"display: none;\"><\/div>\n<div style=\"display: none;\"><\/div>\n<div style=\"display: none;\"><\/div>\n<div style=\"display: none;\"><\/div>\n<div style=\"display: none;\"><\/div>\n<div style=\"display: none;\"><\/div>\n<div style=\"display: none;\"><\/div>\n<div style=\"display: none;\"><\/div>\n<div style=\"display: none;\"><\/div>\n<div style=\"display: none;\"><\/div>\n<div style=\"display: none;\"><\/div>\n<div style=\"display: none;\"><\/div>\n<div style=\"display: none;\"><\/div>\n<div style=\"display: none;\"><\/div>\n<div style=\"display: none;\"><\/div>\n<div style=\"display: none;\"><\/div>\n<div style=\"display: none;\"><\/div>\n<div style=\"display: none;\"><\/div>\n<div style=\"display: none;\"><\/div>\n<div style=\"display: none;\"><\/div>\n<div style=\"display: none;\"><\/div>\n<div style=\"display: none;\"><\/div>\n<div style=\"display: none;\"><\/div>\n<div style=\"display: none;\"><\/div>\n<div style=\"display: none;\"><\/div>\n<div style=\"display: none;\"><\/div>\n<div style=\"display: none;\"><\/div>\n<div style=\"display: none;\"><\/div>\n<div style=\"display: none;\"><\/div>\n<div style=\"display: none;\"><\/div>\n<div style=\"display: none;\"><\/div>\n<div style=\"display: none;\"><\/div>\n<div style=\"display: none;\"><\/div>\n<div style=\"display: none;\"><\/div>\n<div style=\"display: none;\"><\/div>\n<div style=\"display: none;\"><\/div>\n<div style=\"display:none\"><\/div>\n","protected":false},"excerpt":{"rendered":"<p>Spaghetti aus Hartweizen mit Tintenfischtinte bringen vom ersten Bissen an die ganze Energie des Meeres auf den Teller. Bronzegezogene Nudeln, die \u00fcber einen langen Zeitraum bei niedriger Temperatur getrocknet werden. So k\u00f6nnen sie lange Kochzeiten \u00fcberstehen und unverwechselbare Nudelgerichte entstehen.<\/p>\n<p>&nbsp;<\/p>\n<p><strong>Dalla Costa<\/strong> wurde von Agraria Riva del Garda wegen seiner Qualit\u00e4t und seiner st\u00e4ndigen Forschung im Bereich der Innovation ausgew\u00e4hlt. Die 1898 gegr\u00fcndete Nudelmanufaktur ist immer auf der Suche nach neuen Geschmacksrichtungen: Das beweist sie mit ihrer Kollektion an farbigen und aromatisierten Nudeln, die jedem Gericht eine besondere Note verleihen.<\/p>\n","protected":false},"featured_media":32371,"comment_status":"open","ping_status":"closed","template":"","meta":{"_acf_changed":false,"_price":"4.25","_stock":"93","_tribe_ticket_header":"","_tribe_default_ticket_provider":"","_tribe_ticket_capacity":"25","_ticket_start_date":"","_ticket_end_date":"","_tribe_ticket_show_description":"","_tribe_ticket_show_not_going":false,"_tribe_ticket_use_global_stock":"","_tribe_ticket_global_stock_level":"","_global_stock_mode":"","_global_stock_cap":"","_tribe_rsvp_for_event":"","_tribe_ticket_going_count":"","_tribe_ticket_not_going_count":"","_tribe_tickets_list":"[]","_tribe_ticket_has_attendee_info_fields":false,"_tec_slr_enabled":"","_tec_slr_layout":""},"product_brand":[],"product_cat":[191,400],"product_tag":[],"class_list":{"0":"post-32379","1":"product","2":"type-product","3":"status-publish","4":"has-post-thumbnail","6":"product_cat-typische-produkte","7":"product_cat-nudel-und-reis","8":"pa_formato-500-g-de","10":"first","11":"instock","12":"taxable","13":"shipping-taxable","14":"purchasable","15":"product-type-simple"},"acf":[],"yoast_head":"<!-- This site is optimized with the Yoast SEO plugin v27.0 - https:\/\/yoast.com\/product\/yoast-seo-wordpress\/ -->\n<title>Spaghetti mit Tintenfischtinte - Dalla Costa | Agraria Riva del Garda<\/title>\n<meta name=\"description\" content=\"Dalla Costa ist seit 1898 im Nudelgesch\u00e4ft t\u00e4tig. Die Hartweizenspaghetti mit Tintenfischtinte werden in Bronze gezogen und bringen vom ersten Bissen an die ganze Energie des Meeres auf den Teller.\" \/>\n<meta name=\"robots\" content=\"index, follow, max-snippet:-1, max-image-preview:large, max-video-preview:-1\" \/>\n<link rel=\"canonical\" href=\"https:\/\/store.agririva.it\/de\/produkte\/spaghetti-mit-tintenfischtinte-dalla-costa\/\" \/>\n<meta property=\"og:locale\" content=\"de_DE\" \/>\n<meta property=\"og:type\" content=\"article\" \/>\n<meta property=\"og:title\" content=\"Spaghetti mit Tintenfischtinte - Dalla Costa | Agraria Riva del Garda\" \/>\n<meta property=\"og:description\" content=\"Dalla Costa ist seit 1898 im Nudelgesch\u00e4ft t\u00e4tig. Die Hartweizenspaghetti mit Tintenfischtinte werden in Bronze gezogen und bringen vom ersten Bissen an die ganze Energie des Meeres auf den Teller.\" \/>\n<meta property=\"og:url\" content=\"https:\/\/store.agririva.it\/de\/produkte\/spaghetti-mit-tintenfischtinte-dalla-costa\/\" \/>\n<meta property=\"og:site_name\" content=\"Store Rurale - Agraria Riva del Garda\" \/>\n<meta property=\"article:modified_time\" content=\"2026-04-04T14:02:17+00:00\" \/>\n<meta property=\"og:image\" content=\"https:\/\/store.agririva.it\/wp-content\/uploads\/2023\/10\/DALLA-COSTA_Spaghetti_nero-di-seppia.jpg\" \/>\n\t<meta property=\"og:image:width\" content=\"1920\" \/>\n\t<meta property=\"og:image:height\" content=\"1920\" \/>\n\t<meta property=\"og:image:type\" content=\"image\/jpeg\" \/>\n<meta name=\"twitter:card\" content=\"summary_large_image\" \/>\n<script type=\"application\/ld+json\" class=\"yoast-schema-graph\">{\"@context\":\"https:\/\/schema.org\",\"@graph\":[{\"@type\":\"WebPage\",\"@id\":\"https:\/\/store.agririva.it\/de\/produkte\/spaghetti-mit-tintenfischtinte-dalla-costa\/\",\"url\":\"https:\/\/store.agririva.it\/de\/produkte\/spaghetti-mit-tintenfischtinte-dalla-costa\/\",\"name\":\"Spaghetti mit Tintenfischtinte - Dalla Costa | Agraria Riva del Garda\",\"isPartOf\":{\"@id\":\"https:\/\/store.agririva.it\/de\/#website\"},\"primaryImageOfPage\":{\"@id\":\"https:\/\/store.agririva.it\/de\/produkte\/spaghetti-mit-tintenfischtinte-dalla-costa\/#primaryimage\"},\"image\":{\"@id\":\"https:\/\/store.agririva.it\/de\/produkte\/spaghetti-mit-tintenfischtinte-dalla-costa\/#primaryimage\"},\"thumbnailUrl\":\"https:\/\/store.agririva.it\/wp-content\/uploads\/2023\/10\/DALLA-COSTA_Spaghetti_nero-di-seppia.jpg\",\"datePublished\":\"2023-10-13T15:12:54+00:00\",\"dateModified\":\"2026-04-04T14:02:17+00:00\",\"description\":\"Dalla Costa ist seit 1898 im Nudelgesch\u00e4ft t\u00e4tig. Die Hartweizenspaghetti mit Tintenfischtinte werden in Bronze gezogen und bringen vom ersten Bissen an die ganze Energie des Meeres auf den Teller.\",\"breadcrumb\":{\"@id\":\"https:\/\/store.agririva.it\/de\/produkte\/spaghetti-mit-tintenfischtinte-dalla-costa\/#breadcrumb\"},\"inLanguage\":\"de\",\"potentialAction\":[{\"@type\":\"ReadAction\",\"target\":[\"https:\/\/store.agririva.it\/de\/produkte\/spaghetti-mit-tintenfischtinte-dalla-costa\/\"]}]},{\"@type\":\"ImageObject\",\"inLanguage\":\"de\",\"@id\":\"https:\/\/store.agririva.it\/de\/produkte\/spaghetti-mit-tintenfischtinte-dalla-costa\/#primaryimage\",\"url\":\"https:\/\/store.agririva.it\/wp-content\/uploads\/2023\/10\/DALLA-COSTA_Spaghetti_nero-di-seppia.jpg\",\"contentUrl\":\"https:\/\/store.agririva.it\/wp-content\/uploads\/2023\/10\/DALLA-COSTA_Spaghetti_nero-di-seppia.jpg\",\"width\":1920,\"height\":1920},{\"@type\":\"BreadcrumbList\",\"@id\":\"https:\/\/store.agririva.it\/de\/produkte\/spaghetti-mit-tintenfischtinte-dalla-costa\/#breadcrumb\",\"itemListElement\":[{\"@type\":\"ListItem\",\"position\":1,\"name\":\"Home\",\"item\":\"https:\/\/store.agririva.it\/de\/\"},{\"@type\":\"ListItem\",\"position\":2,\"name\":\"Gesch\u00e4ft\",\"item\":\"https:\/\/store.agririva.it\/de\/geschaeft\/\"},{\"@type\":\"ListItem\",\"position\":3,\"name\":\"Spaghetti mit Tintenfischtinte &#8211; Dalla Costa\"}]},{\"@type\":\"WebSite\",\"@id\":\"https:\/\/store.agririva.it\/de\/#website\",\"url\":\"https:\/\/store.agririva.it\/de\/\",\"name\":\"Store Rurale - Agraria Riva del Garda\",\"description\":\"\",\"potentialAction\":[{\"@type\":\"SearchAction\",\"target\":{\"@type\":\"EntryPoint\",\"urlTemplate\":\"https:\/\/store.agririva.it\/de\/?s={search_term_string}\"},\"query-input\":{\"@type\":\"PropertyValueSpecification\",\"valueRequired\":true,\"valueName\":\"search_term_string\"}}],\"inLanguage\":\"de\"}]}<\/script>\n<!-- \/ Yoast SEO plugin. -->","yoast_head_json":{"title":"Spaghetti mit Tintenfischtinte - Dalla Costa | Agraria Riva del Garda","description":"Dalla Costa ist seit 1898 im Nudelgesch\u00e4ft t\u00e4tig. Die Hartweizenspaghetti mit Tintenfischtinte werden in Bronze gezogen und bringen vom ersten Bissen an die ganze Energie des Meeres auf den Teller.","robots":{"index":"index","follow":"follow","max-snippet":"max-snippet:-1","max-image-preview":"max-image-preview:large","max-video-preview":"max-video-preview:-1"},"canonical":"https:\/\/store.agririva.it\/de\/produkte\/spaghetti-mit-tintenfischtinte-dalla-costa\/","og_locale":"de_DE","og_type":"article","og_title":"Spaghetti mit Tintenfischtinte - Dalla Costa | Agraria Riva del Garda","og_description":"Dalla Costa ist seit 1898 im Nudelgesch\u00e4ft t\u00e4tig. Die Hartweizenspaghetti mit Tintenfischtinte werden in Bronze gezogen und bringen vom ersten Bissen an die ganze Energie des Meeres auf den Teller.","og_url":"https:\/\/store.agririva.it\/de\/produkte\/spaghetti-mit-tintenfischtinte-dalla-costa\/","og_site_name":"Store Rurale - Agraria Riva del Garda","article_modified_time":"2026-04-04T14:02:17+00:00","og_image":[{"width":1920,"height":1920,"url":"https:\/\/store.agririva.it\/wp-content\/uploads\/2023\/10\/DALLA-COSTA_Spaghetti_nero-di-seppia.jpg","type":"image\/jpeg"}],"twitter_card":"summary_large_image","schema":{"@context":"https:\/\/schema.org","@graph":[{"@type":"WebPage","@id":"https:\/\/store.agririva.it\/de\/produkte\/spaghetti-mit-tintenfischtinte-dalla-costa\/","url":"https:\/\/store.agririva.it\/de\/produkte\/spaghetti-mit-tintenfischtinte-dalla-costa\/","name":"Spaghetti mit Tintenfischtinte - Dalla Costa | Agraria Riva del Garda","isPartOf":{"@id":"https:\/\/store.agririva.it\/de\/#website"},"primaryImageOfPage":{"@id":"https:\/\/store.agririva.it\/de\/produkte\/spaghetti-mit-tintenfischtinte-dalla-costa\/#primaryimage"},"image":{"@id":"https:\/\/store.agririva.it\/de\/produkte\/spaghetti-mit-tintenfischtinte-dalla-costa\/#primaryimage"},"thumbnailUrl":"https:\/\/store.agririva.it\/wp-content\/uploads\/2023\/10\/DALLA-COSTA_Spaghetti_nero-di-seppia.jpg","datePublished":"2023-10-13T15:12:54+00:00","dateModified":"2026-04-04T14:02:17+00:00","description":"Dalla Costa ist seit 1898 im Nudelgesch\u00e4ft t\u00e4tig. Die Hartweizenspaghetti mit Tintenfischtinte werden in Bronze gezogen und bringen vom ersten Bissen an die ganze Energie des Meeres auf den Teller.","breadcrumb":{"@id":"https:\/\/store.agririva.it\/de\/produkte\/spaghetti-mit-tintenfischtinte-dalla-costa\/#breadcrumb"},"inLanguage":"de","potentialAction":[{"@type":"ReadAction","target":["https:\/\/store.agririva.it\/de\/produkte\/spaghetti-mit-tintenfischtinte-dalla-costa\/"]}]},{"@type":"ImageObject","inLanguage":"de","@id":"https:\/\/store.agririva.it\/de\/produkte\/spaghetti-mit-tintenfischtinte-dalla-costa\/#primaryimage","url":"https:\/\/store.agririva.it\/wp-content\/uploads\/2023\/10\/DALLA-COSTA_Spaghetti_nero-di-seppia.jpg","contentUrl":"https:\/\/store.agririva.it\/wp-content\/uploads\/2023\/10\/DALLA-COSTA_Spaghetti_nero-di-seppia.jpg","width":1920,"height":1920},{"@type":"BreadcrumbList","@id":"https:\/\/store.agririva.it\/de\/produkte\/spaghetti-mit-tintenfischtinte-dalla-costa\/#breadcrumb","itemListElement":[{"@type":"ListItem","position":1,"name":"Home","item":"https:\/\/store.agririva.it\/de\/"},{"@type":"ListItem","position":2,"name":"Gesch\u00e4ft","item":"https:\/\/store.agririva.it\/de\/geschaeft\/"},{"@type":"ListItem","position":3,"name":"Spaghetti mit Tintenfischtinte &#8211; Dalla Costa"}]},{"@type":"WebSite","@id":"https:\/\/store.agririva.it\/de\/#website","url":"https:\/\/store.agririva.it\/de\/","name":"Store Rurale - Agraria Riva del Garda","description":"","potentialAction":[{"@type":"SearchAction","target":{"@type":"EntryPoint","urlTemplate":"https:\/\/store.agririva.it\/de\/?s={search_term_string}"},"query-input":{"@type":"PropertyValueSpecification","valueRequired":true,"valueName":"search_term_string"}}],"inLanguage":"de"}]}},"_links":{"self":[{"href":"https:\/\/store.agririva.it\/de\/wp-json\/wp\/v2\/product\/32379","targetHints":{"allow":["GET"]}}],"collection":[{"href":"https:\/\/store.agririva.it\/de\/wp-json\/wp\/v2\/product"}],"about":[{"href":"https:\/\/store.agririva.it\/de\/wp-json\/wp\/v2\/types\/product"}],"replies":[{"embeddable":true,"href":"https:\/\/store.agririva.it\/de\/wp-json\/wp\/v2\/comments?post=32379"}],"wp:featuredmedia":[{"embeddable":true,"href":"https:\/\/store.agririva.it\/de\/wp-json\/wp\/v2\/media\/32371"}],"wp:attachment":[{"href":"https:\/\/store.agririva.it\/de\/wp-json\/wp\/v2\/media?parent=32379"}],"wp:term":[{"taxonomy":"product_brand","embeddable":true,"href":"https:\/\/store.agririva.it\/de\/wp-json\/wp\/v2\/product_brand?post=32379"},{"taxonomy":"product_cat","embeddable":true,"href":"https:\/\/store.agririva.it\/de\/wp-json\/wp\/v2\/product_cat?post=32379"},{"taxonomy":"product_tag","embeddable":true,"href":"https:\/\/store.agririva.it\/de\/wp-json\/wp\/v2\/product_tag?post=32379"}],"curies":[{"name":"wp","href":"https:\/\/api.w.org\/{rel}","templated":true}]}}