 {"id":32364,"date":"2023-11-07T14:35:46","date_gmt":"2023-10-13T14:52:32","guid":{"rendered":"https:\/\/store.agririva.it\/?post_type=product&#038;p=32364"},"modified":"2026-04-22T13:02:37","modified_gmt":"2026-04-22T11:02:37","slug":"spaghetti-mit-knoblauch-und-chili-dalla-costa","status":"publish","type":"product","link":"https:\/\/store.agririva.it\/de\/produkte\/spaghetti-mit-knoblauch-und-chili-dalla-costa\/","title":{"rendered":"Spaghetti mit Knoblauch und Chili &#8211; Dalla Costa"},"content":{"rendered":"<div><\/div>\n<div><\/div>\n<div><\/div>\n<div><\/div>\n<div><\/div>\n<div><\/div>\n<div><\/div>\n<div><\/div>\n<div><\/div>\n<div><\/div>\n<div style=\"display: none;\"><\/div>\n<div style=\"display: none;\"><\/div>\n<div style=\"display: none;\"><\/div>\n<div style=\"display: none;\"><\/div>\n<div style=\"display: none;\"><\/div>\n<div style=\"display: none;\"><\/div>\n<div style=\"display: none;\"><\/div>\n<div style=\"display: none;\"><\/div>\n<div style=\"display: none;\"><\/div>\n<div style=\"display: none;\"><\/div>\n<div style=\"display: none;\"><\/div>\n<div style=\"display: none;\"><\/div>\n<div style=\"display: none;\"><\/div>\n<div style=\"display: none;\"><\/div>\n<div style=\"display: none;\"><\/div>\n<div style=\"display: none;\"><\/div>\n<div style=\"display: none;\"><\/div>\n<div style=\"display: none;\"><\/div>\n<div style=\"display: none;\"><\/div>\n<div style=\"display: none;\"><\/div>\n<div style=\"display: none;\"><\/div>\n<div style=\"display: none;\"><\/div>\n<div style=\"display: none;\"><\/div>\n<div style=\"display: none;\"><\/div>\n<div style=\"display: none;\"><\/div>\n<div style=\"display: none;\"><\/div>\n<div style=\"display: none;\"><\/div>\n<div style=\"display: none;\"><\/div>\n<div style=\"display: none;\"><\/div>\n<div style=\"display: none;\"><\/div>\n<div style=\"display: none;\"><\/div>\n<div style=\"display: none;\"><\/div>\n<div style=\"display: none;\"><\/div>\n<div style=\"display: none;\"><\/div>\n<div style=\"display:none\"><\/div>\n","protected":false},"excerpt":{"rendered":"<p>Ein echter italienischer Klassiker: ein historischer erster Gang und eines der meistverzehrten Gerichte in Italien. Pasta aglio, olio e peperoncino ist eine ideale Vorspeise oder ein Hauptgericht f\u00fcr jeden Tag.<\/p>\n<p>&nbsp;<\/p>\n<p><strong>Dalla Costa<\/strong> wurde von Agraria Riva del Garda wegen seiner Qualit\u00e4t und seiner st\u00e4ndigen Forschung im Bereich der Innovation ausgew\u00e4hlt. Die 1898 gegr\u00fcndete Nudelmanufaktur ist immer auf der Suche nach neuen Geschmacksrichtungen: Das beweist sie mit ihrer Kollektion an farbigen und aromatisierten Nudeln, die jedem Gericht eine besondere Note verleihen.<\/p>\n","protected":false},"featured_media":32368,"comment_status":"open","ping_status":"closed","template":"","meta":{"_acf_changed":false,"_price":"2.95","_stock":"170","_tribe_ticket_header":"","_tribe_default_ticket_provider":"","_tribe_ticket_capacity":"25","_ticket_start_date":"","_ticket_end_date":"","_tribe_ticket_show_description":"","_tribe_ticket_show_not_going":false,"_tribe_ticket_use_global_stock":"","_tribe_ticket_global_stock_level":"","_global_stock_mode":"","_global_stock_cap":"","_tribe_rsvp_for_event":"","_tribe_ticket_going_count":"","_tribe_ticket_not_going_count":"","_tribe_tickets_list":"[]","_tribe_ticket_has_attendee_info_fields":false,"_tec_slr_enabled":"","_tec_slr_layout":""},"product_brand":[],"product_cat":[191,400],"product_tag":[],"class_list":{"0":"post-32364","1":"product","2":"type-product","3":"status-publish","4":"has-post-thumbnail","6":"product_cat-typische-produkte","7":"product_cat-nudel-und-reis","8":"pa_formato-500-g-de","10":"first","11":"instock","12":"taxable","13":"shipping-taxable","14":"purchasable","15":"product-type-simple"},"acf":[],"yoast_head":"<!-- This site is optimized with the Yoast SEO plugin v27.0 - https:\/\/yoast.com\/product\/yoast-seo-wordpress\/ -->\n<title>Spaghetti mit Knoblauch und Chili - Dalla Costa | Agraria Riva del Garda<\/title>\n<meta name=\"description\" content=\"Dalla Costa ist seit 1898 im Nudelgesch\u00e4ft t\u00e4tig. Als echter italienischer Klassiker ist Pasta aglio, olio e peperoncino eine ideale Vorspeise oder ein Hauptgericht f\u00fcr jeden Tag.\" \/>\n<meta name=\"robots\" content=\"index, follow, max-snippet:-1, max-image-preview:large, max-video-preview:-1\" \/>\n<link rel=\"canonical\" href=\"https:\/\/store.agririva.it\/de\/produkte\/spaghetti-mit-knoblauch-und-chili-dalla-costa\/\" \/>\n<meta property=\"og:locale\" content=\"de_DE\" \/>\n<meta property=\"og:type\" content=\"article\" \/>\n<meta property=\"og:title\" content=\"Spaghetti mit Knoblauch und Chili - Dalla Costa | Agraria Riva del Garda\" \/>\n<meta property=\"og:description\" content=\"Dalla Costa ist seit 1898 im Nudelgesch\u00e4ft t\u00e4tig. Als echter italienischer Klassiker ist Pasta aglio, olio e peperoncino eine ideale Vorspeise oder ein Hauptgericht f\u00fcr jeden Tag.\" \/>\n<meta property=\"og:url\" content=\"https:\/\/store.agririva.it\/de\/produkte\/spaghetti-mit-knoblauch-und-chili-dalla-costa\/\" \/>\n<meta property=\"og:site_name\" content=\"Store Rurale - Agraria Riva del Garda\" \/>\n<meta property=\"article:modified_time\" content=\"2026-04-22T11:02:37+00:00\" \/>\n<meta property=\"og:image\" content=\"https:\/\/store.agririva.it\/wp-content\/uploads\/2023\/10\/DALLA-COSTA_Spaghetti_aglio-e-peperoncino.jpg\" \/>\n\t<meta property=\"og:image:width\" content=\"1920\" \/>\n\t<meta property=\"og:image:height\" content=\"1920\" \/>\n\t<meta property=\"og:image:type\" content=\"image\/jpeg\" \/>\n<meta name=\"twitter:card\" content=\"summary_large_image\" \/>\n<script type=\"application\/ld+json\" class=\"yoast-schema-graph\">{\"@context\":\"https:\/\/schema.org\",\"@graph\":[{\"@type\":\"WebPage\",\"@id\":\"https:\/\/store.agririva.it\/de\/produkte\/spaghetti-mit-knoblauch-und-chili-dalla-costa\/\",\"url\":\"https:\/\/store.agririva.it\/de\/produkte\/spaghetti-mit-knoblauch-und-chili-dalla-costa\/\",\"name\":\"Spaghetti mit Knoblauch und Chili - Dalla Costa | Agraria Riva del Garda\",\"isPartOf\":{\"@id\":\"https:\/\/store.agririva.it\/de\/#website\"},\"primaryImageOfPage\":{\"@id\":\"https:\/\/store.agririva.it\/de\/produkte\/spaghetti-mit-knoblauch-und-chili-dalla-costa\/#primaryimage\"},\"image\":{\"@id\":\"https:\/\/store.agririva.it\/de\/produkte\/spaghetti-mit-knoblauch-und-chili-dalla-costa\/#primaryimage\"},\"thumbnailUrl\":\"https:\/\/store.agririva.it\/wp-content\/uploads\/2023\/10\/DALLA-COSTA_Spaghetti_aglio-e-peperoncino.jpg\",\"datePublished\":\"2023-10-13T14:52:32+00:00\",\"dateModified\":\"2026-04-22T11:02:37+00:00\",\"description\":\"Dalla Costa ist seit 1898 im Nudelgesch\u00e4ft t\u00e4tig. Als echter italienischer Klassiker ist Pasta aglio, olio e peperoncino eine ideale Vorspeise oder ein Hauptgericht f\u00fcr jeden Tag.\",\"breadcrumb\":{\"@id\":\"https:\/\/store.agririva.it\/de\/produkte\/spaghetti-mit-knoblauch-und-chili-dalla-costa\/#breadcrumb\"},\"inLanguage\":\"de\",\"potentialAction\":[{\"@type\":\"ReadAction\",\"target\":[\"https:\/\/store.agririva.it\/de\/produkte\/spaghetti-mit-knoblauch-und-chili-dalla-costa\/\"]}]},{\"@type\":\"ImageObject\",\"inLanguage\":\"de\",\"@id\":\"https:\/\/store.agririva.it\/de\/produkte\/spaghetti-mit-knoblauch-und-chili-dalla-costa\/#primaryimage\",\"url\":\"https:\/\/store.agririva.it\/wp-content\/uploads\/2023\/10\/DALLA-COSTA_Spaghetti_aglio-e-peperoncino.jpg\",\"contentUrl\":\"https:\/\/store.agririva.it\/wp-content\/uploads\/2023\/10\/DALLA-COSTA_Spaghetti_aglio-e-peperoncino.jpg\",\"width\":1920,\"height\":1920},{\"@type\":\"BreadcrumbList\",\"@id\":\"https:\/\/store.agririva.it\/de\/produkte\/spaghetti-mit-knoblauch-und-chili-dalla-costa\/#breadcrumb\",\"itemListElement\":[{\"@type\":\"ListItem\",\"position\":1,\"name\":\"Home\",\"item\":\"https:\/\/store.agririva.it\/de\/\"},{\"@type\":\"ListItem\",\"position\":2,\"name\":\"Gesch\u00e4ft\",\"item\":\"https:\/\/store.agririva.it\/de\/geschaeft\/\"},{\"@type\":\"ListItem\",\"position\":3,\"name\":\"Spaghetti mit Knoblauch und Chili &#8211; Dalla Costa\"}]},{\"@type\":\"WebSite\",\"@id\":\"https:\/\/store.agririva.it\/de\/#website\",\"url\":\"https:\/\/store.agririva.it\/de\/\",\"name\":\"Store Rurale - Agraria Riva del Garda\",\"description\":\"\",\"potentialAction\":[{\"@type\":\"SearchAction\",\"target\":{\"@type\":\"EntryPoint\",\"urlTemplate\":\"https:\/\/store.agririva.it\/de\/?s={search_term_string}\"},\"query-input\":{\"@type\":\"PropertyValueSpecification\",\"valueRequired\":true,\"valueName\":\"search_term_string\"}}],\"inLanguage\":\"de\"}]}<\/script>\n<!-- \/ Yoast SEO plugin. -->","yoast_head_json":{"title":"Spaghetti mit Knoblauch und Chili - Dalla Costa | Agraria Riva del Garda","description":"Dalla Costa ist seit 1898 im Nudelgesch\u00e4ft t\u00e4tig. Als echter italienischer Klassiker ist Pasta aglio, olio e peperoncino eine ideale Vorspeise oder ein Hauptgericht f\u00fcr jeden Tag.","robots":{"index":"index","follow":"follow","max-snippet":"max-snippet:-1","max-image-preview":"max-image-preview:large","max-video-preview":"max-video-preview:-1"},"canonical":"https:\/\/store.agririva.it\/de\/produkte\/spaghetti-mit-knoblauch-und-chili-dalla-costa\/","og_locale":"de_DE","og_type":"article","og_title":"Spaghetti mit Knoblauch und Chili - Dalla Costa | Agraria Riva del Garda","og_description":"Dalla Costa ist seit 1898 im Nudelgesch\u00e4ft t\u00e4tig. Als echter italienischer Klassiker ist Pasta aglio, olio e peperoncino eine ideale Vorspeise oder ein Hauptgericht f\u00fcr jeden Tag.","og_url":"https:\/\/store.agririva.it\/de\/produkte\/spaghetti-mit-knoblauch-und-chili-dalla-costa\/","og_site_name":"Store Rurale - Agraria Riva del Garda","article_modified_time":"2026-04-22T11:02:37+00:00","og_image":[{"width":1920,"height":1920,"url":"https:\/\/store.agririva.it\/wp-content\/uploads\/2023\/10\/DALLA-COSTA_Spaghetti_aglio-e-peperoncino.jpg","type":"image\/jpeg"}],"twitter_card":"summary_large_image","schema":{"@context":"https:\/\/schema.org","@graph":[{"@type":"WebPage","@id":"https:\/\/store.agririva.it\/de\/produkte\/spaghetti-mit-knoblauch-und-chili-dalla-costa\/","url":"https:\/\/store.agririva.it\/de\/produkte\/spaghetti-mit-knoblauch-und-chili-dalla-costa\/","name":"Spaghetti mit Knoblauch und Chili - Dalla Costa | Agraria Riva del Garda","isPartOf":{"@id":"https:\/\/store.agririva.it\/de\/#website"},"primaryImageOfPage":{"@id":"https:\/\/store.agririva.it\/de\/produkte\/spaghetti-mit-knoblauch-und-chili-dalla-costa\/#primaryimage"},"image":{"@id":"https:\/\/store.agririva.it\/de\/produkte\/spaghetti-mit-knoblauch-und-chili-dalla-costa\/#primaryimage"},"thumbnailUrl":"https:\/\/store.agririva.it\/wp-content\/uploads\/2023\/10\/DALLA-COSTA_Spaghetti_aglio-e-peperoncino.jpg","datePublished":"2023-10-13T14:52:32+00:00","dateModified":"2026-04-22T11:02:37+00:00","description":"Dalla Costa ist seit 1898 im Nudelgesch\u00e4ft t\u00e4tig. Als echter italienischer Klassiker ist Pasta aglio, olio e peperoncino eine ideale Vorspeise oder ein Hauptgericht f\u00fcr jeden Tag.","breadcrumb":{"@id":"https:\/\/store.agririva.it\/de\/produkte\/spaghetti-mit-knoblauch-und-chili-dalla-costa\/#breadcrumb"},"inLanguage":"de","potentialAction":[{"@type":"ReadAction","target":["https:\/\/store.agririva.it\/de\/produkte\/spaghetti-mit-knoblauch-und-chili-dalla-costa\/"]}]},{"@type":"ImageObject","inLanguage":"de","@id":"https:\/\/store.agririva.it\/de\/produkte\/spaghetti-mit-knoblauch-und-chili-dalla-costa\/#primaryimage","url":"https:\/\/store.agririva.it\/wp-content\/uploads\/2023\/10\/DALLA-COSTA_Spaghetti_aglio-e-peperoncino.jpg","contentUrl":"https:\/\/store.agririva.it\/wp-content\/uploads\/2023\/10\/DALLA-COSTA_Spaghetti_aglio-e-peperoncino.jpg","width":1920,"height":1920},{"@type":"BreadcrumbList","@id":"https:\/\/store.agririva.it\/de\/produkte\/spaghetti-mit-knoblauch-und-chili-dalla-costa\/#breadcrumb","itemListElement":[{"@type":"ListItem","position":1,"name":"Home","item":"https:\/\/store.agririva.it\/de\/"},{"@type":"ListItem","position":2,"name":"Gesch\u00e4ft","item":"https:\/\/store.agririva.it\/de\/geschaeft\/"},{"@type":"ListItem","position":3,"name":"Spaghetti mit Knoblauch und Chili &#8211; Dalla Costa"}]},{"@type":"WebSite","@id":"https:\/\/store.agririva.it\/de\/#website","url":"https:\/\/store.agririva.it\/de\/","name":"Store Rurale - Agraria Riva del Garda","description":"","potentialAction":[{"@type":"SearchAction","target":{"@type":"EntryPoint","urlTemplate":"https:\/\/store.agririva.it\/de\/?s={search_term_string}"},"query-input":{"@type":"PropertyValueSpecification","valueRequired":true,"valueName":"search_term_string"}}],"inLanguage":"de"}]}},"_links":{"self":[{"href":"https:\/\/store.agririva.it\/de\/wp-json\/wp\/v2\/product\/32364","targetHints":{"allow":["GET"]}}],"collection":[{"href":"https:\/\/store.agririva.it\/de\/wp-json\/wp\/v2\/product"}],"about":[{"href":"https:\/\/store.agririva.it\/de\/wp-json\/wp\/v2\/types\/product"}],"replies":[{"embeddable":true,"href":"https:\/\/store.agririva.it\/de\/wp-json\/wp\/v2\/comments?post=32364"}],"wp:featuredmedia":[{"embeddable":true,"href":"https:\/\/store.agririva.it\/de\/wp-json\/wp\/v2\/media\/32368"}],"wp:attachment":[{"href":"https:\/\/store.agririva.it\/de\/wp-json\/wp\/v2\/media?parent=32364"}],"wp:term":[{"taxonomy":"product_brand","embeddable":true,"href":"https:\/\/store.agririva.it\/de\/wp-json\/wp\/v2\/product_brand?post=32364"},{"taxonomy":"product_cat","embeddable":true,"href":"https:\/\/store.agririva.it\/de\/wp-json\/wp\/v2\/product_cat?post=32364"},{"taxonomy":"product_tag","embeddable":true,"href":"https:\/\/store.agririva.it\/de\/wp-json\/wp\/v2\/product_tag?post=32364"}],"curies":[{"name":"wp","href":"https:\/\/api.w.org\/{rel}","templated":true}]}}