 {"id":32282,"date":"2023-11-07T14:35:27","date_gmt":"2023-11-07T13:35:27","guid":{"rendered":"https:\/\/store.agririva.it\/?post_type=product&#038;p=32282"},"modified":"2025-12-10T11:02:15","modified_gmt":"2025-12-10T10:02:15","slug":"pici-antico-pastificio-morelli","status":"publish","type":"product","link":"https:\/\/store.agririva.it\/de\/produkte\/pici-antico-pastificio-morelli\/","title":{"rendered":"Pici \u2013 Antico Pastificio Morelli"},"content":{"rendered":"<div><\/div>\n<div><\/div>\n<div><\/div>\n<div><\/div>\n<div><\/div>\n<div><\/div>\n<div><\/div>\n<div><\/div>\n<div><\/div>\n<div><\/div>\n<div style=\"display: none;\"><\/div>\n<div style=\"display: none;\"><\/div>\n<div style=\"display: none;\"><\/div>\n<div style=\"display: none;\"><\/div>\n<div style=\"display: none;\"><\/div>\n<div style=\"display: none;\"><\/div>\n<div style=\"display: none;\"><\/div>\n<div style=\"display: none;\"><\/div>\n<div style=\"display: none;\"><\/div>\n<div style=\"display: none;\"><\/div>\n<div style=\"display: none;\"><\/div>\n<div style=\"display: none;\"><\/div>\n<div style=\"display: none;\"><\/div>\n<div style=\"display: none;\"><\/div>\n<div style=\"display: none;\"><\/div>\n<div style=\"display: none;\"><\/div>\n<div style=\"display: none;\"><\/div>\n<div style=\"display: none;\"><\/div>\n<div style=\"display: none;\"><\/div>\n<div style=\"display:none\"><\/div>\n","protected":false},"excerpt":{"rendered":"<p>Typisches Format der Toskana, handgefertigt, in Bronze gezogen und aus italienischem Hartweizengrie\u00df hergestellt, bei niedriger Temperatur getrocknet. Sie sind ideal zum Vorkochen, kleben nicht und verkochen nicht, auch wenn sie gew\u00fcrzt und mehrere Stunden bei Temperatur gehalten werden.<\/p>\n<p>&nbsp;<\/p>\n<p><strong>Antico Pastificio Morelli<\/strong> stellt seit f\u00fcnf Generationen in der Toskana handwerkliche Pasta aus nat\u00fcrlichen und hochwertigen Zutaten her. Agraria Riva del Garda unterst\u00fctzt mit dieser Wahl auch sein Engagement f\u00fcr Umwelt und Nachhaltigkeit: Antico Pastificio Morelli verwendet n\u00e4mlich nur saubere, erneuerbare Energie f\u00fcr die Nudelherstellung und setzt sich f\u00fcr die Minimierung der Umweltbelastung ein.<\/p>\n","protected":false},"featured_media":32298,"comment_status":"open","ping_status":"closed","template":"","meta":{"_acf_changed":false,"_price":"4.75","_stock":"0","_tribe_ticket_header":"","_tribe_default_ticket_provider":"","_tribe_ticket_capacity":"25","_ticket_start_date":"","_ticket_end_date":"","_tribe_ticket_show_description":"","_tribe_ticket_show_not_going":false,"_tribe_ticket_use_global_stock":"","_tribe_ticket_global_stock_level":"","_global_stock_mode":"","_global_stock_cap":"","_tribe_rsvp_for_event":"","_tribe_ticket_going_count":"","_tribe_ticket_not_going_count":"","_tribe_tickets_list":"[]","_tribe_ticket_has_attendee_info_fields":false,"_tec_slr_enabled":"","_tec_slr_layout":""},"product_brand":[],"product_cat":[191,400],"product_tag":[],"class_list":{"0":"post-32282","1":"product","2":"type-product","3":"status-publish","4":"has-post-thumbnail","6":"product_cat-typische-produkte","7":"product_cat-nudel-und-reis","8":"pa_formato-500-g-de","10":"first","11":"outofstock","12":"taxable","13":"shipping-taxable","14":"purchasable","15":"product-type-simple"},"acf":[],"yoast_head":"<!-- This site is optimized with the Yoast SEO plugin v27.0 - https:\/\/yoast.com\/product\/yoast-seo-wordpress\/ -->\n<title>Pici \u2013 Antico Pastificio Morelli | Agraria Riva del Garda<\/title>\n<meta name=\"description\" content=\"Antico Pastificio Morelli stellt seit f\u00fcnf Generationen handgemachte Pasta in der Toskana her. Die Pici sind ideal zum Vorkochen, kleben und verkochen nicht.\" \/>\n<meta name=\"robots\" content=\"index, follow, max-snippet:-1, max-image-preview:large, max-video-preview:-1\" \/>\n<link rel=\"canonical\" href=\"https:\/\/store.agririva.it\/de\/produkte\/pici-antico-pastificio-morelli\/\" \/>\n<meta property=\"og:locale\" content=\"de_DE\" \/>\n<meta property=\"og:type\" content=\"article\" \/>\n<meta property=\"og:title\" content=\"Pici \u2013 Antico Pastificio Morelli | Agraria Riva del Garda\" \/>\n<meta property=\"og:description\" content=\"Antico Pastificio Morelli stellt seit f\u00fcnf Generationen handgemachte Pasta in der Toskana her. Die Pici sind ideal zum Vorkochen, kleben und verkochen nicht.\" \/>\n<meta property=\"og:url\" content=\"https:\/\/store.agririva.it\/de\/produkte\/pici-antico-pastificio-morelli\/\" \/>\n<meta property=\"og:site_name\" content=\"Store Rurale - Agraria Riva del Garda\" \/>\n<meta property=\"article:modified_time\" content=\"2025-12-10T10:02:15+00:00\" \/>\n<meta property=\"og:image\" content=\"https:\/\/store.agririva.it\/wp-content\/uploads\/2023\/10\/MORELLI_PICI.jpg\" \/>\n\t<meta property=\"og:image:width\" content=\"1920\" \/>\n\t<meta property=\"og:image:height\" content=\"1920\" \/>\n\t<meta property=\"og:image:type\" content=\"image\/jpeg\" \/>\n<meta name=\"twitter:card\" content=\"summary_large_image\" \/>\n<script type=\"application\/ld+json\" class=\"yoast-schema-graph\">{\"@context\":\"https:\/\/schema.org\",\"@graph\":[{\"@type\":\"WebPage\",\"@id\":\"https:\/\/store.agririva.it\/de\/produkte\/pici-antico-pastificio-morelli\/\",\"url\":\"https:\/\/store.agririva.it\/de\/produkte\/pici-antico-pastificio-morelli\/\",\"name\":\"Pici \u2013 Antico Pastificio Morelli | Agraria Riva del Garda\",\"isPartOf\":{\"@id\":\"https:\/\/store.agririva.it\/de\/#website\"},\"primaryImageOfPage\":{\"@id\":\"https:\/\/store.agririva.it\/de\/produkte\/pici-antico-pastificio-morelli\/#primaryimage\"},\"image\":{\"@id\":\"https:\/\/store.agririva.it\/de\/produkte\/pici-antico-pastificio-morelli\/#primaryimage\"},\"thumbnailUrl\":\"https:\/\/store.agririva.it\/wp-content\/uploads\/2023\/10\/MORELLI_PICI.jpg\",\"datePublished\":\"2023-11-07T13:35:27+00:00\",\"dateModified\":\"2025-12-10T10:02:15+00:00\",\"description\":\"Antico Pastificio Morelli stellt seit f\u00fcnf Generationen handgemachte Pasta in der Toskana her. Die Pici sind ideal zum Vorkochen, kleben und verkochen nicht.\",\"breadcrumb\":{\"@id\":\"https:\/\/store.agririva.it\/de\/produkte\/pici-antico-pastificio-morelli\/#breadcrumb\"},\"inLanguage\":\"de\",\"potentialAction\":[{\"@type\":\"ReadAction\",\"target\":[\"https:\/\/store.agririva.it\/de\/produkte\/pici-antico-pastificio-morelli\/\"]}]},{\"@type\":\"ImageObject\",\"inLanguage\":\"de\",\"@id\":\"https:\/\/store.agririva.it\/de\/produkte\/pici-antico-pastificio-morelli\/#primaryimage\",\"url\":\"https:\/\/store.agririva.it\/wp-content\/uploads\/2023\/10\/MORELLI_PICI.jpg\",\"contentUrl\":\"https:\/\/store.agririva.it\/wp-content\/uploads\/2023\/10\/MORELLI_PICI.jpg\",\"width\":1920,\"height\":1920},{\"@type\":\"BreadcrumbList\",\"@id\":\"https:\/\/store.agririva.it\/de\/produkte\/pici-antico-pastificio-morelli\/#breadcrumb\",\"itemListElement\":[{\"@type\":\"ListItem\",\"position\":1,\"name\":\"Home\",\"item\":\"https:\/\/store.agririva.it\/de\/\"},{\"@type\":\"ListItem\",\"position\":2,\"name\":\"Gesch\u00e4ft\",\"item\":\"https:\/\/store.agririva.it\/de\/geschaeft\/\"},{\"@type\":\"ListItem\",\"position\":3,\"name\":\"Pici \u2013 Antico Pastificio Morelli\"}]},{\"@type\":\"WebSite\",\"@id\":\"https:\/\/store.agririva.it\/de\/#website\",\"url\":\"https:\/\/store.agririva.it\/de\/\",\"name\":\"Store Rurale - Agraria Riva del Garda\",\"description\":\"\",\"potentialAction\":[{\"@type\":\"SearchAction\",\"target\":{\"@type\":\"EntryPoint\",\"urlTemplate\":\"https:\/\/store.agririva.it\/de\/?s={search_term_string}\"},\"query-input\":{\"@type\":\"PropertyValueSpecification\",\"valueRequired\":true,\"valueName\":\"search_term_string\"}}],\"inLanguage\":\"de\"}]}<\/script>\n<!-- \/ Yoast SEO plugin. -->","yoast_head_json":{"title":"Pici \u2013 Antico Pastificio Morelli | Agraria Riva del Garda","description":"Antico Pastificio Morelli stellt seit f\u00fcnf Generationen handgemachte Pasta in der Toskana her. Die Pici sind ideal zum Vorkochen, kleben und verkochen nicht.","robots":{"index":"index","follow":"follow","max-snippet":"max-snippet:-1","max-image-preview":"max-image-preview:large","max-video-preview":"max-video-preview:-1"},"canonical":"https:\/\/store.agririva.it\/de\/produkte\/pici-antico-pastificio-morelli\/","og_locale":"de_DE","og_type":"article","og_title":"Pici \u2013 Antico Pastificio Morelli | Agraria Riva del Garda","og_description":"Antico Pastificio Morelli stellt seit f\u00fcnf Generationen handgemachte Pasta in der Toskana her. Die Pici sind ideal zum Vorkochen, kleben und verkochen nicht.","og_url":"https:\/\/store.agririva.it\/de\/produkte\/pici-antico-pastificio-morelli\/","og_site_name":"Store Rurale - Agraria Riva del Garda","article_modified_time":"2025-12-10T10:02:15+00:00","og_image":[{"width":1920,"height":1920,"url":"https:\/\/store.agririva.it\/wp-content\/uploads\/2023\/10\/MORELLI_PICI.jpg","type":"image\/jpeg"}],"twitter_card":"summary_large_image","schema":{"@context":"https:\/\/schema.org","@graph":[{"@type":"WebPage","@id":"https:\/\/store.agririva.it\/de\/produkte\/pici-antico-pastificio-morelli\/","url":"https:\/\/store.agririva.it\/de\/produkte\/pici-antico-pastificio-morelli\/","name":"Pici \u2013 Antico Pastificio Morelli | Agraria Riva del Garda","isPartOf":{"@id":"https:\/\/store.agririva.it\/de\/#website"},"primaryImageOfPage":{"@id":"https:\/\/store.agririva.it\/de\/produkte\/pici-antico-pastificio-morelli\/#primaryimage"},"image":{"@id":"https:\/\/store.agririva.it\/de\/produkte\/pici-antico-pastificio-morelli\/#primaryimage"},"thumbnailUrl":"https:\/\/store.agririva.it\/wp-content\/uploads\/2023\/10\/MORELLI_PICI.jpg","datePublished":"2023-11-07T13:35:27+00:00","dateModified":"2025-12-10T10:02:15+00:00","description":"Antico Pastificio Morelli stellt seit f\u00fcnf Generationen handgemachte Pasta in der Toskana her. Die Pici sind ideal zum Vorkochen, kleben und verkochen nicht.","breadcrumb":{"@id":"https:\/\/store.agririva.it\/de\/produkte\/pici-antico-pastificio-morelli\/#breadcrumb"},"inLanguage":"de","potentialAction":[{"@type":"ReadAction","target":["https:\/\/store.agririva.it\/de\/produkte\/pici-antico-pastificio-morelli\/"]}]},{"@type":"ImageObject","inLanguage":"de","@id":"https:\/\/store.agririva.it\/de\/produkte\/pici-antico-pastificio-morelli\/#primaryimage","url":"https:\/\/store.agririva.it\/wp-content\/uploads\/2023\/10\/MORELLI_PICI.jpg","contentUrl":"https:\/\/store.agririva.it\/wp-content\/uploads\/2023\/10\/MORELLI_PICI.jpg","width":1920,"height":1920},{"@type":"BreadcrumbList","@id":"https:\/\/store.agririva.it\/de\/produkte\/pici-antico-pastificio-morelli\/#breadcrumb","itemListElement":[{"@type":"ListItem","position":1,"name":"Home","item":"https:\/\/store.agririva.it\/de\/"},{"@type":"ListItem","position":2,"name":"Gesch\u00e4ft","item":"https:\/\/store.agririva.it\/de\/geschaeft\/"},{"@type":"ListItem","position":3,"name":"Pici \u2013 Antico Pastificio Morelli"}]},{"@type":"WebSite","@id":"https:\/\/store.agririva.it\/de\/#website","url":"https:\/\/store.agririva.it\/de\/","name":"Store Rurale - Agraria Riva del Garda","description":"","potentialAction":[{"@type":"SearchAction","target":{"@type":"EntryPoint","urlTemplate":"https:\/\/store.agririva.it\/de\/?s={search_term_string}"},"query-input":{"@type":"PropertyValueSpecification","valueRequired":true,"valueName":"search_term_string"}}],"inLanguage":"de"}]}},"_links":{"self":[{"href":"https:\/\/store.agririva.it\/de\/wp-json\/wp\/v2\/product\/32282","targetHints":{"allow":["GET"]}}],"collection":[{"href":"https:\/\/store.agririva.it\/de\/wp-json\/wp\/v2\/product"}],"about":[{"href":"https:\/\/store.agririva.it\/de\/wp-json\/wp\/v2\/types\/product"}],"replies":[{"embeddable":true,"href":"https:\/\/store.agririva.it\/de\/wp-json\/wp\/v2\/comments?post=32282"}],"wp:featuredmedia":[{"embeddable":true,"href":"https:\/\/store.agririva.it\/de\/wp-json\/wp\/v2\/media\/32298"}],"wp:attachment":[{"href":"https:\/\/store.agririva.it\/de\/wp-json\/wp\/v2\/media?parent=32282"}],"wp:term":[{"taxonomy":"product_brand","embeddable":true,"href":"https:\/\/store.agririva.it\/de\/wp-json\/wp\/v2\/product_brand?post=32282"},{"taxonomy":"product_cat","embeddable":true,"href":"https:\/\/store.agririva.it\/de\/wp-json\/wp\/v2\/product_cat?post=32282"},{"taxonomy":"product_tag","embeddable":true,"href":"https:\/\/store.agririva.it\/de\/wp-json\/wp\/v2\/product_tag?post=32282"}],"curies":[{"name":"wp","href":"https:\/\/api.w.org\/{rel}","templated":true}]}}