 {"id":32275,"date":"2023-11-07T14:35:20","date_gmt":"2023-10-12T11:30:05","guid":{"rendered":"https:\/\/store.agririva.it\/?post_type=product&#038;p=32275"},"modified":"2026-04-19T10:02:53","modified_gmt":"2026-04-19T08:02:53","slug":"bucatini-pasta-aus-gragnano-i-g-p-pastificio-gentile","status":"publish","type":"product","link":"https:\/\/store.agririva.it\/de\/produkte\/bucatini-pasta-aus-gragnano-i-g-p-pastificio-gentile\/","title":{"rendered":"Bucatini &#8211; Pasta aus Gragnano I.G.P. &#8211; Pastificio Gentile"},"content":{"rendered":"<div><\/div>\n<div><\/div>\n<div><\/div>\n<div><\/div>\n<div><\/div>\n<div><\/div>\n<div><\/div>\n<div><\/div>\n<div><\/div>\n<div><\/div>\n<div style=\"display: none;\"><\/div>\n<div style=\"display: none;\"><\/div>\n<div style=\"display: none;\"><\/div>\n<div style=\"display: none;\"><\/div>\n<div style=\"display: none;\"><\/div>\n<div style=\"display: none;\"><\/div>\n<div style=\"display: none;\"><\/div>\n<div style=\"display: none;\"><\/div>\n<div style=\"display: none;\"><\/div>\n<div style=\"display: none;\"><\/div>\n<div style=\"display: none;\"><\/div>\n<div style=\"display: none;\"><\/div>\n<div style=\"display: none;\"><\/div>\n<div style=\"display: none;\"><\/div>\n<div style=\"display: none;\"><\/div>\n<div style=\"display: none;\"><\/div>\n<div style=\"display: none;\"><\/div>\n<div style=\"display:none\"><\/div>\n","protected":false},"excerpt":{"rendered":"<p>Die Pasta aus Gragnano, die traditionell aus hochwertigem Hartweizengrie\u00df hergestellt wird, gilt als eine der besten italienischen Trockennudeln, die f\u00fcr ihre Qualit\u00e4t und ihren authentischen Geschmack gesch\u00e4tzt wird.<\/p>\n<p>&nbsp;<\/p>\n<p><strong>Pastificio Gentile<\/strong> wurde von Agraria Riva del Garda als Symbol f\u00fcr Tradition und Qualit\u00e4t ausgew\u00e4hlt. Sie befindet sich in Gragnano (Neapel), einer Stadt, die als Ursprungsort der Pasta bekannt ist und eine jahrhundertealte Tradition in der Herstellung hochwertiger Pasta aufweist. Wenn du dich f\u00fcr Pasta aus Gragnano entscheidest, kannst du ein authentisches und traditionelles Produkt genie\u00dfen.<\/p>\n","protected":false},"featured_media":32267,"comment_status":"open","ping_status":"closed","template":"","meta":{"_acf_changed":false,"_price":"3.5","_stock":"129","_tribe_ticket_header":"","_tribe_default_ticket_provider":"","_tribe_ticket_capacity":"25","_ticket_start_date":"","_ticket_end_date":"","_tribe_ticket_show_description":"","_tribe_ticket_show_not_going":false,"_tribe_ticket_use_global_stock":"","_tribe_ticket_global_stock_level":"","_global_stock_mode":"","_global_stock_cap":"","_tribe_rsvp_for_event":"","_tribe_ticket_going_count":"","_tribe_ticket_not_going_count":"","_tribe_tickets_list":"[]","_tribe_ticket_has_attendee_info_fields":false,"_tec_slr_enabled":"","_tec_slr_layout":""},"product_brand":[],"product_cat":[191,400],"product_tag":[],"class_list":{"0":"post-32275","1":"product","2":"type-product","3":"status-publish","4":"has-post-thumbnail","6":"product_cat-typische-produkte","7":"product_cat-nudel-und-reis","8":"pa_formato-500-g-de","10":"first","11":"instock","12":"taxable","13":"shipping-taxable","14":"purchasable","15":"product-type-simple"},"acf":[],"yoast_head":"<!-- This site is optimized with the Yoast SEO plugin v27.0 - https:\/\/yoast.com\/product\/yoast-seo-wordpress\/ -->\n<title>Pasta aus Gragnano I.G.P. - Bucatini Pastificio Gentile | Agraria Riva del Garda<\/title>\n<meta name=\"description\" content=\"Hergestellt nach Gragnano-Tradition, mit Bronze-Extrusion und italienischem Qualit\u00e4tsgrie\u00df. Bucatini sind ideal, um die So\u00dfen in sich aufzunehmen.\" \/>\n<meta name=\"robots\" content=\"index, follow, max-snippet:-1, max-image-preview:large, max-video-preview:-1\" \/>\n<link rel=\"canonical\" href=\"https:\/\/store.agririva.it\/de\/produkte\/bucatini-pasta-aus-gragnano-i-g-p-pastificio-gentile\/\" \/>\n<meta property=\"og:locale\" content=\"de_DE\" \/>\n<meta property=\"og:type\" content=\"article\" \/>\n<meta property=\"og:title\" content=\"Pasta aus Gragnano I.G.P. - Bucatini Pastificio Gentile | Agraria Riva del Garda\" \/>\n<meta property=\"og:description\" content=\"Hergestellt nach Gragnano-Tradition, mit Bronze-Extrusion und italienischem Qualit\u00e4tsgrie\u00df. Bucatini sind ideal, um die So\u00dfen in sich aufzunehmen.\" \/>\n<meta property=\"og:url\" content=\"https:\/\/store.agririva.it\/de\/produkte\/bucatini-pasta-aus-gragnano-i-g-p-pastificio-gentile\/\" \/>\n<meta property=\"og:site_name\" content=\"Store Rurale - Agraria Riva del Garda\" \/>\n<meta property=\"article:modified_time\" content=\"2026-04-19T08:02:53+00:00\" \/>\n<meta property=\"og:image\" content=\"https:\/\/store.agririva.it\/wp-content\/uploads\/2023\/10\/GENTILE_Bucatini.jpg\" \/>\n\t<meta property=\"og:image:width\" content=\"1920\" \/>\n\t<meta property=\"og:image:height\" content=\"1920\" \/>\n\t<meta property=\"og:image:type\" content=\"image\/jpeg\" \/>\n<meta name=\"twitter:card\" content=\"summary_large_image\" \/>\n<script type=\"application\/ld+json\" class=\"yoast-schema-graph\">{\"@context\":\"https:\/\/schema.org\",\"@graph\":[{\"@type\":\"WebPage\",\"@id\":\"https:\/\/store.agririva.it\/de\/produkte\/bucatini-pasta-aus-gragnano-i-g-p-pastificio-gentile\/\",\"url\":\"https:\/\/store.agririva.it\/de\/produkte\/bucatini-pasta-aus-gragnano-i-g-p-pastificio-gentile\/\",\"name\":\"Pasta aus Gragnano I.G.P. - Bucatini Pastificio Gentile | Agraria Riva del Garda\",\"isPartOf\":{\"@id\":\"https:\/\/store.agririva.it\/de\/#website\"},\"primaryImageOfPage\":{\"@id\":\"https:\/\/store.agririva.it\/de\/produkte\/bucatini-pasta-aus-gragnano-i-g-p-pastificio-gentile\/#primaryimage\"},\"image\":{\"@id\":\"https:\/\/store.agririva.it\/de\/produkte\/bucatini-pasta-aus-gragnano-i-g-p-pastificio-gentile\/#primaryimage\"},\"thumbnailUrl\":\"https:\/\/store.agririva.it\/wp-content\/uploads\/2023\/10\/GENTILE_Bucatini.jpg\",\"datePublished\":\"2023-10-12T11:30:05+00:00\",\"dateModified\":\"2026-04-19T08:02:53+00:00\",\"description\":\"Hergestellt nach Gragnano-Tradition, mit Bronze-Extrusion und italienischem Qualit\u00e4tsgrie\u00df. Bucatini sind ideal, um die So\u00dfen in sich aufzunehmen.\",\"breadcrumb\":{\"@id\":\"https:\/\/store.agririva.it\/de\/produkte\/bucatini-pasta-aus-gragnano-i-g-p-pastificio-gentile\/#breadcrumb\"},\"inLanguage\":\"de\",\"potentialAction\":[{\"@type\":\"ReadAction\",\"target\":[\"https:\/\/store.agririva.it\/de\/produkte\/bucatini-pasta-aus-gragnano-i-g-p-pastificio-gentile\/\"]}]},{\"@type\":\"ImageObject\",\"inLanguage\":\"de\",\"@id\":\"https:\/\/store.agririva.it\/de\/produkte\/bucatini-pasta-aus-gragnano-i-g-p-pastificio-gentile\/#primaryimage\",\"url\":\"https:\/\/store.agririva.it\/wp-content\/uploads\/2023\/10\/GENTILE_Bucatini.jpg\",\"contentUrl\":\"https:\/\/store.agririva.it\/wp-content\/uploads\/2023\/10\/GENTILE_Bucatini.jpg\",\"width\":1920,\"height\":1920},{\"@type\":\"BreadcrumbList\",\"@id\":\"https:\/\/store.agririva.it\/de\/produkte\/bucatini-pasta-aus-gragnano-i-g-p-pastificio-gentile\/#breadcrumb\",\"itemListElement\":[{\"@type\":\"ListItem\",\"position\":1,\"name\":\"Home\",\"item\":\"https:\/\/store.agririva.it\/de\/\"},{\"@type\":\"ListItem\",\"position\":2,\"name\":\"Gesch\u00e4ft\",\"item\":\"https:\/\/store.agririva.it\/de\/geschaeft\/\"},{\"@type\":\"ListItem\",\"position\":3,\"name\":\"Bucatini &#8211; Pasta aus Gragnano I.G.P. &#8211; Pastificio Gentile\"}]},{\"@type\":\"WebSite\",\"@id\":\"https:\/\/store.agririva.it\/de\/#website\",\"url\":\"https:\/\/store.agririva.it\/de\/\",\"name\":\"Store Rurale - Agraria Riva del Garda\",\"description\":\"\",\"potentialAction\":[{\"@type\":\"SearchAction\",\"target\":{\"@type\":\"EntryPoint\",\"urlTemplate\":\"https:\/\/store.agririva.it\/de\/?s={search_term_string}\"},\"query-input\":{\"@type\":\"PropertyValueSpecification\",\"valueRequired\":true,\"valueName\":\"search_term_string\"}}],\"inLanguage\":\"de\"}]}<\/script>\n<!-- \/ Yoast SEO plugin. -->","yoast_head_json":{"title":"Pasta aus Gragnano I.G.P. - Bucatini Pastificio Gentile | Agraria Riva del Garda","description":"Hergestellt nach Gragnano-Tradition, mit Bronze-Extrusion und italienischem Qualit\u00e4tsgrie\u00df. Bucatini sind ideal, um die So\u00dfen in sich aufzunehmen.","robots":{"index":"index","follow":"follow","max-snippet":"max-snippet:-1","max-image-preview":"max-image-preview:large","max-video-preview":"max-video-preview:-1"},"canonical":"https:\/\/store.agririva.it\/de\/produkte\/bucatini-pasta-aus-gragnano-i-g-p-pastificio-gentile\/","og_locale":"de_DE","og_type":"article","og_title":"Pasta aus Gragnano I.G.P. - Bucatini Pastificio Gentile | Agraria Riva del Garda","og_description":"Hergestellt nach Gragnano-Tradition, mit Bronze-Extrusion und italienischem Qualit\u00e4tsgrie\u00df. Bucatini sind ideal, um die So\u00dfen in sich aufzunehmen.","og_url":"https:\/\/store.agririva.it\/de\/produkte\/bucatini-pasta-aus-gragnano-i-g-p-pastificio-gentile\/","og_site_name":"Store Rurale - Agraria Riva del Garda","article_modified_time":"2026-04-19T08:02:53+00:00","og_image":[{"width":1920,"height":1920,"url":"https:\/\/store.agririva.it\/wp-content\/uploads\/2023\/10\/GENTILE_Bucatini.jpg","type":"image\/jpeg"}],"twitter_card":"summary_large_image","schema":{"@context":"https:\/\/schema.org","@graph":[{"@type":"WebPage","@id":"https:\/\/store.agririva.it\/de\/produkte\/bucatini-pasta-aus-gragnano-i-g-p-pastificio-gentile\/","url":"https:\/\/store.agririva.it\/de\/produkte\/bucatini-pasta-aus-gragnano-i-g-p-pastificio-gentile\/","name":"Pasta aus Gragnano I.G.P. - Bucatini Pastificio Gentile | Agraria Riva del Garda","isPartOf":{"@id":"https:\/\/store.agririva.it\/de\/#website"},"primaryImageOfPage":{"@id":"https:\/\/store.agririva.it\/de\/produkte\/bucatini-pasta-aus-gragnano-i-g-p-pastificio-gentile\/#primaryimage"},"image":{"@id":"https:\/\/store.agririva.it\/de\/produkte\/bucatini-pasta-aus-gragnano-i-g-p-pastificio-gentile\/#primaryimage"},"thumbnailUrl":"https:\/\/store.agririva.it\/wp-content\/uploads\/2023\/10\/GENTILE_Bucatini.jpg","datePublished":"2023-10-12T11:30:05+00:00","dateModified":"2026-04-19T08:02:53+00:00","description":"Hergestellt nach Gragnano-Tradition, mit Bronze-Extrusion und italienischem Qualit\u00e4tsgrie\u00df. Bucatini sind ideal, um die So\u00dfen in sich aufzunehmen.","breadcrumb":{"@id":"https:\/\/store.agririva.it\/de\/produkte\/bucatini-pasta-aus-gragnano-i-g-p-pastificio-gentile\/#breadcrumb"},"inLanguage":"de","potentialAction":[{"@type":"ReadAction","target":["https:\/\/store.agririva.it\/de\/produkte\/bucatini-pasta-aus-gragnano-i-g-p-pastificio-gentile\/"]}]},{"@type":"ImageObject","inLanguage":"de","@id":"https:\/\/store.agririva.it\/de\/produkte\/bucatini-pasta-aus-gragnano-i-g-p-pastificio-gentile\/#primaryimage","url":"https:\/\/store.agririva.it\/wp-content\/uploads\/2023\/10\/GENTILE_Bucatini.jpg","contentUrl":"https:\/\/store.agririva.it\/wp-content\/uploads\/2023\/10\/GENTILE_Bucatini.jpg","width":1920,"height":1920},{"@type":"BreadcrumbList","@id":"https:\/\/store.agririva.it\/de\/produkte\/bucatini-pasta-aus-gragnano-i-g-p-pastificio-gentile\/#breadcrumb","itemListElement":[{"@type":"ListItem","position":1,"name":"Home","item":"https:\/\/store.agririva.it\/de\/"},{"@type":"ListItem","position":2,"name":"Gesch\u00e4ft","item":"https:\/\/store.agririva.it\/de\/geschaeft\/"},{"@type":"ListItem","position":3,"name":"Bucatini &#8211; Pasta aus Gragnano I.G.P. &#8211; Pastificio Gentile"}]},{"@type":"WebSite","@id":"https:\/\/store.agririva.it\/de\/#website","url":"https:\/\/store.agririva.it\/de\/","name":"Store Rurale - Agraria Riva del Garda","description":"","potentialAction":[{"@type":"SearchAction","target":{"@type":"EntryPoint","urlTemplate":"https:\/\/store.agririva.it\/de\/?s={search_term_string}"},"query-input":{"@type":"PropertyValueSpecification","valueRequired":true,"valueName":"search_term_string"}}],"inLanguage":"de"}]}},"_links":{"self":[{"href":"https:\/\/store.agririva.it\/de\/wp-json\/wp\/v2\/product\/32275","targetHints":{"allow":["GET"]}}],"collection":[{"href":"https:\/\/store.agririva.it\/de\/wp-json\/wp\/v2\/product"}],"about":[{"href":"https:\/\/store.agririva.it\/de\/wp-json\/wp\/v2\/types\/product"}],"replies":[{"embeddable":true,"href":"https:\/\/store.agririva.it\/de\/wp-json\/wp\/v2\/comments?post=32275"}],"wp:featuredmedia":[{"embeddable":true,"href":"https:\/\/store.agririva.it\/de\/wp-json\/wp\/v2\/media\/32267"}],"wp:attachment":[{"href":"https:\/\/store.agririva.it\/de\/wp-json\/wp\/v2\/media?parent=32275"}],"wp:term":[{"taxonomy":"product_brand","embeddable":true,"href":"https:\/\/store.agririva.it\/de\/wp-json\/wp\/v2\/product_brand?post=32275"},{"taxonomy":"product_cat","embeddable":true,"href":"https:\/\/store.agririva.it\/de\/wp-json\/wp\/v2\/product_cat?post=32275"},{"taxonomy":"product_tag","embeddable":true,"href":"https:\/\/store.agririva.it\/de\/wp-json\/wp\/v2\/product_tag?post=32275"}],"curies":[{"name":"wp","href":"https:\/\/api.w.org\/{rel}","templated":true}]}}