 {"id":32260,"date":"2023-11-07T14:35:13","date_gmt":"2023-10-12T11:15:11","guid":{"rendered":"https:\/\/store.agririva.it\/?post_type=product&#038;p=32260"},"modified":"2026-04-05T18:02:32","modified_gmt":"2026-04-05T16:02:32","slug":"pacote-bio-hartweizengriesnudeln-cappelli-pastificio-felicetti","status":"publish","type":"product","link":"https:\/\/store.agririva.it\/de\/produkte\/pacote-bio-hartweizengriesnudeln-cappelli-pastificio-felicetti\/","title":{"rendered":"Pacote &#8211; BIO-Hartweizengrie\u00dfnudeln \u201cCappelli\u201d \u2013 Pastificio Felicetti"},"content":{"rendered":"<div><\/div>\n<div><\/div>\n<div><\/div>\n<div><\/div>\n<div><\/div>\n<div><\/div>\n<div><\/div>\n<div><\/div>\n<div><\/div>\n<div><\/div>\n<div style=\"display: none;\"><\/div>\n<div style=\"display: none;\"><\/div>\n<div style=\"display: none;\"><\/div>\n<div style=\"display: none;\"><\/div>\n<div style=\"display: none;\"><\/div>\n<div style=\"display: none;\"><\/div>\n<div style=\"display: none;\"><\/div>\n<div style=\"display: none;\"><\/div>\n<div style=\"display: none;\"><\/div>\n<div style=\"display: none;\"><\/div>\n<div style=\"display: none;\"><\/div>\n<div style=\"display: none;\"><\/div>\n<div style=\"display: none;\"><\/div>\n<div style=\"display: none;\"><\/div>\n<div style=\"display: none;\"><\/div>\n<div style=\"display:none\"><\/div>\n","protected":false},"excerpt":{"rendered":"<p>Hochwertige Nudeln der Sorte &#8222;Cappelli&#8220;, eine Weizensorte mit einem kr\u00e4ftigen und aufrichtigen Charakter, vom Meister nach den Regeln der Kunst verarbeitet.<\/p>\n<p>&nbsp;<\/p>\n<p>Agraria Riva del Garda w\u00e4hlt f\u00fcr dich <strong>Pastificio Felicetti<\/strong> aus, das seit 1908 im Fleimstal, im Herzen des Trentino, die Kunst der Teigwarenherstellung pflegt. Hier verbinden sich Quellwasser und H\u00f6henluft mit einer sorgf\u00e4ltigen Auswahl der Rohstoffe und unterst\u00fctzen verantwortungsvolle Anbaumethoden. Ein t\u00e4gliches Engagement, das sich in der Exzellenz der angebotenen Produkte und in der Lebensqualit\u00e4t aller widerspiegelt.<\/p>\n","protected":false},"featured_media":32243,"comment_status":"open","ping_status":"closed","template":"","meta":{"_acf_changed":false,"_price":"3.7","_stock":"44","_tribe_ticket_header":"","_tribe_default_ticket_provider":"","_tribe_ticket_capacity":"25","_ticket_start_date":"","_ticket_end_date":"","_tribe_ticket_show_description":"","_tribe_ticket_show_not_going":false,"_tribe_ticket_use_global_stock":"","_tribe_ticket_global_stock_level":"","_global_stock_mode":"","_global_stock_cap":"","_tribe_rsvp_for_event":"","_tribe_ticket_going_count":"","_tribe_ticket_not_going_count":"","_tribe_tickets_list":"[]","_tribe_ticket_has_attendee_info_fields":false,"_tec_slr_enabled":"","_tec_slr_layout":""},"product_brand":[],"product_cat":[191,400],"product_tag":[],"class_list":{"0":"post-32260","1":"product","2":"type-product","3":"status-publish","4":"has-post-thumbnail","6":"product_cat-typische-produkte","7":"product_cat-nudel-und-reis","8":"pa_formato-500-g-de","10":"first","11":"instock","12":"taxable","13":"shipping-taxable","14":"purchasable","15":"product-type-simple"},"acf":[],"yoast_head":"<!-- This site is optimized with the Yoast SEO plugin v27.0 - https:\/\/yoast.com\/product\/yoast-seo-wordpress\/ -->\n<title>Bio-Hartweizennudeln &quot;Cappelli&quot; - Pacote Felicetti | Agraria Riva del Garda<\/title>\n<meta name=\"description\" content=\"Entdecke die hochwertigen Bio-Weizennudeln &quot;Cappelli&quot; von Pastificio Felicetti aus dem Trentino. Hergestellt aus einer kr\u00e4ftigen Weizensorte, bieten diese Pacote ein au\u00dfergew\u00f6hnliches kulinarisches Erlebnis.\" \/>\n<meta name=\"robots\" content=\"index, follow, max-snippet:-1, max-image-preview:large, max-video-preview:-1\" \/>\n<link rel=\"canonical\" href=\"https:\/\/store.agririva.it\/de\/produkte\/pacote-bio-hartweizengriesnudeln-cappelli-pastificio-felicetti\/\" \/>\n<meta property=\"og:locale\" content=\"de_DE\" \/>\n<meta property=\"og:type\" content=\"article\" \/>\n<meta property=\"og:title\" content=\"Bio-Hartweizennudeln &quot;Cappelli&quot; - Pacote Felicetti | Agraria Riva del Garda\" \/>\n<meta property=\"og:description\" content=\"Entdecke die hochwertigen Bio-Weizennudeln &quot;Cappelli&quot; von Pastificio Felicetti aus dem Trentino. Hergestellt aus einer kr\u00e4ftigen Weizensorte, bieten diese Pacote ein au\u00dfergew\u00f6hnliches kulinarisches Erlebnis.\" \/>\n<meta property=\"og:url\" content=\"https:\/\/store.agririva.it\/de\/produkte\/pacote-bio-hartweizengriesnudeln-cappelli-pastificio-felicetti\/\" \/>\n<meta property=\"og:site_name\" content=\"Store Rurale - Agraria Riva del Garda\" \/>\n<meta property=\"article:modified_time\" content=\"2026-04-05T16:02:32+00:00\" \/>\n<meta property=\"og:image\" content=\"https:\/\/store.agririva.it\/wp-content\/uploads\/2023\/10\/FELICETTI_Linea-Il-Cappelli-Monograno-Pacote.jpg\" \/>\n\t<meta property=\"og:image:width\" content=\"1920\" \/>\n\t<meta property=\"og:image:height\" content=\"1920\" \/>\n\t<meta property=\"og:image:type\" content=\"image\/jpeg\" \/>\n<meta name=\"twitter:card\" content=\"summary_large_image\" \/>\n<script type=\"application\/ld+json\" class=\"yoast-schema-graph\">{\"@context\":\"https:\/\/schema.org\",\"@graph\":[{\"@type\":\"WebPage\",\"@id\":\"https:\/\/store.agririva.it\/de\/produkte\/pacote-bio-hartweizengriesnudeln-cappelli-pastificio-felicetti\/\",\"url\":\"https:\/\/store.agririva.it\/de\/produkte\/pacote-bio-hartweizengriesnudeln-cappelli-pastificio-felicetti\/\",\"name\":\"Bio-Hartweizennudeln \\\"Cappelli\\\" - Pacote Felicetti | Agraria Riva del Garda\",\"isPartOf\":{\"@id\":\"https:\/\/store.agririva.it\/de\/#website\"},\"primaryImageOfPage\":{\"@id\":\"https:\/\/store.agririva.it\/de\/produkte\/pacote-bio-hartweizengriesnudeln-cappelli-pastificio-felicetti\/#primaryimage\"},\"image\":{\"@id\":\"https:\/\/store.agririva.it\/de\/produkte\/pacote-bio-hartweizengriesnudeln-cappelli-pastificio-felicetti\/#primaryimage\"},\"thumbnailUrl\":\"https:\/\/store.agririva.it\/wp-content\/uploads\/2023\/10\/FELICETTI_Linea-Il-Cappelli-Monograno-Pacote.jpg\",\"datePublished\":\"2023-10-12T11:15:11+00:00\",\"dateModified\":\"2026-04-05T16:02:32+00:00\",\"description\":\"Entdecke die hochwertigen Bio-Weizennudeln \\\"Cappelli\\\" von Pastificio Felicetti aus dem Trentino. Hergestellt aus einer kr\u00e4ftigen Weizensorte, bieten diese Pacote ein au\u00dfergew\u00f6hnliches kulinarisches Erlebnis.\",\"breadcrumb\":{\"@id\":\"https:\/\/store.agririva.it\/de\/produkte\/pacote-bio-hartweizengriesnudeln-cappelli-pastificio-felicetti\/#breadcrumb\"},\"inLanguage\":\"de\",\"potentialAction\":[{\"@type\":\"ReadAction\",\"target\":[\"https:\/\/store.agririva.it\/de\/produkte\/pacote-bio-hartweizengriesnudeln-cappelli-pastificio-felicetti\/\"]}]},{\"@type\":\"ImageObject\",\"inLanguage\":\"de\",\"@id\":\"https:\/\/store.agririva.it\/de\/produkte\/pacote-bio-hartweizengriesnudeln-cappelli-pastificio-felicetti\/#primaryimage\",\"url\":\"https:\/\/store.agririva.it\/wp-content\/uploads\/2023\/10\/FELICETTI_Linea-Il-Cappelli-Monograno-Pacote.jpg\",\"contentUrl\":\"https:\/\/store.agririva.it\/wp-content\/uploads\/2023\/10\/FELICETTI_Linea-Il-Cappelli-Monograno-Pacote.jpg\",\"width\":1920,\"height\":1920},{\"@type\":\"BreadcrumbList\",\"@id\":\"https:\/\/store.agririva.it\/de\/produkte\/pacote-bio-hartweizengriesnudeln-cappelli-pastificio-felicetti\/#breadcrumb\",\"itemListElement\":[{\"@type\":\"ListItem\",\"position\":1,\"name\":\"Home\",\"item\":\"https:\/\/store.agririva.it\/de\/\"},{\"@type\":\"ListItem\",\"position\":2,\"name\":\"Gesch\u00e4ft\",\"item\":\"https:\/\/store.agririva.it\/de\/geschaeft\/\"},{\"@type\":\"ListItem\",\"position\":3,\"name\":\"Pacote &#8211; BIO-Hartweizengrie\u00dfnudeln \u201cCappelli\u201d \u2013 Pastificio Felicetti\"}]},{\"@type\":\"WebSite\",\"@id\":\"https:\/\/store.agririva.it\/de\/#website\",\"url\":\"https:\/\/store.agririva.it\/de\/\",\"name\":\"Store Rurale - Agraria Riva del Garda\",\"description\":\"\",\"potentialAction\":[{\"@type\":\"SearchAction\",\"target\":{\"@type\":\"EntryPoint\",\"urlTemplate\":\"https:\/\/store.agririva.it\/de\/?s={search_term_string}\"},\"query-input\":{\"@type\":\"PropertyValueSpecification\",\"valueRequired\":true,\"valueName\":\"search_term_string\"}}],\"inLanguage\":\"de\"}]}<\/script>\n<!-- \/ Yoast SEO plugin. -->","yoast_head_json":{"title":"Bio-Hartweizennudeln \"Cappelli\" - Pacote Felicetti | Agraria Riva del Garda","description":"Entdecke die hochwertigen Bio-Weizennudeln \"Cappelli\" von Pastificio Felicetti aus dem Trentino. Hergestellt aus einer kr\u00e4ftigen Weizensorte, bieten diese Pacote ein au\u00dfergew\u00f6hnliches kulinarisches Erlebnis.","robots":{"index":"index","follow":"follow","max-snippet":"max-snippet:-1","max-image-preview":"max-image-preview:large","max-video-preview":"max-video-preview:-1"},"canonical":"https:\/\/store.agririva.it\/de\/produkte\/pacote-bio-hartweizengriesnudeln-cappelli-pastificio-felicetti\/","og_locale":"de_DE","og_type":"article","og_title":"Bio-Hartweizennudeln \"Cappelli\" - Pacote Felicetti | Agraria Riva del Garda","og_description":"Entdecke die hochwertigen Bio-Weizennudeln \"Cappelli\" von Pastificio Felicetti aus dem Trentino. Hergestellt aus einer kr\u00e4ftigen Weizensorte, bieten diese Pacote ein au\u00dfergew\u00f6hnliches kulinarisches Erlebnis.","og_url":"https:\/\/store.agririva.it\/de\/produkte\/pacote-bio-hartweizengriesnudeln-cappelli-pastificio-felicetti\/","og_site_name":"Store Rurale - Agraria Riva del Garda","article_modified_time":"2026-04-05T16:02:32+00:00","og_image":[{"width":1920,"height":1920,"url":"https:\/\/store.agririva.it\/wp-content\/uploads\/2023\/10\/FELICETTI_Linea-Il-Cappelli-Monograno-Pacote.jpg","type":"image\/jpeg"}],"twitter_card":"summary_large_image","schema":{"@context":"https:\/\/schema.org","@graph":[{"@type":"WebPage","@id":"https:\/\/store.agririva.it\/de\/produkte\/pacote-bio-hartweizengriesnudeln-cappelli-pastificio-felicetti\/","url":"https:\/\/store.agririva.it\/de\/produkte\/pacote-bio-hartweizengriesnudeln-cappelli-pastificio-felicetti\/","name":"Bio-Hartweizennudeln \"Cappelli\" - Pacote Felicetti | Agraria Riva del Garda","isPartOf":{"@id":"https:\/\/store.agririva.it\/de\/#website"},"primaryImageOfPage":{"@id":"https:\/\/store.agririva.it\/de\/produkte\/pacote-bio-hartweizengriesnudeln-cappelli-pastificio-felicetti\/#primaryimage"},"image":{"@id":"https:\/\/store.agririva.it\/de\/produkte\/pacote-bio-hartweizengriesnudeln-cappelli-pastificio-felicetti\/#primaryimage"},"thumbnailUrl":"https:\/\/store.agririva.it\/wp-content\/uploads\/2023\/10\/FELICETTI_Linea-Il-Cappelli-Monograno-Pacote.jpg","datePublished":"2023-10-12T11:15:11+00:00","dateModified":"2026-04-05T16:02:32+00:00","description":"Entdecke die hochwertigen Bio-Weizennudeln \"Cappelli\" von Pastificio Felicetti aus dem Trentino. Hergestellt aus einer kr\u00e4ftigen Weizensorte, bieten diese Pacote ein au\u00dfergew\u00f6hnliches kulinarisches Erlebnis.","breadcrumb":{"@id":"https:\/\/store.agririva.it\/de\/produkte\/pacote-bio-hartweizengriesnudeln-cappelli-pastificio-felicetti\/#breadcrumb"},"inLanguage":"de","potentialAction":[{"@type":"ReadAction","target":["https:\/\/store.agririva.it\/de\/produkte\/pacote-bio-hartweizengriesnudeln-cappelli-pastificio-felicetti\/"]}]},{"@type":"ImageObject","inLanguage":"de","@id":"https:\/\/store.agririva.it\/de\/produkte\/pacote-bio-hartweizengriesnudeln-cappelli-pastificio-felicetti\/#primaryimage","url":"https:\/\/store.agririva.it\/wp-content\/uploads\/2023\/10\/FELICETTI_Linea-Il-Cappelli-Monograno-Pacote.jpg","contentUrl":"https:\/\/store.agririva.it\/wp-content\/uploads\/2023\/10\/FELICETTI_Linea-Il-Cappelli-Monograno-Pacote.jpg","width":1920,"height":1920},{"@type":"BreadcrumbList","@id":"https:\/\/store.agririva.it\/de\/produkte\/pacote-bio-hartweizengriesnudeln-cappelli-pastificio-felicetti\/#breadcrumb","itemListElement":[{"@type":"ListItem","position":1,"name":"Home","item":"https:\/\/store.agririva.it\/de\/"},{"@type":"ListItem","position":2,"name":"Gesch\u00e4ft","item":"https:\/\/store.agririva.it\/de\/geschaeft\/"},{"@type":"ListItem","position":3,"name":"Pacote &#8211; BIO-Hartweizengrie\u00dfnudeln \u201cCappelli\u201d \u2013 Pastificio Felicetti"}]},{"@type":"WebSite","@id":"https:\/\/store.agririva.it\/de\/#website","url":"https:\/\/store.agririva.it\/de\/","name":"Store Rurale - Agraria Riva del Garda","description":"","potentialAction":[{"@type":"SearchAction","target":{"@type":"EntryPoint","urlTemplate":"https:\/\/store.agririva.it\/de\/?s={search_term_string}"},"query-input":{"@type":"PropertyValueSpecification","valueRequired":true,"valueName":"search_term_string"}}],"inLanguage":"de"}]}},"_links":{"self":[{"href":"https:\/\/store.agririva.it\/de\/wp-json\/wp\/v2\/product\/32260","targetHints":{"allow":["GET"]}}],"collection":[{"href":"https:\/\/store.agririva.it\/de\/wp-json\/wp\/v2\/product"}],"about":[{"href":"https:\/\/store.agririva.it\/de\/wp-json\/wp\/v2\/types\/product"}],"replies":[{"embeddable":true,"href":"https:\/\/store.agririva.it\/de\/wp-json\/wp\/v2\/comments?post=32260"}],"wp:featuredmedia":[{"embeddable":true,"href":"https:\/\/store.agririva.it\/de\/wp-json\/wp\/v2\/media\/32243"}],"wp:attachment":[{"href":"https:\/\/store.agririva.it\/de\/wp-json\/wp\/v2\/media?parent=32260"}],"wp:term":[{"taxonomy":"product_brand","embeddable":true,"href":"https:\/\/store.agririva.it\/de\/wp-json\/wp\/v2\/product_brand?post=32260"},{"taxonomy":"product_cat","embeddable":true,"href":"https:\/\/store.agririva.it\/de\/wp-json\/wp\/v2\/product_cat?post=32260"},{"taxonomy":"product_tag","embeddable":true,"href":"https:\/\/store.agririva.it\/de\/wp-json\/wp\/v2\/product_tag?post=32260"}],"curies":[{"name":"wp","href":"https:\/\/api.w.org\/{rel}","templated":true}]}}