 {"id":6942,"date":"2020-10-19T12:25:41","date_gmt":"2020-10-19T10:25:41","guid":{"rendered":"http:\/\/store.agririva.it\/so-bestellen-sie-auf-store-agririva-it\/"},"modified":"2020-11-30T17:11:32","modified_gmt":"2020-11-30T16:11:32","slug":"so-bestellen-sie-auf-store-agririva-it","status":"publish","type":"page","link":"https:\/\/store.agririva.it\/de\/so-bestellen-sie-auf-store-agririva-it\/","title":{"rendered":"So bestellen Sie auf store.agririva.it"},"content":{"rendered":"<div class=\"wpb-content-wrapper\"><p>[vc_row size=&#8220;default&#8220; font_weight=&#8220;&#8220; color=&#8220;primary&#8220; align=&#8220;center&#8220; style=&#8220;image&#8220; image=&#8220;1828&#8243; tag=&#8220;h4&#8243; subtitle_font=&#8220;default&#8220; subtitle_font_weight=&#8220;600&#8243; subtitle_style=&#8220;default&#8220; woodmart_css_id=&#8220;5f8459161a5a8&#8243; title=&#8220;Selezionati per voi&#8220; title_width=&#8220;60&#8243; subtitle_font_size=&#8220;eyJwYXJhbV90eXBlIjoid29vZG1hcnRfcmVzcG9uc2l2ZV9zaXplIiwiY3NzX2FyZ3MiOnsiZm9udC1zaXplIjpbIiAudGl0bGUtc3VidGl0bGUiXX0sInNlbGVjdG9yX2lkIjoiNWY4NDU5MTYxYTVhOCIsImRhdGEiOnsiZGVza3RvcCI6IjE2cHgiLCJ0YWJsZXQiOiIxNHB4IiwibW9iaWxlIjoiMTJweCJ9fQ==&#8220; title_font_size=&#8220;eyJwYXJhbV90eXBlIjoid29vZG1hcnRfcmVzcG9uc2l2ZV9zaXplIiwiY3NzX2FyZ3MiOnsiZm9udC1zaXplIjpbIiAud29vZG1hcnQtdGl0bGUtY29udGFpbmVyIl19LCJzZWxlY3Rvcl9pZCI6IjVmODQ1OTE2MWE1YTgiLCJkYXRhIjp7ImRlc2t0b3AiOiI0OHB4IiwidGFibGV0IjoiMzZweCIsIm1vYmlsZSI6IjI4cHgifX0=&#8220; after_font_size=&#8220;eyJwYXJhbV90eXBlIjoid29vZG1hcnRfcmVzcG9uc2l2ZV9zaXplIiwiY3NzX2FyZ3MiOnsiZm9udC1zaXplIjpbIiAudGl0bGUtYWZ0ZXJfdGl0bGUiXX0sInNlbGVjdG9yX2lkIjoiNWY4NDU5MTYxYTVhOCIsImRhdGEiOnsiZGVza3RvcCI6IjE2cHgifX0=&#8220; css=&#8220;.vc_custom_1602509091419{margin-bottom: 30px !important;}&#8220; woodmart_empty_space=&#8220;&#8220; title_divider=&#8220;&#8220; title_line_height=&#8220;&#8220; title_custom_color=&#8220;&#8220; woodmart_color_gradient=&#8220;rgb(60, 27, 59)-0\/rgb(90, 55, 105)-33\/rgb(46, 76, 130)-66\/rgb(29, 28, 44)-100\/|linear-gradient(left , rgb(60, 27, 59) , rgb(90, 55, 105) 33% , rgb(46, 76, 130) 66% , rgb(29, 28, 44) 100%)|linear|left&#8220; layout_divider=&#8220;&#8220; image_divider=&#8220;&#8220; img_size=&#8220;&#8220; extra_divider=&#8220;&#8220; subtitle_divider=&#8220;&#8220; subtitle=&#8220;&#8220; subtitle_line_height_size=&#8220;&#8220; subtitle_color=&#8220;&#8220; subtitle_bg_color=&#8220;&#8220; text_divider=&#8220;&#8220; after_title=&#8220;&#8220; after_line_height_size=&#8220;&#8220; after_color=&#8220;&#8220; desktop_text_size=&#8220;&#8220; tablet_text_size=&#8220;&#8220; mobile_text_size=&#8220;&#8220;][vc_column]\t\t\n\t\t<div id=\"wd-5f847bc01a5b8\" class=\"title-wrapper  woodmart-title-color-primary woodmart-title-style-image woodmart-title-width-60 text-center woodmart-title-size-custom vc_custom_1602517956937\">\n\t\t\t\t\t\t\n\t\t\t<div class=\"liner-continer\">\n\t\t\t\t<span class=\"left-line\"><\/span>\n\t\t\t\t<h4 class=\"woodmart-title-container title  woodmart-font-weight-\" >So bestellen Sie auf store.agririva.it<\/h4>\t\t\t\t\t\t\t\t\t<span class=\"img-wrapper\"><img decoding=\"async\" class=\"woodmart-lazy-load woodmart-lazy-fade \" src=\"data:image\/png;base64,iVBORw0KGgoAAAANSUhEUgAAACgAAAAKCAYAAADGmhxQAAABSklEQVQ4y7WTW0vDQBCFv93WNIoXlHp58yH4P\/LT+0cWRYpUaqlSbNLc1pcTWEIsJOjAwu7szJ4zc2YNA22RJBHwBMRyeSAHnlPnMsXMgEfgNEjNAZc6Vw3BmzLcYmAWnL+BT+B2kSRePgNsgZOgkDMR3v03QdM574Ar4KLj3+ouDvImQ8HsCIKZutZaBUQ9cZHuQomzoWBTLS85AAr5LFADZSenAF6AOXCjmKwjuwf2QCOSX8A7cPilECscqy63eZEJJCglQ0u41L7UuftZDHAHbPTwPXCt2A2wVugcWKXO+SMqGjUoxLVAbdX6XJ2otD+oiqKPHIAAG8CnzhXAUusVeEudK1sFjpBDb9Q9uDlQjpnBtoN9hAsR4q\/MjCRnNRoPwIfmrQLO1YG9JIo1p2sRb8Z8krGFNcBKI9CSuZRcjRb6IJPAP8h+APNTfq5aQOOvAAAAAElFTkSuQmCC\" data-wood-src=\"https:\/\/store.agririva.it\/wp-content\/uploads\/2020\/07\/divider.png\" width=\"194\" height=\"30\" alt=\"divider\" title=\"divider\" loading=\"lazy\" \/><\/span>\t\t\t\t\t\t\t\t<span class=\"right-line\"><\/span>\n\t\t\t<\/div>\n\t\t\t\n\t\t\t\t\t\t\n\t\t\t\t\t<\/div>\n\t\t\n\t\t[\/vc_column]<\/p>\r\n<p>[\/vc_row][vc_row]<\/p>\r\n<p>[vc_column][vc_column_text text_larger=&#8220;no&#8220;]<\/p>\r\n\r\n<h1><strong>WARENKORB\u00a0 \u2013 STEP 1<\/strong><\/h1>\r\n<p>W\u00e4hlen Sie das gew\u00fcnschte Produkt und legen Sie es in den Warenkorb. Sie k\u00f6nnen Ihren Einkauf fortsetzen und andere Produkte in den Warenkorb legen oder den Einkauf abschlie\u00dfen, indem Sie direkt zum Warenkorb gehen.<\/p>\r\n<p>Bevor Sie die Bestellung durchf\u00fchren, denken Sie daran, auf die Schaltfl\u00e4che \u201eMenge aktualisieren\u201c zu klicken, damit die Anzahl der Produkte, die Sie bestellen m\u00f6chten, korrekt ist. \u00a0<\/p>\r\n<p>&nbsp;<\/p>\r\n<h1><strong>WARENKORB\u00a0 \u2013 STEP 2<\/strong><\/h1>\r\n<p>F\u00fcllen Sie das Bestellformular aus:<br \/><strong>REGISTRIERTER NUTZER<\/strong> (sowohl private Nutzer als auch Firmen): Ihre Daten werden gespeichert, und Sie haben mit Username und Password einen schnellen Zugriff, um eventuelle weitere Bestellungen zu t\u00e4tigen.<br \/><strong>FIRMA:\u00a0<\/strong>Sie werden um die Angabe der Umsatzsteuernummer gebeten, damit Ihnen eine Rechnung ausgestellt werden kann. \u00a0<\/p>\r\n<p>Wenn Sie es w\u00fcnschen, k\u00f6nnen Sie den Newsletter abonnieren und werden \u00fcber alle Neuheiten hinsichtlich der Produkte, Werbeaktionen, Kurse und Events informiert.<\/p>\r\n<p>&nbsp;<\/p>\r\n<h1><strong>WARENKORB\u00a0 \u2013 STEP 3<\/strong><\/h1>\r\n<p>Nun k\u00f6nnen Sie mit Ihrer Kreditkarte zahlen.<br \/><strong><br \/><\/strong>Nachdem die Bestellung abgeschlossen wurde, erhalten Sie eine zusammenfassende Best\u00e4tigungs-Mail; bitte bewahren Sie diese auf und nutzen Sie den Link, um den Status der Sendung zu verfolgen. \u00a0<\/p>\r\n<p>Wenn Sie weitere Informationen w\u00fcnschen, kontaktieren Sie uns bitte per E-Mail unter der Adresse\u00a0info@agririva.it\u00a0oder telefonisch von Montag bis Freitag zwischen 8:00-12:00 und 14:00-18:00 Uhr unter der Nummer <strong>(+39) <\/strong><strong>0464 552133<\/strong>.<\/p>\r\n<p>[\/vc_column_text][\/vc_column][\/vc_row]<\/p><\/div>","protected":false},"excerpt":{"rendered":"<p>[vc_row size=&#8220;default&#8220; font_weight=&#8220;&#8220; color=&#8220;primary&#8220; align=&#8220;center&#8220; style=&#8220;image&#8220; image=&#8220;1828&#8243; tag=&#8220;h4&#8243; subtitle_font=&#8220;default&#8220; subtitle_font_weight=&#8220;600&#8243; subtitle_style=&#8220;default&#8220; woodmart_css_id=&#8220;5f8459161a5a8&#8243; title=&#8220;Selezionati per voi&#8220; title_width=&#8220;60&#8243; subtitle_font_size=&#8220;eyJwYXJhbV90eXBlIjoid29vZG1hcnRfcmVzcG9uc2l2ZV9zaXplIiwiY3NzX2FyZ3MiOnsiZm9udC1zaXplIjpbIiAudGl0bGUtc3VidGl0bGUiXX0sInNlbGVjdG9yX2lkIjoiNWY4NDU5MTYxYTVhOCIsImRhdGEiOnsiZGVza3RvcCI6IjE2cHgiLCJ0YWJsZXQiOiIxNHB4IiwibW9iaWxlIjoiMTJweCJ9fQ==&#8220; title_font_size=&#8220;eyJwYXJhbV90eXBlIjoid29vZG1hcnRfcmVzcG9uc2l2ZV9zaXplIiwiY3NzX2FyZ3MiOnsiZm9udC1zaXplIjpbIiAud29vZG1hcnQtdGl0bGUtY29udGFpbmVyIl19LCJzZWxlY3Rvcl9pZCI6IjVmODQ1OTE2MWE1YTgiLCJkYXRhIjp7ImRlc2t0b3AiOiI0OHB4IiwidGFibGV0IjoiMzZweCIsIm1vYmlsZSI6IjI4cHgifX0=&#8220; after_font_size=&#8220;eyJwYXJhbV90eXBlIjoid29vZG1hcnRfcmVzcG9uc2l2ZV9zaXplIiwiY3NzX2FyZ3MiOnsiZm9udC1zaXplIjpbIiAudGl0bGUtYWZ0ZXJfdGl0bGUiXX0sInNlbGVjdG9yX2lkIjoiNWY4NDU5MTYxYTVhOCIsImRhdGEiOnsiZGVza3RvcCI6IjE2cHgifX0=&#8220; css=&#8220;.vc_custom_1602509091419{margin-bottom:<\/p>\n","protected":false},"author":1,"featured_media":0,"parent":0,"menu_order":0,"comment_status":"closed","ping_status":"closed","template":"","meta":{"_acf_changed":false,"_price":"","_stock":"","_tribe_ticket_header":"","_tribe_default_ticket_provider":"","_tribe_ticket_capacity":"0","_ticket_start_date":"","_ticket_end_date":"","_tribe_ticket_show_description":"","_tribe_ticket_show_not_going":false,"_tribe_ticket_use_global_stock":"","_tribe_ticket_global_stock_level":"","_global_stock_mode":"","_global_stock_cap":"","_tribe_rsvp_for_event":"","_tribe_ticket_going_count":"","_tribe_ticket_not_going_count":"","_tribe_tickets_list":"[]","_tribe_ticket_has_attendee_info_fields":false,"footnotes":""},"class_list":["post-6942","page","type-page","status-publish","hentry"],"acf":[],"yoast_head":"<!-- This site is optimized with the Yoast SEO plugin v27.0 - https:\/\/yoast.com\/product\/yoast-seo-wordpress\/ -->\n<title>So bestellen Sie | Agraria Riva del Garda - Trentino - Online Shop<\/title>\n<meta name=\"description\" content=\"Praktische Informationen zur Beratung und Nutzung des Online-Shops der Agraria Riva del Garda.\" \/>\n<meta name=\"robots\" content=\"index, follow, max-snippet:-1, max-image-preview:large, max-video-preview:-1\" \/>\n<link rel=\"canonical\" href=\"https:\/\/store.agririva.it\/de\/so-bestellen-sie-auf-store-agririva-it\/\" \/>\n<meta property=\"og:locale\" content=\"de_DE\" \/>\n<meta property=\"og:type\" content=\"article\" \/>\n<meta property=\"og:title\" content=\"So bestellen Sie | Agraria Riva del Garda - Trentino - Online Shop\" \/>\n<meta property=\"og:description\" content=\"Praktische Informationen zur Beratung und Nutzung des Online-Shops der Agraria Riva del Garda.\" \/>\n<meta property=\"og:url\" content=\"https:\/\/store.agririva.it\/de\/so-bestellen-sie-auf-store-agririva-it\/\" \/>\n<meta property=\"og:site_name\" content=\"Store Rurale - Agraria Riva del Garda\" \/>\n<meta property=\"article:modified_time\" content=\"2020-11-30T16:11:32+00:00\" \/>\n<meta name=\"twitter:card\" content=\"summary_large_image\" \/>\n<meta name=\"twitter:label1\" content=\"Gesch\u00e4tzte Lesezeit\" \/>\n\t<meta name=\"twitter:data1\" content=\"3\u00a0Minuten\" \/>\n<script type=\"application\/ld+json\" class=\"yoast-schema-graph\">{\"@context\":\"https:\/\/schema.org\",\"@graph\":[{\"@type\":\"WebPage\",\"@id\":\"https:\/\/store.agririva.it\/de\/so-bestellen-sie-auf-store-agririva-it\/\",\"url\":\"https:\/\/store.agririva.it\/de\/so-bestellen-sie-auf-store-agririva-it\/\",\"name\":\"So bestellen Sie | Agraria Riva del Garda - Trentino - Online Shop\",\"isPartOf\":{\"@id\":\"https:\/\/store.agririva.it\/de\/#website\"},\"datePublished\":\"2020-10-19T10:25:41+00:00\",\"dateModified\":\"2020-11-30T16:11:32+00:00\",\"description\":\"Praktische Informationen zur Beratung und Nutzung des Online-Shops der Agraria Riva del Garda.\",\"breadcrumb\":{\"@id\":\"https:\/\/store.agririva.it\/de\/so-bestellen-sie-auf-store-agririva-it\/#breadcrumb\"},\"inLanguage\":\"de\",\"potentialAction\":[{\"@type\":\"ReadAction\",\"target\":[\"https:\/\/store.agririva.it\/de\/so-bestellen-sie-auf-store-agririva-it\/\"]}]},{\"@type\":\"BreadcrumbList\",\"@id\":\"https:\/\/store.agririva.it\/de\/so-bestellen-sie-auf-store-agririva-it\/#breadcrumb\",\"itemListElement\":[{\"@type\":\"ListItem\",\"position\":1,\"name\":\"Home\",\"item\":\"https:\/\/store.agririva.it\/de\/\"},{\"@type\":\"ListItem\",\"position\":2,\"name\":\"So bestellen Sie auf store.agririva.it\"}]},{\"@type\":\"WebSite\",\"@id\":\"https:\/\/store.agririva.it\/de\/#website\",\"url\":\"https:\/\/store.agririva.it\/de\/\",\"name\":\"Store Rurale - Agraria Riva del Garda\",\"description\":\"\",\"potentialAction\":[{\"@type\":\"SearchAction\",\"target\":{\"@type\":\"EntryPoint\",\"urlTemplate\":\"https:\/\/store.agririva.it\/de\/?s={search_term_string}\"},\"query-input\":{\"@type\":\"PropertyValueSpecification\",\"valueRequired\":true,\"valueName\":\"search_term_string\"}}],\"inLanguage\":\"de\"}]}<\/script>\n<!-- \/ Yoast SEO plugin. -->","yoast_head_json":{"title":"So bestellen Sie | Agraria Riva del Garda - Trentino - Online Shop","description":"Praktische Informationen zur Beratung und Nutzung des Online-Shops der Agraria Riva del Garda.","robots":{"index":"index","follow":"follow","max-snippet":"max-snippet:-1","max-image-preview":"max-image-preview:large","max-video-preview":"max-video-preview:-1"},"canonical":"https:\/\/store.agririva.it\/de\/so-bestellen-sie-auf-store-agririva-it\/","og_locale":"de_DE","og_type":"article","og_title":"So bestellen Sie | Agraria Riva del Garda - Trentino - Online Shop","og_description":"Praktische Informationen zur Beratung und Nutzung des Online-Shops der Agraria Riva del Garda.","og_url":"https:\/\/store.agririva.it\/de\/so-bestellen-sie-auf-store-agririva-it\/","og_site_name":"Store Rurale - Agraria Riva del Garda","article_modified_time":"2020-11-30T16:11:32+00:00","twitter_card":"summary_large_image","twitter_misc":{"Gesch\u00e4tzte Lesezeit":"3\u00a0Minuten"},"schema":{"@context":"https:\/\/schema.org","@graph":[{"@type":"WebPage","@id":"https:\/\/store.agririva.it\/de\/so-bestellen-sie-auf-store-agririva-it\/","url":"https:\/\/store.agririva.it\/de\/so-bestellen-sie-auf-store-agririva-it\/","name":"So bestellen Sie | Agraria Riva del Garda - Trentino - Online Shop","isPartOf":{"@id":"https:\/\/store.agririva.it\/de\/#website"},"datePublished":"2020-10-19T10:25:41+00:00","dateModified":"2020-11-30T16:11:32+00:00","description":"Praktische Informationen zur Beratung und Nutzung des Online-Shops der Agraria Riva del Garda.","breadcrumb":{"@id":"https:\/\/store.agririva.it\/de\/so-bestellen-sie-auf-store-agririva-it\/#breadcrumb"},"inLanguage":"de","potentialAction":[{"@type":"ReadAction","target":["https:\/\/store.agririva.it\/de\/so-bestellen-sie-auf-store-agririva-it\/"]}]},{"@type":"BreadcrumbList","@id":"https:\/\/store.agririva.it\/de\/so-bestellen-sie-auf-store-agririva-it\/#breadcrumb","itemListElement":[{"@type":"ListItem","position":1,"name":"Home","item":"https:\/\/store.agririva.it\/de\/"},{"@type":"ListItem","position":2,"name":"So bestellen Sie auf store.agririva.it"}]},{"@type":"WebSite","@id":"https:\/\/store.agririva.it\/de\/#website","url":"https:\/\/store.agririva.it\/de\/","name":"Store Rurale - Agraria Riva del Garda","description":"","potentialAction":[{"@type":"SearchAction","target":{"@type":"EntryPoint","urlTemplate":"https:\/\/store.agririva.it\/de\/?s={search_term_string}"},"query-input":{"@type":"PropertyValueSpecification","valueRequired":true,"valueName":"search_term_string"}}],"inLanguage":"de"}]}},"_links":{"self":[{"href":"https:\/\/store.agririva.it\/de\/wp-json\/wp\/v2\/pages\/6942","targetHints":{"allow":["GET"]}}],"collection":[{"href":"https:\/\/store.agririva.it\/de\/wp-json\/wp\/v2\/pages"}],"about":[{"href":"https:\/\/store.agririva.it\/de\/wp-json\/wp\/v2\/types\/page"}],"author":[{"embeddable":true,"href":"https:\/\/store.agririva.it\/de\/wp-json\/wp\/v2\/users\/1"}],"replies":[{"embeddable":true,"href":"https:\/\/store.agririva.it\/de\/wp-json\/wp\/v2\/comments?post=6942"}],"version-history":[{"count":0,"href":"https:\/\/store.agririva.it\/de\/wp-json\/wp\/v2\/pages\/6942\/revisions"}],"wp:attachment":[{"href":"https:\/\/store.agririva.it\/de\/wp-json\/wp\/v2\/media?parent=6942"}],"curies":[{"name":"wp","href":"https:\/\/api.w.org\/{rel}","templated":true}]}}