 {"id":6935,"date":"2020-10-19T12:21:50","date_gmt":"2020-10-19T10:21:50","guid":{"rendered":"http:\/\/store.agririva.it\/ruecktrittsrecht\/"},"modified":"2020-11-30T17:06:18","modified_gmt":"2020-11-30T16:06:18","slug":"ruecktrittsrecht","status":"publish","type":"page","link":"https:\/\/store.agririva.it\/de\/ruecktrittsrecht\/","title":{"rendered":"R\u00fccktrittsrecht"},"content":{"rendered":"<div class=\"wpb-content-wrapper\"><p>[vc_row size=&#8220;default&#8220; font_weight=&#8220;&#8220; color=&#8220;primary&#8220; align=&#8220;center&#8220; style=&#8220;image&#8220; image=&#8220;1828&#8243; tag=&#8220;h4&#8243; subtitle_font=&#8220;default&#8220; subtitle_font_weight=&#8220;600&#8243; subtitle_style=&#8220;default&#8220; woodmart_css_id=&#8220;5f8459161a5a8&#8243; title=&#8220;Selezionati per voi&#8220; title_width=&#8220;60&#8243; subtitle_font_size=&#8220;eyJwYXJhbV90eXBlIjoid29vZG1hcnRfcmVzcG9uc2l2ZV9zaXplIiwiY3NzX2FyZ3MiOnsiZm9udC1zaXplIjpbIiAudGl0bGUtc3VidGl0bGUiXX0sInNlbGVjdG9yX2lkIjoiNWY4NDU5MTYxYTVhOCIsImRhdGEiOnsiZGVza3RvcCI6IjE2cHgiLCJ0YWJsZXQiOiIxNHB4IiwibW9iaWxlIjoiMTJweCJ9fQ==&#8220; title_font_size=&#8220;eyJwYXJhbV90eXBlIjoid29vZG1hcnRfcmVzcG9uc2l2ZV9zaXplIiwiY3NzX2FyZ3MiOnsiZm9udC1zaXplIjpbIiAud29vZG1hcnQtdGl0bGUtY29udGFpbmVyIl19LCJzZWxlY3Rvcl9pZCI6IjVmODQ1OTE2MWE1YTgiLCJkYXRhIjp7ImRlc2t0b3AiOiI0OHB4IiwidGFibGV0IjoiMzZweCIsIm1vYmlsZSI6IjI4cHgifX0=&#8220; after_font_size=&#8220;eyJwYXJhbV90eXBlIjoid29vZG1hcnRfcmVzcG9uc2l2ZV9zaXplIiwiY3NzX2FyZ3MiOnsiZm9udC1zaXplIjpbIiAudGl0bGUtYWZ0ZXJfdGl0bGUiXX0sInNlbGVjdG9yX2lkIjoiNWY4NDU5MTYxYTVhOCIsImRhdGEiOnsiZGVza3RvcCI6IjE2cHgifX0=&#8220; css=&#8220;.vc_custom_1602509091419{margin-bottom: 30px !important;}&#8220; woodmart_empty_space=&#8220;&#8220; title_divider=&#8220;&#8220; title_line_height=&#8220;&#8220; title_custom_color=&#8220;&#8220; woodmart_color_gradient=&#8220;rgb(60, 27, 59)-0\/rgb(90, 55, 105)-33\/rgb(46, 76, 130)-66\/rgb(29, 28, 44)-100\/|linear-gradient(left , rgb(60, 27, 59) , rgb(90, 55, 105) 33% , rgb(46, 76, 130) 66% , rgb(29, 28, 44) 100%)|linear|left&#8220; layout_divider=&#8220;&#8220; image_divider=&#8220;&#8220; img_size=&#8220;&#8220; extra_divider=&#8220;&#8220; subtitle_divider=&#8220;&#8220; subtitle=&#8220;&#8220; subtitle_line_height_size=&#8220;&#8220; subtitle_color=&#8220;&#8220; subtitle_bg_color=&#8220;&#8220; text_divider=&#8220;&#8220; after_title=&#8220;&#8220; after_line_height_size=&#8220;&#8220; after_color=&#8220;&#8220; desktop_text_size=&#8220;&#8220; tablet_text_size=&#8220;&#8220; mobile_text_size=&#8220;&#8220;][vc_column]\t\t\n\t\t<div id=\"wd-5f8471596d481\" class=\"title-wrapper  woodmart-title-color-primary woodmart-title-style-image woodmart-title-width-60 text-center woodmart-title-size-custom vc_custom_1602515302615\">\n\t\t\t\t\t\t\n\t\t\t<div class=\"liner-continer\">\n\t\t\t\t<span class=\"left-line\"><\/span>\n\t\t\t\t<h4 class=\"woodmart-title-container title  woodmart-font-weight-\" >R\u00fccktrittsrecht<\/h4>\t\t\t\t\t\t\t\t\t<span class=\"img-wrapper\"><img decoding=\"async\" class=\"woodmart-lazy-load woodmart-lazy-fade \" src=\"data:image\/png;base64,iVBORw0KGgoAAAANSUhEUgAAACgAAAAKCAYAAADGmhxQAAABSklEQVQ4y7WTW0vDQBCFv93WNIoXlHp58yH4P\/LT+0cWRYpUaqlSbNLc1pcTWEIsJOjAwu7szJ4zc2YNA22RJBHwBMRyeSAHnlPnMsXMgEfgNEjNAZc6Vw3BmzLcYmAWnL+BT+B2kSRePgNsgZOgkDMR3v03QdM574Ar4KLj3+ouDvImQ8HsCIKZutZaBUQ9cZHuQomzoWBTLS85AAr5LFADZSenAF6AOXCjmKwjuwf2QCOSX8A7cPilECscqy63eZEJJCglQ0u41L7UuftZDHAHbPTwPXCt2A2wVugcWKXO+SMqGjUoxLVAbdX6XJ2otD+oiqKPHIAAG8CnzhXAUusVeEudK1sFjpBDb9Q9uDlQjpnBtoN9hAsR4q\/MjCRnNRoPwIfmrQLO1YG9JIo1p2sRb8Z8krGFNcBKI9CSuZRcjRb6IJPAP8h+APNTfq5aQOOvAAAAAElFTkSuQmCC\" data-wood-src=\"https:\/\/store.agririva.it\/wp-content\/uploads\/2020\/07\/divider.png\" width=\"194\" height=\"30\" alt=\"divider\" title=\"divider\" loading=\"lazy\" \/><\/span>\t\t\t\t\t\t\t\t<span class=\"right-line\"><\/span>\n\t\t\t<\/div>\n\t\t\t\n\t\t\t\t\t\t\n\t\t\t\t\t<\/div>\n\t\t\n\t\t[\/vc_column]<\/p>\r\n<p>[\/vc_row][vc_row]<\/p>\r\n<p>[vc_column mobile_bg_img_hidden=&#8220;no&#8220; tablet_bg_img_hidden=&#8220;no&#8220; woodmart_parallax=&#8220;0&#8243; woodmart_sticky_column=&#8220;false&#8220; parallax_scroll=&#8220;no&#8220; mobile_reset_margin=&#8220;no&#8220; tablet_reset_margin=&#8220;no&#8220;][vc_column_text text_larger=&#8220;no&#8220;]<\/p>\r\n\r\n<p>Aus hygienischen Gr\u00fcnden und zum Schutz des Kunden ist das R\u00fccktrittsrecht f\u00fcr die auf Website <u>store.agririva.it<\/u> gekauften Lebensmittelprodukte nicht anwendbar, da sie weder Agraria Riva del Garda zur\u00fcckerstattet noch ohne Gefahr f\u00fcr die Gesundheit der Verbraucher nochmals in den Handel gebracht werden k\u00f6nnen.<\/p>\r\n<p>Gem\u00e4\u00df Art. 59 des ital. Gesetzesdekrets 21\/2014 unterliegen die Merkmale und die Qualit\u00e4t dieser Produkte, die als Lebensmittel klassifiziert werden, Ver\u00e4nderungen, auch infolge einer nicht sachgem\u00e4\u00dfen Lagerung.<\/p>\r\n<p>[\/vc_column_text][\/vc_column][\/vc_row]<\/p><\/div>","protected":false},"excerpt":{"rendered":"<p>[vc_row size=&#8220;default&#8220; font_weight=&#8220;&#8220; color=&#8220;primary&#8220; align=&#8220;center&#8220; style=&#8220;image&#8220; image=&#8220;1828&#8243; tag=&#8220;h4&#8243; subtitle_font=&#8220;default&#8220; subtitle_font_weight=&#8220;600&#8243; subtitle_style=&#8220;default&#8220; woodmart_css_id=&#8220;5f8459161a5a8&#8243; title=&#8220;Selezionati per voi&#8220; title_width=&#8220;60&#8243; subtitle_font_size=&#8220;eyJwYXJhbV90eXBlIjoid29vZG1hcnRfcmVzcG9uc2l2ZV9zaXplIiwiY3NzX2FyZ3MiOnsiZm9udC1zaXplIjpbIiAudGl0bGUtc3VidGl0bGUiXX0sInNlbGVjdG9yX2lkIjoiNWY4NDU5MTYxYTVhOCIsImRhdGEiOnsiZGVza3RvcCI6IjE2cHgiLCJ0YWJsZXQiOiIxNHB4IiwibW9iaWxlIjoiMTJweCJ9fQ==&#8220; title_font_size=&#8220;eyJwYXJhbV90eXBlIjoid29vZG1hcnRfcmVzcG9uc2l2ZV9zaXplIiwiY3NzX2FyZ3MiOnsiZm9udC1zaXplIjpbIiAud29vZG1hcnQtdGl0bGUtY29udGFpbmVyIl19LCJzZWxlY3Rvcl9pZCI6IjVmODQ1OTE2MWE1YTgiLCJkYXRhIjp7ImRlc2t0b3AiOiI0OHB4IiwidGFibGV0IjoiMzZweCIsIm1vYmlsZSI6IjI4cHgifX0=&#8220; after_font_size=&#8220;eyJwYXJhbV90eXBlIjoid29vZG1hcnRfcmVzcG9uc2l2ZV9zaXplIiwiY3NzX2FyZ3MiOnsiZm9udC1zaXplIjpbIiAudGl0bGUtYWZ0ZXJfdGl0bGUiXX0sInNlbGVjdG9yX2lkIjoiNWY4NDU5MTYxYTVhOCIsImRhdGEiOnsiZGVza3RvcCI6IjE2cHgifX0=&#8220; css=&#8220;.vc_custom_1602509091419{margin-bottom:<\/p>\n","protected":false},"author":1,"featured_media":0,"parent":0,"menu_order":0,"comment_status":"closed","ping_status":"closed","template":"","meta":{"_acf_changed":false,"_price":"","_stock":"","_tribe_ticket_header":"","_tribe_default_ticket_provider":"","_tribe_ticket_capacity":"0","_ticket_start_date":"","_ticket_end_date":"","_tribe_ticket_show_description":"","_tribe_ticket_show_not_going":false,"_tribe_ticket_use_global_stock":"","_tribe_ticket_global_stock_level":"","_global_stock_mode":"","_global_stock_cap":"","_tribe_rsvp_for_event":"","_tribe_ticket_going_count":"","_tribe_ticket_not_going_count":"","_tribe_tickets_list":"[]","_tribe_ticket_has_attendee_info_fields":false,"footnotes":""},"class_list":["post-6935","page","type-page","status-publish","hentry"],"acf":[],"yoast_head":"<!-- This site is optimized with the Yoast SEO plugin v27.0 - https:\/\/yoast.com\/product\/yoast-seo-wordpress\/ -->\n<title>R\u00fccktrittsrecht | Agraria Riva del Garda - Trentino - Online Shop<\/title>\n<meta name=\"description\" content=\"R\u00fccktrittsrecht und Durchf\u00fchrungsart f\u00fcr Kunden des Online-Shops von Agraria Riva del Garda.\" \/>\n<meta name=\"robots\" content=\"index, follow, max-snippet:-1, max-image-preview:large, max-video-preview:-1\" \/>\n<link rel=\"canonical\" href=\"https:\/\/store.agririva.it\/de\/ruecktrittsrecht\/\" \/>\n<meta property=\"og:locale\" content=\"de_DE\" \/>\n<meta property=\"og:type\" content=\"article\" \/>\n<meta property=\"og:title\" content=\"R\u00fccktrittsrecht | Agraria Riva del Garda - Trentino - Online Shop\" \/>\n<meta property=\"og:description\" content=\"R\u00fccktrittsrecht und Durchf\u00fchrungsart f\u00fcr Kunden des Online-Shops von Agraria Riva del Garda.\" \/>\n<meta property=\"og:url\" content=\"https:\/\/store.agririva.it\/de\/ruecktrittsrecht\/\" \/>\n<meta property=\"og:site_name\" content=\"Store Rurale - Agraria Riva del Garda\" \/>\n<meta property=\"article:modified_time\" content=\"2020-11-30T16:06:18+00:00\" \/>\n<meta name=\"twitter:card\" content=\"summary_large_image\" \/>\n<meta name=\"twitter:label1\" content=\"Gesch\u00e4tzte Lesezeit\" \/>\n\t<meta name=\"twitter:data1\" content=\"2\u00a0Minuten\" \/>\n<script type=\"application\/ld+json\" class=\"yoast-schema-graph\">{\"@context\":\"https:\/\/schema.org\",\"@graph\":[{\"@type\":\"WebPage\",\"@id\":\"https:\/\/store.agririva.it\/de\/ruecktrittsrecht\/\",\"url\":\"https:\/\/store.agririva.it\/de\/ruecktrittsrecht\/\",\"name\":\"R\u00fccktrittsrecht | Agraria Riva del Garda - Trentino - Online Shop\",\"isPartOf\":{\"@id\":\"https:\/\/store.agririva.it\/de\/#website\"},\"datePublished\":\"2020-10-19T10:21:50+00:00\",\"dateModified\":\"2020-11-30T16:06:18+00:00\",\"description\":\"R\u00fccktrittsrecht und Durchf\u00fchrungsart f\u00fcr Kunden des Online-Shops von Agraria Riva del Garda.\",\"breadcrumb\":{\"@id\":\"https:\/\/store.agririva.it\/de\/ruecktrittsrecht\/#breadcrumb\"},\"inLanguage\":\"de\",\"potentialAction\":[{\"@type\":\"ReadAction\",\"target\":[\"https:\/\/store.agririva.it\/de\/ruecktrittsrecht\/\"]}]},{\"@type\":\"BreadcrumbList\",\"@id\":\"https:\/\/store.agririva.it\/de\/ruecktrittsrecht\/#breadcrumb\",\"itemListElement\":[{\"@type\":\"ListItem\",\"position\":1,\"name\":\"Home\",\"item\":\"https:\/\/store.agririva.it\/de\/\"},{\"@type\":\"ListItem\",\"position\":2,\"name\":\"R\u00fccktrittsrecht\"}]},{\"@type\":\"WebSite\",\"@id\":\"https:\/\/store.agririva.it\/de\/#website\",\"url\":\"https:\/\/store.agririva.it\/de\/\",\"name\":\"Store Rurale - Agraria Riva del Garda\",\"description\":\"\",\"potentialAction\":[{\"@type\":\"SearchAction\",\"target\":{\"@type\":\"EntryPoint\",\"urlTemplate\":\"https:\/\/store.agririva.it\/de\/?s={search_term_string}\"},\"query-input\":{\"@type\":\"PropertyValueSpecification\",\"valueRequired\":true,\"valueName\":\"search_term_string\"}}],\"inLanguage\":\"de\"}]}<\/script>\n<!-- \/ Yoast SEO plugin. -->","yoast_head_json":{"title":"R\u00fccktrittsrecht | Agraria Riva del Garda - Trentino - Online Shop","description":"R\u00fccktrittsrecht und Durchf\u00fchrungsart f\u00fcr Kunden des Online-Shops von Agraria Riva del Garda.","robots":{"index":"index","follow":"follow","max-snippet":"max-snippet:-1","max-image-preview":"max-image-preview:large","max-video-preview":"max-video-preview:-1"},"canonical":"https:\/\/store.agririva.it\/de\/ruecktrittsrecht\/","og_locale":"de_DE","og_type":"article","og_title":"R\u00fccktrittsrecht | Agraria Riva del Garda - Trentino - Online Shop","og_description":"R\u00fccktrittsrecht und Durchf\u00fchrungsart f\u00fcr Kunden des Online-Shops von Agraria Riva del Garda.","og_url":"https:\/\/store.agririva.it\/de\/ruecktrittsrecht\/","og_site_name":"Store Rurale - Agraria Riva del Garda","article_modified_time":"2020-11-30T16:06:18+00:00","twitter_card":"summary_large_image","twitter_misc":{"Gesch\u00e4tzte Lesezeit":"2\u00a0Minuten"},"schema":{"@context":"https:\/\/schema.org","@graph":[{"@type":"WebPage","@id":"https:\/\/store.agririva.it\/de\/ruecktrittsrecht\/","url":"https:\/\/store.agririva.it\/de\/ruecktrittsrecht\/","name":"R\u00fccktrittsrecht | Agraria Riva del Garda - Trentino - Online Shop","isPartOf":{"@id":"https:\/\/store.agririva.it\/de\/#website"},"datePublished":"2020-10-19T10:21:50+00:00","dateModified":"2020-11-30T16:06:18+00:00","description":"R\u00fccktrittsrecht und Durchf\u00fchrungsart f\u00fcr Kunden des Online-Shops von Agraria Riva del Garda.","breadcrumb":{"@id":"https:\/\/store.agririva.it\/de\/ruecktrittsrecht\/#breadcrumb"},"inLanguage":"de","potentialAction":[{"@type":"ReadAction","target":["https:\/\/store.agririva.it\/de\/ruecktrittsrecht\/"]}]},{"@type":"BreadcrumbList","@id":"https:\/\/store.agririva.it\/de\/ruecktrittsrecht\/#breadcrumb","itemListElement":[{"@type":"ListItem","position":1,"name":"Home","item":"https:\/\/store.agririva.it\/de\/"},{"@type":"ListItem","position":2,"name":"R\u00fccktrittsrecht"}]},{"@type":"WebSite","@id":"https:\/\/store.agririva.it\/de\/#website","url":"https:\/\/store.agririva.it\/de\/","name":"Store Rurale - Agraria Riva del Garda","description":"","potentialAction":[{"@type":"SearchAction","target":{"@type":"EntryPoint","urlTemplate":"https:\/\/store.agririva.it\/de\/?s={search_term_string}"},"query-input":{"@type":"PropertyValueSpecification","valueRequired":true,"valueName":"search_term_string"}}],"inLanguage":"de"}]}},"_links":{"self":[{"href":"https:\/\/store.agririva.it\/de\/wp-json\/wp\/v2\/pages\/6935","targetHints":{"allow":["GET"]}}],"collection":[{"href":"https:\/\/store.agririva.it\/de\/wp-json\/wp\/v2\/pages"}],"about":[{"href":"https:\/\/store.agririva.it\/de\/wp-json\/wp\/v2\/types\/page"}],"author":[{"embeddable":true,"href":"https:\/\/store.agririva.it\/de\/wp-json\/wp\/v2\/users\/1"}],"replies":[{"embeddable":true,"href":"https:\/\/store.agririva.it\/de\/wp-json\/wp\/v2\/comments?post=6935"}],"version-history":[{"count":0,"href":"https:\/\/store.agririva.it\/de\/wp-json\/wp\/v2\/pages\/6935\/revisions"}],"wp:attachment":[{"href":"https:\/\/store.agririva.it\/de\/wp-json\/wp\/v2\/media?parent=6935"}],"curies":[{"name":"wp","href":"https:\/\/api.w.org\/{rel}","templated":true}]}}