 {"id":6889,"date":"2020-10-19T12:08:44","date_gmt":"2020-10-19T10:08:44","guid":{"rendered":"http:\/\/store.agririva.it\/zahlung-und-lieferung\/"},"modified":"2024-12-04T12:09:02","modified_gmt":"2024-12-04T11:09:02","slug":"zahlung-und-lieferung","status":"publish","type":"page","link":"https:\/\/store.agririva.it\/de\/zahlung-und-lieferung\/","title":{"rendered":"Zahlung und Lieferung"},"content":{"rendered":"<div class=\"wpb-content-wrapper\"><p>[vc_row size=&#8220;default&#8220; font_weight=&#8220;&#8220; color=&#8220;primary&#8220; align=&#8220;center&#8220; style=&#8220;image&#8220; image=&#8220;1828&#8243; tag=&#8220;h4&#8243; subtitle_font=&#8220;default&#8220; subtitle_font_weight=&#8220;600&#8243; subtitle_style=&#8220;default&#8220; woodmart_css_id=&#8220;5f8459161a5a8&#8243; title=&#8220;Selezionati per voi&#8220; title_width=&#8220;60&#8243; subtitle_font_size=&#8220;eyJwYXJhbV90eXBlIjoid29vZG1hcnRfcmVzcG9uc2l2ZV9zaXplIiwiY3NzX2FyZ3MiOnsiZm9udC1zaXplIjpbIiAudGl0bGUtc3VidGl0bGUiXX0sInNlbGVjdG9yX2lkIjoiNWY4NDU5MTYxYTVhOCIsImRhdGEiOnsiZGVza3RvcCI6IjE2cHgiLCJ0YWJsZXQiOiIxNHB4IiwibW9iaWxlIjoiMTJweCJ9fQ==&#8220; title_font_size=&#8220;eyJwYXJhbV90eXBlIjoid29vZG1hcnRfcmVzcG9uc2l2ZV9zaXplIiwiY3NzX2FyZ3MiOnsiZm9udC1zaXplIjpbIiAud29vZG1hcnQtdGl0bGUtY29udGFpbmVyIl19LCJzZWxlY3Rvcl9pZCI6IjVmODQ1OTE2MWE1YTgiLCJkYXRhIjp7ImRlc2t0b3AiOiI0OHB4IiwidGFibGV0IjoiMzZweCIsIm1vYmlsZSI6IjI4cHgifX0=&#8220; after_font_size=&#8220;eyJwYXJhbV90eXBlIjoid29vZG1hcnRfcmVzcG9uc2l2ZV9zaXplIiwiY3NzX2FyZ3MiOnsiZm9udC1zaXplIjpbIiAudGl0bGUtYWZ0ZXJfdGl0bGUiXX0sInNlbGVjdG9yX2lkIjoiNWY4NDU5MTYxYTVhOCIsImRhdGEiOnsiZGVza3RvcCI6IjE2cHgifX0=&#8220; css=&#8220;.vc_custom_1602509091419{margin-bottom: 30px !important;}&#8220; woodmart_empty_space=&#8220;&#8220; title_divider=&#8220;&#8220; title_line_height=&#8220;&#8220; title_custom_color=&#8220;&#8220; woodmart_color_gradient=&#8220;rgb(60, 27, 59)-0\/rgb(90, 55, 105)-33\/rgb(46, 76, 130)-66\/rgb(29, 28, 44)-100\/|linear-gradient(left , rgb(60, 27, 59) , rgb(90, 55, 105) 33% , rgb(46, 76, 130) 66% , rgb(29, 28, 44) 100%)|linear|left&#8220; layout_divider=&#8220;&#8220; image_divider=&#8220;&#8220; img_size=&#8220;&#8220; extra_divider=&#8220;&#8220; subtitle_divider=&#8220;&#8220; subtitle=&#8220;&#8220; subtitle_line_height_size=&#8220;&#8220; subtitle_color=&#8220;&#8220; subtitle_bg_color=&#8220;&#8220; text_divider=&#8220;&#8220; after_title=&#8220;&#8220; after_line_height_size=&#8220;&#8220; after_color=&#8220;&#8220; desktop_text_size=&#8220;&#8220; tablet_text_size=&#8220;&#8220; mobile_text_size=&#8220;&#8220;][vc_column]\t\t\n\t\t<div id=\"wd-5f84739b894f2\" class=\"title-wrapper  woodmart-title-color-primary woodmart-title-style-image woodmart-title-width-60 text-center woodmart-title-size-custom vc_custom_1602515871565\">\n\t\t\t\t\t\t\n\t\t\t<div class=\"liner-continer\">\n\t\t\t\t<span class=\"left-line\"><\/span>\n\t\t\t\t<h4 class=\"woodmart-title-container title  woodmart-font-weight-\" >Zahlung und Lieferung<\/h4>\t\t\t\t\t\t\t\t\t<span class=\"img-wrapper\"><img decoding=\"async\" class=\"woodmart-lazy-load woodmart-lazy-fade \" src=\"data:image\/png;base64,iVBORw0KGgoAAAANSUhEUgAAACgAAAAKCAYAAADGmhxQAAABSklEQVQ4y7WTW0vDQBCFv93WNIoXlHp58yH4P\/LT+0cWRYpUaqlSbNLc1pcTWEIsJOjAwu7szJ4zc2YNA22RJBHwBMRyeSAHnlPnMsXMgEfgNEjNAZc6Vw3BmzLcYmAWnL+BT+B2kSRePgNsgZOgkDMR3v03QdM574Ar4KLj3+ouDvImQ8HsCIKZutZaBUQ9cZHuQomzoWBTLS85AAr5LFADZSenAF6AOXCjmKwjuwf2QCOSX8A7cPilECscqy63eZEJJCglQ0u41L7UuftZDHAHbPTwPXCt2A2wVugcWKXO+SMqGjUoxLVAbdX6XJ2otD+oiqKPHIAAG8CnzhXAUusVeEudK1sFjpBDb9Q9uDlQjpnBtoN9hAsR4q\/MjCRnNRoPwIfmrQLO1YG9JIo1p2sRb8Z8krGFNcBKI9CSuZRcjRb6IJPAP8h+APNTfq5aQOOvAAAAAElFTkSuQmCC\" data-wood-src=\"https:\/\/store.agririva.it\/wp-content\/uploads\/2020\/07\/divider.png\" width=\"194\" height=\"30\" alt=\"divider\" title=\"divider\" loading=\"lazy\" \/><\/span>\t\t\t\t\t\t\t\t<span class=\"right-line\"><\/span>\n\t\t\t<\/div>\n\t\t\t\n\t\t\t\t\t\t\n\t\t\t\t\t<\/div>\n\t\t\n\t\t[\/vc_column][\/vc_row][vc_row][vc_column mobile_bg_img_hidden=&#8220;no&#8220; tablet_bg_img_hidden=&#8220;no&#8220; woodmart_parallax=&#8220;0&#8243; woodmart_sticky_column=&#8220;false&#8220; parallax_scroll=&#8220;no&#8220; mobile_reset_margin=&#8220;no&#8220; tablet_reset_margin=&#8220;no&#8220;][vc_column_text text_larger=&#8220;no&#8220;]<\/p>\n<h1><strong>Zahlung<\/strong><\/h1>\n<p>Auf http:\/\/store.agririva.it\/ k\u00f6nnen Sie in aller Sicherheit kaufen und mit:<\/p>\n<p><strong>\u2013<\/strong><strong>\u00a0KREDITKARTE<\/strong><br \/>\n<strong>\u2013<\/strong><strong>\u00a0PREPAID-KREDITKARTEN<br \/>\n\u2013 PAYPAL<br \/>\n\u2013 BANK\u00dcBERWEISUNG<br \/>\n<\/strong><\/p>\n<p>zahlen.<\/p>\n<p>F\u00fcr die Zahlung per Bank\u00fcberweisung sind dies unsere Daten:<\/p>\n<p><strong>BANK: Cassa Rurale Alto Garda<\/strong><br \/>\n<strong>IBAN: IT18 Y080 1635 3200 0000 2333 859<\/strong><br \/>\n<strong>INHABER: AGRARIA RIVA DEL GARDA S.C.A.<\/strong><\/p>\n<p>WICHTIG: Geben Sie immer die Bestellnummer als Grund f\u00fcr die \u00dcberweisung an, damit die Bestellung schneller bearbeitet werden kann.<\/p>\n<p>Bei Zahlung per Bank\u00fcberweisung wird der Kunde gebeten, den Einzahlungsbeleg mit der Bestellnummer\u00a0<strong>innerhalb von f\u00fcnf Tagen<\/strong>\u00a0nach der Bestellung zu \u00fcbermitteln. Der Einzahlungsschein kann per E-Mail gesendet werden an:\u00a0<strong><a href=\"mailto:communication@agririva.it\">communication@agririva.it<\/a><\/strong>. Nach Eingang der \u00dcberweisung wird die Bestellung sofort verschickt.<\/p>\n<p>Agraria Riva del Garda s.c.a. beh\u00e4lt sich das Recht vor, die Ware freizugeben, wenn der f\u00e4llige Betrag nicht innerhalb von f\u00fcnf Tagen gutgeschrieben wurde oder wenn der Kunde keine Mitteilung \u00fcber die \u00dcberweisung geschickt hat.<\/p>\n<p><strong><em>F\u00fcr welche Zahlungsmodalit\u00e4t Sie sich auch entscheiden \u2013 Ihre Daten verkehren stets auf sicheren Servern.<\/em><\/strong>[\/vc_column_text][vc_column_text css=&#8220;&#8220; text_larger=&#8220;no&#8220;]<\/p>\n<h1><strong>Lieferung<\/strong><\/h1>\n<div class=\"gmail_default\">Lieferungen sind in der gesamten Europ\u00e4ischen Union m\u00f6glich.<\/div>\n<div class=\"gmail_default\">Lieferungen von Wein k\u00f6nnen nur nach Italien und Deutschland erfolgen (Schaumweine und Spirituosen sind f\u00fcr den Versand ins Ausland nicht verf\u00fcgbar).<\/div>\n<p>Unser vertrauensw\u00fcrdiger Kurierdienst f\u00fcr die Lieferungen ist Mail Boxes Etc.<\/p>\n<p>F\u00fcr Lieferungen in Deutschland von Bestellungen, die Wein enthalten, ist der Kurier Brigl s.p.a. zust\u00e4ndig.<\/p>\n<p>Die Kosten der Lieferung werden <strong>anhand des Volumengewichts berechnet.<\/strong><\/p>\n<p>Sie k\u00f6nnen vom kostenlosen Versand profitieren:<\/p>\n<ul>\n<li>in Italien mit einem Bestellwert von mindestens 100 Euro [au\u00dfer bei besonderen Initiativen oder Aktionen];<\/li>\n<li>in Deutschland, \u00d6sterreich, Belgien, Frankreich, Spanien, Luxemburg, San Marino und Citt\u00e0 del Vaticano mit einem Bestellwert vom mindestens 150 Euro*.<\/li>\n<\/ul>\n<p>*F\u00fcr Eink\u00e4ufe im Ausland, die mehr als 3 Bag-in-Boxen Wein enthalten, auch wenn sie in einer Bestellung von mehr als 150 \u20ac enthalten sind, werden die Versandkosten f\u00fcr Bag-in-Boxen berechnet, die diese St\u00fcckzahl (3 St\u00fcck) \u00fcberschreiten.<\/p>\n<p>F\u00fcr Kunden, die Wein im Ausland kaufen m\u00f6chten, gilt eine Mindestbestellmenge von 6 Einheiten.<\/p>\n<p>Die Einheiten setzen sich wie folgt zusammen:<\/p>\n<p>1 Flasche = 1 Einheit<br \/>\n1 Bag in Box = 2 Einheiten<\/p>\n<p>Die Standardlieferzeit f\u00fcr eine Bestellung betr\u00e4gt maximal 5 Tage ab dem Zeitpunkt der \u00dcbergabe deiner Bestellung an das Transportunternehmen (7 Tage f\u00fcr nord- und osteurop\u00e4ische L\u00e4nder).<\/p>\n<p><strong>Alle Bestellungen werden am n\u00e4chsten Werktag nach Eingang vorbereitet und versandt.<\/strong><\/p>\n<p>Bestellungen, die freitags nach 12:00 Uhr eintreffen, werden am folgenden Montag versandt, um lange Liegezeiten in Lagerungseinrichtungen zu vermeiden.<\/p>\n<p>Bestellungen, die Wein enthalten, werden zweimal w\u00f6chentlich nach Deutschland versandt, in der Regel montags und donnerstags (wenn es sich um einen Feiertag handelt, werden die Bestellungen am n\u00e4chsten Werktag versandt).<\/p>\n<p>Falls unvorhergesehene Ereignisse auftreten, aufgrund deren wir diese Lieferzeiten nicht einhalten k\u00f6nnen (unvorhergesehene Nichtverf\u00fcgbarkeit der Produkte), werden Sie unverz\u00fcglich benachrichtigt.<\/p>\n<p><strong><em>Nachdem Sie den Zahlungsvorgang abgeschlossen haben, erhalten Sie eine Best\u00e4tigungs-Mail, die einen Link enth\u00e4lt, mit dem Sie Ihre Lieferung in jeder Phase verfolgen k\u00f6nnen. Auf diese Weise erfahren Sie, f\u00fcr welchen Tag die Lieferung geplant ist und wann Ihre bestellte Ware zugestellt wird.<\/em><\/strong><\/p>\n<p>Es ist wichtig, dass alle f\u00fcr die Lieferung erforderlichen Angaben (Anschrift, Hausnummer, Name und PLZ) korrekt angegeben sind, um die Zustellung zu erleichtern, au\u00dferdem m\u00fcssen Ihr Name und die Hausnummer bei der Lieferung gut sichtbar sein.<\/p>\n<p><strong>Aus diesem Grund \u00fcbernehmen wir keine Haftung f\u00fcr eventuelle Fehler des Kunden beim Ausf\u00fcllen des Formulars.<\/strong><\/p>\n<p>Wir m\u00f6chten Sie dar\u00fcber informieren, dass Sie nach einem ersten erfolglosen Zustellversuch ohne zus\u00e4tzliche Kosten Anspruch auf einen weiteren Zustellversuch haben, der mit dem Frachtf\u00fchrer (Lagerung in Zustellbasis) zu vereinbaren ist. In diesem Fall verlangt der Frachtf\u00fchrer die Telefonnummer des Kunden als zus\u00e4tzliche Information.<\/p>\n<p>Die Lagerung in der Zustellbasis wird von der Firma <strong><u>Agraria Riva del Garda s.c.a.<\/u><\/strong> veranlasst, die den Status Ihrer Sendung st\u00e4ndig \u00fcberwacht. Auch dem Kunden wird empfohlen, die Lieferung mithilfe des Tracking-Codes zu verfolgen, der diesem bei Versand der bestellten Ware mitgeteilt wird.<\/p>\n<p>Nach dem zweiten erfolglosen Zustellversuch werden keine weiteren Versuche unternommen, deshalb ist der Kunde verpflichtet, das Paket in m\u00f6glichst kurzer Zeit am Sitz des Frachtf\u00fchrers abzuholen, wo es gelagert wird.<\/p>\n<p>Um das Paket am Sitz des Frachtf\u00fchrers abzuholen, m\u00fcssen Sie die Sendungsnummer kennen und einen Ausweis vorlegen.<\/p>\n<p>Falls der Empf\u00e4nger das Paket nicht pers\u00f6nlich abholt, muss die vertretende Person eine unterzeichnete Vollmacht des Empf\u00e4ngers vorlegen, in der dieser die Abholung des Pakets genehmigt.<\/p>\n<p>Falls f\u00fcr eine nochmalige Auslieferung zus\u00e4tzliche Informationen erforderlich sind, werden Sie per E-Mail darum gebeten.<\/p>\n<p>Wenn der Empf\u00e4nger zum Zeitpunkt der Lieferung nicht anwesend ist, hinterl\u00e4sst der Zusteller an der Lieferadresse eine Nachricht.<\/p>\n<p>Bei Sendungen nach Deutschland von Bestellungen, die Wein enthalten, erh\u00e4lt der Empf\u00e4nger bei Nichtzustellung beim ersten Versuch eine E-Mail-Benachrichtigung und die Ware wird an der n\u00e4chstgelegenen Abholstelle gelagert. Bei falscher oder nicht vorhandener Adresse werden die Waren automatisch zur\u00fcckgeschickt.<\/p>\n<p><strong>Agraria Riva del Garda s.c.a.<\/strong><strong> haftet nicht f\u00fcr Fehler oder die Nichtlieferung der Ware aufgrund einer ungenau oder unvollst\u00e4ndig ausgef\u00fcllten Bestellung und f\u00fcr die betr\u00fcgerische\/ unrechtm\u00e4\u00dfige Verwendung der Kreditkarte; die zus\u00e4tzlichen Kosten f\u00fcr die nochmalige Lieferung aus den oben genannten Gr\u00fcnden gehen zu Lasten des Kunden (z.B. Lagerkosten). <\/strong><strong>Vergessen Sie nicht, Ihre Daten zu \u00fcberpr\u00fcfen und zus\u00e4tzliche Angaben zu machen (z.B. Pf\u00f6rtner, Name auf dem Klingelschild, Telefonnummer usw.)<\/strong>[\/vc_column_text][vc_column_text text_larger=&#8220;no&#8220;]<\/p>\n<h1><strong>Verpackung<\/strong><\/h1>\n<p>Dank unserer langj\u00e4hrigen Erfahrung werden Ihre Produkte bestm\u00f6glich f\u00fcr den Versand vorbereitet und verpackt, um Sch\u00e4den vorzubeugen, die unterwegs durch die schlechte Handhabung des Pakets verursacht werden k\u00f6nnten. Wir bem\u00fchen uns, m\u00f6glichst wenig Kunststoff und stattdessen Papier und Karton zu verwenden, auch f\u00fcr die Schutzh\u00fcllen.[\/vc_column_text][\/vc_column][\/vc_row]<\/p>\n<\/div>","protected":false},"excerpt":{"rendered":"<p>[vc_row size=&#8220;default&#8220; font_weight=&#8220;&#8220; color=&#8220;primary&#8220; align=&#8220;center&#8220; style=&#8220;image&#8220; image=&#8220;1828&#8243; tag=&#8220;h4&#8243; subtitle_font=&#8220;default&#8220; subtitle_font_weight=&#8220;600&#8243; subtitle_style=&#8220;default&#8220; woodmart_css_id=&#8220;5f8459161a5a8&#8243; title=&#8220;Selezionati per voi&#8220; title_width=&#8220;60&#8243; subtitle_font_size=&#8220;eyJwYXJhbV90eXBlIjoid29vZG1hcnRfcmVzcG9uc2l2ZV9zaXplIiwiY3NzX2FyZ3MiOnsiZm9udC1zaXplIjpbIiAudGl0bGUtc3VidGl0bGUiXX0sInNlbGVjdG9yX2lkIjoiNWY4NDU5MTYxYTVhOCIsImRhdGEiOnsiZGVza3RvcCI6IjE2cHgiLCJ0YWJsZXQiOiIxNHB4IiwibW9iaWxlIjoiMTJweCJ9fQ==&#8220; title_font_size=&#8220;eyJwYXJhbV90eXBlIjoid29vZG1hcnRfcmVzcG9uc2l2ZV9zaXplIiwiY3NzX2FyZ3MiOnsiZm9udC1zaXplIjpbIiAud29vZG1hcnQtdGl0bGUtY29udGFpbmVyIl19LCJzZWxlY3Rvcl9pZCI6IjVmODQ1OTE2MWE1YTgiLCJkYXRhIjp7ImRlc2t0b3AiOiI0OHB4IiwidGFibGV0IjoiMzZweCIsIm1vYmlsZSI6IjI4cHgifX0=&#8220; after_font_size=&#8220;eyJwYXJhbV90eXBlIjoid29vZG1hcnRfcmVzcG9uc2l2ZV9zaXplIiwiY3NzX2FyZ3MiOnsiZm9udC1zaXplIjpbIiAudGl0bGUtYWZ0ZXJfdGl0bGUiXX0sInNlbGVjdG9yX2lkIjoiNWY4NDU5MTYxYTVhOCIsImRhdGEiOnsiZGVza3RvcCI6IjE2cHgifX0=&#8220; css=&#8220;.vc_custom_1602509091419{margin-bottom:<\/p>\n","protected":false},"author":1,"featured_media":0,"parent":0,"menu_order":0,"comment_status":"closed","ping_status":"closed","template":"","meta":{"_acf_changed":false,"_price":"","_stock":"","_tribe_ticket_header":"","_tribe_default_ticket_provider":"","_tribe_ticket_capacity":"0","_ticket_start_date":"","_ticket_end_date":"","_tribe_ticket_show_description":"","_tribe_ticket_show_not_going":false,"_tribe_ticket_use_global_stock":"","_tribe_ticket_global_stock_level":"","_global_stock_mode":"","_global_stock_cap":"","_tribe_rsvp_for_event":"","_tribe_ticket_going_count":"","_tribe_ticket_not_going_count":"","_tribe_tickets_list":"[]","_tribe_ticket_has_attendee_info_fields":false,"footnotes":""},"class_list":["post-6889","page","type-page","status-publish","hentry"],"acf":[],"yoast_head":"<!-- This site is optimized with the Yoast SEO plugin v27.0 - https:\/\/yoast.com\/product\/yoast-seo-wordpress\/ -->\n<title>Zahlung und Lieferung | Agraria Riva del Garda - Trentino - Online Shop<\/title>\n<meta name=\"description\" content=\"Informationen zu den Zahlungs- und Versandbedingungen des Online-Shop von Agraria Riva del Garda.\" \/>\n<meta name=\"robots\" content=\"index, follow, max-snippet:-1, max-image-preview:large, max-video-preview:-1\" \/>\n<link rel=\"canonical\" href=\"https:\/\/store.agririva.it\/de\/zahlung-und-lieferung\/\" \/>\n<meta property=\"og:locale\" content=\"de_DE\" \/>\n<meta property=\"og:type\" content=\"article\" \/>\n<meta property=\"og:title\" content=\"Zahlung und Lieferung | Agraria Riva del Garda - Trentino - Online Shop\" \/>\n<meta property=\"og:description\" content=\"Informationen zu den Zahlungs- und Versandbedingungen des Online-Shop von Agraria Riva del Garda.\" \/>\n<meta property=\"og:url\" content=\"https:\/\/store.agririva.it\/de\/zahlung-und-lieferung\/\" \/>\n<meta property=\"og:site_name\" content=\"Store Rurale - Agraria Riva del Garda\" \/>\n<meta property=\"article:modified_time\" content=\"2024-12-04T11:09:02+00:00\" \/>\n<meta name=\"twitter:card\" content=\"summary_large_image\" \/>\n<meta name=\"twitter:label1\" content=\"Gesch\u00e4tzte Lesezeit\" \/>\n\t<meta name=\"twitter:data1\" content=\"6\u00a0Minuten\" \/>\n<script type=\"application\/ld+json\" class=\"yoast-schema-graph\">{\"@context\":\"https:\/\/schema.org\",\"@graph\":[{\"@type\":\"WebPage\",\"@id\":\"https:\/\/store.agririva.it\/de\/zahlung-und-lieferung\/\",\"url\":\"https:\/\/store.agririva.it\/de\/zahlung-und-lieferung\/\",\"name\":\"Zahlung und Lieferung | Agraria Riva del Garda - Trentino - Online Shop\",\"isPartOf\":{\"@id\":\"https:\/\/store.agririva.it\/de\/#website\"},\"datePublished\":\"2020-10-19T10:08:44+00:00\",\"dateModified\":\"2024-12-04T11:09:02+00:00\",\"description\":\"Informationen zu den Zahlungs- und Versandbedingungen des Online-Shop von Agraria Riva del Garda.\",\"breadcrumb\":{\"@id\":\"https:\/\/store.agririva.it\/de\/zahlung-und-lieferung\/#breadcrumb\"},\"inLanguage\":\"de\",\"potentialAction\":[{\"@type\":\"ReadAction\",\"target\":[\"https:\/\/store.agririva.it\/de\/zahlung-und-lieferung\/\"]}]},{\"@type\":\"BreadcrumbList\",\"@id\":\"https:\/\/store.agririva.it\/de\/zahlung-und-lieferung\/#breadcrumb\",\"itemListElement\":[{\"@type\":\"ListItem\",\"position\":1,\"name\":\"Home\",\"item\":\"https:\/\/store.agririva.it\/de\/\"},{\"@type\":\"ListItem\",\"position\":2,\"name\":\"Zahlung und Lieferung\"}]},{\"@type\":\"WebSite\",\"@id\":\"https:\/\/store.agririva.it\/de\/#website\",\"url\":\"https:\/\/store.agririva.it\/de\/\",\"name\":\"Store Rurale - Agraria Riva del Garda\",\"description\":\"\",\"potentialAction\":[{\"@type\":\"SearchAction\",\"target\":{\"@type\":\"EntryPoint\",\"urlTemplate\":\"https:\/\/store.agririva.it\/de\/?s={search_term_string}\"},\"query-input\":{\"@type\":\"PropertyValueSpecification\",\"valueRequired\":true,\"valueName\":\"search_term_string\"}}],\"inLanguage\":\"de\"}]}<\/script>\n<!-- \/ Yoast SEO plugin. -->","yoast_head_json":{"title":"Zahlung und Lieferung | Agraria Riva del Garda - Trentino - Online Shop","description":"Informationen zu den Zahlungs- und Versandbedingungen des Online-Shop von Agraria Riva del Garda.","robots":{"index":"index","follow":"follow","max-snippet":"max-snippet:-1","max-image-preview":"max-image-preview:large","max-video-preview":"max-video-preview:-1"},"canonical":"https:\/\/store.agririva.it\/de\/zahlung-und-lieferung\/","og_locale":"de_DE","og_type":"article","og_title":"Zahlung und Lieferung | Agraria Riva del Garda - Trentino - Online Shop","og_description":"Informationen zu den Zahlungs- und Versandbedingungen des Online-Shop von Agraria Riva del Garda.","og_url":"https:\/\/store.agririva.it\/de\/zahlung-und-lieferung\/","og_site_name":"Store Rurale - Agraria Riva del Garda","article_modified_time":"2024-12-04T11:09:02+00:00","twitter_card":"summary_large_image","twitter_misc":{"Gesch\u00e4tzte Lesezeit":"6\u00a0Minuten"},"schema":{"@context":"https:\/\/schema.org","@graph":[{"@type":"WebPage","@id":"https:\/\/store.agririva.it\/de\/zahlung-und-lieferung\/","url":"https:\/\/store.agririva.it\/de\/zahlung-und-lieferung\/","name":"Zahlung und Lieferung | Agraria Riva del Garda - Trentino - Online Shop","isPartOf":{"@id":"https:\/\/store.agririva.it\/de\/#website"},"datePublished":"2020-10-19T10:08:44+00:00","dateModified":"2024-12-04T11:09:02+00:00","description":"Informationen zu den Zahlungs- und Versandbedingungen des Online-Shop von Agraria Riva del Garda.","breadcrumb":{"@id":"https:\/\/store.agririva.it\/de\/zahlung-und-lieferung\/#breadcrumb"},"inLanguage":"de","potentialAction":[{"@type":"ReadAction","target":["https:\/\/store.agririva.it\/de\/zahlung-und-lieferung\/"]}]},{"@type":"BreadcrumbList","@id":"https:\/\/store.agririva.it\/de\/zahlung-und-lieferung\/#breadcrumb","itemListElement":[{"@type":"ListItem","position":1,"name":"Home","item":"https:\/\/store.agririva.it\/de\/"},{"@type":"ListItem","position":2,"name":"Zahlung und Lieferung"}]},{"@type":"WebSite","@id":"https:\/\/store.agririva.it\/de\/#website","url":"https:\/\/store.agririva.it\/de\/","name":"Store Rurale - Agraria Riva del Garda","description":"","potentialAction":[{"@type":"SearchAction","target":{"@type":"EntryPoint","urlTemplate":"https:\/\/store.agririva.it\/de\/?s={search_term_string}"},"query-input":{"@type":"PropertyValueSpecification","valueRequired":true,"valueName":"search_term_string"}}],"inLanguage":"de"}]}},"_links":{"self":[{"href":"https:\/\/store.agririva.it\/de\/wp-json\/wp\/v2\/pages\/6889","targetHints":{"allow":["GET"]}}],"collection":[{"href":"https:\/\/store.agririva.it\/de\/wp-json\/wp\/v2\/pages"}],"about":[{"href":"https:\/\/store.agririva.it\/de\/wp-json\/wp\/v2\/types\/page"}],"author":[{"embeddable":true,"href":"https:\/\/store.agririva.it\/de\/wp-json\/wp\/v2\/users\/1"}],"replies":[{"embeddable":true,"href":"https:\/\/store.agririva.it\/de\/wp-json\/wp\/v2\/comments?post=6889"}],"version-history":[{"count":0,"href":"https:\/\/store.agririva.it\/de\/wp-json\/wp\/v2\/pages\/6889\/revisions"}],"wp:attachment":[{"href":"https:\/\/store.agririva.it\/de\/wp-json\/wp\/v2\/media?parent=6889"}],"curies":[{"name":"wp","href":"https:\/\/api.w.org\/{rel}","templated":true}]}}