 {"id":6868,"date":"2020-10-19T11:44:10","date_gmt":"2020-10-19T09:44:10","guid":{"rendered":"http:\/\/store.agririva.it\/kaufbedingungen\/"},"modified":"2023-09-15T09:57:54","modified_gmt":"2023-09-15T07:57:54","slug":"kaufbedingungen","status":"publish","type":"page","link":"https:\/\/store.agririva.it\/de\/kaufbedingungen\/","title":{"rendered":"Kaufbedingungen"},"content":{"rendered":"<div class=\"wpb-content-wrapper\"><p>[vc_row size=&#8220;default&#8220; font_weight=&#8220;&#8220; color=&#8220;primary&#8220; align=&#8220;center&#8220; style=&#8220;image&#8220; image=&#8220;1828&#8243; tag=&#8220;h4&#8243; subtitle_font=&#8220;default&#8220; subtitle_font_weight=&#8220;600&#8243; subtitle_style=&#8220;default&#8220; woodmart_css_id=&#8220;5f8459161a5a8&#8243; title=&#8220;Selezionati per voi&#8220; title_width=&#8220;60&#8243; subtitle_font_size=&#8220;eyJwYXJhbV90eXBlIjoid29vZG1hcnRfcmVzcG9uc2l2ZV9zaXplIiwiY3NzX2FyZ3MiOnsiZm9udC1zaXplIjpbIiAudGl0bGUtc3VidGl0bGUiXX0sInNlbGVjdG9yX2lkIjoiNWY4NDU5MTYxYTVhOCIsImRhdGEiOnsiZGVza3RvcCI6IjE2cHgiLCJ0YWJsZXQiOiIxNHB4IiwibW9iaWxlIjoiMTJweCJ9fQ==&#8220; title_font_size=&#8220;eyJwYXJhbV90eXBlIjoid29vZG1hcnRfcmVzcG9uc2l2ZV9zaXplIiwiY3NzX2FyZ3MiOnsiZm9udC1zaXplIjpbIiAud29vZG1hcnQtdGl0bGUtY29udGFpbmVyIl19LCJzZWxlY3Rvcl9pZCI6IjVmODQ1OTE2MWE1YTgiLCJkYXRhIjp7ImRlc2t0b3AiOiI0OHB4IiwidGFibGV0IjoiMzZweCIsIm1vYmlsZSI6IjI4cHgifX0=&#8220; after_font_size=&#8220;eyJwYXJhbV90eXBlIjoid29vZG1hcnRfcmVzcG9uc2l2ZV9zaXplIiwiY3NzX2FyZ3MiOnsiZm9udC1zaXplIjpbIiAudGl0bGUtYWZ0ZXJfdGl0bGUiXX0sInNlbGVjdG9yX2lkIjoiNWY4NDU5MTYxYTVhOCIsImRhdGEiOnsiZGVza3RvcCI6IjE2cHgifX0=&#8220; css=&#8220;.vc_custom_1602509091419{margin-bottom: 30px !important;}&#8220; woodmart_empty_space=&#8220;&#8220; title_divider=&#8220;&#8220; title_line_height=&#8220;&#8220; title_custom_color=&#8220;&#8220; woodmart_color_gradient=&#8220;rgb(60, 27, 59)-0\/rgb(90, 55, 105)-33\/rgb(46, 76, 130)-66\/rgb(29, 28, 44)-100\/|linear-gradient(left , rgb(60, 27, 59) , rgb(90, 55, 105) 33% , rgb(46, 76, 130) 66% , rgb(29, 28, 44) 100%)|linear|left&#8220; layout_divider=&#8220;&#8220; image_divider=&#8220;&#8220; img_size=&#8220;&#8220; extra_divider=&#8220;&#8220; subtitle_divider=&#8220;&#8220; subtitle=&#8220;&#8220; subtitle_line_height_size=&#8220;&#8220; subtitle_color=&#8220;&#8220; subtitle_bg_color=&#8220;&#8220; text_divider=&#8220;&#8220; after_title=&#8220;&#8220; after_line_height_size=&#8220;&#8220; after_color=&#8220;&#8220; desktop_text_size=&#8220;&#8220; tablet_text_size=&#8220;&#8220; mobile_text_size=&#8220;&#8220;][vc_column]\t\t\n\t\t<div id=\"wd-5f845984ebcff\" class=\"title-wrapper  woodmart-title-color-primary woodmart-title-style-image woodmart-title-width-60 text-center woodmart-title-size-custom vc_custom_1602509201168\">\n\t\t\t\t\t\t\n\t\t\t<div class=\"liner-continer\">\n\t\t\t\t<span class=\"left-line\"><\/span>\n\t\t\t\t<h4 class=\"woodmart-title-container title  woodmart-font-weight-\" >Kaufbedingungen<\/h4>\t\t\t\t\t\t\t\t\t<span class=\"img-wrapper\"><img decoding=\"async\" class=\"woodmart-lazy-load woodmart-lazy-fade \" src=\"data:image\/png;base64,iVBORw0KGgoAAAANSUhEUgAAACgAAAAKCAYAAADGmhxQAAABSklEQVQ4y7WTW0vDQBCFv93WNIoXlHp58yH4P\/LT+0cWRYpUaqlSbNLc1pcTWEIsJOjAwu7szJ4zc2YNA22RJBHwBMRyeSAHnlPnMsXMgEfgNEjNAZc6Vw3BmzLcYmAWnL+BT+B2kSRePgNsgZOgkDMR3v03QdM574Ar4KLj3+ouDvImQ8HsCIKZutZaBUQ9cZHuQomzoWBTLS85AAr5LFADZSenAF6AOXCjmKwjuwf2QCOSX8A7cPilECscqy63eZEJJCglQ0u41L7UuftZDHAHbPTwPXCt2A2wVugcWKXO+SMqGjUoxLVAbdX6XJ2otD+oiqKPHIAAG8CnzhXAUusVeEudK1sFjpBDb9Q9uDlQjpnBtoN9hAsR4q\/MjCRnNRoPwIfmrQLO1YG9JIo1p2sRb8Z8krGFNcBKI9CSuZRcjRb6IJPAP8h+APNTfq5aQOOvAAAAAElFTkSuQmCC\" data-wood-src=\"https:\/\/store.agririva.it\/wp-content\/uploads\/2020\/07\/divider.png\" width=\"194\" height=\"30\" alt=\"divider\" title=\"divider\" loading=\"lazy\" \/><\/span>\t\t\t\t\t\t\t\t<span class=\"right-line\"><\/span>\n\t\t\t<\/div>\n\t\t\t\n\t\t\t\t\t\t\n\t\t\t\t\t<\/div>\n\t\t\n\t\t[\/vc_column][\/vc_row][vc_row][vc_column][vc_column_text text_larger=&#8220;no&#8220;]<strong>1. G\u00fcltigkeit der Allgemeinen Vertragsbedingungen <\/strong><br \/>\nDer Betreiber und Verantwortliche des Internet-Portals store.agririva.it ist\u00a0<strong>Agraria Riva del Garda s.c.a.<\/strong> F\u00fcr das Vertragsverh\u00e4ltnis zwischen <strong>Agraria Riva del Garda s.c.a.<\/strong>und dem<strong> Kunden<\/strong>gelten die zum Zeitpunkt des Kaufs ver\u00f6ffentlichten Gesch\u00e4ftsbedingungen, die vom K\u00e4ufer akzeptiert worden sind.<\/p>\n<p><strong>2. Parteien<\/strong><\/p>\n<p>Die Vertragsparteien sind <strong>Agraria Riva del Garda s.c.a.<\/strong> mit Sitz in via San Nazzaro 4 \u2013 38066 Riva del Garda (TN) \u2013 Italien und der Kunde, dessen Daten auf dem Bestellformular angegeben sind.<\/p>\n<p><strong>3. Vertragsgegenstand<\/strong><\/p>\n<p>Mit dem vorliegenden Vertrag bietet <strong>Agraria Riva del Garda s.c.a.<\/strong> dem Kunden Waren und Dienstleistungen an, die im Bestellformular aufgef\u00fchrt sind, das als wesentlicher Bestandteil des Vertrags zu betrachten ist.<\/p>\n<p><strong>4. Vertragsabschluss<\/strong><\/p>\n<p>Der Vertrag kommt mit der Annahme der vorliegenden Allgemeinen Gesch\u00e4ftsbedingungen zustande.<\/p>\n<p>Nach einer Bestellung erh\u00e4lt der Kunde eine E-Mail, die den Inhalt der Bestellung und die vorliegenden Bedingungen zusammenfasst.<\/p>\n<p>Der Kunde ist dar\u00fcber aufgekl\u00e4rt und akzeptiert, dass die auf der Website Agraria Riva del Garda zum Verkauf angebotenen Produkte \u201eGefahr laufen, schnell zu verderben oder das Haltbarkeitsdatum zu \u00fcberschreiten\u201c und dass sie deshalb gem\u00e4\u00df Art. 59 des ital. Gesetzesdekrets 21\/2014 zu den Lebensmittelprodukten geh\u00f6ren, deren Eigenschaften und Qualit\u00e4t Ver\u00e4nderungen unterliegen, auch infolge einer nicht sachgem\u00e4\u00dfen Aufbewahrung. Aus diesem Grund ist <u>das R\u00fccktrittsrecht aus hygienischen Gr\u00fcnden und zum Schutz des Kunden f\u00fcr die auf der Website<\/u> store.agririva.it <u>erworbenen Produkte nicht anwendbar, da sie Agraria Riva del Garda nicht zur\u00fcckerstattet werden k\u00f6nnen, ohne die Gesundheit der Verbraucher zu gef\u00e4hrden.<\/u><\/p>\n<p><strong>5. Verf\u00fcgbarkeit der Waren\u00a0<\/strong><\/p>\n<p>Es k\u00f6nnen ausschlie\u00dflich die Waren gekauft werden, die im Portal store.agririva.it angeboten werden, und in den Mengen, die auf Lager sind. Falls mehr als die vorr\u00e4tige Menge bestellt wird, wird die Bestellung bis zu der auf Lager befindlichen Menge angenommen, und der Kunde wird per E-Mail informiert.<\/p>\n<p><strong>6. Zahlungsmodalit\u00e4ten<\/strong><\/p>\n<p>Der Kunde ist verpflichtet, <strong>Agraria Riva del Garda s.c.a.<\/strong>den im Bestellformular vereinbarten Preis zu zahlen. Der Gesamtpreis versteht sich einschlie\u00dflich MwSt. und zuz\u00fcglich eventueller gesetzlicher Geb\u00fchren und Lieferkosten.<\/p>\n<p>Die Lieferkosten werden separat und automatisch berechnet und auf der Seite mit der Bestellungsbest\u00e4tigung angegeben.<\/p>\n<p>Die Lieferkosten k\u00f6nnen je nach gew\u00e4hlter Zahlungsmodalit\u00e4t und entsprechend dem Bestimmungsort variieren.<\/p>\n<p>Falls sich der Bestimmungsort innerhalb der EU befindet, wird die Ware geliefert, aber eventuelle zus\u00e4tzliche Kosten in Form von Steuern oder Abgaben, die in dem jeweiligen Bestimmungsland der Ware vorgeschrieben sind, gehen wie auch die Frachtkosten zu Lasten des Kunden.<\/p>\n<p><strong>Agraria Riva del Garda s.c.a.<\/strong> haftet nicht f\u00fcr Fehler oder die Nichtlieferung der Ware aufgrund einer ungenau oder unvollst\u00e4ndig ausgef\u00fcllten Bestellung und f\u00fcr die betr\u00fcgerische\/ unrechtm\u00e4\u00dfige Verwendung der Kreditkarte; die zus\u00e4tzlichen Kosten f\u00fcr die Lieferung bei R\u00fcckgabe aus den oben genannten Gr\u00fcnden gehen zu Lasten des Kunden (z.B. Lagerkosten).<\/p>\n<p><strong>7. Lieferzeiten<\/strong><\/p>\n<p><strong>Agraria Riva del Garda s.c.a.<\/strong> liefert die Ware innerhalb von h\u00f6chstens f\u00fcnf Werktagen mittels Lieferdienst an die auf dem Bestellformular angegebene Adresse.<\/p>\n<p>Die oben genannten Lieferzeiten gelten f\u00fcr Produkte, die im Lager (von <strong>Agraria Riva del Garda s.c.a.<\/strong>) zum Zeitpunkt der Bestellung vorr\u00e4tig sind, und unter der Voraussetzung, dass die f\u00fcr die Annahme der Ware zust\u00e4ndige Person anwesend ist.<\/p>\n<p>Bestellungen, die freitags nach 12:00 Uhr eintreffen, werden am folgenden Montag versandt, um lange Liegezeiten in Lagerungseinrichtungen zu vermeiden.<\/p>\n<p><strong>Agraria Riva del Garda s.c.a.<\/strong> \u00fcbernimmt keine Haftung f\u00fcr versp\u00e4tete Lieferungen aufgrund von unvorhersehbaren Ereignissen oder h\u00f6herer Gewalt.<\/p>\n<p><strong>8. Pflichten des Kunden<\/strong><\/p>\n<p>Mit Annahme des vorliegenden Vertrags erkl\u00e4rt der Kunde, Einsicht in das gesamte Angebot, die Produkteigenschaften und die allgemeinen Vertragsbedingungen genommen zu haben.<\/p>\n<p>Es ist Pflicht des Kunden, den vorliegenden Vertrag auszudrucken und aufzubewahren. Der Kunde erkl\u00e4rt au\u00dferdem, im Anmeldeformular keine falschen oder erfundenen Angaben gemacht zu haben, und dar\u00fcber hinaus, dass die angegebenen personenbezogenen Daten der Wahrheit entsprechen. <strong>Agraria Riva del Garda s.c.a.<\/strong> beh\u00e4lt sich vor, jeden Versto\u00df oder Missbrauch den zust\u00e4ndigen Stellen zu melden.<\/p>\n<p>Die vom Kunden mit dem vorliegenden Vertrag \u00fcbernommenen Pflichten wie auch die Zahlungsgarantie durch den Kunden gem\u00e4\u00df Abschnitt 5 sind f\u00fcr die Firma <strong>Agraria Riva del Garda s.c.a. Grundbedingung<\/strong>, die sich bei Nichterf\u00fcllung einer der oben genannten Pflichten das Recht vorbeh\u00e4lt, unbeschadet eines eventuellen Anspruchs auf Schadensersatz den Vertrag aufzul\u00f6sen.<\/p>\n<p><strong>9. Mitteilungen\u00a0<\/strong><\/p>\n<p>Eventuelle Mitteilungen und\/oder Meldungen an\u00a0<strong>Agraria Riva del Garda s.c.a.<\/strong>m\u00fcssen per Einschreiben mit R\u00fcckschein an\u00a0<strong>Agraria Riva del Garda s.c.a.<\/strong>, <strong>via\u00a0San Nazzaro 4 &#8211; 38066 Riva del Garda (TN) \u2013 Italien<\/strong>, gesendet werden.<br \/>\nDie Mitteilungen seitens <strong>Agraria Riva del Garda s.c.a.<\/strong>an die Kunden k\u00f6nnen per E-Mail gesendet werden oder telefonisch erfolgen.+<\/p>\n<p><strong>10. Italienische Gesetzgebung und gerichtliche Zust\u00e4ndigkeit<\/strong><\/p>\n<p>F\u00fcr alle Streitf\u00e4lle, die im Zusammenhang mit dem vorliegenden Vertrag entstehen, gilt das italienische Recht und der Gerichtsstand ist, wie im Gesetzesdekret 206\/05 und Art. 63 vorgeschrieben, unabdingbar das f\u00fcr den Wohnsitz oder Aufenthaltsort des Verbrauchers zust\u00e4ndige Gericht.<\/p>\n<p><strong>11. H\u00f6here Gewalt\u00a0<\/strong><\/p>\n<p>Im Fall von h\u00f6herer Gewalt oder unvorhersehbaren Ereignissen \u00fcbernehmen wir gegen\u00fcber dem Kunden keine Haftung f\u00fcr versp\u00e4tete oder nicht erfolgte Lieferungen und sind berechtigt, den Vertrag ganz oder teilweise zu erf\u00fcllen, die Lieferung auszusetzen oder aufzuschieben.<\/p>\n<p><strong>\u00a0<\/strong><\/p>\n<p><strong>\u00a0<\/strong><\/p>\n<p><strong>\u00a0<\/strong><\/p>\n<p><strong>\u00a0<\/strong>[\/vc_column_text][\/vc_column][\/vc_row]<\/p>\n<\/div>","protected":false},"excerpt":{"rendered":"<p>[vc_row size=&#8220;default&#8220; font_weight=&#8220;&#8220; color=&#8220;primary&#8220; align=&#8220;center&#8220; style=&#8220;image&#8220; image=&#8220;1828&#8243; tag=&#8220;h4&#8243; subtitle_font=&#8220;default&#8220; subtitle_font_weight=&#8220;600&#8243; subtitle_style=&#8220;default&#8220; woodmart_css_id=&#8220;5f8459161a5a8&#8243; title=&#8220;Selezionati per voi&#8220; title_width=&#8220;60&#8243; subtitle_font_size=&#8220;eyJwYXJhbV90eXBlIjoid29vZG1hcnRfcmVzcG9uc2l2ZV9zaXplIiwiY3NzX2FyZ3MiOnsiZm9udC1zaXplIjpbIiAudGl0bGUtc3VidGl0bGUiXX0sInNlbGVjdG9yX2lkIjoiNWY4NDU5MTYxYTVhOCIsImRhdGEiOnsiZGVza3RvcCI6IjE2cHgiLCJ0YWJsZXQiOiIxNHB4IiwibW9iaWxlIjoiMTJweCJ9fQ==&#8220; title_font_size=&#8220;eyJwYXJhbV90eXBlIjoid29vZG1hcnRfcmVzcG9uc2l2ZV9zaXplIiwiY3NzX2FyZ3MiOnsiZm9udC1zaXplIjpbIiAud29vZG1hcnQtdGl0bGUtY29udGFpbmVyIl19LCJzZWxlY3Rvcl9pZCI6IjVmODQ1OTE2MWE1YTgiLCJkYXRhIjp7ImRlc2t0b3AiOiI0OHB4IiwidGFibGV0IjoiMzZweCIsIm1vYmlsZSI6IjI4cHgifX0=&#8220; after_font_size=&#8220;eyJwYXJhbV90eXBlIjoid29vZG1hcnRfcmVzcG9uc2l2ZV9zaXplIiwiY3NzX2FyZ3MiOnsiZm9udC1zaXplIjpbIiAudGl0bGUtYWZ0ZXJfdGl0bGUiXX0sInNlbGVjdG9yX2lkIjoiNWY4NDU5MTYxYTVhOCIsImRhdGEiOnsiZGVza3RvcCI6IjE2cHgifX0=&#8220; css=&#8220;.vc_custom_1602509091419{margin-bottom:<\/p>\n","protected":false},"author":1,"featured_media":0,"parent":0,"menu_order":0,"comment_status":"closed","ping_status":"closed","template":"","meta":{"_acf_changed":false,"_price":"","_stock":"","_tribe_ticket_header":"","_tribe_default_ticket_provider":"","_tribe_ticket_capacity":"0","_ticket_start_date":"","_ticket_end_date":"","_tribe_ticket_show_description":"","_tribe_ticket_show_not_going":false,"_tribe_ticket_use_global_stock":"","_tribe_ticket_global_stock_level":"","_global_stock_mode":"","_global_stock_cap":"","_tribe_rsvp_for_event":"","_tribe_ticket_going_count":"","_tribe_ticket_not_going_count":"","_tribe_tickets_list":"[]","_tribe_ticket_has_attendee_info_fields":false,"footnotes":""},"class_list":["post-6868","page","type-page","status-publish","hentry"],"acf":[],"yoast_head":"<!-- This site is optimized with the Yoast SEO plugin v27.0 - https:\/\/yoast.com\/product\/yoast-seo-wordpress\/ -->\n<title>Kaufbedingungen | Agraria Riva del Garda - Trentino - Online Shop<\/title>\n<meta name=\"description\" content=\"Die allgemeinen Verkaufsbedingungen in \u00dcbereinstimmung mit den italienischen Vorschriften, die im Gesetzesdekret 206\/2005 des Online-Shops der Agraria Riva del Garda festgelegt sind.\" \/>\n<meta name=\"robots\" content=\"index, follow, max-snippet:-1, max-image-preview:large, max-video-preview:-1\" \/>\n<link rel=\"canonical\" href=\"https:\/\/store.agririva.it\/de\/kaufbedingungen\/\" \/>\n<meta property=\"og:locale\" content=\"de_DE\" \/>\n<meta property=\"og:type\" content=\"article\" \/>\n<meta property=\"og:title\" content=\"Kaufbedingungen | Agraria Riva del Garda - Trentino - Online Shop\" \/>\n<meta property=\"og:description\" content=\"Die allgemeinen Verkaufsbedingungen in \u00dcbereinstimmung mit den italienischen Vorschriften, die im Gesetzesdekret 206\/2005 des Online-Shops der Agraria Riva del Garda festgelegt sind.\" \/>\n<meta property=\"og:url\" content=\"https:\/\/store.agririva.it\/de\/kaufbedingungen\/\" \/>\n<meta property=\"og:site_name\" content=\"Store Rurale - Agraria Riva del Garda\" \/>\n<meta property=\"article:modified_time\" content=\"2023-09-15T07:57:54+00:00\" \/>\n<meta name=\"twitter:card\" content=\"summary_large_image\" \/>\n<meta name=\"twitter:label1\" content=\"Gesch\u00e4tzte Lesezeit\" \/>\n\t<meta name=\"twitter:data1\" content=\"5\u00a0Minuten\" \/>\n<script type=\"application\/ld+json\" class=\"yoast-schema-graph\">{\"@context\":\"https:\/\/schema.org\",\"@graph\":[{\"@type\":\"WebPage\",\"@id\":\"https:\/\/store.agririva.it\/de\/kaufbedingungen\/\",\"url\":\"https:\/\/store.agririva.it\/de\/kaufbedingungen\/\",\"name\":\"Kaufbedingungen | Agraria Riva del Garda - Trentino - Online Shop\",\"isPartOf\":{\"@id\":\"https:\/\/store.agririva.it\/de\/#website\"},\"datePublished\":\"2020-10-19T09:44:10+00:00\",\"dateModified\":\"2023-09-15T07:57:54+00:00\",\"description\":\"Die allgemeinen Verkaufsbedingungen in \u00dcbereinstimmung mit den italienischen Vorschriften, die im Gesetzesdekret 206\/2005 des Online-Shops der Agraria Riva del Garda festgelegt sind.\",\"breadcrumb\":{\"@id\":\"https:\/\/store.agririva.it\/de\/kaufbedingungen\/#breadcrumb\"},\"inLanguage\":\"de\",\"potentialAction\":[{\"@type\":\"ReadAction\",\"target\":[\"https:\/\/store.agririva.it\/de\/kaufbedingungen\/\"]}]},{\"@type\":\"BreadcrumbList\",\"@id\":\"https:\/\/store.agririva.it\/de\/kaufbedingungen\/#breadcrumb\",\"itemListElement\":[{\"@type\":\"ListItem\",\"position\":1,\"name\":\"Home\",\"item\":\"https:\/\/store.agririva.it\/de\/\"},{\"@type\":\"ListItem\",\"position\":2,\"name\":\"Kaufbedingungen\"}]},{\"@type\":\"WebSite\",\"@id\":\"https:\/\/store.agririva.it\/de\/#website\",\"url\":\"https:\/\/store.agririva.it\/de\/\",\"name\":\"Store Rurale - Agraria Riva del Garda\",\"description\":\"\",\"potentialAction\":[{\"@type\":\"SearchAction\",\"target\":{\"@type\":\"EntryPoint\",\"urlTemplate\":\"https:\/\/store.agririva.it\/de\/?s={search_term_string}\"},\"query-input\":{\"@type\":\"PropertyValueSpecification\",\"valueRequired\":true,\"valueName\":\"search_term_string\"}}],\"inLanguage\":\"de\"}]}<\/script>\n<!-- \/ Yoast SEO plugin. -->","yoast_head_json":{"title":"Kaufbedingungen | Agraria Riva del Garda - Trentino - Online Shop","description":"Die allgemeinen Verkaufsbedingungen in \u00dcbereinstimmung mit den italienischen Vorschriften, die im Gesetzesdekret 206\/2005 des Online-Shops der Agraria Riva del Garda festgelegt sind.","robots":{"index":"index","follow":"follow","max-snippet":"max-snippet:-1","max-image-preview":"max-image-preview:large","max-video-preview":"max-video-preview:-1"},"canonical":"https:\/\/store.agririva.it\/de\/kaufbedingungen\/","og_locale":"de_DE","og_type":"article","og_title":"Kaufbedingungen | Agraria Riva del Garda - Trentino - Online Shop","og_description":"Die allgemeinen Verkaufsbedingungen in \u00dcbereinstimmung mit den italienischen Vorschriften, die im Gesetzesdekret 206\/2005 des Online-Shops der Agraria Riva del Garda festgelegt sind.","og_url":"https:\/\/store.agririva.it\/de\/kaufbedingungen\/","og_site_name":"Store Rurale - Agraria Riva del Garda","article_modified_time":"2023-09-15T07:57:54+00:00","twitter_card":"summary_large_image","twitter_misc":{"Gesch\u00e4tzte Lesezeit":"5\u00a0Minuten"},"schema":{"@context":"https:\/\/schema.org","@graph":[{"@type":"WebPage","@id":"https:\/\/store.agririva.it\/de\/kaufbedingungen\/","url":"https:\/\/store.agririva.it\/de\/kaufbedingungen\/","name":"Kaufbedingungen | Agraria Riva del Garda - Trentino - Online Shop","isPartOf":{"@id":"https:\/\/store.agririva.it\/de\/#website"},"datePublished":"2020-10-19T09:44:10+00:00","dateModified":"2023-09-15T07:57:54+00:00","description":"Die allgemeinen Verkaufsbedingungen in \u00dcbereinstimmung mit den italienischen Vorschriften, die im Gesetzesdekret 206\/2005 des Online-Shops der Agraria Riva del Garda festgelegt sind.","breadcrumb":{"@id":"https:\/\/store.agririva.it\/de\/kaufbedingungen\/#breadcrumb"},"inLanguage":"de","potentialAction":[{"@type":"ReadAction","target":["https:\/\/store.agririva.it\/de\/kaufbedingungen\/"]}]},{"@type":"BreadcrumbList","@id":"https:\/\/store.agririva.it\/de\/kaufbedingungen\/#breadcrumb","itemListElement":[{"@type":"ListItem","position":1,"name":"Home","item":"https:\/\/store.agririva.it\/de\/"},{"@type":"ListItem","position":2,"name":"Kaufbedingungen"}]},{"@type":"WebSite","@id":"https:\/\/store.agririva.it\/de\/#website","url":"https:\/\/store.agririva.it\/de\/","name":"Store Rurale - Agraria Riva del Garda","description":"","potentialAction":[{"@type":"SearchAction","target":{"@type":"EntryPoint","urlTemplate":"https:\/\/store.agririva.it\/de\/?s={search_term_string}"},"query-input":{"@type":"PropertyValueSpecification","valueRequired":true,"valueName":"search_term_string"}}],"inLanguage":"de"}]}},"_links":{"self":[{"href":"https:\/\/store.agririva.it\/de\/wp-json\/wp\/v2\/pages\/6868","targetHints":{"allow":["GET"]}}],"collection":[{"href":"https:\/\/store.agririva.it\/de\/wp-json\/wp\/v2\/pages"}],"about":[{"href":"https:\/\/store.agririva.it\/de\/wp-json\/wp\/v2\/types\/page"}],"author":[{"embeddable":true,"href":"https:\/\/store.agririva.it\/de\/wp-json\/wp\/v2\/users\/1"}],"replies":[{"embeddable":true,"href":"https:\/\/store.agririva.it\/de\/wp-json\/wp\/v2\/comments?post=6868"}],"version-history":[{"count":0,"href":"https:\/\/store.agririva.it\/de\/wp-json\/wp\/v2\/pages\/6868\/revisions"}],"wp:attachment":[{"href":"https:\/\/store.agririva.it\/de\/wp-json\/wp\/v2\/media?parent=6868"}],"curies":[{"name":"wp","href":"https:\/\/api.w.org\/{rel}","templated":true}]}}