 {"id":32056,"date":"2023-10-04T17:22:44","date_gmt":"2023-10-04T15:22:44","guid":{"rendered":"https:\/\/store.agririva.it\/teilnehmerregistrierung\/"},"modified":"2023-10-04T17:27:09","modified_gmt":"2023-10-04T15:27:09","slug":"teilnehmerregistrierung","status":"publish","type":"page","link":"https:\/\/store.agririva.it\/de\/teilnehmerregistrierung\/","title":{"rendered":"Teilnehmerregistrierung"},"content":{"rendered":"<p><a href=\"https:\/\/theeventscalendar.com\/knowledgebase\/k\/collecting-attendee-information\/#Attendee_registration_settings\" target=\"_blank\" rel=\"noreferrer noopener\"><div  class=\"tribe-common event-tickets tribe-tickets__registration\"  data-provider=\"tribe_wooticket\">\n\t\n\t<div class=\"tribe-common-h8 tribe-common-h--alt tribe-tickets__registration__actions\">\n\t\t\t<a\n\t\thref=\"https:\/\/store.agririva.it\/de\/cart\/\"\n\t\tclass=\"tribe-tickets__registration__back__to__cart\"\n\t>Zur\u00fcck zum Warenkorb<\/a>\n\t<\/div>\n\n\t<h1 class=\"tribe-common-h2 tribe-common-h1--min-medium tribe-common-h--alt tribe-tickets__registration__page-title\">\n\t\tRegistrazione Partecipanti\t<\/h1>\n\t<form\n\t\tmethod=\"post\"\n\t\tid=\"tribe-tickets__registration__form\"\n\t\taction=\"https:\/\/store.agririva.it\/de\/checkout\/\"\n\t\tdata-provider=\"tribe_wooticket\"\n\t\tnovalidate\n\t>\n\t<div class=\"tribe-tickets__registration__grid\">\n\t\t<div id=\"tribe-tickets__notice__attendee-registration\"  class=\"tribe-tickets__notice tribe-tickets__notice--error tribe-tickets__validation-notice\" >\n\t\n\t<div  class=\"tribe-common-b2 tribe-tickets-notice__content\" >\n\t\tDu besitzt <span class=\"tribe-tickets__notice--error__count\">1<\/span>-Ticket(s) mit einem Feld, das ausgef\u00fcllt werden muss.\t<\/div>\n<\/div>\n<aside id=\"tribe-tickets__mini-cart\"  class=\"tribe-common tribe-tickets__mini-cart\"  data-provider=\"Tribe__Tickets_Plus__Commerce__WooCommerce__Main\">\n\t<h3 class=\"tribe-common-h6 tribe-common-h5--min-medium tribe-common-h--alt tribe-tickets__mini-cart__title\">Tickets Zusammenfassung<\/h3>\n\t\t\t<div class=\"tribe-tickets__footer\" >\n\t\t\t<a class=\"tribe-common-b2 tribe-tickets__footer__back-link\" href=\"https:\/\/store.agririva.it\/de\/cart\/\">Zur\u00fcck zum Einkaufswagen<\/a>\n\t\t<div class=\"tribe-common-b2 tribe-tickets__footer__quantity\" >\n\t<span class=\"tribe-tickets__footer__quantity__label\">\n\t\tAnzahl\t<\/span>\n\t<span class=\"tribe-tickets__footer__quantity__number\">0<\/span>\n<\/div>\n\t<div class=\"tribe-common-b2 tribe-tickets__footer__total\">\n\t<span class=\"tribe-tickets__footer__total__label\">\n\t\tSumme:\t<\/span>\n\t<span class=\"tribe-tickets__footer__total__wrap\">\n\t\t\n\t\t\t\t<span class=\"tribe-formatted-currency-wrap tribe-currency-prefix\">\n\t\t\t\t\t<span class=\"tribe-currency-symbol\">&euro;<\/span>\n\t\t\t\t\t<span class=\"tribe-amount\">0,00<\/span>\n\t\t\t\t<\/span>\n\t\t\t\t<\/span>\n<\/div>\n\t<\/div>\n<\/aside>\n\n\t\t<div class=\"tribe-tickets__registration__content\">\n\t\t\t<input type=\"hidden\" name=\"tribe_tickets_saving_attendees\" value=\"1\" \/>\n\t\t\t<input type=\"hidden\" name=\"tribe_tickets_ar\" value=\"1\" \/>\n\t\t\t<input type=\"hidden\" name=\"tribe_tickets_ar_page\" value=\"1\" \/>\n\t\t\t<input type=\"hidden\" name=\"tribe_tickets_ar_data\" value=\"\" id=\"tribe_tickets_ar_data\"  \/>\n\t\t\t<input type=\"hidden\" name=\"tribe_tickets_provider\" value=\"tribe_wooticket\"  \/>\n\n\t\t\t\t\t<\/div>\n\t<\/div>\n\t<div class=\"tribe-tickets__registration__footer\">\n\t\t<div id=\"tribe-tickets__notice__attendee-registration\"  class=\"tribe-tickets__notice tribe-tickets__notice--non-ar tribe-common-a11y-hidden\" >\n\t\n\t<div  class=\"tribe-common-b2 tribe-tickets-notice__content\" >\n\t\tEs sind <span id=\"tribe-tickets__non-ar-count\">0<\/span> weitere Tickets im Warenkorb, die keine Teilnehmerinformationen ben\u00f6tigen.\t<\/div>\n<\/div>\n\t\t<button\n\tclass=\"tribe-common-c-btn tribe-common-c-btn--small tribe-tickets__item__registration__submit\"\n\ttype=\"submit\"\n>\n\tSpeichern &amp; Bezahlen<\/button>\n\t<\/div>\n\t<\/form>\n<\/div>\n<div class=\"tribe-common\">\n\t<div  class=\"tribe-tickets-loader__dots tribe-common-c-loader tribe-common-a11y-hidden\"  >\n\t\t<svg\n\t class=\"tribe-common-c-svgicon tribe-common-c-svgicon--dot tribe-common-c-loader__dot tribe-common-c-loader__dot--first\" \taria-hidden=\"true\"\n\tviewBox=\"0 0 15 15\"\n\txmlns=\"http:\/\/www.w3.org\/2000\/svg\"\n>\n\t<circle cx=\"7.5\" cy=\"7.5\" r=\"7.5\"\/>\n<\/svg>\n\t\t<svg\n\t class=\"tribe-common-c-svgicon tribe-common-c-svgicon--dot tribe-common-c-loader__dot tribe-common-c-loader__dot--second\" \taria-hidden=\"true\"\n\tviewBox=\"0 0 15 15\"\n\txmlns=\"http:\/\/www.w3.org\/2000\/svg\"\n>\n\t<circle cx=\"7.5\" cy=\"7.5\" r=\"7.5\"\/>\n<\/svg>\n\t\t<svg\n\t class=\"tribe-common-c-svgicon tribe-common-c-svgicon--dot tribe-common-c-loader__dot tribe-common-c-loader__dot--third\" \taria-hidden=\"true\"\n\tviewBox=\"0 0 15 15\"\n\txmlns=\"http:\/\/www.w3.org\/2000\/svg\"\n>\n\t<circle cx=\"7.5\" cy=\"7.5\" r=\"7.5\"\/>\n<\/svg>\n\t<\/div>\n<\/div>\n<\/a><\/p>\n","protected":false},"excerpt":{"rendered":"Zur\u00fcck zum Warenkorb Registrazione Partecipanti Du besitzt 1-Ticket(s) mit einem Feld, das ausgef\u00fcllt werden muss. Tickets Zusammenfassung Zur\u00fcck zum Einkaufswagen","protected":false},"author":1,"featured_media":0,"parent":0,"menu_order":0,"comment_status":"closed","ping_status":"closed","template":"","meta":{"_acf_changed":false,"_price":"","_stock":"","_tribe_ticket_header":"","_tribe_default_ticket_provider":"","_tribe_ticket_capacity":"0","_ticket_start_date":"","_ticket_end_date":"","_tribe_ticket_show_description":"","_tribe_ticket_show_not_going":false,"_tribe_ticket_use_global_stock":"","_tribe_ticket_global_stock_level":"","_global_stock_mode":"","_global_stock_cap":"","_tribe_rsvp_for_event":"","_tribe_ticket_going_count":"","_tribe_ticket_not_going_count":"","_tribe_tickets_list":"[]","_tribe_ticket_has_attendee_info_fields":false,"footnotes":""},"class_list":["post-32056","page","type-page","status-publish","hentry"],"acf":[],"yoast_head":"<!-- This site is optimized with the Yoast SEO plugin v27.0 - https:\/\/yoast.com\/product\/yoast-seo-wordpress\/ -->\n<title>Teilnehmerregistrierung - Store Rurale - Agraria Riva del Garda<\/title>\n<meta name=\"robots\" content=\"index, follow, max-snippet:-1, max-image-preview:large, max-video-preview:-1\" \/>\n<link rel=\"canonical\" href=\"https:\/\/store.agririva.it\/de\/teilnehmerregistrierung\/\" \/>\n<meta property=\"og:locale\" content=\"de_DE\" \/>\n<meta property=\"og:type\" content=\"article\" \/>\n<meta property=\"og:title\" content=\"Teilnehmerregistrierung - Store Rurale - Agraria Riva del Garda\" \/>\n<meta property=\"og:url\" content=\"https:\/\/store.agririva.it\/de\/teilnehmerregistrierung\/\" \/>\n<meta property=\"og:site_name\" content=\"Store Rurale - Agraria Riva del Garda\" \/>\n<meta property=\"article:modified_time\" content=\"2023-10-04T15:27:09+00:00\" \/>\n<meta name=\"twitter:card\" content=\"summary_large_image\" \/>\n<meta name=\"twitter:label1\" content=\"Gesch\u00e4tzte Lesezeit\" \/>\n\t<meta name=\"twitter:data1\" content=\"1\u00a0Minute\" \/>\n<script type=\"application\/ld+json\" class=\"yoast-schema-graph\">{\"@context\":\"https:\/\/schema.org\",\"@graph\":[{\"@type\":\"WebPage\",\"@id\":\"https:\/\/store.agririva.it\/de\/teilnehmerregistrierung\/\",\"url\":\"https:\/\/store.agririva.it\/de\/teilnehmerregistrierung\/\",\"name\":\"Teilnehmerregistrierung - Store Rurale - Agraria Riva del Garda\",\"isPartOf\":{\"@id\":\"https:\/\/store.agririva.it\/de\/#website\"},\"datePublished\":\"2023-10-04T15:22:44+00:00\",\"dateModified\":\"2023-10-04T15:27:09+00:00\",\"breadcrumb\":{\"@id\":\"https:\/\/store.agririva.it\/de\/teilnehmerregistrierung\/#breadcrumb\"},\"inLanguage\":\"de\",\"potentialAction\":[{\"@type\":\"ReadAction\",\"target\":[\"https:\/\/store.agririva.it\/de\/teilnehmerregistrierung\/\"]}]},{\"@type\":\"BreadcrumbList\",\"@id\":\"https:\/\/store.agririva.it\/de\/teilnehmerregistrierung\/#breadcrumb\",\"itemListElement\":[{\"@type\":\"ListItem\",\"position\":1,\"name\":\"Home\",\"item\":\"https:\/\/store.agririva.it\/de\/\"},{\"@type\":\"ListItem\",\"position\":2,\"name\":\"Teilnehmerregistrierung\"}]},{\"@type\":\"WebSite\",\"@id\":\"https:\/\/store.agririva.it\/de\/#website\",\"url\":\"https:\/\/store.agririva.it\/de\/\",\"name\":\"Store Rurale - Agraria Riva del Garda\",\"description\":\"\",\"potentialAction\":[{\"@type\":\"SearchAction\",\"target\":{\"@type\":\"EntryPoint\",\"urlTemplate\":\"https:\/\/store.agririva.it\/de\/?s={search_term_string}\"},\"query-input\":{\"@type\":\"PropertyValueSpecification\",\"valueRequired\":true,\"valueName\":\"search_term_string\"}}],\"inLanguage\":\"de\"}]}<\/script>\n<!-- \/ Yoast SEO plugin. -->","yoast_head_json":{"title":"Teilnehmerregistrierung - Store Rurale - Agraria Riva del Garda","robots":{"index":"index","follow":"follow","max-snippet":"max-snippet:-1","max-image-preview":"max-image-preview:large","max-video-preview":"max-video-preview:-1"},"canonical":"https:\/\/store.agririva.it\/de\/teilnehmerregistrierung\/","og_locale":"de_DE","og_type":"article","og_title":"Teilnehmerregistrierung - Store Rurale - Agraria Riva del Garda","og_url":"https:\/\/store.agririva.it\/de\/teilnehmerregistrierung\/","og_site_name":"Store Rurale - Agraria Riva del Garda","article_modified_time":"2023-10-04T15:27:09+00:00","twitter_card":"summary_large_image","twitter_misc":{"Gesch\u00e4tzte Lesezeit":"1\u00a0Minute"},"schema":{"@context":"https:\/\/schema.org","@graph":[{"@type":"WebPage","@id":"https:\/\/store.agririva.it\/de\/teilnehmerregistrierung\/","url":"https:\/\/store.agririva.it\/de\/teilnehmerregistrierung\/","name":"Teilnehmerregistrierung - Store Rurale - Agraria Riva del Garda","isPartOf":{"@id":"https:\/\/store.agririva.it\/de\/#website"},"datePublished":"2023-10-04T15:22:44+00:00","dateModified":"2023-10-04T15:27:09+00:00","breadcrumb":{"@id":"https:\/\/store.agririva.it\/de\/teilnehmerregistrierung\/#breadcrumb"},"inLanguage":"de","potentialAction":[{"@type":"ReadAction","target":["https:\/\/store.agririva.it\/de\/teilnehmerregistrierung\/"]}]},{"@type":"BreadcrumbList","@id":"https:\/\/store.agririva.it\/de\/teilnehmerregistrierung\/#breadcrumb","itemListElement":[{"@type":"ListItem","position":1,"name":"Home","item":"https:\/\/store.agririva.it\/de\/"},{"@type":"ListItem","position":2,"name":"Teilnehmerregistrierung"}]},{"@type":"WebSite","@id":"https:\/\/store.agririva.it\/de\/#website","url":"https:\/\/store.agririva.it\/de\/","name":"Store Rurale - Agraria Riva del Garda","description":"","potentialAction":[{"@type":"SearchAction","target":{"@type":"EntryPoint","urlTemplate":"https:\/\/store.agririva.it\/de\/?s={search_term_string}"},"query-input":{"@type":"PropertyValueSpecification","valueRequired":true,"valueName":"search_term_string"}}],"inLanguage":"de"}]}},"_links":{"self":[{"href":"https:\/\/store.agririva.it\/de\/wp-json\/wp\/v2\/pages\/32056","targetHints":{"allow":["GET"]}}],"collection":[{"href":"https:\/\/store.agririva.it\/de\/wp-json\/wp\/v2\/pages"}],"about":[{"href":"https:\/\/store.agririva.it\/de\/wp-json\/wp\/v2\/types\/page"}],"author":[{"embeddable":true,"href":"https:\/\/store.agririva.it\/de\/wp-json\/wp\/v2\/users\/1"}],"replies":[{"embeddable":true,"href":"https:\/\/store.agririva.it\/de\/wp-json\/wp\/v2\/comments?post=32056"}],"version-history":[{"count":0,"href":"https:\/\/store.agririva.it\/de\/wp-json\/wp\/v2\/pages\/32056\/revisions"}],"wp:attachment":[{"href":"https:\/\/store.agririva.it\/de\/wp-json\/wp\/v2\/media?parent=32056"}],"curies":[{"name":"wp","href":"https:\/\/api.w.org\/{rel}","templated":true}]}}