 {"id":27634,"date":"2023-04-05T16:02:49","date_gmt":"2023-04-05T14:02:49","guid":{"rendered":"https:\/\/store.agririva.it\/?page_id=27634"},"modified":"2023-04-05T16:04:47","modified_gmt":"2023-04-05T14:04:47","slug":"privacy-policy-de-agraria-riva-del-garda","status":"publish","type":"page","link":"https:\/\/store.agririva.it\/de\/privacy-policy-de-agraria-riva-del-garda\/","title":{"rendered":"Privacy Policy"},"content":{"rendered":"<div class=\"wpb-content-wrapper\"><p>[vc_row][vc_column][vc_raw_html]JTNDYSUyMGhyZWYlM0QlMjJodHRwcyUzQSUyRiUyRnd3dy5pdWJlbmRhLmNvbSUyRnByaXZhY3ktcG9saWN5JTJGOTkwMjkwODklMkZjb29raWUtcG9saWN5JTIyJTIwY2xhc3MlM0QlMjJpdWJlbmRhLW5vc3R5bGUlMjBuby1icmFuZCUyMGl1YmVuZGEtbm9pZnJhbWUlMjBpdWJlbmRhLWVtYmVkJTIwaXViZW5kYS1ub2lmcmFtZSUyMGl1Yi1ib2R5LWVtYmVkJTIyJTIwdGl0bGUlM0QlMjJDb29raWUtUmljaHRsaW5pZSUyMiUzRUNvb2tpZS1SaWNodGxpbmllJTNDJTJGYSUzRSUzQ3NjcmlwdCUyMHR5cGUlM0QlMjJ0ZXh0JTJGamF2YXNjcmlwdCUyMiUzRSUyOGZ1bmN0aW9uJTIwJTI4dyUyQ2QlMjklMjAlN0J2YXIlMjBsb2FkZXIlMjAlM0QlMjBmdW5jdGlvbiUyMCUyOCUyOSUyMCU3QnZhciUyMHMlMjAlM0QlMjBkLmNyZWF0ZUVsZW1lbnQlMjglMjJzY3JpcHQlMjIlMjklMkMlMjB0YWclMjAlM0QlMjBkLmdldEVsZW1lbnRzQnlUYWdOYW1lJTI4JTIyc2NyaXB0JTIyJTI5JTVCMCU1RCUzQiUyMHMuc3JjJTNEJTIyaHR0cHMlM0ElMkYlMkZjZG4uaXViZW5kYS5jb20lMkZpdWJlbmRhLmpzJTIyJTNCJTIwdGFnLnBhcmVudE5vZGUuaW5zZXJ0QmVmb3JlJTI4cyUyQ3RhZyUyOSUzQiU3RCUzQiUyMGlmJTI4dy5hZGRFdmVudExpc3RlbmVyJTI5JTdCdy5hZGRFdmVudExpc3RlbmVyJTI4JTIybG9hZCUyMiUyQyUyMGxvYWRlciUyQyUyMGZhbHNlJTI5JTNCJTdEZWxzZSUyMGlmJTI4dy5hdHRhY2hFdmVudCUyOSU3QncuYXR0YWNoRXZlbnQlMjglMjJvbmxvYWQlMjIlMkMlMjBsb2FkZXIlMjklM0IlN0RlbHNlJTdCdy5vbmxvYWQlMjAlM0QlMjBsb2FkZXIlM0IlN0QlN0QlMjklMjh3aW5kb3clMkMlMjBkb2N1bWVudCUyOSUzQiUzQyUyRnNjcmlwdCUzRQ==[\/vc_raw_html][\/vc_column][\/vc_row]<\/p>\n<\/div>","protected":false},"excerpt":{"rendered":"<p>[vc_row][vc_column][vc_raw_html]JTNDYSUyMGhyZWYlM0QlMjJodHRwcyUzQSUyRiUyRnd3dy5pdWJlbmRhLmNvbSUyRnByaXZhY3ktcG9saWN5JTJGOTkwMjkwODklMkZjb29raWUtcG9saWN5JTIyJTIwY2xhc3MlM0QlMjJpdWJlbmRhLW5vc3R5bGUlMjBuby1icmFuZCUyMGl1YmVuZGEtbm9pZnJhbWUlMjBpdWJlbmRhLWVtYmVkJTIwaXViZW5kYS1ub2lmcmFtZSUyMGl1Yi1ib2R5LWVtYmVkJTIyJTIwdGl0bGUlM0QlMjJDb29raWUtUmljaHRsaW5pZSUyMiUzRUNvb2tpZS1SaWNodGxpbmllJTNDJTJGYSUzRSUzQ3NjcmlwdCUyMHR5cGUlM0QlMjJ0ZXh0JTJGamF2YXNjcmlwdCUyMiUzRSUyOGZ1bmN0aW9uJTIwJTI4dyUyQ2QlMjklMjAlN0J2YXIlMjBsb2FkZXIlMjAlM0QlMjBmdW5jdGlvbiUyMCUyOCUyOSUyMCU3QnZhciUyMHMlMjAlM0QlMjBkLmNyZWF0ZUVsZW1lbnQlMjglMjJzY3JpcHQlMjIlMjklMkMlMjB0YWclMjAlM0QlMjBkLmdldEVsZW1lbnRzQnlUYWdOYW1lJTI4JTIyc2NyaXB0JTIyJTI5JTVCMCU1RCUzQiUyMHMuc3JjJTNEJTIyaHR0cHMlM0ElMkYlMkZjZG4uaXViZW5kYS5jb20lMkZpdWJlbmRhLmpzJTIyJTNCJTIwdGFnLnBhcmVudE5vZGUuaW5zZXJ0QmVmb3JlJTI4cyUyQ3RhZyUyOSUzQiU3RCUzQiUyMGlmJTI4dy5hZGRFdmVudExpc3RlbmVyJTI5JTdCdy5hZGRFdmVudExpc3RlbmVyJTI4JTIybG9hZCUyMiUyQyUyMGxvYWRlciUyQyUyMGZhbHNlJTI5JTNCJTdEZWxzZSUyMGlmJTI4dy5hdHRhY2hFdmVudCUyOSU3QncuYXR0YWNoRXZlbnQlMjglMjJvbmxvYWQlMjIlMkMlMjBsb2FkZXIlMjklM0IlN0RlbHNlJTdCdy5vbmxvYWQlMjAlM0QlMjBsb2FkZXIlM0IlN0QlN0QlMjklMjh3aW5kb3clMkMlMjBkb2N1bWVudCUyOSUzQiUzQyUyRnNjcmlwdCUzRQ==[\/vc_raw_html][\/vc_column][\/vc_row]<\/p>\n","protected":false},"author":1,"featured_media":0,"parent":0,"menu_order":0,"comment_status":"closed","ping_status":"closed","template":"","meta":{"_acf_changed":false,"_price":"","_stock":"","_tribe_ticket_header":"","_tribe_default_ticket_provider":"","_tribe_ticket_capacity":"0","_ticket_start_date":"","_ticket_end_date":"","_tribe_ticket_show_description":"","_tribe_ticket_show_not_going":false,"_tribe_ticket_use_global_stock":"","_tribe_ticket_global_stock_level":"","_global_stock_mode":"","_global_stock_cap":"","_tribe_rsvp_for_event":"","_tribe_ticket_going_count":"","_tribe_ticket_not_going_count":"","_tribe_tickets_list":"[]","_tribe_ticket_has_attendee_info_fields":false,"footnotes":""},"class_list":["post-27634","page","type-page","status-publish","hentry"],"acf":[],"yoast_head":"<!-- This site is optimized with the Yoast SEO plugin v27.0 - https:\/\/yoast.com\/product\/yoast-seo-wordpress\/ -->\n<title>Cookie Policy | Agraria Riva del Garda - Trentino - Online Shop<\/title>\n<meta name=\"description\" content=\"Die Verarbeitung der Daten durch Agraria Riva del Garda basiert auf den Prinzipien der Rechtm\u00e4\u00dfigkeit, der Transparenz und des Schutzes der Privatsph\u00e4re und der Nutzerrechte.\" \/>\n<meta name=\"robots\" content=\"index, follow, max-snippet:-1, max-image-preview:large, max-video-preview:-1\" \/>\n<link rel=\"canonical\" href=\"https:\/\/store.agririva.it\/de\/privacy-policy-de-agraria-riva-del-garda\/\" \/>\n<meta property=\"og:locale\" content=\"de_DE\" \/>\n<meta property=\"og:type\" content=\"article\" \/>\n<meta property=\"og:title\" content=\"Cookie Policy | Agraria Riva del Garda - Trentino - Online Shop\" \/>\n<meta property=\"og:description\" content=\"Die Verarbeitung der Daten durch Agraria Riva del Garda basiert auf den Prinzipien der Rechtm\u00e4\u00dfigkeit, der Transparenz und des Schutzes der Privatsph\u00e4re und der Nutzerrechte.\" \/>\n<meta property=\"og:url\" content=\"https:\/\/store.agririva.it\/de\/privacy-policy-de-agraria-riva-del-garda\/\" \/>\n<meta property=\"og:site_name\" content=\"Store Rurale - Agraria Riva del Garda\" \/>\n<meta property=\"article:modified_time\" content=\"2023-04-05T14:04:47+00:00\" \/>\n<meta name=\"twitter:card\" content=\"summary_large_image\" \/>\n<meta name=\"twitter:label1\" content=\"Gesch\u00e4tzte Lesezeit\" \/>\n\t<meta name=\"twitter:data1\" content=\"1\u00a0Minute\" \/>\n<script type=\"application\/ld+json\" class=\"yoast-schema-graph\">{\"@context\":\"https:\/\/schema.org\",\"@graph\":[{\"@type\":\"WebPage\",\"@id\":\"https:\/\/store.agririva.it\/de\/privacy-policy-de-agraria-riva-del-garda\/\",\"url\":\"https:\/\/store.agririva.it\/de\/privacy-policy-de-agraria-riva-del-garda\/\",\"name\":\"Cookie Policy | Agraria Riva del Garda - Trentino - Online Shop\",\"isPartOf\":{\"@id\":\"https:\/\/store.agririva.it\/de\/#website\"},\"datePublished\":\"2023-04-05T14:02:49+00:00\",\"dateModified\":\"2023-04-05T14:04:47+00:00\",\"description\":\"Die Verarbeitung der Daten durch Agraria Riva del Garda basiert auf den Prinzipien der Rechtm\u00e4\u00dfigkeit, der Transparenz und des Schutzes der Privatsph\u00e4re und der Nutzerrechte.\",\"breadcrumb\":{\"@id\":\"https:\/\/store.agririva.it\/de\/privacy-policy-de-agraria-riva-del-garda\/#breadcrumb\"},\"inLanguage\":\"de\",\"potentialAction\":[{\"@type\":\"ReadAction\",\"target\":[\"https:\/\/store.agririva.it\/de\/privacy-policy-de-agraria-riva-del-garda\/\"]}]},{\"@type\":\"BreadcrumbList\",\"@id\":\"https:\/\/store.agririva.it\/de\/privacy-policy-de-agraria-riva-del-garda\/#breadcrumb\",\"itemListElement\":[{\"@type\":\"ListItem\",\"position\":1,\"name\":\"Home\",\"item\":\"https:\/\/store.agririva.it\/de\/\"},{\"@type\":\"ListItem\",\"position\":2,\"name\":\"Privacy Policy\"}]},{\"@type\":\"WebSite\",\"@id\":\"https:\/\/store.agririva.it\/de\/#website\",\"url\":\"https:\/\/store.agririva.it\/de\/\",\"name\":\"Store Rurale - Agraria Riva del Garda\",\"description\":\"\",\"potentialAction\":[{\"@type\":\"SearchAction\",\"target\":{\"@type\":\"EntryPoint\",\"urlTemplate\":\"https:\/\/store.agririva.it\/de\/?s={search_term_string}\"},\"query-input\":{\"@type\":\"PropertyValueSpecification\",\"valueRequired\":true,\"valueName\":\"search_term_string\"}}],\"inLanguage\":\"de\"}]}<\/script>\n<!-- \/ Yoast SEO plugin. -->","yoast_head_json":{"title":"Cookie Policy | Agraria Riva del Garda - Trentino - Online Shop","description":"Die Verarbeitung der Daten durch Agraria Riva del Garda basiert auf den Prinzipien der Rechtm\u00e4\u00dfigkeit, der Transparenz und des Schutzes der Privatsph\u00e4re und der Nutzerrechte.","robots":{"index":"index","follow":"follow","max-snippet":"max-snippet:-1","max-image-preview":"max-image-preview:large","max-video-preview":"max-video-preview:-1"},"canonical":"https:\/\/store.agririva.it\/de\/privacy-policy-de-agraria-riva-del-garda\/","og_locale":"de_DE","og_type":"article","og_title":"Cookie Policy | Agraria Riva del Garda - Trentino - Online Shop","og_description":"Die Verarbeitung der Daten durch Agraria Riva del Garda basiert auf den Prinzipien der Rechtm\u00e4\u00dfigkeit, der Transparenz und des Schutzes der Privatsph\u00e4re und der Nutzerrechte.","og_url":"https:\/\/store.agririva.it\/de\/privacy-policy-de-agraria-riva-del-garda\/","og_site_name":"Store Rurale - Agraria Riva del Garda","article_modified_time":"2023-04-05T14:04:47+00:00","twitter_card":"summary_large_image","twitter_misc":{"Gesch\u00e4tzte Lesezeit":"1\u00a0Minute"},"schema":{"@context":"https:\/\/schema.org","@graph":[{"@type":"WebPage","@id":"https:\/\/store.agririva.it\/de\/privacy-policy-de-agraria-riva-del-garda\/","url":"https:\/\/store.agririva.it\/de\/privacy-policy-de-agraria-riva-del-garda\/","name":"Cookie Policy | Agraria Riva del Garda - Trentino - Online Shop","isPartOf":{"@id":"https:\/\/store.agririva.it\/de\/#website"},"datePublished":"2023-04-05T14:02:49+00:00","dateModified":"2023-04-05T14:04:47+00:00","description":"Die Verarbeitung der Daten durch Agraria Riva del Garda basiert auf den Prinzipien der Rechtm\u00e4\u00dfigkeit, der Transparenz und des Schutzes der Privatsph\u00e4re und der Nutzerrechte.","breadcrumb":{"@id":"https:\/\/store.agririva.it\/de\/privacy-policy-de-agraria-riva-del-garda\/#breadcrumb"},"inLanguage":"de","potentialAction":[{"@type":"ReadAction","target":["https:\/\/store.agririva.it\/de\/privacy-policy-de-agraria-riva-del-garda\/"]}]},{"@type":"BreadcrumbList","@id":"https:\/\/store.agririva.it\/de\/privacy-policy-de-agraria-riva-del-garda\/#breadcrumb","itemListElement":[{"@type":"ListItem","position":1,"name":"Home","item":"https:\/\/store.agririva.it\/de\/"},{"@type":"ListItem","position":2,"name":"Privacy Policy"}]},{"@type":"WebSite","@id":"https:\/\/store.agririva.it\/de\/#website","url":"https:\/\/store.agririva.it\/de\/","name":"Store Rurale - Agraria Riva del Garda","description":"","potentialAction":[{"@type":"SearchAction","target":{"@type":"EntryPoint","urlTemplate":"https:\/\/store.agririva.it\/de\/?s={search_term_string}"},"query-input":{"@type":"PropertyValueSpecification","valueRequired":true,"valueName":"search_term_string"}}],"inLanguage":"de"}]}},"_links":{"self":[{"href":"https:\/\/store.agririva.it\/de\/wp-json\/wp\/v2\/pages\/27634","targetHints":{"allow":["GET"]}}],"collection":[{"href":"https:\/\/store.agririva.it\/de\/wp-json\/wp\/v2\/pages"}],"about":[{"href":"https:\/\/store.agririva.it\/de\/wp-json\/wp\/v2\/types\/page"}],"author":[{"embeddable":true,"href":"https:\/\/store.agririva.it\/de\/wp-json\/wp\/v2\/users\/1"}],"replies":[{"embeddable":true,"href":"https:\/\/store.agririva.it\/de\/wp-json\/wp\/v2\/comments?post=27634"}],"version-history":[{"count":0,"href":"https:\/\/store.agririva.it\/de\/wp-json\/wp\/v2\/pages\/27634\/revisions"}],"wp:attachment":[{"href":"https:\/\/store.agririva.it\/de\/wp-json\/wp\/v2\/media?parent=27634"}],"curies":[{"name":"wp","href":"https:\/\/api.w.org\/{rel}","templated":true}]}}