 {"id":16791,"date":"2021-07-15T11:58:51","date_gmt":"2021-07-15T09:58:51","guid":{"rendered":"http:\/\/store.agririva.it\/agririva-club\/"},"modified":"2022-11-30T09:31:16","modified_gmt":"2022-11-30T08:31:16","slug":"agririva-club","status":"publish","type":"page","link":"https:\/\/store.agririva.it\/de\/agririva-club\/","title":{"rendered":"AGRIRIVA CLUB"},"content":{"rendered":"<div class=\"wpb-content-wrapper\"><p>[vc_row content_placement=&#8220;middle&#8220; css=&#8220;.vc_custom_1505555012006{margin-bottom: 5vh !important;}&#8220;][vc_column width=&#8220;1\/6&#8243; mobile_bg_img_hidden=&#8220;no&#8220; tablet_bg_img_hidden=&#8220;no&#8220; woodmart_parallax=&#8220;0&#8243; woodmart_sticky_column=&#8220;false&#8220; parallax_scroll=&#8220;no&#8220; mobile_reset_margin=&#8220;no&#8220; tablet_reset_margin=&#8220;no&#8220;][\/vc_column][vc_column width=&#8220;2\/3&#8243; woodmart_color_scheme=&#8220;dark&#8220; css=&#8220;.vc_custom_1638180913378{padding-top: 2vh !important;padding-bottom: 2vh !important;background-position: 0 0 !important;background-repeat: no-repeat !important;}&#8220; offset=&#8220;vc_col-md-8 vc_col-xs-12&#8243; mobile_bg_img_hidden=&#8220;no&#8220; tablet_bg_img_hidden=&#8220;no&#8220; woodmart_parallax=&#8220;0&#8243; woodmart_sticky_column=&#8220;false&#8220; parallax_scroll=&#8220;no&#8220; mobile_reset_margin=&#8220;no&#8220; tablet_reset_margin=&#8220;no&#8220;]\t\t\n\t\t<div id=\"wd-638520cb5593b\" class=\"title-wrapper  woodmart-title-color-default woodmart-title-style-default woodmart-title-width-100 text-center woodmart-title-size-extra-large \">\n\t\t\t\t\t\t\n\t\t\t<div class=\"liner-continer\">\n\t\t\t\t<span class=\"left-line\"><\/span>\n\t\t\t\t<h4 class=\"woodmart-title-container title  woodmart-font-weight-500\" >WERDE TEIL DER FAMILIE AGRIVA RIVA DEL GARDA<\/h4>\t\t\t\t\t\t\t\t<span class=\"right-line\"><\/span>\n\t\t\t<\/div>\n\t\t\t\n\t\t\t\t\t\t\n\t\t\t\t\t<\/div>\n\t\t\n\t\t\t\t\n\t\t<div id=\"wd-6385b6a737346\" class=\"title-wrapper  woodmart-title-color-default woodmart-title-style-default woodmart-title-width-100 text-center woodmart-title-size-large \">\n\t\t\t\t\t\t\n\t\t\t<div class=\"liner-continer\">\n\t\t\t\t<span class=\"left-line\"><\/span>\n\t\t\t\t<h4 class=\"woodmart-title-container title  woodmart-font-weight-500\" >Mit der Mitgliedschaft im Agririva Club trittst du in eine exklusive Welt von Vorteilen und Initiativen ein, die f\u00fcr Liebhaber des Alto Garda und seiner kulinarischen Vorz\u00fcglichkeiten gedacht ist!<\/h4>\t\t\t\t\t\t\t\t<span class=\"right-line\"><\/span>\n\t\t\t<\/div>\n\t\t\t\n\t\t\t\t\t\t\n\t\t\t\t\t<\/div>\n\t\t\n\t\t[vc_column_text woodmart_color_scheme=&#8220;dark&#8220; css=&#8220;.vc_custom_1669796960392{margin-bottom: 20px !important;}&#8220; text_larger=&#8220;yes&#8220; el_class=&#8220;text-larger&#8220;]<\/p>\n<h2 style=\"font-size: 18px; text-align: center;\">Als Mitglied des Agririva Clubs hast du Zugang <strong>zu exklusiven Vorteilen<\/strong>, reservierten <strong>Sonderangeboten<\/strong> auf Produkte und Veranstaltungen sowie zum <strong>Sammeln von Punkten<\/strong> bei jedem Einkauf in unserem Gesch\u00e4ft und online.<\/h2>\n<h2 style=\"font-size: 18px; text-align: center;\">Du kannst dem Agririva Club in unserem <strong>Gesch\u00e4ft<\/strong> oder <strong>online<\/strong> beitreten!<\/h2>\n<h2 style=\"font-size: 18px; text-align: center;\">Du erh\u00e4ltst eine E-Mail mit einem 10<strong>%-Rabattcode<\/strong>, den du bei deinem n\u00e4chsten <strong>Einkauf in unserem Online Shop<\/strong> einl\u00f6sen kannst.<\/h2>\n<h2><\/h2>\n<p>[\/vc_column_text][vc_btn title=&#8220;Download der vollst\u00e4ndigen Regelung.&#8220; style=&#8220;classic&#8220; shape=&#8220;square&#8220; color=&#8220;primary&#8220; size=&#8220;lg&#8220; align=&#8220;center&#8220; link=&#8220;url:https%3A%2F%2Fstore.agririva.it%2Fwp-content%2Fuploads%2F2021%2F07%2FRegolamento-Agririva-Club-TED.pdf|target:_blank&#8220; el_id=&#8220;but_agri_card&#8220;]\t\t\n\t\t<div id=\"wd-6385217dce949\" class=\"title-wrapper  woodmart-title-color-default woodmart-title-style-default woodmart-title-width-100 text-center woodmart-title-size-medium \">\n\t\t\t\t\t\t\n\t\t\t<div class=\"liner-continer\">\n\t\t\t\t<span class=\"left-line\"><\/span>\n\t\t\t\t<h4 class=\"woodmart-title-container title  woodmart-font-weight-500\" >WERDE MITGLIED IM AGRIRIVA CLUB...<\/h4>\t\t\t\t\t\t\t\t<span class=\"right-line\"><\/span>\n\t\t\t<\/div>\n\t\t\t\n\t\t\t\t\t\t\n\t\t\t\t\t<\/div>\n\t\t\n\t\t[vc_column_text text_larger=&#8220;no&#8220;]<!-- Alessio edita qui -->\r\n<div class=\"club-card-grid\">\r\n    <div class=\"club-card-item\">\r\n        <img decoding=\"async\" src=\"https:\/\/store.agririva.it\/wp-content\/uploads\/2023\/02\/2.png\" alt=\"\">\r\n       <h3>WENN DU BEREITS EINE CLUBKARTE HAST,\nERSTELLEN EIN NEUES ONLINE-KONTO \n<\/h3>\r\n        <p>Du hast noch kein Online-Konto? Erstelle eines und verkn\u00fcpfen deine Clubkarte.<\/p>\r\n        <a class=\"btn-gold\" href=\"https:\/\/store.agririva.it\/de\/my-account\/?action=register&#038;card=y\"><strong>ONLINE-KONTO ANLGEGEN<\/strong><\/a>\r\n    <\/div>\r\n\r\n    <div class=\"club-card-item\">\r\n        <img decoding=\"async\" src=\"https:\/\/store.agririva.it\/wp-content\/uploads\/2023\/02\/1.png\" alt=\"\">\r\n        <h3>WENN DU BEREITS EIN KONTO HAST, BEANTRAGE DEINE CLUBKARTE<\/h3>\r\n            <p>Logge dich ein und klicke auf die Schaltfl\u00e4che Agriva Club, um deine Clubkarte zu beantragen.<\/p>\r\n        <a class=\"btn-gold\" href=\"https:\/\/store.agririva.it\/de\/my-account\/\"> IM ONLINE-KONTO EINLOGGEN<\/strong> <\/a>\r\n    <\/div>\r\n        <div class=\"club-card-item\">\r\n        <img decoding=\"async\" src=\"https:\/\/store.agririva.it\/wp-content\/uploads\/2023\/02\/3.png\" alt=\"\">\r\n       <h3>ERHALTE DEINE<br>CLUB-KARTE<\/h3>\r\n        <p>Du  hast keine Clubkarte und kein Online-Konto? Werde jetzt Mitglied im Agriva Club!<\/p>\r\n        <button id=\"show_entra\" class=\"btn-gold\">MITGLIED IM CLUB WERDEN<\/button>\r\n    <\/div>\r\n<\/div>\r\n\r\n<!-- FINE Alessio edita qui -->\r\n\r\n<div id=\"entra\" style=\"display:none;\">\r\n    \r\n  \r\n    <div class=\"vc-zigzag-wrapper vc_custom_1506086489692 vc-zigzag-align-left\"><div class=\"vc-zigzag-inner\" style=\"width: 20%;min-height: 14px;background: 0 repeat-x url('data:image\/svg+xml;utf-8,%3C%3Fxml%20version%3D%221.0%22%20encoding%3D%22utf-8%22%3F%3E%3C%21DOCTYPE%20svg%20PUBLIC%20%22-%2F%2FW3C%2F%2FDTD%20SVG%201.1%2F%2FEN%22%20%22http%3A%2F%2Fwww.w3.org%2FGraphics%2FSVG%2F1.1%2FDTD%2Fsvg11.dtd%22%3E%3Csvg%20width%3D%2214px%22%20height%3D%2212px%22%20viewBox%3D%220%200%2018%2015%22%20version%3D%221.1%22%20xmlns%3D%22http%3A%2F%2Fwww.w3.org%2F2000%2Fsvg%22%20xmlns%3Axlink%3D%22http%3A%2F%2Fwww.w3.org%2F1999%2Fxlink%22%3E%3Cpolygon%20id%3D%22Combined-Shape%22%20fill%3D%22%23ebebeb%22%20points%3D%228.98762301%200%200%209.12771969%200%2014.519983%209%205.40479869%2018%2014.519983%2018%209.12771969%22%3E%3C%2Fpolygon%3E%3C%2Fsvg%3E');\"><\/div><\/div>\r\n    <div id=\"reg_form\" style=\"padding-top:16px; margin-bottom:32px\">\r\n        <form id=\"not-logged-registration-form\" action=\"https:\/\/store.agririva.it\/wp-admin\/admin-ajax.php\" method=\"post\">\r\n            <p class=\"form-row form-row-wide\" style=\"display:none\">\r\n                <label for=\"billing_invoice_type\">Fatturazione<span\r\n                        class=\"required\">*<\/span><\/label>\r\n                <input type=\"text\" class=\"input-text\" name=\"billing_invoice_type\" id=\"billing_invoice_type\" value=\"private_invoice\"\r\n                    disabled \/>\r\n\r\n            <\/p>\r\n            <p class=\"form-row form-row-first\">\r\n                <label for=\"billing_first_name\">Vorname<span\r\n                        class=\"required\">*<\/span><\/label>\r\n                <input type=\"text\" class=\"input-text\" name=\"billing_first_name\" id=\"billing_first_name\" value=\"\" required \/>\r\n\r\n            <\/p>\r\n            <p class=\"form-row form-row-last\">\r\n                <label for=\"billing_last_name\">Nachname<span\r\n                        class=\"required\">*<\/span><\/label>\r\n                <input type=\"text\" class=\"input-text\" name=\"billing_last_name\" id=\"billing_last_name\" value=\"\" required \/>\r\n\r\n            <\/p>\r\n            <p class=\"form-row form-row-wide\">\r\n                <label for=\"billing_email\"><span class=\"required\">*<\/span>Email<\/label>\r\n                <input type=\"email\" class=\"input-text\" name=\"billing_email\" id=\"billing_email\" value=\"\" required>\r\n\r\n            <\/p>\r\n            <p class=\"form-row chzn-drop validate-required\" id=\"billing_country_field\" data-priority=\"\"><label for=\"billing_country\" class=\"required_field\">Land&nbsp;<span class=\"required\" aria-hidden=\"true\">*<\/span><\/label><span class=\"woocommerce-input-wrapper\"><select name=\"billing_country\" id=\"billing_country\" class=\"country_to_state country_select \" aria-required=\"true\" data-placeholder=\"Choose your country.\" data-label=\"Land\"><option value=\"\">Land\/Region ausw\u00e4hlen\u00a0\u2026<\/option><option value=\"AT\" >\u00d6sterreich<\/option><option value=\"BE\" >Belgien<\/option><option value=\"BG\" >Bulgarien<\/option><option value=\"CY\" >Zypern<\/option><option value=\"HR\" >Kroatien<\/option><option value=\"DK\" >D\u00e4nemark<\/option><option value=\"EE\" >Estland<\/option><option value=\"FI\" >Finnland<\/option><option value=\"FR\" >Frankreich<\/option><option value=\"DE\" >Deutschland<\/option><option value=\"GR\" >Griechenland<\/option><option value=\"IE\" >Irland<\/option><option value=\"IT\" >Italien<\/option><option value=\"LV\" >Lettland<\/option><option value=\"LT\" >Litauen<\/option><option value=\"LU\" >Luxemburg<\/option><option value=\"MT\" >Malta<\/option><option value=\"NL\" >Niederlande<\/option><option value=\"PL\" >Polen<\/option><option value=\"PT\" >Portugal<\/option><option value=\"CZ\" >Tschechien<\/option><option value=\"RO\" >Rum\u00e4nien<\/option><option value=\"SM\" >San Marino<\/option><option value=\"SK\" >Slowakei<\/option><option value=\"SI\" >Slowenien<\/option><option value=\"ES\" >Spanien<\/option><option value=\"SE\" >Schweden<\/option><option value=\"HU\" >Ungarn<\/option><option value=\"VA\" >Vatikanstadt<\/option><\/select><noscript><button type=\"submit\" name=\"woocommerce_checkout_update_totals\" value=\"Aktualisiere Land \/ Region\">Aktualisiere Land \/ Region<\/button><\/noscript><\/span><\/p>\r\n\r\n            <p class=\"form-row form-row-wide\"  id=\"billing_cf_p\">\r\n                <label for=\"billing_cf\"><span class=\"required\">*<\/span>Abgabenordnung<\/label>\r\n                <input type=\"text\" class=\"input-text\" name=\"billing_cf\" id=\"billing_cf\" value=\"\">\r\n\r\n            <\/p>\r\n            <p class=\"form-row form-row-wide\">\r\n                <label for=\"billing_phone\"><span class=\"required\">*<\/span>Telefon<\/label>\r\n                <input type=\"text\" class=\"input-text\" name=\"billing_phone\" id=\"billing_phone\" value=\"\" required>\r\n\r\n            <\/p>\r\n\r\n        \r\n            <p class=\"form-row form-row-first\">\r\n                <label for=\"address_1\"><span class=\"required\">*<\/span>Adresse<\/label>\r\n                <input type=\"text\" class=\"input-text\" name=\"billing_address_1\" id=\"billing_address_1\" value=\"\" required>\r\n\r\n            <\/p>\r\n            <p class=\"form-row form-row-last\">\r\n                <label for=\"postcode\"><span class=\"required\">*<\/span>Postleitzahl<\/label>\r\n                <input type=\"text\" class=\"input-text\" name=\"billing_postcode\" id=\"billing_postcode\" value=\"\" required>\r\n\r\n            <\/p>\r\n            <p class=\"form-row form-row-wide\">\r\n                <label for=\"city\"><span class=\"required\">*<\/span>Stadt<\/label>\r\n                <input type=\"text\" class=\"input-text\" name=\"billing_city\" id=\"billing_city\" value=\"\" required>\r\n\r\n            <\/p>\r\n           <div class=\"clear\"  style=\"margin-bottom:24px\">\r\n            <p class=\"form-row address-field validate-required validate-state\" id=\"billing_state_field\" data-priority=\"\"><label for=\"billing_state\" class=\"required_field\">Provincia&nbsp;<span class=\"required\" aria-hidden=\"true\">*<\/span><\/label><span class=\"woocommerce-input-wrapper\"><input type=\"text\" class=\"input-text \" value=\"\"  placeholder=\"\" name=\"billing_state\" id=\"billing_state\" aria-required=\"true\" data-input-classes=\"\"\/><\/span><\/p>             <\/div>\r\n            <div class=\"clear form-row\" style=\"margin-bottom:24px\">\r\n                <label>\r\n                    <input type=\"checkbox\" name=\"agririva_newsletter_subscribe\" value=\"1\" id=\"agririva_newsletter_subscribe\" \/>\r\n                    Registrati alla nostra newsletter.\t\r\n                <\/label>\r\n            <\/div>\r\n            <input type=\"hidden\" name=\"action\" value=\"validate_form\">\r\n            <input type=\"hidden\" id=\"_wpnonce\" name=\"_wpnonce\" value=\"93923f4feb\" \/><input type=\"hidden\" name=\"_wp_http_referer\" value=\"\/de\/wp-json\/wp\/v2\/pages\/16791\" \/>            <div class=\"clear\"><\/div>\r\n            <button type=\"submit\" name=\"register_user_clubcard\">senden<\/button>\r\n\r\n        <\/form>\r\n    <\/div>\r\n    <div class=\"vc-zigzag-wrapper vc_custom_1506086489692 vc-zigzag-align-left\"><div class=\"vc-zigzag-inner\" style=\"width: 20%;min-height: 14px;background: 0 repeat-x url('data:image\/svg+xml;utf-8,%3C%3Fxml%20version%3D%221.0%22%20encoding%3D%22utf-8%22%3F%3E%3C%21DOCTYPE%20svg%20PUBLIC%20%22-%2F%2FW3C%2F%2FDTD%20SVG%201.1%2F%2FEN%22%20%22http%3A%2F%2Fwww.w3.org%2FGraphics%2FSVG%2F1.1%2FDTD%2Fsvg11.dtd%22%3E%3Csvg%20width%3D%2214px%22%20height%3D%2212px%22%20viewBox%3D%220%200%2018%2015%22%20version%3D%221.1%22%20xmlns%3D%22http%3A%2F%2Fwww.w3.org%2F2000%2Fsvg%22%20xmlns%3Axlink%3D%22http%3A%2F%2Fwww.w3.org%2F1999%2Fxlink%22%3E%3Cpolygon%20id%3D%22Combined-Shape%22%20fill%3D%22%23ebebeb%22%20points%3D%228.98762301%200%200%209.12771969%200%2014.519983%209%205.40479869%2018%2014.519983%2018%209.12771969%22%3E%3C%2Fpolygon%3E%3C%2Fsvg%3E');\"><\/div><\/div>\r\n\r\n<\/div>\r\n\r\n<div id=\"spinner\"><i class=\"fas fa-circle-notch fa-spin fa-3x\"><\/i><\/div>\r\n[\/vc_column_text][vc_column_text woodmart_color_scheme=&#8220;dark&#8220; css=&#8220;.vc_custom_1669707323839{margin-bottom: 20px !important;}&#8220; text_larger=&#8220;yes&#8220; el_class=&#8220;text-larger&#8220;]<\/p>\n<p style=\"text-align: center;\"><strong>DU BIST DEM <em>AGRIRIVA CLUB<\/em> IM GESCH\u00c4FT BEIGETRETEN UND HATTEST BEREITS EIN <em>ONLINE-KONTO<\/em>?\u00a0 <\/strong><strong>SENDE EINE E-MAIL AN <a href=\"mailto:COMMUNICATION@AGRIRIVA.IT\">COMMUNICATION@AGRIRIVA.IT<\/a>.<\/strong><\/p>\n<p>[\/vc_column_text][vc_column_text woodmart_color_scheme=&#8220;dark&#8220; css=&#8220;.vc_custom_1669669548386{margin-bottom: 20px !important;}&#8220; text_larger=&#8220;yes&#8220; el_class=&#8220;text-larger&#8220;]<\/p>\n<p style=\"text-align: center; font-size: 20px;\"><u>WIE ES FUNKTIONIERT<\/u><\/p>\n<h2 style=\"text-align: center; font-size: 18px;\"><strong>Benutze immer deine Clubkarte im Gesch\u00e4ft und auch online!<\/strong><\/h2>\n<p style=\"text-align: center; font-size: 16px;\">Denke daran, deine Clubkarte im <strong>Gesch\u00e4ft<\/strong> vorzulegen; f\u00fcr deine <strong>Online-Eink\u00e4ufe<\/strong> wird die automatisch verwendet.<\/p>\n<h2 style=\"text-align: center; font-size: 18px;\"><strong>Bei jedem Einkauf Punkte sammeln!<\/strong><\/h2>\n<p style=\"text-align: center; font-size: 16px;\">F\u00fcr jeden <strong>1 \u20ac<\/strong>, den du in unserem Gesch\u00e4ft oder online ausgibst, erh\u00e4ltst du <strong>1 Punkt<\/strong>, was <strong>einem Rabatt von 0,01 \u20ac<\/strong> entspricht, den du bei deinem n\u00e4chsten Einkauf einl\u00f6sen kannst.<\/p>\n<h2 style=\"text-align: center; font-size: 18px;\"><strong>Sehe deine Clubkarte und deinen Punktestand in deinem Online-Konto ein!<\/strong><\/h2>\n<p style=\"text-align: center; font-size: 16px;\">Logge dich ein und \u00fcberpr\u00fcfe <strong>deine Punkte<\/strong>, die <strong>virtuelle Kopie<\/strong> der Clubkarte oder \u00fcberpr\u00fcfe deine <strong>Eink\u00e4ufe<\/strong> direkt in deinem Online-Konto.<\/p>\n<p>[\/vc_column_text][\/vc_column][vc_column width=&#8220;1\/6&#8243; mobile_bg_img_hidden=&#8220;no&#8220; tablet_bg_img_hidden=&#8220;no&#8220; woodmart_parallax=&#8220;0&#8243; woodmart_sticky_column=&#8220;false&#8220; parallax_scroll=&#8220;no&#8220; mobile_reset_margin=&#8220;no&#8220; tablet_reset_margin=&#8220;no&#8220;][\/vc_column][\/vc_row][vc_row disable_element=&#8220;yes&#8220; bwd_show_when_date=&#8220;__\/__\/____ __:__&#8220; bwd_show_when_date_end=&#8220;__\/__\/____ __:__&#8220; mobile_bg_img_hidden=&#8220;no&#8220; tablet_bg_img_hidden=&#8220;no&#8220; woodmart_parallax=&#8220;0&#8243; woodmart_gradient_switch=&#8220;no&#8220; row_reverse_mobile=&#8220;0&#8243; row_reverse_tablet=&#8220;0&#8243; woodmart_disable_overflow=&#8220;0&#8243;][vc_column][\/vc_column][\/vc_row]<\/p>\n<\/div>","protected":false},"excerpt":{"rendered":"<p>[vc_row content_placement=&#8220;middle&#8220; css=&#8220;.vc_custom_1505555012006{margin-bottom: 5vh !important;}&#8220;][vc_column width=&#8220;1\/6&#8243; mobile_bg_img_hidden=&#8220;no&#8220; tablet_bg_img_hidden=&#8220;no&#8220; woodmart_parallax=&#8220;0&#8243; woodmart_sticky_column=&#8220;false&#8220; parallax_scroll=&#8220;no&#8220; mobile_reset_margin=&#8220;no&#8220; tablet_reset_margin=&#8220;no&#8220;][\/vc_column][vc_column width=&#8220;2\/3&#8243; woodmart_color_scheme=&#8220;dark&#8220; css=&#8220;.vc_custom_1638180913378{padding-top: 2vh !important;padding-bottom: 2vh !important;background-position:<\/p>\n","protected":false},"author":1,"featured_media":0,"parent":0,"menu_order":0,"comment_status":"closed","ping_status":"closed","template":"","meta":{"_acf_changed":false,"_price":"","_stock":"","_tribe_ticket_header":"","_tribe_default_ticket_provider":"","_tribe_ticket_capacity":"0","_ticket_start_date":"","_ticket_end_date":"","_tribe_ticket_show_description":"","_tribe_ticket_show_not_going":false,"_tribe_ticket_use_global_stock":"","_tribe_ticket_global_stock_level":"","_global_stock_mode":"","_global_stock_cap":"","_tribe_rsvp_for_event":"","_tribe_ticket_going_count":"","_tribe_ticket_not_going_count":"","_tribe_tickets_list":"[]","_tribe_ticket_has_attendee_info_fields":false,"footnotes":""},"class_list":["post-16791","page","type-page","status-publish","hentry"],"acf":[],"yoast_head":"<!-- This site is optimized with the Yoast SEO plugin v27.0 - https:\/\/yoast.com\/product\/yoast-seo-wordpress\/ -->\n<title>AGRIRIVA CLUB - Store Rurale - Agraria Riva del Garda<\/title>\n<meta name=\"description\" content=\"Agririva Club \u00e8 un esclusivo mondo di vantaggi e iniziative pensati per gli amanti del territorio dell&#039;Alto Garda e delle sue eccellenze enogastronomiche.\" \/>\n<meta name=\"robots\" content=\"index, follow, max-snippet:-1, max-image-preview:large, max-video-preview:-1\" \/>\n<link rel=\"canonical\" href=\"https:\/\/store.agririva.it\/de\/agririva-club\/\" \/>\n<meta property=\"og:locale\" content=\"de_DE\" \/>\n<meta property=\"og:type\" content=\"article\" \/>\n<meta property=\"og:title\" content=\"AGRIRIVA CLUB - Store Rurale - Agraria Riva del Garda\" \/>\n<meta property=\"og:description\" content=\"Agririva Club \u00e8 un esclusivo mondo di vantaggi e iniziative pensati per gli amanti del territorio dell&#039;Alto Garda e delle sue eccellenze enogastronomiche.\" \/>\n<meta property=\"og:url\" content=\"https:\/\/store.agririva.it\/de\/agririva-club\/\" \/>\n<meta property=\"og:site_name\" content=\"Store Rurale - Agraria Riva del Garda\" \/>\n<meta property=\"article:modified_time\" content=\"2022-11-30T08:31:16+00:00\" \/>\n<meta name=\"twitter:card\" content=\"summary_large_image\" \/>\n<meta name=\"twitter:label1\" content=\"Gesch\u00e4tzte Lesezeit\" \/>\n\t<meta name=\"twitter:data1\" content=\"2\u00a0Minuten\" \/>\n<script type=\"application\/ld+json\" class=\"yoast-schema-graph\">{\"@context\":\"https:\/\/schema.org\",\"@graph\":[{\"@type\":\"WebPage\",\"@id\":\"https:\/\/store.agririva.it\/de\/agririva-club\/\",\"url\":\"https:\/\/store.agririva.it\/de\/agririva-club\/\",\"name\":\"AGRIRIVA CLUB - Store Rurale - Agraria Riva del Garda\",\"isPartOf\":{\"@id\":\"https:\/\/store.agririva.it\/de\/#website\"},\"datePublished\":\"2021-07-15T09:58:51+00:00\",\"dateModified\":\"2022-11-30T08:31:16+00:00\",\"description\":\"Agririva Club \u00e8 un esclusivo mondo di vantaggi e iniziative pensati per gli amanti del territorio dell'Alto Garda e delle sue eccellenze enogastronomiche.\",\"breadcrumb\":{\"@id\":\"https:\/\/store.agririva.it\/de\/agririva-club\/#breadcrumb\"},\"inLanguage\":\"de\",\"potentialAction\":[{\"@type\":\"ReadAction\",\"target\":[\"https:\/\/store.agririva.it\/de\/agririva-club\/\"]}]},{\"@type\":\"BreadcrumbList\",\"@id\":\"https:\/\/store.agririva.it\/de\/agririva-club\/#breadcrumb\",\"itemListElement\":[{\"@type\":\"ListItem\",\"position\":1,\"name\":\"Home\",\"item\":\"https:\/\/store.agririva.it\/de\/\"},{\"@type\":\"ListItem\",\"position\":2,\"name\":\"AGRIRIVA CLUB\"}]},{\"@type\":\"WebSite\",\"@id\":\"https:\/\/store.agririva.it\/de\/#website\",\"url\":\"https:\/\/store.agririva.it\/de\/\",\"name\":\"Store Rurale - Agraria Riva del Garda\",\"description\":\"\",\"potentialAction\":[{\"@type\":\"SearchAction\",\"target\":{\"@type\":\"EntryPoint\",\"urlTemplate\":\"https:\/\/store.agririva.it\/de\/?s={search_term_string}\"},\"query-input\":{\"@type\":\"PropertyValueSpecification\",\"valueRequired\":true,\"valueName\":\"search_term_string\"}}],\"inLanguage\":\"de\"}]}<\/script>\n<!-- \/ Yoast SEO plugin. -->","yoast_head_json":{"title":"AGRIRIVA CLUB - Store Rurale - Agraria Riva del Garda","description":"Agririva Club \u00e8 un esclusivo mondo di vantaggi e iniziative pensati per gli amanti del territorio dell'Alto Garda e delle sue eccellenze enogastronomiche.","robots":{"index":"index","follow":"follow","max-snippet":"max-snippet:-1","max-image-preview":"max-image-preview:large","max-video-preview":"max-video-preview:-1"},"canonical":"https:\/\/store.agririva.it\/de\/agririva-club\/","og_locale":"de_DE","og_type":"article","og_title":"AGRIRIVA CLUB - Store Rurale - Agraria Riva del Garda","og_description":"Agririva Club \u00e8 un esclusivo mondo di vantaggi e iniziative pensati per gli amanti del territorio dell'Alto Garda e delle sue eccellenze enogastronomiche.","og_url":"https:\/\/store.agririva.it\/de\/agririva-club\/","og_site_name":"Store Rurale - Agraria Riva del Garda","article_modified_time":"2022-11-30T08:31:16+00:00","twitter_card":"summary_large_image","twitter_misc":{"Gesch\u00e4tzte Lesezeit":"2\u00a0Minuten"},"schema":{"@context":"https:\/\/schema.org","@graph":[{"@type":"WebPage","@id":"https:\/\/store.agririva.it\/de\/agririva-club\/","url":"https:\/\/store.agririva.it\/de\/agririva-club\/","name":"AGRIRIVA CLUB - Store Rurale - Agraria Riva del Garda","isPartOf":{"@id":"https:\/\/store.agririva.it\/de\/#website"},"datePublished":"2021-07-15T09:58:51+00:00","dateModified":"2022-11-30T08:31:16+00:00","description":"Agririva Club \u00e8 un esclusivo mondo di vantaggi e iniziative pensati per gli amanti del territorio dell'Alto Garda e delle sue eccellenze enogastronomiche.","breadcrumb":{"@id":"https:\/\/store.agririva.it\/de\/agririva-club\/#breadcrumb"},"inLanguage":"de","potentialAction":[{"@type":"ReadAction","target":["https:\/\/store.agririva.it\/de\/agririva-club\/"]}]},{"@type":"BreadcrumbList","@id":"https:\/\/store.agririva.it\/de\/agririva-club\/#breadcrumb","itemListElement":[{"@type":"ListItem","position":1,"name":"Home","item":"https:\/\/store.agririva.it\/de\/"},{"@type":"ListItem","position":2,"name":"AGRIRIVA CLUB"}]},{"@type":"WebSite","@id":"https:\/\/store.agririva.it\/de\/#website","url":"https:\/\/store.agririva.it\/de\/","name":"Store Rurale - Agraria Riva del Garda","description":"","potentialAction":[{"@type":"SearchAction","target":{"@type":"EntryPoint","urlTemplate":"https:\/\/store.agririva.it\/de\/?s={search_term_string}"},"query-input":{"@type":"PropertyValueSpecification","valueRequired":true,"valueName":"search_term_string"}}],"inLanguage":"de"}]}},"_links":{"self":[{"href":"https:\/\/store.agririva.it\/de\/wp-json\/wp\/v2\/pages\/16791","targetHints":{"allow":["GET"]}}],"collection":[{"href":"https:\/\/store.agririva.it\/de\/wp-json\/wp\/v2\/pages"}],"about":[{"href":"https:\/\/store.agririva.it\/de\/wp-json\/wp\/v2\/types\/page"}],"author":[{"embeddable":true,"href":"https:\/\/store.agririva.it\/de\/wp-json\/wp\/v2\/users\/1"}],"replies":[{"embeddable":true,"href":"https:\/\/store.agririva.it\/de\/wp-json\/wp\/v2\/comments?post=16791"}],"version-history":[{"count":0,"href":"https:\/\/store.agririva.it\/de\/wp-json\/wp\/v2\/pages\/16791\/revisions"}],"wp:attachment":[{"href":"https:\/\/store.agririva.it\/de\/wp-json\/wp\/v2\/media?parent=16791"}],"curies":[{"name":"wp","href":"https:\/\/api.w.org\/{rel}","templated":true}]}}